{"id":1089,"date":"2016-02-27T18:30:18","date_gmt":"2016-02-27T18:30:18","guid":{"rendered":"http:\/\/innernatureexhibition.com\/?page_id=1089"},"modified":"2021-06-03T14:51:47","modified_gmt":"2021-06-03T14:51:47","slug":"jakob-steensen","status":"publish","type":"page","link":"https:\/\/innernature.webs.upv.es\/?page_id=1089","title":{"rendered":"JAKOB STEENSEN"},"content":{"rendered":"<div data-carousel-extra='{\"blog_id\":1,\"permalink\":\"https:\\\/\\\/innernature.webs.upv.es\\\/?page_id=1089\"}' class=\"tiled-gallery type-rectangular\" data-original-width=\"980\"><div class=\"gallery-row\" style=\"width: 975px; height: 269px;\"><div class=\"gallery-group images-1\" style=\"width: 489px; height: 273px;\"><div class=\"tiled-gallery-item tiled-gallery-item-large\"><a href=\"https:\/\/innernature.webs.upv.es\/wp-content\/uploads\/2016\/02\/6steensen-jakob.png\"><img fetchpriority=\"high\" decoding=\"async\" data-attachment-id=\"1077\" data-orig-file=\"https:\/\/innernature.webs.upv.es\/wp-content\/uploads\/2016\/02\/6steensen-jakob.png\" data-orig-size=\"567,315\" data-comments-opened=\"0\" data-image-meta=\"{&quot;aperture&quot;:&quot;0&quot;,&quot;credit&quot;:&quot;&quot;,&quot;camera&quot;:&quot;&quot;,&quot;caption&quot;:&quot;&quot;,&quot;created_timestamp&quot;:&quot;0&quot;,&quot;copyright&quot;:&quot;&quot;,&quot;focal_length&quot;:&quot;0&quot;,&quot;iso&quot;:&quot;0&quot;,&quot;shutter_speed&quot;:&quot;0&quot;,&quot;title&quot;:&quot;&quot;,&quot;orientation&quot;:&quot;0&quot;}\" data-image-title=\"6Steensen, Jakob\" data-image-description=\"\" data-medium-file=\"https:\/\/innernature.webs.upv.es\/wp-content\/uploads\/2016\/02\/6steensen-jakob-300x167.png\" data-large-file=\"https:\/\/innernature.webs.upv.es\/wp-content\/uploads\/2016\/02\/6steensen-jakob.png\" src=\"https:\/\/innernature.webs.upv.es\/wp-content\/uploads\/2016\/02\/6steensen-jakob-485x269.png\" width=\"485\" height=\"269\" align=\"left\" title=\"6Steensen, Jakob\" \/><\/a><\/div><\/div><div class=\"gallery-group images-1\" style=\"width: 486px; height: 273px;\"><div class=\"tiled-gallery-item tiled-gallery-item-large\"><a href=\"https:\/\/innernature.webs.upv.es\/wp-content\/uploads\/2016\/02\/5steensen-jakob.png\"><img decoding=\"async\" data-attachment-id=\"1067\" data-orig-file=\"https:\/\/innernature.webs.upv.es\/wp-content\/uploads\/2016\/02\/5steensen-jakob.png\" data-orig-size=\"567,317\" data-comments-opened=\"0\" data-image-meta=\"{&quot;aperture&quot;:&quot;0&quot;,&quot;credit&quot;:&quot;&quot;,&quot;camera&quot;:&quot;&quot;,&quot;caption&quot;:&quot;&quot;,&quot;created_timestamp&quot;:&quot;0&quot;,&quot;copyright&quot;:&quot;&quot;,&quot;focal_length&quot;:&quot;0&quot;,&quot;iso&quot;:&quot;0&quot;,&quot;shutter_speed&quot;:&quot;0&quot;,&quot;title&quot;:&quot;&quot;,&quot;orientation&quot;:&quot;0&quot;}\" data-image-title=\"5Steensen, Jakob\" data-image-description=\"\" data-medium-file=\"https:\/\/innernature.webs.upv.es\/wp-content\/uploads\/2016\/02\/5steensen-jakob-300x168.png\" data-large-file=\"https:\/\/innernature.webs.upv.es\/wp-content\/uploads\/2016\/02\/5steensen-jakob.png\" src=\"https:\/\/innernature.webs.upv.es\/wp-content\/uploads\/2016\/02\/5steensen-jakob-482x269.png\" width=\"482\" height=\"269\" align=\"left\" title=\"5Steensen, Jakob\" \/><\/a><\/div><\/div><\/div><div class=\"gallery-row\" style=\"width: 975px; height: 268px;\"><div class=\"gallery-group images-1\" style=\"width: 482px; height: 272px;\"><div class=\"tiled-gallery-item tiled-gallery-item-large\"><a href=\"https:\/\/innernature.webs.upv.es\/wp-content\/uploads\/2016\/02\/4steensen-jakob.png\"><img decoding=\"async\" data-attachment-id=\"1053\" data-orig-file=\"https:\/\/innernature.webs.upv.es\/wp-content\/uploads\/2016\/02\/4steensen-jakob.png\" data-orig-size=\"567,318\" data-comments-opened=\"0\" data-image-meta=\"{&quot;aperture&quot;:&quot;0&quot;,&quot;credit&quot;:&quot;&quot;,&quot;camera&quot;:&quot;&quot;,&quot;caption&quot;:&quot;&quot;,&quot;created_timestamp&quot;:&quot;0&quot;,&quot;copyright&quot;:&quot;&quot;,&quot;focal_length&quot;:&quot;0&quot;,&quot;iso&quot;:&quot;0&quot;,&quot;shutter_speed&quot;:&quot;0&quot;,&quot;title&quot;:&quot;&quot;,&quot;orientation&quot;:&quot;0&quot;}\" data-image-title=\"4Steensen, Jakob\" data-image-description=\"\" data-medium-file=\"https:\/\/innernature.webs.upv.es\/wp-content\/uploads\/2016\/02\/4steensen-jakob-300x168.png\" data-large-file=\"https:\/\/innernature.webs.upv.es\/wp-content\/uploads\/2016\/02\/4steensen-jakob.png\" src=\"https:\/\/innernature.webs.upv.es\/wp-content\/uploads\/2016\/02\/4steensen-jakob-478x268.png\" width=\"478\" height=\"268\" align=\"left\" title=\"4Steensen, Jakob\" \/><\/a><\/div><\/div><div class=\"gallery-group images-1\" style=\"width: 493px; height: 272px;\"><div class=\"tiled-gallery-item tiled-gallery-item-large\"><a href=\"https:\/\/innernature.webs.upv.es\/wp-content\/uploads\/2016\/02\/2steensen-jakob.png\"><img loading=\"lazy\" decoding=\"async\" data-attachment-id=\"1017\" data-orig-file=\"https:\/\/innernature.webs.upv.es\/wp-content\/uploads\/2016\/02\/2steensen-jakob.png\" data-orig-size=\"567,311\" data-comments-opened=\"0\" data-image-meta=\"{&quot;aperture&quot;:&quot;0&quot;,&quot;credit&quot;:&quot;&quot;,&quot;camera&quot;:&quot;&quot;,&quot;caption&quot;:&quot;&quot;,&quot;created_timestamp&quot;:&quot;0&quot;,&quot;copyright&quot;:&quot;&quot;,&quot;focal_length&quot;:&quot;0&quot;,&quot;iso&quot;:&quot;0&quot;,&quot;shutter_speed&quot;:&quot;0&quot;,&quot;title&quot;:&quot;&quot;,&quot;orientation&quot;:&quot;0&quot;}\" data-image-title=\"2Steensen, Jakob\" data-image-description=\"\" data-medium-file=\"https:\/\/innernature.webs.upv.es\/wp-content\/uploads\/2016\/02\/2steensen-jakob-300x165.png\" data-large-file=\"https:\/\/innernature.webs.upv.es\/wp-content\/uploads\/2016\/02\/2steensen-jakob.png\" src=\"https:\/\/innernature.webs.upv.es\/wp-content\/uploads\/2016\/02\/2steensen-jakob-489x268.png\" width=\"489\" height=\"268\" align=\"left\" title=\"2Steensen, Jakob\" \/><\/a><\/div><\/div><\/div><div class=\"gallery-row\" style=\"width: 975px; height: 543px;\"><div class=\"gallery-group images-1\" style=\"width: 975px; height: 547px;\"><div class=\"tiled-gallery-item tiled-gallery-item-large\"><a href=\"https:\/\/innernature.webs.upv.es\/wp-content\/uploads\/2016\/02\/1steensen-jakob.png\"><img loading=\"lazy\" decoding=\"async\" data-attachment-id=\"998\" data-orig-file=\"https:\/\/innernature.webs.upv.es\/wp-content\/uploads\/2016\/02\/1steensen-jakob.png\" data-orig-size=\"567,317\" data-comments-opened=\"0\" data-image-meta=\"{&quot;aperture&quot;:&quot;0&quot;,&quot;credit&quot;:&quot;&quot;,&quot;camera&quot;:&quot;&quot;,&quot;caption&quot;:&quot;&quot;,&quot;created_timestamp&quot;:&quot;0&quot;,&quot;copyright&quot;:&quot;&quot;,&quot;focal_length&quot;:&quot;0&quot;,&quot;iso&quot;:&quot;0&quot;,&quot;shutter_speed&quot;:&quot;0&quot;,&quot;title&quot;:&quot;&quot;,&quot;orientation&quot;:&quot;0&quot;}\" data-image-title=\"1Steensen, Jakob\" data-image-description=\"\" data-medium-file=\"https:\/\/innernature.webs.upv.es\/wp-content\/uploads\/2016\/02\/1steensen-jakob-300x168.png\" data-large-file=\"https:\/\/innernature.webs.upv.es\/wp-content\/uploads\/2016\/02\/1steensen-jakob.png\" src=\"https:\/\/innernature.webs.upv.es\/wp-content\/uploads\/2016\/02\/1steensen-jakob.png\" width=\"971\" height=\"543\" align=\"left\" title=\"1Steensen, Jakob\" \/><\/a><\/div><\/div><\/div><\/div>\n<p>&nbsp;<\/p>\n<p><i><strong>A CARTOGRAPHY OF FANTASIA- AN INTERFACE FOR POST-SPECULATION LANDSCAPES<\/strong>&nbsp;&nbsp;<\/i><\/p>\n<p><i>10\u00b4<\/i><\/p>\n<table frame=\"void\">\n<tbody>\n<tr>\n<td style=\"text-align: justify;\">STATEMENT<\/p>\n<p>A trav\u00e9s de mi pr\u00e1ctica desarrollo proyectos a gran escala. Mi trabajo explora la vida org\u00e1nica en \u00e1reas abandonadas.<\/p>\n<p>Cada proyecto es site-specific y combina el lenguaje del documental con la animaci\u00f3n digital. A menudo colaboro con instituciones como centros de investigaci\u00f3n cient\u00edfica y entidades culturales que se centran en las intervenciones humanas en la naturaleza. Me inspiro en ilustraciones cient\u00edficas, en la ciencia ficci\u00f3n y en los documentales sobre la naturaleza. Pienso que estas diferentes formas mediadas de ver la naturaleza contribuyen a crear nuestra percepci\u00f3n de los paisajes que nos rodean.<\/td>\n<td style=\"text-align: justify;\">STATEMENT<\/p>\n<p>Through my practice I develop large scale projects, often in collaboration with institutions.<\/p>\n<p>My work explores the current organic life of abandoned areas. Each project is site specific and combines documentary styles of filming with cinematic settings and digital animation. I often collaborate with institutions such as natural scientific centers and cultural institutions focusing on human interventions in nature. I am inspired by scientific illustrations combined with science fiction and documentaries about nature, as I think these different mediated ways of looking at nature converge with one another today and how we perceive the landscapes around us.<\/td>\n<\/tr>\n<\/tbody>\n<\/table>\n<p><a href=\"https:\/\/jakobsteensen.squarespace.com\" target=\"_blank\" rel=\"noopener\">ARTIST WEBSITE<\/a><\/p>\n<p>&nbsp;<\/p>\n<p><iframe title=\"JAKOV STEENSEN\" width=\"980\" height=\"551\" src=\"https:\/\/www.youtube.com\/embed\/2MTEHXwXz-s?feature=oembed\" frameborder=\"0\" allow=\"accelerometer; autoplay; clipboard-write; encrypted-media; gyroscope; picture-in-picture\" allowfullscreen><\/iframe><\/p>\n","protected":false},"excerpt":{"rendered":"<p>&nbsp; A CARTOGRAPHY OF FANTASIA- AN INTERFACE FOR POST-SPECULATION LANDSCAPES&nbsp;&nbsp; 10\u00b4 STATEMENT A trav\u00e9s de mi pr\u00e1ctica desarrollo proyectos a gran escala. Mi trabajo explora la vida org\u00e1nica en \u00e1reas abandonadas. Cada proyecto es site-specific y combina el lenguaje del documental con la animaci\u00f3n digital. A menudo colaboro con instituciones como centros de investigaci\u00f3n cient\u00edfica [&hellip;]<\/p>\n","protected":false},"author":2,"featured_media":0,"parent":1155,"menu_order":0,"comment_status":"closed","ping_status":"closed","template":"","meta":{"footnotes":""},"class_list":["post-1089","page","type-page","status-publish","hentry"],"_links":{"self":[{"href":"https:\/\/innernature.webs.upv.es\/index.php?rest_route=\/wp\/v2\/pages\/1089","targetHints":{"allow":["GET"]}}],"collection":[{"href":"https:\/\/innernature.webs.upv.es\/index.php?rest_route=\/wp\/v2\/pages"}],"about":[{"href":"https:\/\/innernature.webs.upv.es\/index.php?rest_route=\/wp\/v2\/types\/page"}],"author":[{"embeddable":true,"href":"https:\/\/innernature.webs.upv.es\/index.php?rest_route=\/wp\/v2\/users\/2"}],"replies":[{"embeddable":true,"href":"https:\/\/innernature.webs.upv.es\/index.php?rest_route=%2Fwp%2Fv2%2Fcomments&post=1089"}],"version-history":[{"count":3,"href":"https:\/\/innernature.webs.upv.es\/index.php?rest_route=\/wp\/v2\/pages\/1089\/revisions"}],"predecessor-version":[{"id":2540,"href":"https:\/\/innernature.webs.upv.es\/index.php?rest_route=\/wp\/v2\/pages\/1089\/revisions\/2540"}],"up":[{"embeddable":true,"href":"https:\/\/innernature.webs.upv.es\/index.php?rest_route=\/wp\/v2\/pages\/1155"}],"wp:attachment":[{"href":"https:\/\/innernature.webs.upv.es\/index.php?rest_route=%2Fwp%2Fv2%2Fmedia&parent=1089"}],"curies":[{"name":"wp","href":"https:\/\/api.w.org\/{rel}","templated":true}]}}