{"id":1093,"date":"2016-02-27T18:34:34","date_gmt":"2016-02-27T18:34:34","guid":{"rendered":"http:\/\/innernatureexhibition.com\/?page_id=1093"},"modified":"2021-06-03T14:50:33","modified_gmt":"2021-06-03T14:50:33","slug":"german-torres-de-huertas","status":"publish","type":"page","link":"https:\/\/innernature.webs.upv.es\/?page_id=1093","title":{"rendered":"GERM\u00c1N TORRES DE HUERTAS"},"content":{"rendered":"<div data-carousel-extra='{\"blog_id\":1,\"permalink\":\"https:\\\/\\\/innernature.webs.upv.es\\\/?page_id=1093\"}' class=\"tiled-gallery type-rectangular\" data-original-width=\"980\"><div class=\"gallery-row\" style=\"width: 975px; height: 255px;\"><div class=\"gallery-group images-1\" style=\"width: 461px; height: 259px;\"><div class=\"tiled-gallery-item tiled-gallery-item-large\"><a href=\"https:\/\/innernature.webs.upv.es\/wp-content\/uploads\/2016\/02\/1germc3a1n-torres-de-huertas_earthbeat_02.png\"><img fetchpriority=\"high\" decoding=\"async\" data-attachment-id=\"991\" data-orig-file=\"https:\/\/innernature.webs.upv.es\/wp-content\/uploads\/2016\/02\/1germc3a1n-torres-de-huertas_earthbeat_02.png\" data-orig-size=\"567,317\" data-comments-opened=\"0\" data-image-meta=\"{&quot;aperture&quot;:&quot;0&quot;,&quot;credit&quot;:&quot;&quot;,&quot;camera&quot;:&quot;&quot;,&quot;caption&quot;:&quot;&quot;,&quot;created_timestamp&quot;:&quot;0&quot;,&quot;copyright&quot;:&quot;&quot;,&quot;focal_length&quot;:&quot;0&quot;,&quot;iso&quot;:&quot;0&quot;,&quot;shutter_speed&quot;:&quot;0&quot;,&quot;title&quot;:&quot;&quot;,&quot;orientation&quot;:&quot;0&quot;}\" data-image-title=\"1Germ\u00e1n Torres de Huertas_EarthBeat_02\" data-image-description=\"\" data-medium-file=\"https:\/\/innernature.webs.upv.es\/wp-content\/uploads\/2016\/02\/1germc3a1n-torres-de-huertas_earthbeat_02-300x168.png\" data-large-file=\"https:\/\/innernature.webs.upv.es\/wp-content\/uploads\/2016\/02\/1germc3a1n-torres-de-huertas_earthbeat_02.png\" src=\"https:\/\/innernature.webs.upv.es\/wp-content\/uploads\/2016\/02\/1germc3a1n-torres-de-huertas_earthbeat_02-457x255.png\" width=\"457\" height=\"255\" align=\"left\" title=\"1Germ\u00e1n Torres de Huertas_EarthBeat_02\" \/><\/a><\/div><\/div><div class=\"gallery-group images-1\" style=\"width: 514px; height: 259px;\"><div class=\"tiled-gallery-item tiled-gallery-item-large\"><a href=\"https:\/\/innernature.webs.upv.es\/wp-content\/uploads\/2015\/12\/germc3a1n-torres.jpg\"><img decoding=\"async\" data-attachment-id=\"922\" data-orig-file=\"https:\/\/innernature.webs.upv.es\/wp-content\/uploads\/2015\/12\/germc3a1n-torres.jpg\" data-orig-size=\"1134,567\" data-comments-opened=\"0\" data-image-meta=\"{&quot;aperture&quot;:&quot;0&quot;,&quot;credit&quot;:&quot;&quot;,&quot;camera&quot;:&quot;&quot;,&quot;caption&quot;:&quot;&quot;,&quot;created_timestamp&quot;:&quot;0&quot;,&quot;copyright&quot;:&quot;&quot;,&quot;focal_length&quot;:&quot;0&quot;,&quot;iso&quot;:&quot;0&quot;,&quot;shutter_speed&quot;:&quot;0&quot;,&quot;title&quot;:&quot;&quot;,&quot;orientation&quot;:&quot;1&quot;}\" data-image-title=\"Germ\u00e1n Torres\" data-image-description=\"\" data-medium-file=\"https:\/\/innernature.webs.upv.es\/wp-content\/uploads\/2015\/12\/germc3a1n-torres-300x150.jpg\" data-large-file=\"https:\/\/innernature.webs.upv.es\/wp-content\/uploads\/2015\/12\/germc3a1n-torres-1024x512.jpg\" src=\"https:\/\/innernature.webs.upv.es\/wp-content\/uploads\/2015\/12\/germc3a1n-torres-510x255.jpg\" width=\"510\" height=\"255\" align=\"left\" title=\"Germ\u00e1n Torres\" \/><\/a><\/div><\/div><\/div><div class=\"gallery-row\" style=\"width: 975px; height: 545px;\"><div class=\"gallery-group images-1\" style=\"width: 975px; height: 549px;\"><div class=\"tiled-gallery-item tiled-gallery-item-large\"><a href=\"https:\/\/innernature.webs.upv.es\/wp-content\/uploads\/2016\/02\/2germc3a1n-torres-de-huertas_earthbeat_02.png\"><img decoding=\"async\" data-attachment-id=\"1010\" data-orig-file=\"https:\/\/innernature.webs.upv.es\/wp-content\/uploads\/2016\/02\/2germc3a1n-torres-de-huertas_earthbeat_02.png\" data-orig-size=\"567,318\" data-comments-opened=\"0\" data-image-meta=\"{&quot;aperture&quot;:&quot;0&quot;,&quot;credit&quot;:&quot;&quot;,&quot;camera&quot;:&quot;&quot;,&quot;caption&quot;:&quot;&quot;,&quot;created_timestamp&quot;:&quot;0&quot;,&quot;copyright&quot;:&quot;&quot;,&quot;focal_length&quot;:&quot;0&quot;,&quot;iso&quot;:&quot;0&quot;,&quot;shutter_speed&quot;:&quot;0&quot;,&quot;title&quot;:&quot;&quot;,&quot;orientation&quot;:&quot;0&quot;}\" data-image-title=\"2Germ\u00e1n Torres de Huertas_EarthBeat_02\" data-image-description=\"\" data-medium-file=\"https:\/\/innernature.webs.upv.es\/wp-content\/uploads\/2016\/02\/2germc3a1n-torres-de-huertas_earthbeat_02-300x168.png\" data-large-file=\"https:\/\/innernature.webs.upv.es\/wp-content\/uploads\/2016\/02\/2germc3a1n-torres-de-huertas_earthbeat_02.png\" src=\"https:\/\/innernature.webs.upv.es\/wp-content\/uploads\/2016\/02\/2germc3a1n-torres-de-huertas_earthbeat_02.png\" width=\"971\" height=\"545\" align=\"left\" title=\"2Germ\u00e1n Torres de Huertas_EarthBeat_02\" \/><\/a><\/div><\/div><\/div><\/div>\n<p>&nbsp;<\/p>\n<p><i><strong>EARTHBEAT TIDE 02<\/strong>&nbsp;<\/i><\/p>\n<p>2\u00b419\u00b4\u00b4<\/p>\n<table frame=\"void\">\n<tbody>\n<tr>\n<td style=\"text-align: justify;\"><span style=\"color: #999999;\">Concibo la marea como uno de esos <b>latidos<\/b> de la tierra. Como una parte de esas memorias naturales que el hombre est\u00e1 alterando con su acci\u00f3n. Memorias que empujan al mar a recuperar un arenal artificial, o que hacen que un r\u00edo subterr\u00e1neo recobre su cauce 20 a\u00f1os despu\u00e9s. Memorias que llevan a la vegetaci\u00f3n a repoblar las hendiduras de las aceras; a cubrir lo que el hombre construye y luego abandona; e incluso a levantar el asfalto con el empuje de las ra\u00edces.<\/span><\/p>\n<p><span style=\"color: #999999;\">STATEMENT<\/span><\/p>\n<p><span style=\"color: #999999;\">Encara su trabajo esquivando la especializaci\u00f3n formal y los contornos de un tema concreto. No renuncia a moverse en el margen que regala la definici\u00f3n incompleta. Entendiendo los procesos como una red de vasos comunicantes que se retroalimentan, a los que siempre habr\u00e1 nuevos recipientes que a\u00f1adir. Creyente de la curiosidad, con necesidad por deambular entre disciplinas y tem\u00e1ticas, imaginando que los l\u00edmites no est\u00e1n si no los miras.<\/span><\/td>\n<td style=\"text-align: justify;\"><span style=\"color: #999999;\">I conceive the tide as one of the <strong>beats<\/strong> of the Earth. As part of the natural memories that mankind is altering through its action. Memories that lead the sea to retrieve an artificial shore or that make an underground river regain its course 20 years later. Memories leading vegetation to repopulate the cracks of the sidewalks, to cover what man builds and then abandons and even to push up the asphalt with the thrust of its roots.<\/span><\/p>\n<p><span style=\"color: #999999;\">STATEMENT<\/span><\/p>\n<p><span style=\"color: #999999;\">He confronts his work avoiding formal specialization and the contours of a particular topic. He doesn\u2019t discard moving in the margins that characterize the incomplete definition. Understanding processes as a network of communicating vessels that feed back into the network, to which there will always be new containers to add. He believes in curiosity, with a need to roam across disciplines and themes, imagining that limits do not exist if you don\u2019t look at them.<\/span><\/td>\n<\/tr>\n<\/tbody>\n<\/table>\n<p><a href=\"https:\/\/www.germantorresdehuertas.net\" target=\"_blank\" rel=\"noopener\">ARTIST WEBSITE<\/a><\/p>\n<p>&nbsp;<\/p>\n<p><iframe title=\"GERM\u00c1N TORRES DE HUERTAS Earthbeat 02\" width=\"980\" height=\"551\" src=\"https:\/\/www.youtube.com\/embed\/V4uQjD7K-o4?feature=oembed\" frameborder=\"0\" allow=\"accelerometer; autoplay; clipboard-write; encrypted-media; gyroscope; picture-in-picture\" allowfullscreen><\/iframe><\/p>\n","protected":false},"excerpt":{"rendered":"<p>&nbsp; EARTHBEAT TIDE 02&nbsp; 2\u00b419\u00b4\u00b4 Concibo la marea como uno de esos latidos de la tierra. Como una parte de esas memorias naturales que el hombre est\u00e1 alterando con su acci\u00f3n. Memorias que empujan al mar a recuperar un arenal artificial, o que hacen que un r\u00edo subterr\u00e1neo recobre su cauce 20 a\u00f1os despu\u00e9s. Memorias [&hellip;]<\/p>\n","protected":false},"author":2,"featured_media":0,"parent":1155,"menu_order":0,"comment_status":"closed","ping_status":"closed","template":"","meta":{"footnotes":""},"class_list":["post-1093","page","type-page","status-publish","hentry"],"_links":{"self":[{"href":"https:\/\/innernature.webs.upv.es\/index.php?rest_route=\/wp\/v2\/pages\/1093","targetHints":{"allow":["GET"]}}],"collection":[{"href":"https:\/\/innernature.webs.upv.es\/index.php?rest_route=\/wp\/v2\/pages"}],"about":[{"href":"https:\/\/innernature.webs.upv.es\/index.php?rest_route=\/wp\/v2\/types\/page"}],"author":[{"embeddable":true,"href":"https:\/\/innernature.webs.upv.es\/index.php?rest_route=\/wp\/v2\/users\/2"}],"replies":[{"embeddable":true,"href":"https:\/\/innernature.webs.upv.es\/index.php?rest_route=%2Fwp%2Fv2%2Fcomments&post=1093"}],"version-history":[{"count":4,"href":"https:\/\/innernature.webs.upv.es\/index.php?rest_route=\/wp\/v2\/pages\/1093\/revisions"}],"predecessor-version":[{"id":2536,"href":"https:\/\/innernature.webs.upv.es\/index.php?rest_route=\/wp\/v2\/pages\/1093\/revisions\/2536"}],"up":[{"embeddable":true,"href":"https:\/\/innernature.webs.upv.es\/index.php?rest_route=\/wp\/v2\/pages\/1155"}],"wp:attachment":[{"href":"https:\/\/innernature.webs.upv.es\/index.php?rest_route=%2Fwp%2Fv2%2Fmedia&parent=1093"}],"curies":[{"name":"wp","href":"https:\/\/api.w.org\/{rel}","templated":true}]}}