{"id":1101,"date":"2016-02-27T18:46:39","date_gmt":"2016-02-27T18:46:39","guid":{"rendered":"http:\/\/innernatureexhibition.com\/?page_id=1101"},"modified":"2021-06-03T14:51:11","modified_gmt":"2021-06-03T14:51:11","slug":"grayson-cooke","status":"publish","type":"page","link":"https:\/\/innernature.webs.upv.es\/?page_id=1101","title":{"rendered":"GRAYSON COOKE"},"content":{"rendered":"<div data-carousel-extra='{\"blog_id\":1,\"permalink\":\"https:\\\/\\\/innernature.webs.upv.es\\\/?page_id=1101\"}' class=\"tiled-gallery type-rectangular\" data-original-width=\"980\"><div class=\"gallery-row\" style=\"width: 975px; height: 219px;\"><div class=\"gallery-group images-1\" style=\"width: 488px; height: 223px;\"><div class=\"tiled-gallery-item tiled-gallery-item-large\"><a href=\"https:\/\/innernature.webs.upv.es\/wp-content\/uploads\/2016\/02\/1cooke-grayson.png\"><img fetchpriority=\"high\" decoding=\"async\" data-attachment-id=\"985\" data-orig-file=\"https:\/\/innernature.webs.upv.es\/wp-content\/uploads\/2016\/02\/1cooke-grayson.png\" data-orig-size=\"567,256\" data-comments-opened=\"0\" data-image-meta=\"{&quot;aperture&quot;:&quot;0&quot;,&quot;credit&quot;:&quot;&quot;,&quot;camera&quot;:&quot;&quot;,&quot;caption&quot;:&quot;&quot;,&quot;created_timestamp&quot;:&quot;0&quot;,&quot;copyright&quot;:&quot;&quot;,&quot;focal_length&quot;:&quot;0&quot;,&quot;iso&quot;:&quot;0&quot;,&quot;shutter_speed&quot;:&quot;0&quot;,&quot;title&quot;:&quot;&quot;,&quot;orientation&quot;:&quot;0&quot;}\" data-image-title=\"1cooke, grayson\" data-image-description=\"\" data-medium-file=\"https:\/\/innernature.webs.upv.es\/wp-content\/uploads\/2016\/02\/1cooke-grayson-300x135.png\" data-large-file=\"https:\/\/innernature.webs.upv.es\/wp-content\/uploads\/2016\/02\/1cooke-grayson.png\" src=\"https:\/\/innernature.webs.upv.es\/wp-content\/uploads\/2016\/02\/1cooke-grayson-484x219.png\" width=\"484\" height=\"219\" align=\"left\" title=\"1cooke, grayson\" \/><\/a><\/div><\/div><div class=\"gallery-group images-1\" style=\"width: 487px; height: 223px;\"><div class=\"tiled-gallery-item tiled-gallery-item-large\"><a href=\"https:\/\/innernature.webs.upv.es\/wp-content\/uploads\/2016\/02\/3cooke-grayson.png\"><img decoding=\"async\" data-attachment-id=\"1023\" data-orig-file=\"https:\/\/innernature.webs.upv.es\/wp-content\/uploads\/2016\/02\/3cooke-grayson.png\" data-orig-size=\"567,257\" data-comments-opened=\"0\" data-image-meta=\"{&quot;aperture&quot;:&quot;0&quot;,&quot;credit&quot;:&quot;&quot;,&quot;camera&quot;:&quot;&quot;,&quot;caption&quot;:&quot;&quot;,&quot;created_timestamp&quot;:&quot;0&quot;,&quot;copyright&quot;:&quot;&quot;,&quot;focal_length&quot;:&quot;0&quot;,&quot;iso&quot;:&quot;0&quot;,&quot;shutter_speed&quot;:&quot;0&quot;,&quot;title&quot;:&quot;&quot;,&quot;orientation&quot;:&quot;0&quot;}\" data-image-title=\"3cooke, grayson\" data-image-description=\"\" data-medium-file=\"https:\/\/innernature.webs.upv.es\/wp-content\/uploads\/2016\/02\/3cooke-grayson-300x136.png\" data-large-file=\"https:\/\/innernature.webs.upv.es\/wp-content\/uploads\/2016\/02\/3cooke-grayson.png\" src=\"https:\/\/innernature.webs.upv.es\/wp-content\/uploads\/2016\/02\/3cooke-grayson-483x219.png\" width=\"483\" height=\"219\" align=\"left\" title=\"3cooke, grayson\" \/><\/a><\/div><\/div><\/div><div class=\"gallery-row\" style=\"width: 975px; height: 219px;\"><div class=\"gallery-group images-1\" style=\"width: 487px; height: 223px;\"><div class=\"tiled-gallery-item tiled-gallery-item-large\"><a href=\"https:\/\/innernature.webs.upv.es\/wp-content\/uploads\/2016\/02\/5cooke-grayson.png\"><img decoding=\"async\" data-attachment-id=\"1059\" data-orig-file=\"https:\/\/innernature.webs.upv.es\/wp-content\/uploads\/2016\/02\/5cooke-grayson.png\" data-orig-size=\"567,257\" data-comments-opened=\"0\" data-image-meta=\"{&quot;aperture&quot;:&quot;0&quot;,&quot;credit&quot;:&quot;&quot;,&quot;camera&quot;:&quot;&quot;,&quot;caption&quot;:&quot;&quot;,&quot;created_timestamp&quot;:&quot;0&quot;,&quot;copyright&quot;:&quot;&quot;,&quot;focal_length&quot;:&quot;0&quot;,&quot;iso&quot;:&quot;0&quot;,&quot;shutter_speed&quot;:&quot;0&quot;,&quot;title&quot;:&quot;&quot;,&quot;orientation&quot;:&quot;0&quot;}\" data-image-title=\"5cooke, grayson\" data-image-description=\"\" data-medium-file=\"https:\/\/innernature.webs.upv.es\/wp-content\/uploads\/2016\/02\/5cooke-grayson-300x136.png\" data-large-file=\"https:\/\/innernature.webs.upv.es\/wp-content\/uploads\/2016\/02\/5cooke-grayson.png\" src=\"https:\/\/innernature.webs.upv.es\/wp-content\/uploads\/2016\/02\/5cooke-grayson-483x219.png\" width=\"483\" height=\"219\" align=\"left\" title=\"5cooke, grayson\" \/><\/a><\/div><\/div><div class=\"gallery-group images-1\" style=\"width: 488px; height: 223px;\"><div class=\"tiled-gallery-item tiled-gallery-item-large\"><a href=\"https:\/\/innernature.webs.upv.es\/wp-content\/uploads\/2016\/02\/6cooke-grayson.png\"><img loading=\"lazy\" decoding=\"async\" data-attachment-id=\"1070\" data-orig-file=\"https:\/\/innernature.webs.upv.es\/wp-content\/uploads\/2016\/02\/6cooke-grayson.png\" data-orig-size=\"567,256\" data-comments-opened=\"0\" data-image-meta=\"{&quot;aperture&quot;:&quot;0&quot;,&quot;credit&quot;:&quot;&quot;,&quot;camera&quot;:&quot;&quot;,&quot;caption&quot;:&quot;&quot;,&quot;created_timestamp&quot;:&quot;0&quot;,&quot;copyright&quot;:&quot;&quot;,&quot;focal_length&quot;:&quot;0&quot;,&quot;iso&quot;:&quot;0&quot;,&quot;shutter_speed&quot;:&quot;0&quot;,&quot;title&quot;:&quot;&quot;,&quot;orientation&quot;:&quot;0&quot;}\" data-image-title=\"6cooke, grayson\" data-image-description=\"\" data-medium-file=\"https:\/\/innernature.webs.upv.es\/wp-content\/uploads\/2016\/02\/6cooke-grayson-300x135.png\" data-large-file=\"https:\/\/innernature.webs.upv.es\/wp-content\/uploads\/2016\/02\/6cooke-grayson.png\" src=\"https:\/\/innernature.webs.upv.es\/wp-content\/uploads\/2016\/02\/6cooke-grayson-484x219.png\" width=\"484\" height=\"219\" align=\"left\" title=\"6cooke, grayson\" \/><\/a><\/div><\/div><\/div><div class=\"gallery-row\" style=\"width: 975px; height: 440px;\"><div class=\"gallery-group images-1\" style=\"width: 975px; height: 444px;\"><div class=\"tiled-gallery-item tiled-gallery-item-large\"><a href=\"https:\/\/innernature.webs.upv.es\/wp-content\/uploads\/2016\/02\/7cooke-grayson.png\"><img loading=\"lazy\" decoding=\"async\" data-attachment-id=\"1080\" data-orig-file=\"https:\/\/innernature.webs.upv.es\/wp-content\/uploads\/2016\/02\/7cooke-grayson.png\" data-orig-size=\"567,257\" data-comments-opened=\"0\" data-image-meta=\"{&quot;aperture&quot;:&quot;0&quot;,&quot;credit&quot;:&quot;&quot;,&quot;camera&quot;:&quot;&quot;,&quot;caption&quot;:&quot;&quot;,&quot;created_timestamp&quot;:&quot;0&quot;,&quot;copyright&quot;:&quot;&quot;,&quot;focal_length&quot;:&quot;0&quot;,&quot;iso&quot;:&quot;0&quot;,&quot;shutter_speed&quot;:&quot;0&quot;,&quot;title&quot;:&quot;&quot;,&quot;orientation&quot;:&quot;0&quot;}\" data-image-title=\"7cooke, grayson\" data-image-description=\"\" data-medium-file=\"https:\/\/innernature.webs.upv.es\/wp-content\/uploads\/2016\/02\/7cooke-grayson-300x136.png\" data-large-file=\"https:\/\/innernature.webs.upv.es\/wp-content\/uploads\/2016\/02\/7cooke-grayson.png\" src=\"https:\/\/innernature.webs.upv.es\/wp-content\/uploads\/2016\/02\/7cooke-grayson.png\" width=\"971\" height=\"440\" align=\"left\" title=\"7cooke, grayson\" \/><\/a><\/div><\/div><\/div><\/div>\n<p>&nbsp;<\/p>\n<p><i><strong>DEFOREST<\/strong>&nbsp;&nbsp;<\/i><\/p>\n<p><i>10\u00b419\u00b4<\/i><\/p>\n<table frame=\"void\">\n<tbody>\n<tr>\n<td style=\"text-align: justify;\"><span style=\"color: #999999;\"><i>Deforest<\/i> combina el an\u00e1lisis medioambiental con la investigaci\u00f3n sobre materiales. En este proyecto, se utiliza \u00e1cido sulf\u00farico para disolver fotograf\u00edas de un bosque primario. La deforestaci\u00f3n es uno de las causas clave del cambio clim\u00e1tico antropog\u00e9nico. Es responsable de alrededor del 12% de las emisiones de gases de efecto invernadero y causa erosi\u00f3n y p\u00e9rdida de biodiversidad. <i>Deforest<\/i> se centra en este tema de manera \u00fanica, empleando medios fotogr\u00e1ficos y \u00e1cido corrosivo para \u00abmaterializar\u00bb la deforestaci\u00f3n a trav\u00e9s de canales diferentes del simple registro documental. El deterioro de la imagen, la experiencia de su p\u00e9rdida y su relaci\u00f3n con el medio ambiente son los aspectos fundametales de este proyecto.<\/span><\/p>\n<p><span style=\"color: #ffffff;\">.<\/span><\/p>\n<p><span style=\"color: #999999;\">STATEMENT&nbsp;<\/span><\/p>\n<p><span style=\"color: #999999;\">Todo mi trabajo como investigador y videoartista se centra en los archivos: archivos personales, colectivos y ambientales; archivos como piedra de toque para el reencantamiento del pasado; archivos como objetos materiales, por los cuales podemos afirmar que la historia y la temporalidad tienen un medio. En mi trabajo me interesa encontrar nuevas formas de relacionarnos con los archivos, formas que podr\u00edan cambiar la manera en la que nos pensamos a nosotros mismos como individuos y naciones, y entendemos nuestro lugar en un mundo cada vez m\u00e1s sujeto a nuestra voluntad tecnol\u00f3gica y econ\u00f3mica colectiva.<\/span><\/td>\n<td style=\"text-align: justify;\"><span style=\"color: #999999;\">\u201cDeforest\u201d combines environmental critique with material enquiry. In this project, sulphuric acid is used to dissolve photographs of old growth rainforest. Deforestation is one of the key planks of anthropogenic climate change. It is responsible for around 12% of the world\u2019s greenhouse gas emissions and causes erosion and biodiversity loss. \u201cDeforest\u201d focuses on this issue in a unique way, using photographic media and a corrosive acid to \u201cmaterialize\u201d deforestation along different channels than the documentary record. The ruin of the image, the experience of its loss and its relation to the environment lie at the core of this project.<\/span><\/p>\n<p><span style=\"color: #ffffff;\">.<\/span><\/p>\n<p><span style=\"color: #999999;\">STATEMENT&nbsp;<\/span><\/p>\n<p><span style=\"color: #999999;\">All my work, as both a scholar and a media artist, is concerned with archives; with personal, collective and environmental archives; with the archive as a touchstone for the re-enchantment of the past; and with the archive as a material thing, the thing by which we can state that history and temporality have a medium. In my work I am concerned with finding new ways of relating to archives, ways that might change how we think about ourselves as individuals and nations, and our place in a world that is increasingly subject to our collective technological and economic will.<\/span><\/td>\n<\/tr>\n<\/tbody>\n<\/table>\n<p><a href=\"http:\/\/www.graysoncooke.com\" target=\"_blank\" rel=\"noopener\">ARTIST WEBSITE<\/a><\/p>\n<p>&nbsp;<\/p>\n<p><iframe title=\"GRAYSON COOKE &quot;Deforest&quot; (fragment)\" width=\"980\" height=\"551\" src=\"https:\/\/www.youtube.com\/embed\/wbPzzsilGq8?feature=oembed\" frameborder=\"0\" allow=\"accelerometer; autoplay; clipboard-write; encrypted-media; gyroscope; picture-in-picture\" allowfullscreen><\/iframe><\/p>\n","protected":false},"excerpt":{"rendered":"<p>&nbsp; DEFOREST&nbsp;&nbsp; 10\u00b419\u00b4 Deforest combina el an\u00e1lisis medioambiental con la investigaci\u00f3n sobre materiales. En este proyecto, se utiliza \u00e1cido sulf\u00farico para disolver fotograf\u00edas de un bosque primario. La deforestaci\u00f3n es uno de las causas clave del cambio clim\u00e1tico antropog\u00e9nico. Es responsable de alrededor del 12% de las emisiones de gases de efecto invernadero y causa [&hellip;]<\/p>\n","protected":false},"author":2,"featured_media":0,"parent":1155,"menu_order":0,"comment_status":"closed","ping_status":"closed","template":"","meta":{"footnotes":""},"class_list":["post-1101","page","type-page","status-publish","hentry"],"_links":{"self":[{"href":"https:\/\/innernature.webs.upv.es\/index.php?rest_route=\/wp\/v2\/pages\/1101","targetHints":{"allow":["GET"]}}],"collection":[{"href":"https:\/\/innernature.webs.upv.es\/index.php?rest_route=\/wp\/v2\/pages"}],"about":[{"href":"https:\/\/innernature.webs.upv.es\/index.php?rest_route=\/wp\/v2\/types\/page"}],"author":[{"embeddable":true,"href":"https:\/\/innernature.webs.upv.es\/index.php?rest_route=\/wp\/v2\/users\/2"}],"replies":[{"embeddable":true,"href":"https:\/\/innernature.webs.upv.es\/index.php?rest_route=%2Fwp%2Fv2%2Fcomments&post=1101"}],"version-history":[{"count":2,"href":"https:\/\/innernature.webs.upv.es\/index.php?rest_route=\/wp\/v2\/pages\/1101\/revisions"}],"predecessor-version":[{"id":2538,"href":"https:\/\/innernature.webs.upv.es\/index.php?rest_route=\/wp\/v2\/pages\/1101\/revisions\/2538"}],"up":[{"embeddable":true,"href":"https:\/\/innernature.webs.upv.es\/index.php?rest_route=\/wp\/v2\/pages\/1155"}],"wp:attachment":[{"href":"https:\/\/innernature.webs.upv.es\/index.php?rest_route=%2Fwp%2Fv2%2Fmedia&parent=1101"}],"curies":[{"name":"wp","href":"https:\/\/api.w.org\/{rel}","templated":true}]}}