{"id":1104,"date":"2016-02-27T18:53:58","date_gmt":"2016-02-27T18:53:58","guid":{"rendered":"http:\/\/innernatureexhibition.com\/?page_id=1104"},"modified":"2021-06-03T14:51:28","modified_gmt":"2021-06-03T14:51:28","slug":"irene-cruz-2","status":"publish","type":"page","link":"https:\/\/innernature.webs.upv.es\/?page_id=1104","title":{"rendered":"IRENE CRUZ"},"content":{"rendered":"<div data-carousel-extra='{\"blog_id\":1,\"permalink\":\"https:\\\/\\\/innernature.webs.upv.es\\\/?page_id=1104\"}' class=\"tiled-gallery type-rectangular\" data-original-width=\"980\"><div class=\"gallery-row\" style=\"width: 975px; height: 271px;\"><div class=\"gallery-group images-1\" style=\"width: 485px; height: 275px;\"><div class=\"tiled-gallery-item tiled-gallery-item-large\"><a href=\"https:\/\/innernature.webs.upv.es\/wp-content\/uploads\/2016\/02\/4cruz-irene.png\"><img fetchpriority=\"high\" decoding=\"async\" data-attachment-id=\"1042\" data-orig-file=\"https:\/\/innernature.webs.upv.es\/wp-content\/uploads\/2016\/02\/4cruz-irene.png\" data-orig-size=\"567,319\" data-comments-opened=\"0\" data-image-meta=\"{&quot;aperture&quot;:&quot;0&quot;,&quot;credit&quot;:&quot;&quot;,&quot;camera&quot;:&quot;&quot;,&quot;caption&quot;:&quot;&quot;,&quot;created_timestamp&quot;:&quot;0&quot;,&quot;copyright&quot;:&quot;&quot;,&quot;focal_length&quot;:&quot;0&quot;,&quot;iso&quot;:&quot;0&quot;,&quot;shutter_speed&quot;:&quot;0&quot;,&quot;title&quot;:&quot;&quot;,&quot;orientation&quot;:&quot;0&quot;}\" data-image-title=\"4Cruz, Irene\" data-image-description=\"\" data-medium-file=\"https:\/\/innernature.webs.upv.es\/wp-content\/uploads\/2016\/02\/4cruz-irene-300x169.png\" data-large-file=\"https:\/\/innernature.webs.upv.es\/wp-content\/uploads\/2016\/02\/4cruz-irene.png\" src=\"https:\/\/innernature.webs.upv.es\/wp-content\/uploads\/2016\/02\/4cruz-irene-481x271.png\" width=\"481\" height=\"271\" align=\"left\" title=\"4Cruz, Irene\" \/><\/a><\/div><\/div><div class=\"gallery-group images-1\" style=\"width: 490px; height: 275px;\"><div class=\"tiled-gallery-item tiled-gallery-item-large\"><a href=\"https:\/\/innernature.webs.upv.es\/wp-content\/uploads\/2016\/02\/3cruz-irene.png\"><img decoding=\"async\" data-attachment-id=\"1024\" data-orig-file=\"https:\/\/innernature.webs.upv.es\/wp-content\/uploads\/2016\/02\/3cruz-irene.png\" data-orig-size=\"567,316\" data-comments-opened=\"0\" data-image-meta=\"{&quot;aperture&quot;:&quot;0&quot;,&quot;credit&quot;:&quot;&quot;,&quot;camera&quot;:&quot;&quot;,&quot;caption&quot;:&quot;&quot;,&quot;created_timestamp&quot;:&quot;0&quot;,&quot;copyright&quot;:&quot;&quot;,&quot;focal_length&quot;:&quot;0&quot;,&quot;iso&quot;:&quot;0&quot;,&quot;shutter_speed&quot;:&quot;0&quot;,&quot;title&quot;:&quot;&quot;,&quot;orientation&quot;:&quot;0&quot;}\" data-image-title=\"3Cruz, Irene\" data-image-description=\"\" data-medium-file=\"https:\/\/innernature.webs.upv.es\/wp-content\/uploads\/2016\/02\/3cruz-irene-300x167.png\" data-large-file=\"https:\/\/innernature.webs.upv.es\/wp-content\/uploads\/2016\/02\/3cruz-irene.png\" src=\"https:\/\/innernature.webs.upv.es\/wp-content\/uploads\/2016\/02\/3cruz-irene-486x271.png\" width=\"486\" height=\"271\" align=\"left\" title=\"3Cruz, Irene\" \/><\/a><\/div><\/div><\/div><div class=\"gallery-row\" style=\"width: 975px; height: 271px;\"><div class=\"gallery-group images-1\" style=\"width: 488px; height: 275px;\"><div class=\"tiled-gallery-item tiled-gallery-item-large\"><a href=\"https:\/\/innernature.webs.upv.es\/wp-content\/uploads\/2016\/02\/2cruz-irene.png\"><img decoding=\"async\" data-attachment-id=\"1005\" data-orig-file=\"https:\/\/innernature.webs.upv.es\/wp-content\/uploads\/2016\/02\/2cruz-irene.png\" data-orig-size=\"567,318\" data-comments-opened=\"0\" data-image-meta=\"{&quot;aperture&quot;:&quot;0&quot;,&quot;credit&quot;:&quot;&quot;,&quot;camera&quot;:&quot;&quot;,&quot;caption&quot;:&quot;&quot;,&quot;created_timestamp&quot;:&quot;0&quot;,&quot;copyright&quot;:&quot;&quot;,&quot;focal_length&quot;:&quot;0&quot;,&quot;iso&quot;:&quot;0&quot;,&quot;shutter_speed&quot;:&quot;0&quot;,&quot;title&quot;:&quot;&quot;,&quot;orientation&quot;:&quot;0&quot;}\" data-image-title=\"2Cruz, Irene\" data-image-description=\"\" data-medium-file=\"https:\/\/innernature.webs.upv.es\/wp-content\/uploads\/2016\/02\/2cruz-irene-300x168.png\" data-large-file=\"https:\/\/innernature.webs.upv.es\/wp-content\/uploads\/2016\/02\/2cruz-irene.png\" src=\"https:\/\/innernature.webs.upv.es\/wp-content\/uploads\/2016\/02\/2cruz-irene-484x271.png\" width=\"484\" height=\"271\" align=\"left\" title=\"2Cruz, Irene\" \/><\/a><\/div><\/div><div class=\"gallery-group images-1\" style=\"width: 487px; height: 275px;\"><div class=\"tiled-gallery-item tiled-gallery-item-large\"><a href=\"https:\/\/innernature.webs.upv.es\/wp-content\/uploads\/2016\/02\/1cruz-irene.png\"><img loading=\"lazy\" decoding=\"async\" data-attachment-id=\"986\" data-orig-file=\"https:\/\/innernature.webs.upv.es\/wp-content\/uploads\/2016\/02\/1cruz-irene.png\" data-orig-size=\"567,318\" data-comments-opened=\"0\" data-image-meta=\"{&quot;aperture&quot;:&quot;0&quot;,&quot;credit&quot;:&quot;&quot;,&quot;camera&quot;:&quot;&quot;,&quot;caption&quot;:&quot;&quot;,&quot;created_timestamp&quot;:&quot;0&quot;,&quot;copyright&quot;:&quot;&quot;,&quot;focal_length&quot;:&quot;0&quot;,&quot;iso&quot;:&quot;0&quot;,&quot;shutter_speed&quot;:&quot;0&quot;,&quot;title&quot;:&quot;&quot;,&quot;orientation&quot;:&quot;0&quot;}\" data-image-title=\"1Cruz, Irene\" data-image-description=\"\" data-medium-file=\"https:\/\/innernature.webs.upv.es\/wp-content\/uploads\/2016\/02\/1cruz-irene-300x168.png\" data-large-file=\"https:\/\/innernature.webs.upv.es\/wp-content\/uploads\/2016\/02\/1cruz-irene.png\" src=\"https:\/\/innernature.webs.upv.es\/wp-content\/uploads\/2016\/02\/1cruz-irene-483x271.png\" width=\"483\" height=\"271\" align=\"left\" title=\"1Cruz, Irene\" \/><\/a><\/div><\/div><\/div><\/div>\n<p>&nbsp;<\/p>\n<p><i><strong>LUFT. LIFE IS A COLLECTION OF EXPERIENCES<\/strong><\/i><\/p>\n<p><i> 3\u00b425\u00b4<\/i><\/p>\n<table frame=\"void\">\n<tbody>\n<tr>\n<td style=\"text-align: justify;\"><span style=\"color: #999999;\">&#8230;Irene construye su libro antes destruido y alimenta su visi\u00f3n positiva y m\u00ednimal , recuperando la ense\u00f1anza que Mastuo Basho da a su disc\u00edpulo para construir un haik\u00fa: \u201cno digas que arrancando las alas a la lib\u00e9lula tendr\u00e1s un estambre rojo, a\u00f1ade alas al estambre rojo y tendr\u00e1s una lib\u00e9lula\u201d. Irene est\u00e1 construyendo un libro vital en un tiempo irreal.<\/span><\/p>\n<p><span style=\"color: #999999;\">La narraci\u00f3n se revela enigm\u00e1tica, la margarita deshojada vuelve a su ser y el diario personal se recompone para volver a empezar de nuevo: acci\u00f3n, destrucci\u00f3n, pasado, reconstrucci\u00f3n, reencarnaci\u00f3n y otra vez a empezar. El video de Irene plantea el bucle de la vida, la recreaci\u00f3n en loop de una existencia ef\u00edmera, Irene presenta un alegato min\u00fasculo y efectivo del retorno eterno, tambi\u00e9n de un atomismo de la belleza, del instinto de conservaci\u00f3n de las palabras y de su propio lenguaje y bagaje vital. (Texto por Fernando Garc\u00eda Malmierca, Comisario)<\/span><\/p>\n<p><span style=\"color: #ffffff;\">.<\/span><\/p>\n<p><span style=\"color: #999999;\">STATEMENT<\/span><\/p>\n<p><span style=\"color: #999999;\">A trav\u00e9s del videoarte y de mis series fotogr\u00e1ficas presento generalmente mujeres en relaciones diferentes con la soledad: exploraci\u00f3n, deseo, melancol\u00eda. Todo desde un punto autorreferencial, fruto de mi posici\u00f3n frente al mundo. Me interesa el misterio, la privacidad, la reflexi\u00f3n sobre la naturaleza, y el paisaje. Me mantengo lejos de toda personalizaci\u00f3n, por eso rara vez se reconoce un rostro en mi obra. En com\u00fan todo mi trabajo art\u00edstico se remite a la naturaleza como \u00abel todo\u00bb al que pertenecemos.<\/span><\/p>\n<p><span style=\"color: #999999;\">La luz es un aspecto importante de mis im\u00e1genes, por eso trabajo en los pa\u00edses del norte de Europa mayoritariamente; me inspira esa luz azul, tamizada, que envuelve el paisaje. Siempre me refugio en los atardeceres tard\u00edos o los anocheceres tempranos, me centro en lo liminal, (ocupar una posici\u00f3n de un momento inicial de un proceso, o estar en ambos lados de un l\u00edmite o umbral). Es decir, entre el d\u00eda y la noche, entre la tranquilidad y la inquietud, los opuestos que se desvanecen. No hay l\u00edmites. S\u00f3lo caminos, puentes, porque todo fluye.<\/span><\/td>\n<td style=\"text-align: justify;\"><span style=\"color: #999999;\">Irene Cruz constructs her book before destroyed and feeds her positive and minimal vision, recovering the lessons that Mastuo Basho gives to his disciple in order to construct a haiku: \u201cdo not say that tearing off the wings of a dragonfly you will have a red stamen, add wings to the red stamen and you will have a dragonfly\u201d. Irene is constructing a vital book in an unreal time.<\/span><\/p>\n<p><span style=\"color: #999999;\">The narrative reveals itself enigmatic, the daisy with its petals pulled off becomes itself again and the personal diary mends itself in order to start over again: action, destruction, past, reconstruction, reincarnation and back to the beginning. Irene\u2019s video sets out the loop of life, the looping recreation of an ephemeral existence, Irene presents a tiny and effective statement of the eternal return, of an atomism of beauty as well, of the instinct of preservation of words and of her own language and vital knowledge.&nbsp;(Text written by Fernando Garc\u00eda Malmierca, Curator)<\/span><\/p>\n<p><span style=\"color: #ffffff;\">.<\/span><\/p>\n<p><span style=\"color: #999999;\">STATEMENT<\/span><\/p>\n<p><span style=\"color: #999999;\">Through my video art and photographic series I usually present women in different relationships with loneliness: exploration, desire, melancholy. All from a self-referential viewpoint, the result of my position before the world. I&#8217;m interested in mystery, privacy, reflection on nature and the landscape. I stay away from all personalization, therefore one can rarely recognize a face in my work. My artistic work refers to nature as \u00abwhole\u00bb to which we belong.<\/span><br \/>\n<span style=\"color: #999999;\"> Light is an important aspect of my images, so I mostly work in northern European countries; their blue, sifted light enveloping the landscape inspires me. I always take refuge in late sunsets or early sunrises, I focus on the liminal, (occupying the position of the initial stage of a process, or being on both sides of a limit or threshold). That is, between day and night, between tranquility and restlessness, opposites vanish. There are no limits. Only roads, bridges, because everything flows.<\/span><\/td>\n<\/tr>\n<\/tbody>\n<\/table>\n<p><a href=\"http:\/\/www.irenecruz.com\" target=\"_blank\" rel=\"noopener\">ARTIST WEBSITE<\/a><\/p>\n","protected":false},"excerpt":{"rendered":"<p>&nbsp; LUFT. LIFE IS A COLLECTION OF EXPERIENCES 3\u00b425\u00b4 &#8230;Irene construye su libro antes destruido y alimenta su visi\u00f3n positiva y m\u00ednimal , recuperando la ense\u00f1anza que Mastuo Basho da a su disc\u00edpulo para construir un haik\u00fa: \u201cno digas que arrancando las alas a la lib\u00e9lula tendr\u00e1s un estambre rojo, a\u00f1ade alas al estambre rojo [&hellip;]<\/p>\n","protected":false},"author":2,"featured_media":0,"parent":1155,"menu_order":0,"comment_status":"closed","ping_status":"closed","template":"","meta":{"footnotes":""},"class_list":["post-1104","page","type-page","status-publish","hentry"],"_links":{"self":[{"href":"https:\/\/innernature.webs.upv.es\/index.php?rest_route=\/wp\/v2\/pages\/1104","targetHints":{"allow":["GET"]}}],"collection":[{"href":"https:\/\/innernature.webs.upv.es\/index.php?rest_route=\/wp\/v2\/pages"}],"about":[{"href":"https:\/\/innernature.webs.upv.es\/index.php?rest_route=\/wp\/v2\/types\/page"}],"author":[{"embeddable":true,"href":"https:\/\/innernature.webs.upv.es\/index.php?rest_route=\/wp\/v2\/users\/2"}],"replies":[{"embeddable":true,"href":"https:\/\/innernature.webs.upv.es\/index.php?rest_route=%2Fwp%2Fv2%2Fcomments&post=1104"}],"version-history":[{"count":2,"href":"https:\/\/innernature.webs.upv.es\/index.php?rest_route=\/wp\/v2\/pages\/1104\/revisions"}],"predecessor-version":[{"id":2539,"href":"https:\/\/innernature.webs.upv.es\/index.php?rest_route=\/wp\/v2\/pages\/1104\/revisions\/2539"}],"up":[{"embeddable":true,"href":"https:\/\/innernature.webs.upv.es\/index.php?rest_route=\/wp\/v2\/pages\/1155"}],"wp:attachment":[{"href":"https:\/\/innernature.webs.upv.es\/index.php?rest_route=%2Fwp%2Fv2%2Fmedia&parent=1104"}],"curies":[{"name":"wp","href":"https:\/\/api.w.org\/{rel}","templated":true}]}}