{"id":1107,"date":"2016-02-27T18:55:06","date_gmt":"2016-02-27T18:55:06","guid":{"rendered":"http:\/\/innernatureexhibition.com\/?page_id=1107"},"modified":"2021-06-03T14:48:03","modified_gmt":"2021-06-03T14:48:03","slug":"carla-della-beffa","status":"publish","type":"page","link":"https:\/\/innernature.webs.upv.es\/?page_id=1107","title":{"rendered":"CARLA DELLA BEFFA"},"content":{"rendered":"<div data-carousel-extra='{\"blog_id\":1,\"permalink\":\"https:\\\/\\\/innernature.webs.upv.es\\\/?page_id=1107\"}' class=\"tiled-gallery type-rectangular\" data-original-width=\"980\"><div class=\"gallery-row\" style=\"width: 975px; height: 487px;\"><div class=\"gallery-group images-1\" style=\"width: 651px; height: 491px;\"><div class=\"tiled-gallery-item tiled-gallery-item-large\"><a href=\"https:\/\/innernature.webs.upv.es\/wp-content\/uploads\/2016\/03\/1dellabeffa.png\"><img fetchpriority=\"high\" decoding=\"async\" data-attachment-id=\"1173\" data-orig-file=\"https:\/\/innernature.webs.upv.es\/wp-content\/uploads\/2016\/03\/1dellabeffa.png\" data-orig-size=\"1061,800\" data-comments-opened=\"0\" data-image-meta=\"{&quot;aperture&quot;:&quot;0&quot;,&quot;credit&quot;:&quot;&quot;,&quot;camera&quot;:&quot;&quot;,&quot;caption&quot;:&quot;&quot;,&quot;created_timestamp&quot;:&quot;0&quot;,&quot;copyright&quot;:&quot;&quot;,&quot;focal_length&quot;:&quot;0&quot;,&quot;iso&quot;:&quot;0&quot;,&quot;shutter_speed&quot;:&quot;0&quot;,&quot;title&quot;:&quot;&quot;,&quot;orientation&quot;:&quot;0&quot;}\" data-image-title=\"1dellabeffa\" data-image-description=\"\" data-medium-file=\"https:\/\/innernature.webs.upv.es\/wp-content\/uploads\/2016\/03\/1dellabeffa-300x226.png\" data-large-file=\"https:\/\/innernature.webs.upv.es\/wp-content\/uploads\/2016\/03\/1dellabeffa-1024x772.png\" src=\"https:\/\/innernature.webs.upv.es\/wp-content\/uploads\/2016\/03\/1dellabeffa-647x487.png\" width=\"647\" height=\"487\" align=\"left\" title=\"1dellabeffa\" \/><\/a><\/div><\/div><div class=\"gallery-group images-2\" style=\"width: 324px; height: 491px;\"><div class=\"tiled-gallery-item tiled-gallery-item-large\"><a href=\"https:\/\/innernature.webs.upv.es\/wp-content\/uploads\/2016\/03\/2dellabeffa.png\"><img decoding=\"async\" data-attachment-id=\"1174\" data-orig-file=\"https:\/\/innernature.webs.upv.es\/wp-content\/uploads\/2016\/03\/2dellabeffa.png\" data-orig-size=\"1059,800\" data-comments-opened=\"0\" data-image-meta=\"{&quot;aperture&quot;:&quot;0&quot;,&quot;credit&quot;:&quot;&quot;,&quot;camera&quot;:&quot;&quot;,&quot;caption&quot;:&quot;&quot;,&quot;created_timestamp&quot;:&quot;0&quot;,&quot;copyright&quot;:&quot;&quot;,&quot;focal_length&quot;:&quot;0&quot;,&quot;iso&quot;:&quot;0&quot;,&quot;shutter_speed&quot;:&quot;0&quot;,&quot;title&quot;:&quot;&quot;,&quot;orientation&quot;:&quot;0&quot;}\" data-image-title=\"2dellabeffa\" data-image-description=\"\" data-medium-file=\"https:\/\/innernature.webs.upv.es\/wp-content\/uploads\/2016\/03\/2dellabeffa-300x227.png\" data-large-file=\"https:\/\/innernature.webs.upv.es\/wp-content\/uploads\/2016\/03\/2dellabeffa-1024x774.png\" src=\"https:\/\/innernature.webs.upv.es\/wp-content\/uploads\/2016\/03\/2dellabeffa-320x242.png\" width=\"320\" height=\"242\" align=\"left\" title=\"2dellabeffa\" \/><\/a><\/div><div class=\"tiled-gallery-item tiled-gallery-item-large\"><a href=\"https:\/\/innernature.webs.upv.es\/wp-content\/uploads\/2016\/03\/3dellabeffa.png\"><img decoding=\"async\" data-attachment-id=\"1175\" data-orig-file=\"https:\/\/innernature.webs.upv.es\/wp-content\/uploads\/2016\/03\/3dellabeffa.png\" data-orig-size=\"1062,800\" data-comments-opened=\"0\" data-image-meta=\"{&quot;aperture&quot;:&quot;0&quot;,&quot;credit&quot;:&quot;&quot;,&quot;camera&quot;:&quot;&quot;,&quot;caption&quot;:&quot;&quot;,&quot;created_timestamp&quot;:&quot;0&quot;,&quot;copyright&quot;:&quot;&quot;,&quot;focal_length&quot;:&quot;0&quot;,&quot;iso&quot;:&quot;0&quot;,&quot;shutter_speed&quot;:&quot;0&quot;,&quot;title&quot;:&quot;&quot;,&quot;orientation&quot;:&quot;0&quot;}\" data-image-title=\"3dellabeffa\" data-image-description=\"\" data-medium-file=\"https:\/\/innernature.webs.upv.es\/wp-content\/uploads\/2016\/03\/3dellabeffa-300x226.png\" data-large-file=\"https:\/\/innernature.webs.upv.es\/wp-content\/uploads\/2016\/03\/3dellabeffa-1024x771.png\" src=\"https:\/\/innernature.webs.upv.es\/wp-content\/uploads\/2016\/03\/3dellabeffa-320x241.png\" width=\"320\" height=\"241\" align=\"left\" title=\"3dellabeffa\" \/><\/a><\/div><\/div><\/div><\/div>\n<p>&nbsp;<\/p>\n<p><i><strong>H2O<\/strong>&nbsp;&nbsp;<\/i><\/p>\n<p><i>45\u00b4\u00b4<\/i><\/p>\n<table frame=\"void\">\n<tbody>\n<tr>\n<td style=\"text-align: justify;\"><span style=\"color: #999999;\">En la cocina de mi apartamento de Par\u00eds, estaba contemplando el reflejo de la ventana en la mesa y prepar\u00e1ndome para dejar el piso y volver a Italia, diciendo adi\u00f3s a todo lo que estaba a mi alrededor. Empec\u00e9 a jugar con una botella. Mi video H2O es una celebraci\u00f3n del agua, que constituye aproximadamente el 60% del cuerpo humano y es esencial para la vida. Tambi\u00e9n es lo suficientemente hipn\u00f3tica para convertirse en una meditaci\u00f3n sobre el agua, la naturaleza, la cultura y la vida.<\/span><\/td>\n<td style=\"text-align: justify;\"><span style=\"color: #999999;\">In the kitchen of my Paris apartment, I was contemplating the reflections from the window on the table, preparing to leave the flat and move back to Italy, saying goodbye to everything around me. I started playing with a bottle of water and found myself inventing a harbor. My H2O video is a celebration of water, approx. the 60% of a human body and so essential to life. It is also hypnotic enough to become a meditation on water, nature, culture, and life.&nbsp;<\/span><\/td>\n<\/tr>\n<\/tbody>\n<\/table>\n<p><a href=\"http:\/\/carladellabeffa.com\">ARTIST WEBSITE<\/a><\/p>\n<p>&nbsp;<\/p>\n<p><iframe title=\"CARLA DELLA BEFFA H2O\" width=\"980\" height=\"735\" src=\"https:\/\/www.youtube.com\/embed\/SQLWPvzgtnk?feature=oembed\" frameborder=\"0\" allow=\"accelerometer; autoplay; clipboard-write; encrypted-media; gyroscope; picture-in-picture\" allowfullscreen><\/iframe><\/p>\n","protected":false},"excerpt":{"rendered":"<p>&nbsp; H2O&nbsp;&nbsp; 45\u00b4\u00b4 En la cocina de mi apartamento de Par\u00eds, estaba contemplando el reflejo de la ventana en la mesa y prepar\u00e1ndome para dejar el piso y volver a Italia, diciendo adi\u00f3s a todo lo que estaba a mi alrededor. Empec\u00e9 a jugar con una botella. Mi video H2O es una celebraci\u00f3n del agua, [&hellip;]<\/p>\n","protected":false},"author":2,"featured_media":0,"parent":1155,"menu_order":0,"comment_status":"closed","ping_status":"closed","template":"","meta":{"footnotes":""},"class_list":["post-1107","page","type-page","status-publish","hentry"],"_links":{"self":[{"href":"https:\/\/innernature.webs.upv.es\/index.php?rest_route=\/wp\/v2\/pages\/1107","targetHints":{"allow":["GET"]}}],"collection":[{"href":"https:\/\/innernature.webs.upv.es\/index.php?rest_route=\/wp\/v2\/pages"}],"about":[{"href":"https:\/\/innernature.webs.upv.es\/index.php?rest_route=\/wp\/v2\/types\/page"}],"author":[{"embeddable":true,"href":"https:\/\/innernature.webs.upv.es\/index.php?rest_route=\/wp\/v2\/users\/2"}],"replies":[{"embeddable":true,"href":"https:\/\/innernature.webs.upv.es\/index.php?rest_route=%2Fwp%2Fv2%2Fcomments&post=1107"}],"version-history":[{"count":2,"href":"https:\/\/innernature.webs.upv.es\/index.php?rest_route=\/wp\/v2\/pages\/1107\/revisions"}],"predecessor-version":[{"id":2529,"href":"https:\/\/innernature.webs.upv.es\/index.php?rest_route=\/wp\/v2\/pages\/1107\/revisions\/2529"}],"up":[{"embeddable":true,"href":"https:\/\/innernature.webs.upv.es\/index.php?rest_route=\/wp\/v2\/pages\/1155"}],"wp:attachment":[{"href":"https:\/\/innernature.webs.upv.es\/index.php?rest_route=%2Fwp%2Fv2%2Fmedia&parent=1107"}],"curies":[{"name":"wp","href":"https:\/\/api.w.org\/{rel}","templated":true}]}}