{"id":1108,"date":"2016-03-01T17:46:44","date_gmt":"2016-03-01T17:46:44","guid":{"rendered":"http:\/\/innernatureexhibition.com\/?page_id=1108"},"modified":"2021-06-03T14:45:53","modified_gmt":"2021-06-03T14:45:53","slug":"alicia-fernandez","status":"publish","type":"page","link":"https:\/\/innernature.webs.upv.es\/?page_id=1108","title":{"rendered":"Alicia Fern\u00e1ndez"},"content":{"rendered":"<div data-carousel-extra='{\"blog_id\":1,\"permalink\":\"https:\\\/\\\/innernature.webs.upv.es\\\/?page_id=1108\"}' class=\"tiled-gallery type-rectangular\" data-original-width=\"980\"><div class=\"gallery-row\" style=\"width: 975px; height: 270px;\"><div class=\"gallery-group images-1\" style=\"width: 486px; height: 274px;\"><div class=\"tiled-gallery-item tiled-gallery-item-large\"><a href=\"https:\/\/innernature.webs.upv.es\/wp-content\/uploads\/2016\/02\/4fernc3a1ndez-alicia.png\"><img fetchpriority=\"high\" decoding=\"async\" data-attachment-id=\"1044\" data-orig-file=\"https:\/\/innernature.webs.upv.es\/wp-content\/uploads\/2016\/02\/4fernc3a1ndez-alicia.png\" data-orig-size=\"567,318\" data-comments-opened=\"0\" data-image-meta=\"{&quot;aperture&quot;:&quot;0&quot;,&quot;credit&quot;:&quot;&quot;,&quot;camera&quot;:&quot;&quot;,&quot;caption&quot;:&quot;&quot;,&quot;created_timestamp&quot;:&quot;0&quot;,&quot;copyright&quot;:&quot;&quot;,&quot;focal_length&quot;:&quot;0&quot;,&quot;iso&quot;:&quot;0&quot;,&quot;shutter_speed&quot;:&quot;0&quot;,&quot;title&quot;:&quot;&quot;,&quot;orientation&quot;:&quot;0&quot;}\" data-image-title=\"4Fern\u00e1ndez, Alicia\" data-image-description=\"\" data-medium-file=\"https:\/\/innernature.webs.upv.es\/wp-content\/uploads\/2016\/02\/4fernc3a1ndez-alicia-300x168.png\" data-large-file=\"https:\/\/innernature.webs.upv.es\/wp-content\/uploads\/2016\/02\/4fernc3a1ndez-alicia.png\" src=\"https:\/\/innernature.webs.upv.es\/wp-content\/uploads\/2016\/02\/4fernc3a1ndez-alicia-482x270.png\" width=\"482\" height=\"270\" align=\"left\" title=\"4Fern\u00e1ndez, Alicia\" \/><\/a><\/div><\/div><div class=\"gallery-group images-1\" style=\"width: 489px; height: 274px;\"><div class=\"tiled-gallery-item tiled-gallery-item-large\"><a href=\"https:\/\/innernature.webs.upv.es\/wp-content\/uploads\/2016\/02\/1fernc3a1ndez-alicia.png\"><img decoding=\"async\" data-attachment-id=\"988\" data-orig-file=\"https:\/\/innernature.webs.upv.es\/wp-content\/uploads\/2016\/02\/1fernc3a1ndez-alicia.png\" data-orig-size=\"567,316\" data-comments-opened=\"0\" data-image-meta=\"{&quot;aperture&quot;:&quot;0&quot;,&quot;credit&quot;:&quot;&quot;,&quot;camera&quot;:&quot;&quot;,&quot;caption&quot;:&quot;&quot;,&quot;created_timestamp&quot;:&quot;0&quot;,&quot;copyright&quot;:&quot;&quot;,&quot;focal_length&quot;:&quot;0&quot;,&quot;iso&quot;:&quot;0&quot;,&quot;shutter_speed&quot;:&quot;0&quot;,&quot;title&quot;:&quot;&quot;,&quot;orientation&quot;:&quot;0&quot;}\" data-image-title=\"1Fern\u00e1ndez, Alicia\" data-image-description=\"\" data-medium-file=\"https:\/\/innernature.webs.upv.es\/wp-content\/uploads\/2016\/02\/1fernc3a1ndez-alicia-300x167.png\" data-large-file=\"https:\/\/innernature.webs.upv.es\/wp-content\/uploads\/2016\/02\/1fernc3a1ndez-alicia.png\" src=\"https:\/\/innernature.webs.upv.es\/wp-content\/uploads\/2016\/02\/1fernc3a1ndez-alicia-485x270.png\" width=\"485\" height=\"270\" align=\"left\" title=\"1Fern\u00e1ndez, Alicia\" \/><\/a><\/div><\/div><\/div><\/div>\n<p>&nbsp;<\/p>\n<p><i><b>NATURA<\/b>&nbsp;&nbsp;<\/i><\/p>\n<p><i>2\u00b450\u00b4\u00b4<\/i><\/p>\n<table frame=\"void\">\n<tbody>\n<tr>\n<td style=\"text-align: justify;\"><span style=\"color: #999999;\">Exploraci\u00f3n y reflexi\u00f3n sobre las relaciones existentes entre distintos animales (incluido el ser humano). De este modo, igual que podemos reflexionar sobre las maneras de comportarse entre otros animales, c\u00f3mo dependiendo de su raza, sexo o condici\u00f3n interact\u00faan unos con otros, tambi\u00e9n podremos observar las formas de comportamiento del ser humano hacia otros animales y entre su misma especie. De este modo descubrimos que las relaciones que el ser humano establece con otros seres vivos no siguen ning\u00fan canon estricto, sobre todo entre los de su misma especie, en el que el hombre busca a la mujer o se diferencia por su raza, sino que entre seres humanos existen relaciones mucho m\u00e1s complejas que no debemos pensar como estandarizadas.<\/span><\/p>\n<p><span style=\"color: #ffffff;\">.<\/span><br \/>\n<span style=\"color: #999999;\">STATEMENT<\/span><br \/>\n<span style=\"color: #999999;\">Mi inter\u00e9s por el arte de la animaci\u00f3n nace temprano al igual que mi intern\u00e9s por el dibujo. Nunca dej\u00f3 de fascinarme este tipo de expresi\u00f3n.<\/span><br \/>\n<span style=\"color: #999999;\">Esta t\u00e9cnica de creaci\u00f3n me mueve por lo mismo que movi\u00f3 a los primeros animadores, el hecho de que la obra pl\u00e1stica cobre movimiento. En mi caso, poder transmitir una historia o idea es otro concepto instigador. Mi proceso de trabajo es muy amplio: el cl\u00e1sico dibujo en folios perforadoras y mesa de luz; rotoscopia; dibujo digital; hasta experimental mezclando animaci\u00f3n de l\u00edquidos, dibujo sobre papel higi\u00e9nico, dibujo con fuego y proyecci\u00f3n en entorno urbano.<\/span><br \/>\n<span style=\"color: #999999;\">Mis influencias son muy diversas. Por supuesto los primeros experimentales como Oskar Fischinger y Walter Ruttmann, y autores actuales menos conocidos como Vjsuave, pasando por Wendy Tilby, Amanda Forbis y Borge Ring.<\/span><\/td>\n<td style=\"text-align: justify;\"><span style=\"color: #999999;\">Exploration and reflection on the relationships between different animals (including humans). Just as we reflect on the ways animals behave among themselves and how, depending on their race, sex or condition they interact with each other, we can also observe the forms of human behavior toward other animals and within their own species. Thus we find that the relationships that man establishes with other living beings do not follow any strict canon -especially among individuals of his own species, in which men seek women or differ by race- but that among human beings there are much more complex relationships that we should not conceive as standardized.<\/span><\/p>\n<p><span style=\"color: #ffffff;\">.<\/span><br \/>\n<span style=\"color: #999999;\">STATEMENT<\/span><br \/>\n<span style=\"color: #999999;\">My interest in the art of animation was born early just like my interest for drawing. This type of expression never ceased to fascinate me.\u2028This creative technique moves me through what moved the first animators: the possibility to apply movement to the artwork. In my case, to convey a story or idea is another instigator concept. My creative process is very broad: classic drawing with a Lightbox rotoscoping digital drawing experimental fluid animation, drawing on toilet paper, fire drawing and projection in urban settings.\u2028My influences are very diverse. Of course I draw inspiration from the first experimental as Oskar Fischinger and Walter Ruttmann, and lesser known contemporary creators such as Vjsuave, Wendy Tilby, Amanda Forbis and Borge Ring.<\/span><\/td>\n<\/tr>\n<\/tbody>\n<\/table>\n<p><a href=\"https:\/\/vimeo.com\/user15840390\/videos\">ARTIST WEBSITE<\/a><\/p>\n<p>&nbsp;<\/p>\n<p><iframe title=\"ALICIA FERN\u00c1NDEZ Natura\" width=\"980\" height=\"551\" src=\"https:\/\/www.youtube.com\/embed\/AVYzRw8-mWQ?feature=oembed\" frameborder=\"0\" allow=\"accelerometer; autoplay; clipboard-write; encrypted-media; gyroscope; picture-in-picture\" allowfullscreen><\/iframe><\/p>\n","protected":false},"excerpt":{"rendered":"<p>&nbsp; NATURA&nbsp;&nbsp; 2\u00b450\u00b4\u00b4 Exploraci\u00f3n y reflexi\u00f3n sobre las relaciones existentes entre distintos animales (incluido el ser humano). De este modo, igual que podemos reflexionar sobre las maneras de comportarse entre otros animales, c\u00f3mo dependiendo de su raza, sexo o condici\u00f3n interact\u00faan unos con otros, tambi\u00e9n podremos observar las formas de comportamiento del ser humano hacia [&hellip;]<\/p>\n","protected":false},"author":2,"featured_media":0,"parent":1155,"menu_order":0,"comment_status":"closed","ping_status":"closed","template":"","meta":{"footnotes":""},"class_list":["post-1108","page","type-page","status-publish","hentry"],"_links":{"self":[{"href":"https:\/\/innernature.webs.upv.es\/index.php?rest_route=\/wp\/v2\/pages\/1108","targetHints":{"allow":["GET"]}}],"collection":[{"href":"https:\/\/innernature.webs.upv.es\/index.php?rest_route=\/wp\/v2\/pages"}],"about":[{"href":"https:\/\/innernature.webs.upv.es\/index.php?rest_route=\/wp\/v2\/types\/page"}],"author":[{"embeddable":true,"href":"https:\/\/innernature.webs.upv.es\/index.php?rest_route=\/wp\/v2\/users\/2"}],"replies":[{"embeddable":true,"href":"https:\/\/innernature.webs.upv.es\/index.php?rest_route=%2Fwp%2Fv2%2Fcomments&post=1108"}],"version-history":[{"count":2,"href":"https:\/\/innernature.webs.upv.es\/index.php?rest_route=\/wp\/v2\/pages\/1108\/revisions"}],"predecessor-version":[{"id":2526,"href":"https:\/\/innernature.webs.upv.es\/index.php?rest_route=\/wp\/v2\/pages\/1108\/revisions\/2526"}],"up":[{"embeddable":true,"href":"https:\/\/innernature.webs.upv.es\/index.php?rest_route=\/wp\/v2\/pages\/1155"}],"wp:attachment":[{"href":"https:\/\/innernature.webs.upv.es\/index.php?rest_route=%2Fwp%2Fv2%2Fmedia&parent=1108"}],"curies":[{"name":"wp","href":"https:\/\/api.w.org\/{rel}","templated":true}]}}