{"id":1112,"date":"2016-03-01T17:54:52","date_gmt":"2016-03-01T17:54:52","guid":{"rendered":"http:\/\/innernatureexhibition.com\/?page_id=1112"},"modified":"2021-06-03T14:53:44","modified_gmt":"2021-06-03T14:53:44","slug":"valerie-furnham","status":"publish","type":"page","link":"https:\/\/innernature.webs.upv.es\/?page_id=1112","title":{"rendered":"Valerie Furnham"},"content":{"rendered":"<div data-carousel-extra='{\"blog_id\":1,\"permalink\":\"https:\\\/\\\/innernature.webs.upv.es\\\/?page_id=1112\"}' class=\"tiled-gallery type-rectangular\" data-original-width=\"980\"><div class=\"gallery-row\" style=\"width: 975px; height: 269px;\"><div class=\"gallery-group images-1\" style=\"width: 489px; height: 273px;\"><div class=\"tiled-gallery-item tiled-gallery-item-large\"><a href=\"https:\/\/innernature.webs.upv.es\/wp-content\/uploads\/2016\/02\/1furnam-valerie.png\"><img fetchpriority=\"high\" decoding=\"async\" data-attachment-id=\"989\" data-orig-file=\"https:\/\/innernature.webs.upv.es\/wp-content\/uploads\/2016\/02\/1furnam-valerie.png\" data-orig-size=\"567,315\" data-comments-opened=\"0\" data-image-meta=\"{&quot;aperture&quot;:&quot;0&quot;,&quot;credit&quot;:&quot;&quot;,&quot;camera&quot;:&quot;&quot;,&quot;caption&quot;:&quot;&quot;,&quot;created_timestamp&quot;:&quot;0&quot;,&quot;copyright&quot;:&quot;&quot;,&quot;focal_length&quot;:&quot;0&quot;,&quot;iso&quot;:&quot;0&quot;,&quot;shutter_speed&quot;:&quot;0&quot;,&quot;title&quot;:&quot;&quot;,&quot;orientation&quot;:&quot;0&quot;}\" data-image-title=\"1Furnam, valerie\" data-image-description=\"\" data-medium-file=\"https:\/\/innernature.webs.upv.es\/wp-content\/uploads\/2016\/02\/1furnam-valerie-300x167.png\" data-large-file=\"https:\/\/innernature.webs.upv.es\/wp-content\/uploads\/2016\/02\/1furnam-valerie.png\" src=\"https:\/\/innernature.webs.upv.es\/wp-content\/uploads\/2016\/02\/1furnam-valerie-485x269.png\" width=\"485\" height=\"269\" align=\"left\" title=\"1Furnam, valerie\" \/><\/a><\/div><\/div><div class=\"gallery-group images-1\" style=\"width: 486px; height: 273px;\"><div class=\"tiled-gallery-item tiled-gallery-item-large\"><a href=\"https:\/\/innernature.webs.upv.es\/wp-content\/uploads\/2016\/02\/2furnam-valerie.png\"><img decoding=\"async\" data-attachment-id=\"1008\" data-orig-file=\"https:\/\/innernature.webs.upv.es\/wp-content\/uploads\/2016\/02\/2furnam-valerie.png\" data-orig-size=\"567,317\" data-comments-opened=\"0\" data-image-meta=\"{&quot;aperture&quot;:&quot;0&quot;,&quot;credit&quot;:&quot;&quot;,&quot;camera&quot;:&quot;&quot;,&quot;caption&quot;:&quot;&quot;,&quot;created_timestamp&quot;:&quot;0&quot;,&quot;copyright&quot;:&quot;&quot;,&quot;focal_length&quot;:&quot;0&quot;,&quot;iso&quot;:&quot;0&quot;,&quot;shutter_speed&quot;:&quot;0&quot;,&quot;title&quot;:&quot;&quot;,&quot;orientation&quot;:&quot;0&quot;}\" data-image-title=\"2Furnam, valerie\" data-image-description=\"\" data-medium-file=\"https:\/\/innernature.webs.upv.es\/wp-content\/uploads\/2016\/02\/2furnam-valerie-300x168.png\" data-large-file=\"https:\/\/innernature.webs.upv.es\/wp-content\/uploads\/2016\/02\/2furnam-valerie.png\" src=\"https:\/\/innernature.webs.upv.es\/wp-content\/uploads\/2016\/02\/2furnam-valerie-482x269.png\" width=\"482\" height=\"269\" align=\"left\" title=\"2Furnam, valerie\" \/><\/a><\/div><\/div><\/div><div class=\"gallery-row\" style=\"width: 975px; height: 272px;\"><div class=\"gallery-group images-1\" style=\"width: 479px; height: 276px;\"><div class=\"tiled-gallery-item tiled-gallery-item-large\"><a href=\"https:\/\/innernature.webs.upv.es\/wp-content\/uploads\/2016\/02\/6furnam-valerie.png\"><img decoding=\"async\" data-attachment-id=\"1072\" data-orig-file=\"https:\/\/innernature.webs.upv.es\/wp-content\/uploads\/2016\/02\/6furnam-valerie.png\" data-orig-size=\"567,324\" data-comments-opened=\"0\" data-image-meta=\"{&quot;aperture&quot;:&quot;0&quot;,&quot;credit&quot;:&quot;&quot;,&quot;camera&quot;:&quot;&quot;,&quot;caption&quot;:&quot;&quot;,&quot;created_timestamp&quot;:&quot;0&quot;,&quot;copyright&quot;:&quot;&quot;,&quot;focal_length&quot;:&quot;0&quot;,&quot;iso&quot;:&quot;0&quot;,&quot;shutter_speed&quot;:&quot;0&quot;,&quot;title&quot;:&quot;&quot;,&quot;orientation&quot;:&quot;0&quot;}\" data-image-title=\"6Furnam, valerie\" data-image-description=\"\" data-medium-file=\"https:\/\/innernature.webs.upv.es\/wp-content\/uploads\/2016\/02\/6furnam-valerie-300x171.png\" data-large-file=\"https:\/\/innernature.webs.upv.es\/wp-content\/uploads\/2016\/02\/6furnam-valerie.png\" src=\"https:\/\/innernature.webs.upv.es\/wp-content\/uploads\/2016\/02\/6furnam-valerie-475x272.png\" width=\"475\" height=\"272\" align=\"left\" title=\"6Furnam, valerie\" \/><\/a><\/div><\/div><div class=\"gallery-group images-1\" style=\"width: 496px; height: 276px;\"><div class=\"tiled-gallery-item tiled-gallery-item-large\"><a href=\"https:\/\/innernature.webs.upv.es\/wp-content\/uploads\/2016\/02\/5furnam-valerie.png\"><img loading=\"lazy\" decoding=\"async\" data-attachment-id=\"1062\" data-orig-file=\"https:\/\/innernature.webs.upv.es\/wp-content\/uploads\/2016\/02\/5furnam-valerie.png\" data-orig-size=\"567,313\" data-comments-opened=\"0\" data-image-meta=\"{&quot;aperture&quot;:&quot;0&quot;,&quot;credit&quot;:&quot;&quot;,&quot;camera&quot;:&quot;&quot;,&quot;caption&quot;:&quot;&quot;,&quot;created_timestamp&quot;:&quot;0&quot;,&quot;copyright&quot;:&quot;&quot;,&quot;focal_length&quot;:&quot;0&quot;,&quot;iso&quot;:&quot;0&quot;,&quot;shutter_speed&quot;:&quot;0&quot;,&quot;title&quot;:&quot;&quot;,&quot;orientation&quot;:&quot;0&quot;}\" data-image-title=\"5Furnam, valerie\" data-image-description=\"\" data-medium-file=\"https:\/\/innernature.webs.upv.es\/wp-content\/uploads\/2016\/02\/5furnam-valerie-300x166.png\" data-large-file=\"https:\/\/innernature.webs.upv.es\/wp-content\/uploads\/2016\/02\/5furnam-valerie.png\" src=\"https:\/\/innernature.webs.upv.es\/wp-content\/uploads\/2016\/02\/5furnam-valerie-492x272.png\" width=\"492\" height=\"272\" align=\"left\" title=\"5Furnam, valerie\" \/><\/a><\/div><\/div><\/div><div class=\"gallery-row\" style=\"width: 975px; height: 560px;\"><div class=\"gallery-group images-1\" style=\"width: 975px; height: 564px;\"><div class=\"tiled-gallery-item tiled-gallery-item-large\"><a href=\"https:\/\/innernature.webs.upv.es\/wp-content\/uploads\/2016\/02\/4furnam-valerie.png\"><img loading=\"lazy\" decoding=\"async\" data-attachment-id=\"1045\" data-orig-file=\"https:\/\/innernature.webs.upv.es\/wp-content\/uploads\/2016\/02\/4furnam-valerie.png\" data-orig-size=\"567,327\" data-comments-opened=\"0\" data-image-meta=\"{&quot;aperture&quot;:&quot;0&quot;,&quot;credit&quot;:&quot;&quot;,&quot;camera&quot;:&quot;&quot;,&quot;caption&quot;:&quot;&quot;,&quot;created_timestamp&quot;:&quot;0&quot;,&quot;copyright&quot;:&quot;&quot;,&quot;focal_length&quot;:&quot;0&quot;,&quot;iso&quot;:&quot;0&quot;,&quot;shutter_speed&quot;:&quot;0&quot;,&quot;title&quot;:&quot;&quot;,&quot;orientation&quot;:&quot;0&quot;}\" data-image-title=\"4Furnam, valerie\" data-image-description=\"\" data-medium-file=\"https:\/\/innernature.webs.upv.es\/wp-content\/uploads\/2016\/02\/4furnam-valerie-300x173.png\" data-large-file=\"https:\/\/innernature.webs.upv.es\/wp-content\/uploads\/2016\/02\/4furnam-valerie.png\" src=\"https:\/\/innernature.webs.upv.es\/wp-content\/uploads\/2016\/02\/4furnam-valerie.png\" width=\"971\" height=\"560\" align=\"left\" title=\"4Furnam, valerie\" \/><\/a><\/div><\/div><\/div><\/div>\n<p><i><strong>REFRACT<\/strong>\u00a0\u00a0<\/i><\/p>\n<p><i>5\u00b435\u00b4<\/i><\/p>\n<table frame=\"void\">\n<tbody>\n<tr>\n<td style=\"text-align: justify;\"><span style=\"color: #999999;\">Refract cuestiona nuestra percepci\u00f3n y c\u00f3mo el conocimiento cient\u00edfico ha generado una conciencia global sobre nuestra fr\u00e1gil existencia. La imagen abstracta del cosmos es interrumpida por destellos de la situaci\u00f3n en la que se film\u00f3, oscilando entre nuestro punto de vista singular en la tierra y el conocimiento de la magnitud del cosmos. Nuestra percepci\u00f3n abarca el universo y sin embargo nuestros cuerpos y sentidos est\u00e1n firmemente arraigados en el paisaje circundante. Refract, con su imaginario hipn\u00f3tico, explora esta dicotom\u00eda entre nuestro deseo de inmortalidad y la inevitable desaparici\u00f3n del universo. El sonido se ha tomado de una recreaci\u00f3n sonora del Big Bang y lleva al espectador en las profundidades del universo.<\/span><\/p>\n<p><span style=\"color: #999999;\">STATEMENT<\/span><\/p>\n<p><span style=\"color: #999999;\">El foco central de mi pr\u00e1ctica es nuestra relaci\u00f3n con el medio ambiente y la interconexi\u00f3n entre el paisaje siempre cambiante y nuestra propia mortalidad. Uso la imagen en movimiento para centrar la atenci\u00f3n en los continuos movimientos y cambios, a menudo ocultos, que ocurren alrededor de nosotros (paisaje) y dentro de nosotros (cuerpo), abstray\u00e9ndolos de su entorno. La c\u00e1mara se utiliza como una caja m\u00e1gica que excluye la informaci\u00f3n sobre el tiempo, el lugar, la escala y a la vez conserva la autenticidad de la imagen en la realidad. La ambig\u00fcedad y la incertidumbre dentro de la imagen desaf\u00edan nuestra percepci\u00f3n y cuestionan la relaci\u00f3n con nuestro entorno para volver a conectarnos con un mundo en proceso de cambio.<\/span><\/td>\n<td style=\"text-align: justify;\"><span style=\"color: #999999;\">Refract questions our perception and how scientific knowledge has raised a global consciousness of our fragile existence. The abstract image of the cosmos is interrupted by glimpses of the situation in which it is filmed, oscillating between our singular standpoint on earth and our knowledge of the magnitude of the cosmos. Our perception encompasses the distant universe yet our bodies and senses are firmly rooted in our surrounding landscape. Refract&#8217;s hypnotic imagery explores this dichotomy between our desire for immortality and the universe&#8217;s inevitable demise. The sound is taken from an audio visualization of the big bang, bringing the viewer into the depths of the universe.<\/span><\/p>\n<p><span style=\"color: #999999;\">STATEMENT<\/span><br \/>\n<span style=\"color: #999999;\">Central to my practice is our relationship to our environment and the interconnection between the ever-changing landscape and our own mortality. I use the moving image to focus attention on the, often hidden, continual movements and changes occurring around us (the landscape) and inside us (our body) by abstracting them from their surroundings. The camera is used as a magician\u2019s box excluding information about time, place, scale, while retaining the image\u2019s authenticity in reality. Ambiguity and uncertainly within the image challenges our perception and questions our relationship with our environment to reconnect us with a world in flux.<\/span><\/td>\n<\/tr>\n<\/tbody>\n<\/table>\n<p><a href=\"https:\/\/vimeo.com\/user3501210\" target=\"_blank\" rel=\"noopener\">ARTIST WEBSITE<\/a><\/p>\n","protected":false},"excerpt":{"rendered":"<p>REFRACT\u00a0\u00a0 5\u00b435\u00b4 Refract cuestiona nuestra percepci\u00f3n y c\u00f3mo el conocimiento cient\u00edfico ha generado una conciencia global sobre nuestra fr\u00e1gil existencia. La imagen abstracta del cosmos es interrumpida por destellos de la situaci\u00f3n en la que se film\u00f3, oscilando entre nuestro punto de vista singular en la tierra y el conocimiento de la magnitud del cosmos. [&hellip;]<\/p>\n","protected":false},"author":2,"featured_media":0,"parent":1155,"menu_order":0,"comment_status":"closed","ping_status":"closed","template":"","meta":{"footnotes":""},"class_list":["post-1112","page","type-page","status-publish","hentry"],"_links":{"self":[{"href":"https:\/\/innernature.webs.upv.es\/index.php?rest_route=\/wp\/v2\/pages\/1112","targetHints":{"allow":["GET"]}}],"collection":[{"href":"https:\/\/innernature.webs.upv.es\/index.php?rest_route=\/wp\/v2\/pages"}],"about":[{"href":"https:\/\/innernature.webs.upv.es\/index.php?rest_route=\/wp\/v2\/types\/page"}],"author":[{"embeddable":true,"href":"https:\/\/innernature.webs.upv.es\/index.php?rest_route=\/wp\/v2\/users\/2"}],"replies":[{"embeddable":true,"href":"https:\/\/innernature.webs.upv.es\/index.php?rest_route=%2Fwp%2Fv2%2Fcomments&post=1112"}],"version-history":[{"count":5,"href":"https:\/\/innernature.webs.upv.es\/index.php?rest_route=\/wp\/v2\/pages\/1112\/revisions"}],"predecessor-version":[{"id":2546,"href":"https:\/\/innernature.webs.upv.es\/index.php?rest_route=\/wp\/v2\/pages\/1112\/revisions\/2546"}],"up":[{"embeddable":true,"href":"https:\/\/innernature.webs.upv.es\/index.php?rest_route=\/wp\/v2\/pages\/1155"}],"wp:attachment":[{"href":"https:\/\/innernature.webs.upv.es\/index.php?rest_route=%2Fwp%2Fv2%2Fmedia&parent=1112"}],"curies":[{"name":"wp","href":"https:\/\/api.w.org\/{rel}","templated":true}]}}