{"id":1116,"date":"2016-03-01T18:01:44","date_gmt":"2016-03-01T18:01:44","guid":{"rendered":"http:\/\/innernatureexhibition.com\/?page_id=1116"},"modified":"2021-06-03T14:48:50","modified_gmt":"2021-06-03T14:48:50","slug":"col-tout-nu","status":"publish","type":"page","link":"https:\/\/innernature.webs.upv.es\/?page_id=1116","title":{"rendered":"Col Tout Nu"},"content":{"rendered":"<div data-carousel-extra='{\"blog_id\":1,\"permalink\":\"https:\\\/\\\/innernature.webs.upv.es\\\/?page_id=1116\"}' class=\"tiled-gallery type-rectangular\" data-original-width=\"980\"><div class=\"gallery-row\" style=\"width: 975px; height: 269px;\"><div class=\"gallery-group images-1\" style=\"width: 488px; height: 273px;\"><div class=\"tiled-gallery-item tiled-gallery-item-large\"><a href=\"https:\/\/innernature.webs.upv.es\/wp-content\/uploads\/2016\/02\/1tout-nu.png\"><img fetchpriority=\"high\" decoding=\"async\" data-attachment-id=\"1000\" data-orig-file=\"https:\/\/innernature.webs.upv.es\/wp-content\/uploads\/2016\/02\/1tout-nu.png\" data-orig-size=\"567,316\" data-comments-opened=\"0\" data-image-meta=\"{&quot;aperture&quot;:&quot;0&quot;,&quot;credit&quot;:&quot;&quot;,&quot;camera&quot;:&quot;&quot;,&quot;caption&quot;:&quot;&quot;,&quot;created_timestamp&quot;:&quot;0&quot;,&quot;copyright&quot;:&quot;&quot;,&quot;focal_length&quot;:&quot;0&quot;,&quot;iso&quot;:&quot;0&quot;,&quot;shutter_speed&quot;:&quot;0&quot;,&quot;title&quot;:&quot;&quot;,&quot;orientation&quot;:&quot;0&quot;}\" data-image-title=\"1Tout Nu\" data-image-description=\"\" data-medium-file=\"https:\/\/innernature.webs.upv.es\/wp-content\/uploads\/2016\/02\/1tout-nu-300x167.png\" data-large-file=\"https:\/\/innernature.webs.upv.es\/wp-content\/uploads\/2016\/02\/1tout-nu.png\" src=\"https:\/\/innernature.webs.upv.es\/wp-content\/uploads\/2016\/02\/1tout-nu-484x269.png\" width=\"484\" height=\"269\" align=\"left\" title=\"1Tout Nu\" \/><\/a><\/div><\/div><div class=\"gallery-group images-1\" style=\"width: 487px; height: 273px;\"><div class=\"tiled-gallery-item tiled-gallery-item-large\"><a href=\"https:\/\/innernature.webs.upv.es\/wp-content\/uploads\/2016\/02\/2tout-nu.png\"><img decoding=\"async\" data-attachment-id=\"1019\" data-orig-file=\"https:\/\/innernature.webs.upv.es\/wp-content\/uploads\/2016\/02\/2tout-nu.png\" data-orig-size=\"567,316\" data-comments-opened=\"0\" data-image-meta=\"{&quot;aperture&quot;:&quot;0&quot;,&quot;credit&quot;:&quot;&quot;,&quot;camera&quot;:&quot;&quot;,&quot;caption&quot;:&quot;&quot;,&quot;created_timestamp&quot;:&quot;0&quot;,&quot;copyright&quot;:&quot;&quot;,&quot;focal_length&quot;:&quot;0&quot;,&quot;iso&quot;:&quot;0&quot;,&quot;shutter_speed&quot;:&quot;0&quot;,&quot;title&quot;:&quot;&quot;,&quot;orientation&quot;:&quot;0&quot;}\" data-image-title=\"2Tout Nu\" data-image-description=\"\" data-medium-file=\"https:\/\/innernature.webs.upv.es\/wp-content\/uploads\/2016\/02\/2tout-nu-300x167.png\" data-large-file=\"https:\/\/innernature.webs.upv.es\/wp-content\/uploads\/2016\/02\/2tout-nu.png\" src=\"https:\/\/innernature.webs.upv.es\/wp-content\/uploads\/2016\/02\/2tout-nu-483x269.png\" width=\"483\" height=\"269\" align=\"left\" title=\"2Tout Nu\" \/><\/a><\/div><\/div><\/div><div class=\"gallery-row\" style=\"width: 975px; height: 256px;\"><div class=\"gallery-group images-1\" style=\"width: 515px; height: 260px;\"><div class=\"tiled-gallery-item tiled-gallery-item-large\"><a href=\"https:\/\/innernature.webs.upv.es\/wp-content\/uploads\/2015\/12\/tout-nu-copia.jpg\"><img decoding=\"async\" data-attachment-id=\"919\" data-orig-file=\"https:\/\/innernature.webs.upv.es\/wp-content\/uploads\/2015\/12\/tout-nu-copia.jpg\" data-orig-size=\"1134,567\" data-comments-opened=\"0\" data-image-meta=\"{&quot;aperture&quot;:&quot;0&quot;,&quot;credit&quot;:&quot;&quot;,&quot;camera&quot;:&quot;&quot;,&quot;caption&quot;:&quot;&quot;,&quot;created_timestamp&quot;:&quot;0&quot;,&quot;copyright&quot;:&quot;&quot;,&quot;focal_length&quot;:&quot;0&quot;,&quot;iso&quot;:&quot;0&quot;,&quot;shutter_speed&quot;:&quot;0&quot;,&quot;title&quot;:&quot;&quot;,&quot;orientation&quot;:&quot;1&quot;}\" data-image-title=\"Tout Nu copia\" data-image-description=\"\" data-medium-file=\"https:\/\/innernature.webs.upv.es\/wp-content\/uploads\/2015\/12\/tout-nu-copia-300x150.jpg\" data-large-file=\"https:\/\/innernature.webs.upv.es\/wp-content\/uploads\/2015\/12\/tout-nu-copia-1024x512.jpg\" src=\"https:\/\/innernature.webs.upv.es\/wp-content\/uploads\/2015\/12\/tout-nu-copia-511x256.jpg\" width=\"511\" height=\"256\" align=\"left\" title=\"Tout Nu copia\" \/><\/a><\/div><\/div><div class=\"gallery-group images-1\" style=\"width: 460px; height: 260px;\"><div class=\"tiled-gallery-item tiled-gallery-item-large\"><a href=\"https:\/\/innernature.webs.upv.es\/wp-content\/uploads\/2016\/02\/5tout-nu.png\"><img loading=\"lazy\" decoding=\"async\" data-attachment-id=\"1068\" data-orig-file=\"https:\/\/innernature.webs.upv.es\/wp-content\/uploads\/2016\/02\/5tout-nu.png\" data-orig-size=\"567,318\" data-comments-opened=\"0\" data-image-meta=\"{&quot;aperture&quot;:&quot;0&quot;,&quot;credit&quot;:&quot;&quot;,&quot;camera&quot;:&quot;&quot;,&quot;caption&quot;:&quot;&quot;,&quot;created_timestamp&quot;:&quot;0&quot;,&quot;copyright&quot;:&quot;&quot;,&quot;focal_length&quot;:&quot;0&quot;,&quot;iso&quot;:&quot;0&quot;,&quot;shutter_speed&quot;:&quot;0&quot;,&quot;title&quot;:&quot;&quot;,&quot;orientation&quot;:&quot;0&quot;}\" data-image-title=\"5Tout Nu\" data-image-description=\"\" data-medium-file=\"https:\/\/innernature.webs.upv.es\/wp-content\/uploads\/2016\/02\/5tout-nu-300x168.png\" data-large-file=\"https:\/\/innernature.webs.upv.es\/wp-content\/uploads\/2016\/02\/5tout-nu.png\" src=\"https:\/\/innernature.webs.upv.es\/wp-content\/uploads\/2016\/02\/5tout-nu-456x256.png\" width=\"456\" height=\"256\" align=\"left\" title=\"5Tout Nu\" \/><\/a><\/div><\/div><\/div><div class=\"gallery-row\" style=\"width: 975px; height: 272px;\"><div class=\"gallery-group images-1\" style=\"width: 489px; height: 276px;\"><div class=\"tiled-gallery-item tiled-gallery-item-large\"><a href=\"https:\/\/innernature.webs.upv.es\/wp-content\/uploads\/2016\/02\/6tout-nu.png\"><img loading=\"lazy\" decoding=\"async\" data-attachment-id=\"1078\" data-orig-file=\"https:\/\/innernature.webs.upv.es\/wp-content\/uploads\/2016\/02\/6tout-nu.png\" data-orig-size=\"567,318\" data-comments-opened=\"0\" data-image-meta=\"{&quot;aperture&quot;:&quot;0&quot;,&quot;credit&quot;:&quot;&quot;,&quot;camera&quot;:&quot;&quot;,&quot;caption&quot;:&quot;&quot;,&quot;created_timestamp&quot;:&quot;0&quot;,&quot;copyright&quot;:&quot;&quot;,&quot;focal_length&quot;:&quot;0&quot;,&quot;iso&quot;:&quot;0&quot;,&quot;shutter_speed&quot;:&quot;0&quot;,&quot;title&quot;:&quot;&quot;,&quot;orientation&quot;:&quot;0&quot;}\" data-image-title=\"6Tout Nu\" data-image-description=\"\" data-medium-file=\"https:\/\/innernature.webs.upv.es\/wp-content\/uploads\/2016\/02\/6tout-nu-300x168.png\" data-large-file=\"https:\/\/innernature.webs.upv.es\/wp-content\/uploads\/2016\/02\/6tout-nu.png\" src=\"https:\/\/innernature.webs.upv.es\/wp-content\/uploads\/2016\/02\/6tout-nu-485x272.png\" width=\"485\" height=\"272\" align=\"left\" title=\"6Tout Nu\" \/><\/a><\/div><\/div><div class=\"gallery-group images-1\" style=\"width: 486px; height: 276px;\"><div class=\"tiled-gallery-item tiled-gallery-item-large\"><a href=\"https:\/\/innernature.webs.upv.es\/wp-content\/uploads\/2016\/02\/3tout-nu.png\"><img loading=\"lazy\" decoding=\"async\" data-attachment-id=\"1037\" data-orig-file=\"https:\/\/innernature.webs.upv.es\/wp-content\/uploads\/2016\/02\/3tout-nu.png\" data-orig-size=\"567,320\" data-comments-opened=\"0\" data-image-meta=\"{&quot;aperture&quot;:&quot;0&quot;,&quot;credit&quot;:&quot;&quot;,&quot;camera&quot;:&quot;&quot;,&quot;caption&quot;:&quot;&quot;,&quot;created_timestamp&quot;:&quot;0&quot;,&quot;copyright&quot;:&quot;&quot;,&quot;focal_length&quot;:&quot;0&quot;,&quot;iso&quot;:&quot;0&quot;,&quot;shutter_speed&quot;:&quot;0&quot;,&quot;title&quot;:&quot;&quot;,&quot;orientation&quot;:&quot;0&quot;}\" data-image-title=\"3Tout Nu\" data-image-description=\"\" data-medium-file=\"https:\/\/innernature.webs.upv.es\/wp-content\/uploads\/2016\/02\/3tout-nu-300x169.png\" data-large-file=\"https:\/\/innernature.webs.upv.es\/wp-content\/uploads\/2016\/02\/3tout-nu.png\" src=\"https:\/\/innernature.webs.upv.es\/wp-content\/uploads\/2016\/02\/3tout-nu-482x272.png\" width=\"482\" height=\"272\" align=\"left\" title=\"3Tout Nu\" \/><\/a><\/div><\/div><\/div><\/div>\n<p><i><strong>MANHATTAN<\/strong><\/i><\/p>\n<p><i>4\u00b446\u00b4<\/i><\/p>\n<table frame=\"void\">\n<tbody>\n<tr>\n<td style=\"text-align: justify;\"><span style=\"color: #999999;\">La caja: elemento que almacena recursos y es el canal para su transporte y comercializaci\u00f3n. Esa transformaci\u00f3n artificial aunque a corto plazo parece \u201c\u00fatil\u201d a largo plazo es una carga que agota nuestro planeta. Este producto imperfecto empaquetado, que viaja miles de kil\u00f3metros, que nace en \u00e9pocas que no tiene que surgir, no es el original. Est\u00e1 contaminado, carente de sus propias cualidades y lleno de elementos ajenos que lo hacen peligroso.<\/span>\u00a0<span style=\"color: #999999;\">El \u00faltimo producto natural que nos queda por manipular y cambiar es el mismo ser humano. La l\u00f3gica dice que acabar\u00e1 en el mismo lugar. Eliminando toda humanidad y dejando s\u00f3lo el producto. La forma. Del mismo modo que hemos hecho con lo dem\u00e1s.<\/span><span style=\"color: #ffffff;\">.<\/span><\/p>\n<p><span style=\"color: #999999;\">STATEMENT<\/span><br \/>\n<span style=\"color: #999999;\">Desnudos como s\u00edmbolo de libertad personal y social. An\u00f3nimos como reflejo mismo de un cuerpo entre la multitud. Unidos por el azar y ante la necesidad de un peque\u00f1o cambio art\u00edstico-social en una ciudad tan hist\u00f3ricamente cultural como es Granada. Multicultural, desatendida, con sus encantos vendidos para los turistas y encabezando las listas de poluci\u00f3n estatal. Mandando un claro y simple mensaje de respeto hacia el entorno, Tout Nu se desnuda y sale a la calle para mostrar las diferencias entre la evoluci\u00f3n urbana, dentro y fuera del hombre, y la aparencia del cuerpo humano, dentro y fuera de \u00e9ste.<\/span><\/td>\n<td style=\"text-align: justify;\"><span style=\"color: #999999;\">The box: an element that stores resources and is the channel for their transport and trade. An artificial transformation that seems \u00abuseful\u00bb in the short-term but that in the long run is a burden that depletes our planet. This imperfect packaged product, traveling thousands of kilometers, is not the original. It is polluted, lacking qualities and full of alien elements that make it dangerous.\u2028 The last natural product left for us to manipulate and change is man himself. Logic says that it will end in the same place. Eliminating all mankind and leaving only the product. The shape. Just as we have done with the rest of things.<\/span><span style=\"color: #ffffff;\">.<\/span><span style=\"color: #ffffff;\">.<\/span><span style=\"color: #ffffff;\">.<\/span><\/p>\n<p><span style=\"color: #999999;\">STATEMENT<\/span><br \/>\n<span style=\"color: #999999;\">Naked as a symbol of personal and social freedom. Anonymous like the reflection of a body in the crowd. United by chance and the necessity of a small artistic and social change in a city as historically cultural as Granada. Multicultural, unattended, with its charms sold to tourists and heading the lists of state pollution. Sending a clear and simple message of respect for the environment, Nu Tout undresses and goes out into the streets to show the differences between urban evolution, within and outside man, and apparent the human body, inside and outside it.<\/span><\/td>\n<\/tr>\n<\/tbody>\n<\/table>\n<p><iframe title=\"MANHATTAN Col Tout Nu (fragment)\" width=\"980\" height=\"551\" src=\"https:\/\/www.youtube.com\/embed\/xZewSn3qsxY?feature=oembed\" frameborder=\"0\" allow=\"accelerometer; autoplay; clipboard-write; encrypted-media; gyroscope; picture-in-picture\" allowfullscreen><\/iframe><\/p>\n","protected":false},"excerpt":{"rendered":"<p>MANHATTAN 4\u00b446\u00b4 La caja: elemento que almacena recursos y es el canal para su transporte y comercializaci\u00f3n. Esa transformaci\u00f3n artificial aunque a corto plazo parece \u201c\u00fatil\u201d a largo plazo es una carga que agota nuestro planeta. Este producto imperfecto empaquetado, que viaja miles de kil\u00f3metros, que nace en \u00e9pocas que no tiene que surgir, no [&hellip;]<\/p>\n","protected":false},"author":2,"featured_media":0,"parent":1155,"menu_order":0,"comment_status":"closed","ping_status":"closed","template":"","meta":{"footnotes":""},"class_list":["post-1116","page","type-page","status-publish","hentry"],"_links":{"self":[{"href":"https:\/\/innernature.webs.upv.es\/index.php?rest_route=\/wp\/v2\/pages\/1116","targetHints":{"allow":["GET"]}}],"collection":[{"href":"https:\/\/innernature.webs.upv.es\/index.php?rest_route=\/wp\/v2\/pages"}],"about":[{"href":"https:\/\/innernature.webs.upv.es\/index.php?rest_route=\/wp\/v2\/types\/page"}],"author":[{"embeddable":true,"href":"https:\/\/innernature.webs.upv.es\/index.php?rest_route=\/wp\/v2\/users\/2"}],"replies":[{"embeddable":true,"href":"https:\/\/innernature.webs.upv.es\/index.php?rest_route=%2Fwp%2Fv2%2Fcomments&post=1116"}],"version-history":[{"count":5,"href":"https:\/\/innernature.webs.upv.es\/index.php?rest_route=\/wp\/v2\/pages\/1116\/revisions"}],"predecessor-version":[{"id":2531,"href":"https:\/\/innernature.webs.upv.es\/index.php?rest_route=\/wp\/v2\/pages\/1116\/revisions\/2531"}],"up":[{"embeddable":true,"href":"https:\/\/innernature.webs.upv.es\/index.php?rest_route=\/wp\/v2\/pages\/1155"}],"wp:attachment":[{"href":"https:\/\/innernature.webs.upv.es\/index.php?rest_route=%2Fwp%2Fv2%2Fmedia&parent=1116"}],"curies":[{"name":"wp","href":"https:\/\/api.w.org\/{rel}","templated":true}]}}