{"id":1133,"date":"2016-03-01T18:48:16","date_gmt":"2016-03-01T18:48:16","guid":{"rendered":"http:\/\/innernatureexhibition.com\/?page_id=1133"},"modified":"2021-06-03T14:49:59","modified_gmt":"2021-06-03T14:49:59","slug":"dan-hudson","status":"publish","type":"page","link":"https:\/\/innernature.webs.upv.es\/?page_id=1133","title":{"rendered":"Dan Hudson"},"content":{"rendered":"<div data-carousel-extra='{\"blog_id\":1,\"permalink\":\"https:\\\/\\\/innernature.webs.upv.es\\\/?page_id=1133\"}' class=\"tiled-gallery type-rectangular\" data-original-width=\"980\"><div class=\"gallery-row\" style=\"width: 975px; height: 271px;\"><div class=\"gallery-group images-1\" style=\"width: 488px; height: 275px;\"><div class=\"tiled-gallery-item tiled-gallery-item-large\"><a href=\"https:\/\/innernature.webs.upv.es\/wp-content\/uploads\/2016\/02\/7hudson-dan.png\"><img fetchpriority=\"high\" decoding=\"async\" data-attachment-id=\"1083\" data-orig-file=\"https:\/\/innernature.webs.upv.es\/wp-content\/uploads\/2016\/02\/7hudson-dan.png\" data-orig-size=\"567,318\" data-comments-opened=\"0\" data-image-meta=\"{&quot;aperture&quot;:&quot;0&quot;,&quot;credit&quot;:&quot;&quot;,&quot;camera&quot;:&quot;&quot;,&quot;caption&quot;:&quot;&quot;,&quot;created_timestamp&quot;:&quot;0&quot;,&quot;copyright&quot;:&quot;&quot;,&quot;focal_length&quot;:&quot;0&quot;,&quot;iso&quot;:&quot;0&quot;,&quot;shutter_speed&quot;:&quot;0&quot;,&quot;title&quot;:&quot;&quot;,&quot;orientation&quot;:&quot;0&quot;}\" data-image-title=\"7Hudson, Dan\" data-image-description=\"\" data-medium-file=\"https:\/\/innernature.webs.upv.es\/wp-content\/uploads\/2016\/02\/7hudson-dan-300x168.png\" data-large-file=\"https:\/\/innernature.webs.upv.es\/wp-content\/uploads\/2016\/02\/7hudson-dan.png\" src=\"https:\/\/innernature.webs.upv.es\/wp-content\/uploads\/2016\/02\/7hudson-dan-484x271.png\" width=\"484\" height=\"271\" align=\"left\" title=\"7Hudson, Dan\" \/><\/a><\/div><\/div><div class=\"gallery-group images-1\" style=\"width: 487px; height: 275px;\"><div class=\"tiled-gallery-item tiled-gallery-item-large\"><a href=\"https:\/\/innernature.webs.upv.es\/wp-content\/uploads\/2016\/02\/6hudson-dan.png\"><img decoding=\"async\" data-attachment-id=\"1075\" data-orig-file=\"https:\/\/innernature.webs.upv.es\/wp-content\/uploads\/2016\/02\/6hudson-dan.png\" data-orig-size=\"567,318\" data-comments-opened=\"0\" data-image-meta=\"{&quot;aperture&quot;:&quot;0&quot;,&quot;credit&quot;:&quot;&quot;,&quot;camera&quot;:&quot;&quot;,&quot;caption&quot;:&quot;&quot;,&quot;created_timestamp&quot;:&quot;0&quot;,&quot;copyright&quot;:&quot;&quot;,&quot;focal_length&quot;:&quot;0&quot;,&quot;iso&quot;:&quot;0&quot;,&quot;shutter_speed&quot;:&quot;0&quot;,&quot;title&quot;:&quot;&quot;,&quot;orientation&quot;:&quot;0&quot;}\" data-image-title=\"6Hudson, Dan\" data-image-description=\"\" data-medium-file=\"https:\/\/innernature.webs.upv.es\/wp-content\/uploads\/2016\/02\/6hudson-dan-300x168.png\" data-large-file=\"https:\/\/innernature.webs.upv.es\/wp-content\/uploads\/2016\/02\/6hudson-dan.png\" src=\"https:\/\/innernature.webs.upv.es\/wp-content\/uploads\/2016\/02\/6hudson-dan-483x271.png\" width=\"483\" height=\"271\" align=\"left\" title=\"6Hudson, Dan\" \/><\/a><\/div><\/div><\/div><div class=\"gallery-row\" style=\"width: 975px; height: 271px;\"><div class=\"gallery-group images-1\" style=\"width: 487px; height: 275px;\"><div class=\"tiled-gallery-item tiled-gallery-item-large\"><a href=\"https:\/\/innernature.webs.upv.es\/wp-content\/uploads\/2016\/02\/5hudson-dan.png\"><img decoding=\"async\" data-attachment-id=\"1065\" data-orig-file=\"https:\/\/innernature.webs.upv.es\/wp-content\/uploads\/2016\/02\/5hudson-dan.png\" data-orig-size=\"567,318\" data-comments-opened=\"0\" data-image-meta=\"{&quot;aperture&quot;:&quot;0&quot;,&quot;credit&quot;:&quot;&quot;,&quot;camera&quot;:&quot;&quot;,&quot;caption&quot;:&quot;&quot;,&quot;created_timestamp&quot;:&quot;0&quot;,&quot;copyright&quot;:&quot;&quot;,&quot;focal_length&quot;:&quot;0&quot;,&quot;iso&quot;:&quot;0&quot;,&quot;shutter_speed&quot;:&quot;0&quot;,&quot;title&quot;:&quot;&quot;,&quot;orientation&quot;:&quot;0&quot;}\" data-image-title=\"5Hudson, Dan\" data-image-description=\"\" data-medium-file=\"https:\/\/innernature.webs.upv.es\/wp-content\/uploads\/2016\/02\/5hudson-dan-300x168.png\" data-large-file=\"https:\/\/innernature.webs.upv.es\/wp-content\/uploads\/2016\/02\/5hudson-dan.png\" src=\"https:\/\/innernature.webs.upv.es\/wp-content\/uploads\/2016\/02\/5hudson-dan-483x271.png\" width=\"483\" height=\"271\" align=\"left\" title=\"5Hudson, Dan\" \/><\/a><\/div><\/div><div class=\"gallery-group images-1\" style=\"width: 488px; height: 275px;\"><div class=\"tiled-gallery-item tiled-gallery-item-large\"><a href=\"https:\/\/innernature.webs.upv.es\/wp-content\/uploads\/2016\/02\/4hudson-dan.png\"><img loading=\"lazy\" decoding=\"async\" data-attachment-id=\"1048\" data-orig-file=\"https:\/\/innernature.webs.upv.es\/wp-content\/uploads\/2016\/02\/4hudson-dan.png\" data-orig-size=\"567,317\" data-comments-opened=\"0\" data-image-meta=\"{&quot;aperture&quot;:&quot;0&quot;,&quot;credit&quot;:&quot;&quot;,&quot;camera&quot;:&quot;&quot;,&quot;caption&quot;:&quot;&quot;,&quot;created_timestamp&quot;:&quot;0&quot;,&quot;copyright&quot;:&quot;&quot;,&quot;focal_length&quot;:&quot;0&quot;,&quot;iso&quot;:&quot;0&quot;,&quot;shutter_speed&quot;:&quot;0&quot;,&quot;title&quot;:&quot;&quot;,&quot;orientation&quot;:&quot;0&quot;}\" data-image-title=\"4Hudson, Dan\" data-image-description=\"\" data-medium-file=\"https:\/\/innernature.webs.upv.es\/wp-content\/uploads\/2016\/02\/4hudson-dan-300x168.png\" data-large-file=\"https:\/\/innernature.webs.upv.es\/wp-content\/uploads\/2016\/02\/4hudson-dan.png\" src=\"https:\/\/innernature.webs.upv.es\/wp-content\/uploads\/2016\/02\/4hudson-dan-484x271.png\" width=\"484\" height=\"271\" align=\"left\" title=\"4Hudson, Dan\" \/><\/a><\/div><\/div><\/div><div class=\"gallery-row\" style=\"width: 975px; height: 545px;\"><div class=\"gallery-group images-1\" style=\"width: 975px; height: 549px;\"><div class=\"tiled-gallery-item tiled-gallery-item-large\"><a href=\"https:\/\/innernature.webs.upv.es\/wp-content\/uploads\/2016\/02\/3hudson-dan.png\"><img loading=\"lazy\" decoding=\"async\" data-attachment-id=\"1030\" data-orig-file=\"https:\/\/innernature.webs.upv.es\/wp-content\/uploads\/2016\/02\/3hudson-dan.png\" data-orig-size=\"567,318\" data-comments-opened=\"0\" data-image-meta=\"{&quot;aperture&quot;:&quot;0&quot;,&quot;credit&quot;:&quot;&quot;,&quot;camera&quot;:&quot;&quot;,&quot;caption&quot;:&quot;&quot;,&quot;created_timestamp&quot;:&quot;0&quot;,&quot;copyright&quot;:&quot;&quot;,&quot;focal_length&quot;:&quot;0&quot;,&quot;iso&quot;:&quot;0&quot;,&quot;shutter_speed&quot;:&quot;0&quot;,&quot;title&quot;:&quot;&quot;,&quot;orientation&quot;:&quot;0&quot;}\" data-image-title=\"3Hudson, Dan\" data-image-description=\"\" data-medium-file=\"https:\/\/innernature.webs.upv.es\/wp-content\/uploads\/2016\/02\/3hudson-dan-300x168.png\" data-large-file=\"https:\/\/innernature.webs.upv.es\/wp-content\/uploads\/2016\/02\/3hudson-dan.png\" src=\"https:\/\/innernature.webs.upv.es\/wp-content\/uploads\/2016\/02\/3hudson-dan.png\" width=\"971\" height=\"545\" align=\"left\" title=\"3Hudson, Dan\" \/><\/a><\/div><\/div><\/div><\/div>\n<p>&nbsp;<\/p>\n<p><i><b>NEWS, WEATHER AND SPORTS<\/b>&nbsp;&nbsp;<\/i><i>(Left Handed)<\/i><\/p>\n<p><i> 3\u00b410\u00b4<\/i><\/p>\n<table frame=\"void\">\n<tbody>\n<tr>\n<td style=\"text-align: justify;\"><span style=\"color: #999999;\">Un video en time-lapse documenta los cambios estacionales y las actividades de ocio de los visitantes de un parque p\u00fablico en las monta\u00f1as de Canad\u00e1 a lo largo de un a\u00f1o. Las estaciones son evidencia de la \u00f3rbita de la Tierra alrededor del sol, visible desde la superficie del planeta. Es una manera de indicar que la Tierra es un como una embarcaci\u00f3n a la deriva en el espacio infinito. Un montaje de las noticias, de la previsiones del tiempo y de clips de audio period\u00edsticos sobre deportes crea una esfera socio-pol\u00edtica m\u00e1s amplia para el pintoresco parque y sus visitantes. No existimos aislados los unos de los otros. Juntos, estos fragmentos revelan algunas verdades fundamentales y atemporales sobre c\u00f3mo los humanos nos relacionamos entre nosotros y con el mundo que nos rodea.<\/span><\/p>\n<p><span style=\"color: #ffffff;\">.<\/span><\/p>\n<p><span style=\"color: #999999;\">STATEMENT<\/span><\/p>\n<p><span style=\"color: #999999;\">Creo proyectos procesuales que investigan el concepto de \u00abtiempo\u00bb y la naturaleza de la existencia dentro de nuestra situaci\u00f3n ecol\u00f3gica actual y del contexto socio-pol\u00edtico de la vida cotidiana.<\/span><\/td>\n<td style=\"text-align: justify;\"><span style=\"color: #999999;\">A year-long time-lapse documents the seasonal changes and the leisure activities of visitors to a public park in the mountains of Canada. The seasonal changes are evidence of the Earth orbiting the sun, as witnessed from the surface of the planet. It is a way of indicating that Earth is a self contained vessel adrift in endless space.A montage of news, weather and sports audio clips creates a larger socio-political sphere for the picturesque park and its visitors. One does not exist in isolation of the other. Together they reveal some fundamental and timeless truths about how we as a species relate to each other and to the world around us.<\/span><\/p>\n<p><span style=\"color: #ffffff;\">.<\/span><\/p>\n<p><span style=\"color: #999999;\">STATEMENT<\/span><\/p>\n<p><span style=\"color: #999999;\">I create process intensive projects that investigate concepts of \u201ctime\u201d and the nature of existence within our current ecological situation and the socio-political context of everyday life.<\/span><\/td>\n<\/tr>\n<\/tbody>\n<\/table>\n<p><a href=\"http:\/\/www.danhudson.ca\">ARTIST WEBSITE<\/a><\/p>\n<p>&nbsp;<\/p>\n<p><iframe title=\"DAN HUDSON News, Weather and Sports (fragment)\" width=\"980\" height=\"551\" src=\"https:\/\/www.youtube.com\/embed\/B6IZLaNMnCo?feature=oembed\" frameborder=\"0\" allow=\"accelerometer; autoplay; clipboard-write; encrypted-media; gyroscope; picture-in-picture\" allowfullscreen><\/iframe><\/p>\n","protected":false},"excerpt":{"rendered":"<p>&nbsp; NEWS, WEATHER AND SPORTS&nbsp;&nbsp;(Left Handed) 3\u00b410\u00b4 Un video en time-lapse documenta los cambios estacionales y las actividades de ocio de los visitantes de un parque p\u00fablico en las monta\u00f1as de Canad\u00e1 a lo largo de un a\u00f1o. Las estaciones son evidencia de la \u00f3rbita de la Tierra alrededor del sol, visible desde la superficie [&hellip;]<\/p>\n","protected":false},"author":2,"featured_media":0,"parent":1155,"menu_order":0,"comment_status":"closed","ping_status":"closed","template":"","meta":{"footnotes":""},"class_list":["post-1133","page","type-page","status-publish","hentry"],"_links":{"self":[{"href":"https:\/\/innernature.webs.upv.es\/index.php?rest_route=\/wp\/v2\/pages\/1133","targetHints":{"allow":["GET"]}}],"collection":[{"href":"https:\/\/innernature.webs.upv.es\/index.php?rest_route=\/wp\/v2\/pages"}],"about":[{"href":"https:\/\/innernature.webs.upv.es\/index.php?rest_route=\/wp\/v2\/types\/page"}],"author":[{"embeddable":true,"href":"https:\/\/innernature.webs.upv.es\/index.php?rest_route=\/wp\/v2\/users\/2"}],"replies":[{"embeddable":true,"href":"https:\/\/innernature.webs.upv.es\/index.php?rest_route=%2Fwp%2Fv2%2Fcomments&post=1133"}],"version-history":[{"count":3,"href":"https:\/\/innernature.webs.upv.es\/index.php?rest_route=\/wp\/v2\/pages\/1133\/revisions"}],"predecessor-version":[{"id":2534,"href":"https:\/\/innernature.webs.upv.es\/index.php?rest_route=\/wp\/v2\/pages\/1133\/revisions\/2534"}],"up":[{"embeddable":true,"href":"https:\/\/innernature.webs.upv.es\/index.php?rest_route=\/wp\/v2\/pages\/1155"}],"wp:attachment":[{"href":"https:\/\/innernature.webs.upv.es\/index.php?rest_route=%2Fwp%2Fv2%2Fmedia&parent=1133"}],"curies":[{"name":"wp","href":"https:\/\/api.w.org\/{rel}","templated":true}]}}