{"id":1139,"date":"2016-03-01T18:55:44","date_gmt":"2016-03-01T18:55:44","guid":{"rendered":"http:\/\/innernatureexhibition.com\/?page_id=1139"},"modified":"2021-06-03T14:46:43","modified_gmt":"2021-06-03T14:46:43","slug":"arya-sukapura-putra","status":"publish","type":"page","link":"https:\/\/innernature.webs.upv.es\/?page_id=1139","title":{"rendered":"Arya Sukapura Putra"},"content":{"rendered":"<div data-carousel-extra='{\"blog_id\":1,\"permalink\":\"https:\\\/\\\/innernature.webs.upv.es\\\/?page_id=1139\"}' class=\"tiled-gallery type-rectangular\" data-original-width=\"980\"><div class=\"gallery-row\" style=\"width: 975px; height: 254px;\"><div class=\"gallery-group images-1\" style=\"width: 462px; height: 258px;\"><div class=\"tiled-gallery-item tiled-gallery-item-large\"><a href=\"https:\/\/innernature.webs.upv.es\/wp-content\/uploads\/2016\/02\/1sukapura-sutra-aria.png\"><img fetchpriority=\"high\" decoding=\"async\" data-attachment-id=\"999\" data-orig-file=\"https:\/\/innernature.webs.upv.es\/wp-content\/uploads\/2016\/02\/1sukapura-sutra-aria.png\" data-orig-size=\"567,315\" data-comments-opened=\"0\" data-image-meta=\"{&quot;aperture&quot;:&quot;0&quot;,&quot;credit&quot;:&quot;&quot;,&quot;camera&quot;:&quot;&quot;,&quot;caption&quot;:&quot;&quot;,&quot;created_timestamp&quot;:&quot;0&quot;,&quot;copyright&quot;:&quot;&quot;,&quot;focal_length&quot;:&quot;0&quot;,&quot;iso&quot;:&quot;0&quot;,&quot;shutter_speed&quot;:&quot;0&quot;,&quot;title&quot;:&quot;&quot;,&quot;orientation&quot;:&quot;0&quot;}\" data-image-title=\"1Sukapura sutra, Aria\" data-image-description=\"\" data-medium-file=\"https:\/\/innernature.webs.upv.es\/wp-content\/uploads\/2016\/02\/1sukapura-sutra-aria-300x167.png\" data-large-file=\"https:\/\/innernature.webs.upv.es\/wp-content\/uploads\/2016\/02\/1sukapura-sutra-aria.png\" src=\"https:\/\/innernature.webs.upv.es\/wp-content\/uploads\/2016\/02\/1sukapura-sutra-aria-458x254.png\" width=\"458\" height=\"254\" align=\"left\" title=\"1Sukapura sutra, Aria\" \/><\/a><\/div><\/div><div class=\"gallery-group images-1\" style=\"width: 513px; height: 258px;\"><div class=\"tiled-gallery-item tiled-gallery-item-large\"><a href=\"https:\/\/innernature.webs.upv.es\/wp-content\/uploads\/2015\/12\/aria-sukapura-sutra-copia.jpg\"><img decoding=\"async\" data-attachment-id=\"909\" data-orig-file=\"https:\/\/innernature.webs.upv.es\/wp-content\/uploads\/2015\/12\/aria-sukapura-sutra-copia.jpg\" data-orig-size=\"1134,567\" data-comments-opened=\"0\" data-image-meta=\"{&quot;aperture&quot;:&quot;0&quot;,&quot;credit&quot;:&quot;&quot;,&quot;camera&quot;:&quot;&quot;,&quot;caption&quot;:&quot;&quot;,&quot;created_timestamp&quot;:&quot;0&quot;,&quot;copyright&quot;:&quot;&quot;,&quot;focal_length&quot;:&quot;0&quot;,&quot;iso&quot;:&quot;0&quot;,&quot;shutter_speed&quot;:&quot;0&quot;,&quot;title&quot;:&quot;&quot;,&quot;orientation&quot;:&quot;1&quot;}\" data-image-title=\"Aria Sukapura Sutra copia\" data-image-description=\"\" data-medium-file=\"https:\/\/innernature.webs.upv.es\/wp-content\/uploads\/2015\/12\/aria-sukapura-sutra-copia-300x150.jpg\" data-large-file=\"https:\/\/innernature.webs.upv.es\/wp-content\/uploads\/2015\/12\/aria-sukapura-sutra-copia-1024x512.jpg\" src=\"https:\/\/innernature.webs.upv.es\/wp-content\/uploads\/2015\/12\/aria-sukapura-sutra-copia-509x254.jpg\" width=\"509\" height=\"254\" align=\"left\" title=\"Aria Sukapura Sutra copia\" \/><\/a><\/div><\/div><\/div><div class=\"gallery-row\" style=\"width: 975px; height: 271px;\"><div class=\"gallery-group images-1\" style=\"width: 488px; height: 275px;\"><div class=\"tiled-gallery-item tiled-gallery-item-large\"><a href=\"https:\/\/innernature.webs.upv.es\/wp-content\/uploads\/2016\/02\/3sukapura-sutra-aria.png\"><img decoding=\"async\" data-attachment-id=\"1036\" data-orig-file=\"https:\/\/innernature.webs.upv.es\/wp-content\/uploads\/2016\/02\/3sukapura-sutra-aria.png\" data-orig-size=\"567,318\" data-comments-opened=\"0\" data-image-meta=\"{&quot;aperture&quot;:&quot;0&quot;,&quot;credit&quot;:&quot;&quot;,&quot;camera&quot;:&quot;&quot;,&quot;caption&quot;:&quot;&quot;,&quot;created_timestamp&quot;:&quot;0&quot;,&quot;copyright&quot;:&quot;&quot;,&quot;focal_length&quot;:&quot;0&quot;,&quot;iso&quot;:&quot;0&quot;,&quot;shutter_speed&quot;:&quot;0&quot;,&quot;title&quot;:&quot;&quot;,&quot;orientation&quot;:&quot;0&quot;}\" data-image-title=\"3Sukapura sutra, Aria\" data-image-description=\"\" data-medium-file=\"https:\/\/innernature.webs.upv.es\/wp-content\/uploads\/2016\/02\/3sukapura-sutra-aria-300x168.png\" data-large-file=\"https:\/\/innernature.webs.upv.es\/wp-content\/uploads\/2016\/02\/3sukapura-sutra-aria.png\" src=\"https:\/\/innernature.webs.upv.es\/wp-content\/uploads\/2016\/02\/3sukapura-sutra-aria-484x271.png\" width=\"484\" height=\"271\" align=\"left\" title=\"3Sukapura sutra, Aria\" \/><\/a><\/div><\/div><div class=\"gallery-group images-1\" style=\"width: 487px; height: 275px;\"><div class=\"tiled-gallery-item tiled-gallery-item-large\"><a href=\"https:\/\/innernature.webs.upv.es\/wp-content\/uploads\/2016\/02\/4sukapura-sutra-aria.png\"><img loading=\"lazy\" decoding=\"async\" data-attachment-id=\"1054\" data-orig-file=\"https:\/\/innernature.webs.upv.es\/wp-content\/uploads\/2016\/02\/4sukapura-sutra-aria.png\" data-orig-size=\"567,318\" data-comments-opened=\"0\" data-image-meta=\"{&quot;aperture&quot;:&quot;0&quot;,&quot;credit&quot;:&quot;&quot;,&quot;camera&quot;:&quot;&quot;,&quot;caption&quot;:&quot;&quot;,&quot;created_timestamp&quot;:&quot;0&quot;,&quot;copyright&quot;:&quot;&quot;,&quot;focal_length&quot;:&quot;0&quot;,&quot;iso&quot;:&quot;0&quot;,&quot;shutter_speed&quot;:&quot;0&quot;,&quot;title&quot;:&quot;&quot;,&quot;orientation&quot;:&quot;0&quot;}\" data-image-title=\"4Sukapura sutra, Aria\" data-image-description=\"\" data-medium-file=\"https:\/\/innernature.webs.upv.es\/wp-content\/uploads\/2016\/02\/4sukapura-sutra-aria-300x168.png\" data-large-file=\"https:\/\/innernature.webs.upv.es\/wp-content\/uploads\/2016\/02\/4sukapura-sutra-aria.png\" src=\"https:\/\/innernature.webs.upv.es\/wp-content\/uploads\/2016\/02\/4sukapura-sutra-aria-483x271.png\" width=\"483\" height=\"271\" align=\"left\" title=\"4Sukapura sutra, Aria\" \/><\/a><\/div><\/div><\/div><\/div>\n<p>&nbsp;<\/p>\n<p><i><strong>DEMI MASA<\/strong>&nbsp;&nbsp;<\/i><\/p>\n<p><i>2\u00b410\u00b4\u00b4<\/i><\/p>\n<table frame=\"void\">\n<tbody>\n<tr>\n<td style=\"text-align: justify;\"><span style=\"color: #999999;\">El tiempo es una advertencia. El tiempo tambi\u00e9n es un significante: d\u00eda-noche, nacimiento-muerte, edad, acontecimientos hist\u00f3ricos o socio-culturales. El valor del tiempo no s\u00f3lo afecta al ser humano, sino tambi\u00e9n a la armon\u00eda ambiental y c\u00f3smica. Aventajar al tiempo es un elemento esencial de la responsabilidad espiritual y ecol\u00f3gica del ser humano hacia si mismo, hacia el Universo y El Alt\u00edsimo. El video es una cr\u00edtica sobre el comportamiento destructivo del ser humano hacia el medio ambiente y una b\u00fasqueda de armon\u00eda en los mecanismos de expacio-tiempo del Universo.<\/span><\/p>\n<p><span style=\"color: #ffffff;\">.<\/span><\/p>\n<p><span style=\"color: #999999;\">STATEMENT<\/span><\/p>\n<p><span style=\"color: #999999;\">Siempre me ha interesado y el reto de plantear reflexiones sobre la memoria, la identidad, el multiculturalismo y el pluralismo en mi exploraci\u00f3n creativa. Y a la vez, temas relacionados con los l\u00edmites de la relaci\u00f3n entre cultura, tecnolog\u00eda y espiritualidad<\/span><\/td>\n<td style=\"text-align: justify;\"><span style=\"color: #999999;\">Time is a warning. Time also as a signifier: day-night, birth-death,&nbsp; age, historical or socio-cultural events. The value of the time does not only affect the human being, but also to environment and cosmic\u2019s harmony. Outsmarting the time is an essential thing of human\u2019s spiritual and ecological responsibility to him\/herself, Universe and The Most High. It is a critique on human\u2019s destructive behavior against the environment and harmony of time and space mechanism of the Universe.<\/span><\/p>\n<p><span style=\"color: #ffffff;\">.<\/span><\/p>\n<p><span style=\"color: #999999;\">STATEMENT<\/span><\/p>\n<p><span style=\"color: #999999;\">I was always interested and challenged to raise issues about socio-cultural, memories, identity, multiculturalism and pluralism for my creative exploration. And critically, questions the boundaries of relationship between culture, technology and spirituality.<\/span><\/td>\n<\/tr>\n<\/tbody>\n<\/table>\n<p><a href=\"https:\/\/vimeo.com\/aryasputra\" target=\"_blank\" rel=\"noopener\">ARTIST WEBSITE<\/a><\/p>\n<p>&nbsp;<\/p>\n<p><iframe title=\"ARIA SUKAPURA PUTRA Demi Masa\" width=\"980\" height=\"551\" src=\"https:\/\/www.youtube.com\/embed\/kyaD4ZXa69Q?feature=oembed\" frameborder=\"0\" allow=\"accelerometer; autoplay; clipboard-write; encrypted-media; gyroscope; picture-in-picture\" allowfullscreen><\/iframe><\/p>\n","protected":false},"excerpt":{"rendered":"<p>&nbsp; DEMI MASA&nbsp;&nbsp; 2\u00b410\u00b4\u00b4 El tiempo es una advertencia. El tiempo tambi\u00e9n es un significante: d\u00eda-noche, nacimiento-muerte, edad, acontecimientos hist\u00f3ricos o socio-culturales. El valor del tiempo no s\u00f3lo afecta al ser humano, sino tambi\u00e9n a la armon\u00eda ambiental y c\u00f3smica. Aventajar al tiempo es un elemento esencial de la responsabilidad espiritual y ecol\u00f3gica del ser [&hellip;]<\/p>\n","protected":false},"author":2,"featured_media":0,"parent":1155,"menu_order":0,"comment_status":"closed","ping_status":"closed","template":"","meta":{"footnotes":""},"class_list":["post-1139","page","type-page","status-publish","hentry"],"_links":{"self":[{"href":"https:\/\/innernature.webs.upv.es\/index.php?rest_route=\/wp\/v2\/pages\/1139","targetHints":{"allow":["GET"]}}],"collection":[{"href":"https:\/\/innernature.webs.upv.es\/index.php?rest_route=\/wp\/v2\/pages"}],"about":[{"href":"https:\/\/innernature.webs.upv.es\/index.php?rest_route=\/wp\/v2\/types\/page"}],"author":[{"embeddable":true,"href":"https:\/\/innernature.webs.upv.es\/index.php?rest_route=\/wp\/v2\/users\/2"}],"replies":[{"embeddable":true,"href":"https:\/\/innernature.webs.upv.es\/index.php?rest_route=%2Fwp%2Fv2%2Fcomments&post=1139"}],"version-history":[{"count":4,"href":"https:\/\/innernature.webs.upv.es\/index.php?rest_route=\/wp\/v2\/pages\/1139\/revisions"}],"predecessor-version":[{"id":2527,"href":"https:\/\/innernature.webs.upv.es\/index.php?rest_route=\/wp\/v2\/pages\/1139\/revisions\/2527"}],"up":[{"embeddable":true,"href":"https:\/\/innernature.webs.upv.es\/index.php?rest_route=\/wp\/v2\/pages\/1155"}],"wp:attachment":[{"href":"https:\/\/innernature.webs.upv.es\/index.php?rest_route=%2Fwp%2Fv2%2Fmedia&parent=1139"}],"curies":[{"name":"wp","href":"https:\/\/api.w.org\/{rel}","templated":true}]}}