{"id":115,"date":"2015-02-17T18:57:02","date_gmt":"2015-02-17T18:57:02","guid":{"rendered":"https:\/\/innernatureexhibition.wordpress.com\/?page_id=115"},"modified":"2021-06-03T14:08:04","modified_gmt":"2021-06-03T14:08:04","slug":"irene-cruz","status":"publish","type":"page","link":"https:\/\/innernature.webs.upv.es\/?page_id=115","title":{"rendered":"Irene Cruz"},"content":{"rendered":"<div data-carousel-extra='{\"blog_id\":1,\"permalink\":\"https:\\\/\\\/innernature.webs.upv.es\\\/?page_id=115\"}' class=\"tiled-gallery type-rectangular\" data-original-width=\"980\"><div class=\"gallery-row\" style=\"width: 975px; height: 266px;\"><div class=\"gallery-group images-1\" style=\"width: 487px; height: 270px;\"><div class=\"tiled-gallery-item tiled-gallery-item-large\"><a href=\"https:\/\/innernature.webs.upv.es\/wp-content\/uploads\/2015\/02\/irene-cruz-die-stille-1.jpg\"><img fetchpriority=\"high\" decoding=\"async\" data-attachment-id=\"116\" data-orig-file=\"https:\/\/innernature.webs.upv.es\/wp-content\/uploads\/2015\/02\/irene-cruz-die-stille-1.jpg\" data-orig-size=\"886,487\" data-comments-opened=\"0\" data-image-meta=\"{&quot;aperture&quot;:&quot;0&quot;,&quot;credit&quot;:&quot;&quot;,&quot;camera&quot;:&quot;&quot;,&quot;caption&quot;:&quot;&quot;,&quot;created_timestamp&quot;:&quot;0&quot;,&quot;copyright&quot;:&quot;&quot;,&quot;focal_length&quot;:&quot;0&quot;,&quot;iso&quot;:&quot;0&quot;,&quot;shutter_speed&quot;:&quot;0&quot;,&quot;title&quot;:&quot;&quot;,&quot;orientation&quot;:&quot;1&quot;}\" data-image-title=\"Irene cruz die stille 1\" data-image-description=\"\" data-medium-file=\"https:\/\/innernature.webs.upv.es\/wp-content\/uploads\/2015\/02\/irene-cruz-die-stille-1-300x165.jpg\" data-large-file=\"https:\/\/innernature.webs.upv.es\/wp-content\/uploads\/2015\/02\/irene-cruz-die-stille-1.jpg\" src=\"https:\/\/innernature.webs.upv.es\/wp-content\/uploads\/2015\/02\/irene-cruz-die-stille-1-483x266.jpg\" width=\"483\" height=\"266\" align=\"left\" title=\"Irene cruz die stille 1\" \/><\/a><\/div><\/div><div class=\"gallery-group images-1\" style=\"width: 488px; height: 270px;\"><div class=\"tiled-gallery-item tiled-gallery-item-large\"><a href=\"https:\/\/innernature.webs.upv.es\/wp-content\/uploads\/2015\/04\/captura-de-pantalla-2015-04-19-a-las-19-33-22.png\"><img decoding=\"async\" data-attachment-id=\"509\" data-orig-file=\"https:\/\/innernature.webs.upv.es\/wp-content\/uploads\/2015\/04\/captura-de-pantalla-2015-04-19-a-las-19-33-22.png\" data-orig-size=\"846,465\" data-comments-opened=\"0\" data-image-meta=\"{&quot;aperture&quot;:&quot;0&quot;,&quot;credit&quot;:&quot;&quot;,&quot;camera&quot;:&quot;&quot;,&quot;caption&quot;:&quot;&quot;,&quot;created_timestamp&quot;:&quot;0&quot;,&quot;copyright&quot;:&quot;&quot;,&quot;focal_length&quot;:&quot;0&quot;,&quot;iso&quot;:&quot;0&quot;,&quot;shutter_speed&quot;:&quot;0&quot;,&quot;title&quot;:&quot;&quot;,&quot;orientation&quot;:&quot;0&quot;}\" data-image-title=\"Captura de pantalla 2015-04-19 a la(s) 19.33.22\" data-image-description=\"\" data-medium-file=\"https:\/\/innernature.webs.upv.es\/wp-content\/uploads\/2015\/04\/captura-de-pantalla-2015-04-19-a-las-19-33-22-300x165.png\" data-large-file=\"https:\/\/innernature.webs.upv.es\/wp-content\/uploads\/2015\/04\/captura-de-pantalla-2015-04-19-a-las-19-33-22.png\" src=\"https:\/\/innernature.webs.upv.es\/wp-content\/uploads\/2015\/04\/captura-de-pantalla-2015-04-19-a-las-19-33-22-484x266.png\" width=\"484\" height=\"266\" align=\"left\" title=\"Captura de pantalla 2015-04-19 a la(s) 19.33.22\" \/><\/a><\/div><\/div><\/div><div class=\"gallery-row\" style=\"width: 975px; height: 266px;\"><div class=\"gallery-group images-1\" style=\"width: 488px; height: 270px;\"><div class=\"tiled-gallery-item tiled-gallery-item-large\"><a href=\"https:\/\/innernature.webs.upv.es\/wp-content\/uploads\/2015\/04\/die-stille-irene-cruz1.jpg\"><img decoding=\"async\" data-attachment-id=\"511\" data-orig-file=\"https:\/\/innernature.webs.upv.es\/wp-content\/uploads\/2015\/04\/die-stille-irene-cruz1.jpg\" data-orig-size=\"846,465\" data-comments-opened=\"0\" data-image-meta=\"{&quot;aperture&quot;:&quot;0&quot;,&quot;credit&quot;:&quot;&quot;,&quot;camera&quot;:&quot;&quot;,&quot;caption&quot;:&quot;&quot;,&quot;created_timestamp&quot;:&quot;0&quot;,&quot;copyright&quot;:&quot;&quot;,&quot;focal_length&quot;:&quot;0&quot;,&quot;iso&quot;:&quot;0&quot;,&quot;shutter_speed&quot;:&quot;0&quot;,&quot;title&quot;:&quot;&quot;,&quot;orientation&quot;:&quot;1&quot;}\" data-image-title=\"die-stille-irene-cruz\" data-image-description=\"\" data-medium-file=\"https:\/\/innernature.webs.upv.es\/wp-content\/uploads\/2015\/04\/die-stille-irene-cruz1-300x165.jpg\" data-large-file=\"https:\/\/innernature.webs.upv.es\/wp-content\/uploads\/2015\/04\/die-stille-irene-cruz1.jpg\" src=\"https:\/\/innernature.webs.upv.es\/wp-content\/uploads\/2015\/04\/die-stille-irene-cruz1-484x266.jpg\" width=\"484\" height=\"266\" align=\"left\" title=\"die-stille-irene-cruz\" \/><\/a><\/div><\/div><div class=\"gallery-group images-1\" style=\"width: 487px; height: 270px;\"><div class=\"tiled-gallery-item tiled-gallery-item-large\"><a href=\"https:\/\/innernature.webs.upv.es\/wp-content\/uploads\/2015\/04\/captura-de-pantalla-2014-08-11-a-las-13-10-46.png\"><img loading=\"lazy\" decoding=\"async\" data-attachment-id=\"508\" data-orig-file=\"https:\/\/innernature.webs.upv.es\/wp-content\/uploads\/2015\/04\/captura-de-pantalla-2014-08-11-a-las-13-10-46.png\" data-orig-size=\"846,465\" data-comments-opened=\"0\" data-image-meta=\"{&quot;aperture&quot;:&quot;0&quot;,&quot;credit&quot;:&quot;&quot;,&quot;camera&quot;:&quot;&quot;,&quot;caption&quot;:&quot;&quot;,&quot;created_timestamp&quot;:&quot;0&quot;,&quot;copyright&quot;:&quot;&quot;,&quot;focal_length&quot;:&quot;0&quot;,&quot;iso&quot;:&quot;0&quot;,&quot;shutter_speed&quot;:&quot;0&quot;,&quot;title&quot;:&quot;&quot;,&quot;orientation&quot;:&quot;0&quot;}\" data-image-title=\"Captura de pantalla 2014-08-11 a la(s) 13.10.46\" data-image-description=\"\" data-medium-file=\"https:\/\/innernature.webs.upv.es\/wp-content\/uploads\/2015\/04\/captura-de-pantalla-2014-08-11-a-las-13-10-46-300x165.png\" data-large-file=\"https:\/\/innernature.webs.upv.es\/wp-content\/uploads\/2015\/04\/captura-de-pantalla-2014-08-11-a-las-13-10-46.png\" src=\"https:\/\/innernature.webs.upv.es\/wp-content\/uploads\/2015\/04\/captura-de-pantalla-2014-08-11-a-las-13-10-46-483x266.png\" width=\"483\" height=\"266\" align=\"left\" title=\"Captura de pantalla 2014-08-11 a la(s) 13.10.46\" \/><\/a><\/div><\/div><\/div><\/div>\n<table frame=\"void\">\n<tbody>\n<tr>\n<td style=\"text-align: justify;\"><i><strong>DIE STILLE<\/strong> &nbsp;<\/i><i>(Silence \/ El Silencio) <\/i><\/p>\n<p><i>1\u00b445\u00b4\u00b4<\/i><\/td>\n<td style=\"text-align: justify;\"><\/td>\n<\/tr>\n<tr>\n<td style=\"text-align: justify;\"><span style=\"color: #999999;\">Todo su trabajo art\u00edstico se remite a la naturaleza como \u00abel todo\u00bb al que pertenecemos. Se centra en lo liminal, es decir, entre el d\u00eda y la noche, entre la tranquilidad y la inquietud, los opuestos que se desvanecen. No hay l\u00edmites. S\u00f3lo caminos, puentes, porque todo fluye.El silencio es el poder m\u00e1s grande que existe, aunque \u00e9ste sea invisible. Porque todo lo que existe son aspectos parciales del silencio. Todo lo que existe se genera en lo que no existe, en lo que no aparece.&nbsp; Abrirse al silencio es abrirse al potencial total, incondicional. Para componer m\u00fasica, es tan necesario el sonido, como el silencio.<\/span><\/td>\n<td style=\"text-align: justify;\"><span style=\"color: #999999;\">All her work takes inspiration from a notion of nature conceived as \u201cthe whole\u201d to which we belong. She explores the borders between day and night, tranquility and&nbsp;restlessness, where&nbsp; opposites vanish. No&nbsp; limits.&nbsp; Only roads, bridges, in which everything flows. Silence is the greatest energy, although it is invisible. All that exists originates in the unexisting, in what is not revealed. Opening to silence is opening to unconditional potential. To compose music, silence is as necessary as sound.<\/span><\/td>\n<\/tr>\n<tr>\n<td style=\"text-align: justify;\"><a href=\"http:\/\/www.irenecruz.com\" target=\"_blank\" rel=\"noopener\">ARTIST WEBSITE<\/a><\/td>\n<td style=\"text-align: justify;\"><\/td>\n<\/tr>\n<\/tbody>\n<\/table>\n<p>&nbsp;<\/p>\n<p><iframe title=\"IRENE CRUZ Die stille \/ Silence \/ El Silencio\" width=\"980\" height=\"551\" src=\"https:\/\/www.youtube.com\/embed\/5VIbM4dpoZ4?feature=oembed\" frameborder=\"0\" allow=\"accelerometer; autoplay; clipboard-write; encrypted-media; gyroscope; picture-in-picture\" allowfullscreen><\/iframe><\/p>\n","protected":false},"excerpt":{"rendered":"<p>DIE STILLE &nbsp;(Silence \/ El Silencio) 1\u00b445\u00b4\u00b4 Todo su trabajo art\u00edstico se remite a la naturaleza como \u00abel todo\u00bb al que pertenecemos. Se centra en lo liminal, es decir, entre el d\u00eda y la noche, entre la tranquilidad y la inquietud, los opuestos que se desvanecen. No hay l\u00edmites. S\u00f3lo caminos, puentes, porque todo fluye.El [&hellip;]<\/p>\n","protected":false},"author":2,"featured_media":0,"parent":0,"menu_order":0,"comment_status":"closed","ping_status":"closed","template":"","meta":{"footnotes":""},"class_list":["post-115","page","type-page","status-publish","hentry"],"_links":{"self":[{"href":"https:\/\/innernature.webs.upv.es\/index.php?rest_route=\/wp\/v2\/pages\/115","targetHints":{"allow":["GET"]}}],"collection":[{"href":"https:\/\/innernature.webs.upv.es\/index.php?rest_route=\/wp\/v2\/pages"}],"about":[{"href":"https:\/\/innernature.webs.upv.es\/index.php?rest_route=\/wp\/v2\/types\/page"}],"author":[{"embeddable":true,"href":"https:\/\/innernature.webs.upv.es\/index.php?rest_route=\/wp\/v2\/users\/2"}],"replies":[{"embeddable":true,"href":"https:\/\/innernature.webs.upv.es\/index.php?rest_route=%2Fwp%2Fv2%2Fcomments&post=115"}],"version-history":[{"count":3,"href":"https:\/\/innernature.webs.upv.es\/index.php?rest_route=\/wp\/v2\/pages\/115\/revisions"}],"predecessor-version":[{"id":2504,"href":"https:\/\/innernature.webs.upv.es\/index.php?rest_route=\/wp\/v2\/pages\/115\/revisions\/2504"}],"wp:attachment":[{"href":"https:\/\/innernature.webs.upv.es\/index.php?rest_route=%2Fwp%2Fv2%2Fmedia&parent=115"}],"curies":[{"name":"wp","href":"https:\/\/api.w.org\/{rel}","templated":true}]}}