{"id":1155,"date":"2016-03-02T12:02:16","date_gmt":"2016-03-02T12:02:16","guid":{"rendered":"http:\/\/innernatureexhibition.com\/?page_id=1155"},"modified":"2021-06-03T12:52:32","modified_gmt":"2021-06-03T12:52:32","slug":"2-edition","status":"publish","type":"page","link":"https:\/\/innernature.webs.upv.es\/?page_id=1155","title":{"rendered":"2nd edition"},"content":{"rendered":"<p>&nbsp;<\/p>\n<table frame=\"void\">\n<tbody>\n<tr>\n<td><a href=\"https:\/\/innernature.webs.upv.es\/?page_id=943\"><img decoding=\"async\" class=\"alignleft wp-image-900 size-medium\" src=\"https:\/\/innernature.webs.upv.es\/wp-content\/uploads\/2015\/12\/coline-y-sarah-copia-300x150.jpg\" alt=\"Coline y Sarah copia\" width=\"300\" height=\"150\" srcset=\"https:\/\/innernature.webs.upv.es\/wp-content\/uploads\/2015\/12\/coline-y-sarah-copia-300x150.jpg 300w, https:\/\/innernature.webs.upv.es\/wp-content\/uploads\/2015\/12\/coline-y-sarah-copia-768x384.jpg 768w, https:\/\/innernature.webs.upv.es\/wp-content\/uploads\/2015\/12\/coline-y-sarah-copia-1024x512.jpg 1024w, https:\/\/innernature.webs.upv.es\/wp-content\/uploads\/2015\/12\/coline-y-sarah-copia.jpg 1134w\" sizes=\"(max-width: 300px) 100vw, 300px\" \/><\/a><\/p>\n<p>CAUSSADE &amp; CLERVAL<\/td>\n<td><a href=\" https:\/\/innernature.webs.upv.es\/?page_id=1101 \"><img decoding=\"async\" class=\"alignleft wp-image-901 size-medium\" src=\"https:\/\/innernature.webs.upv.es\/wp-content\/uploads\/2015\/12\/grayson-cook-copia-300x150.jpg\" alt=\"grayson cook copia\" width=\"300\" height=\"150\" srcset=\"https:\/\/innernature.webs.upv.es\/wp-content\/uploads\/2015\/12\/grayson-cook-copia-300x150.jpg 300w, https:\/\/innernature.webs.upv.es\/wp-content\/uploads\/2015\/12\/grayson-cook-copia-768x384.jpg 768w, https:\/\/innernature.webs.upv.es\/wp-content\/uploads\/2015\/12\/grayson-cook-copia-1024x512.jpg 1024w, https:\/\/innernature.webs.upv.es\/wp-content\/uploads\/2015\/12\/grayson-cook-copia.jpg 1134w\" sizes=\"(max-width: 300px) 100vw, 300px\" \/><\/a><\/p>\n<p>GRAYSON COOKE<\/td>\n<td><a href=\"https:\/\/innernature.webs.upv.es\/?page_id=1104\"><img decoding=\"async\" class=\"alignleft wp-image-902 size-medium\" src=\"https:\/\/innernature.webs.upv.es\/wp-content\/uploads\/2015\/12\/irene-cruz-copia-300x150.jpg\" alt=\"irene cruz copia\" width=\"300\" height=\"150\" srcset=\"https:\/\/innernature.webs.upv.es\/wp-content\/uploads\/2015\/12\/irene-cruz-copia-300x150.jpg 300w, https:\/\/innernature.webs.upv.es\/wp-content\/uploads\/2015\/12\/irene-cruz-copia-768x384.jpg 768w, https:\/\/innernature.webs.upv.es\/wp-content\/uploads\/2015\/12\/irene-cruz-copia-1024x512.jpg 1024w, https:\/\/innernature.webs.upv.es\/wp-content\/uploads\/2015\/12\/irene-cruz-copia.jpg 1134w\" sizes=\"(max-width: 300px) 100vw, 300px\" \/><\/a><\/p>\n<p>IRENE CRUZ<\/td>\n<\/tr>\n<tr>\n<td><a href=\"https:\/\/innernature.webs.upv.es\/?page_id=1107\"><img loading=\"lazy\" decoding=\"async\" class=\"alignleft wp-image-903 size-medium\" src=\"https:\/\/innernature.webs.upv.es\/wp-content\/uploads\/2015\/12\/carla-della-beffa-copia-300x150.jpg\" alt=\"Carla Della Beffa copia\" width=\"300\" height=\"150\" srcset=\"https:\/\/innernature.webs.upv.es\/wp-content\/uploads\/2015\/12\/carla-della-beffa-copia-300x150.jpg 300w, https:\/\/innernature.webs.upv.es\/wp-content\/uploads\/2015\/12\/carla-della-beffa-copia-768x384.jpg 768w, https:\/\/innernature.webs.upv.es\/wp-content\/uploads\/2015\/12\/carla-della-beffa-copia-1024x512.jpg 1024w, https:\/\/innernature.webs.upv.es\/wp-content\/uploads\/2015\/12\/carla-della-beffa-copia.jpg 1134w\" sizes=\"(max-width: 300px) 100vw, 300px\" \/><\/a><\/p>\n<p>CARLA DELLA BEFFA<\/td>\n<td><a href=\" https:\/\/innernature.webs.upv.es\/?page_id=956 \"><img loading=\"lazy\" decoding=\"async\" class=\"alignleft wp-image-904 size-medium\" src=\"https:\/\/innernature.webs.upv.es\/wp-content\/uploads\/2015\/12\/elise-copia-300x150.jpg\" alt=\"elise copia\" width=\"300\" height=\"150\" srcset=\"https:\/\/innernature.webs.upv.es\/wp-content\/uploads\/2015\/12\/elise-copia-300x150.jpg 300w, https:\/\/innernature.webs.upv.es\/wp-content\/uploads\/2015\/12\/elise-copia-768x384.jpg 768w, https:\/\/innernature.webs.upv.es\/wp-content\/uploads\/2015\/12\/elise-copia-1024x512.jpg 1024w, https:\/\/innernature.webs.upv.es\/wp-content\/uploads\/2015\/12\/elise-copia.jpg 1134w\" sizes=\"(max-width: 300px) 100vw, 300px\" \/><\/a><\/p>\n<p>ELISE EERAERTS<\/td>\n<td><a href=\"https:\/\/innernature.webs.upv.es\/?page_id=1108\"><img loading=\"lazy\" decoding=\"async\" class=\"alignleft wp-image-905 size-medium\" src=\"https:\/\/innernature.webs.upv.es\/wp-content\/uploads\/2015\/12\/alicia-fernc3a1ndez-copia-300x150.jpg\" alt=\"Alicia Fern\u00e1ndez copia\" width=\"300\" height=\"150\" srcset=\"https:\/\/innernature.webs.upv.es\/wp-content\/uploads\/2015\/12\/alicia-fernc3a1ndez-copia-300x150.jpg 300w, https:\/\/innernature.webs.upv.es\/wp-content\/uploads\/2015\/12\/alicia-fernc3a1ndez-copia-768x384.jpg 768w, https:\/\/innernature.webs.upv.es\/wp-content\/uploads\/2015\/12\/alicia-fernc3a1ndez-copia-1024x512.jpg 1024w, https:\/\/innernature.webs.upv.es\/wp-content\/uploads\/2015\/12\/alicia-fernc3a1ndez-copia.jpg 1134w\" sizes=\"(max-width: 300px) 100vw, 300px\" \/><\/a><\/p>\n<p>ALICIA FERN\u00c1NDEZ<\/td>\n<\/tr>\n<tr>\n<td><a href=\"https:\/\/innernature.webs.upv.es\/?page_id=1112\"><img loading=\"lazy\" decoding=\"async\" class=\"alignleft wp-image-920 size-medium\" src=\"https:\/\/innernature.webs.upv.es\/wp-content\/uploads\/2015\/12\/valerie-furnham-copia-300x150.jpg\" alt=\"Valerie Furnham copia\" width=\"300\" height=\"150\" srcset=\"https:\/\/innernature.webs.upv.es\/wp-content\/uploads\/2015\/12\/valerie-furnham-copia-300x150.jpg 300w, https:\/\/innernature.webs.upv.es\/wp-content\/uploads\/2015\/12\/valerie-furnham-copia-768x384.jpg 768w, https:\/\/innernature.webs.upv.es\/wp-content\/uploads\/2015\/12\/valerie-furnham-copia-1024x512.jpg 1024w, https:\/\/innernature.webs.upv.es\/wp-content\/uploads\/2015\/12\/valerie-furnham-copia.jpg 1134w\" sizes=\"(max-width: 300px) 100vw, 300px\" \/><\/a><\/p>\n<p>VALERIE FURNHAM<\/td>\n<td><a href=\"https:\/\/innernature.webs.upv.es\/?page_id=1122\"><img loading=\"lazy\" decoding=\"async\" class=\"alignleft wp-image-916 size-medium\" src=\"https:\/\/innernature.webs.upv.es\/wp-content\/uploads\/2015\/12\/maren-derenk-copia-300x150.jpg\" alt=\"Maren Derenk copia\" width=\"300\" height=\"150\" srcset=\"https:\/\/innernature.webs.upv.es\/wp-content\/uploads\/2015\/12\/maren-derenk-copia-300x150.jpg 300w, https:\/\/innernature.webs.upv.es\/wp-content\/uploads\/2015\/12\/maren-derenk-copia-768x384.jpg 768w, https:\/\/innernature.webs.upv.es\/wp-content\/uploads\/2015\/12\/maren-derenk-copia-1024x512.jpg 1024w, https:\/\/innernature.webs.upv.es\/wp-content\/uploads\/2015\/12\/maren-derenk-copia.jpg 1134w\" sizes=\"(max-width: 300px) 100vw, 300px\" \/><\/a><\/p>\n<p>MAREN GEDENK<\/td>\n<td><a href=\"https:\/\/innernature.webs.upv.es\/?page_id=1129\"><img loading=\"lazy\" decoding=\"async\" class=\"alignleft wp-image-913 size-medium\" src=\"https:\/\/innernature.webs.upv.es\/wp-content\/uploads\/2015\/12\/gilewicz-wojciech-copia-300x150.jpg\" alt=\"Gilewicz, Wojciech copia\" width=\"300\" height=\"150\" srcset=\"https:\/\/innernature.webs.upv.es\/wp-content\/uploads\/2015\/12\/gilewicz-wojciech-copia-300x150.jpg 300w, https:\/\/innernature.webs.upv.es\/wp-content\/uploads\/2015\/12\/gilewicz-wojciech-copia-768x384.jpg 768w, https:\/\/innernature.webs.upv.es\/wp-content\/uploads\/2015\/12\/gilewicz-wojciech-copia-1024x512.jpg 1024w, https:\/\/innernature.webs.upv.es\/wp-content\/uploads\/2015\/12\/gilewicz-wojciech-copia.jpg 1134w\" sizes=\"(max-width: 300px) 100vw, 300px\" \/><\/a><\/p>\n<p>WOJCIECH GILEWICZ<\/td>\n<\/tr>\n<tr>\n<td><a href=\"https:\/\/innernature.webs.upv.es\/?page_id=1133 \"><img loading=\"lazy\" decoding=\"async\" class=\"alignleft wp-image-912 size-medium\" src=\"https:\/\/innernature.webs.upv.es\/wp-content\/uploads\/2015\/12\/dan-hudson-copia-300x150.jpg\" alt=\"Dan Hudson copia\" width=\"300\" height=\"150\" srcset=\"https:\/\/innernature.webs.upv.es\/wp-content\/uploads\/2015\/12\/dan-hudson-copia-300x150.jpg 300w, https:\/\/innernature.webs.upv.es\/wp-content\/uploads\/2015\/12\/dan-hudson-copia-768x384.jpg 768w, https:\/\/innernature.webs.upv.es\/wp-content\/uploads\/2015\/12\/dan-hudson-copia-1024x512.jpg 1024w, https:\/\/innernature.webs.upv.es\/wp-content\/uploads\/2015\/12\/dan-hudson-copia.jpg 1134w\" sizes=\"(max-width: 300px) 100vw, 300px\" \/><\/a><\/p>\n<p>DAN HUDSON<\/td>\n<td><a href=\"https:\/\/innernature.webs.upv.es\/?page_id=1136 \"><img loading=\"lazy\" decoding=\"async\" class=\"alignleft wp-image-908 size-medium\" src=\"https:\/\/innernature.webs.upv.es\/wp-content\/uploads\/2015\/12\/argenis-ibac3b1ez-copia.jpg?w=300\" alt=\"Argenis Iba\u00f1ez copia\" width=\"300\" height=\"150\" srcset=\"https:\/\/innernature.webs.upv.es\/wp-content\/uploads\/2015\/12\/argenis-ibac3b1ez-copia.jpg 1134w, https:\/\/innernature.webs.upv.es\/wp-content\/uploads\/2015\/12\/argenis-ibac3b1ez-copia-300x150.jpg 300w, https:\/\/innernature.webs.upv.es\/wp-content\/uploads\/2015\/12\/argenis-ibac3b1ez-copia-768x384.jpg 768w, https:\/\/innernature.webs.upv.es\/wp-content\/uploads\/2015\/12\/argenis-ibac3b1ez-copia-1024x512.jpg 1024w\" sizes=\"(max-width: 300px) 100vw, 300px\" \/><\/a><\/p>\n<p>ARGENIS IBA\u00d1EZ<\/td>\n<td><a href=\"https:\/\/innernature.webs.upv.es\/?page_id=1097\"><img loading=\"lazy\" decoding=\"async\" class=\"alignleft wp-image-910 size-medium\" src=\"https:\/\/innernature.webs.upv.es\/wp-content\/uploads\/2015\/12\/bianca-lee-vazquez-copia-300x150.jpg\" alt=\"BIanca Lee Vazquez copia\" width=\"300\" height=\"150\" srcset=\"https:\/\/innernature.webs.upv.es\/wp-content\/uploads\/2015\/12\/bianca-lee-vazquez-copia-300x150.jpg 300w, https:\/\/innernature.webs.upv.es\/wp-content\/uploads\/2015\/12\/bianca-lee-vazquez-copia-768x384.jpg 768w, https:\/\/innernature.webs.upv.es\/wp-content\/uploads\/2015\/12\/bianca-lee-vazquez-copia-1024x512.jpg 1024w, https:\/\/innernature.webs.upv.es\/wp-content\/uploads\/2015\/12\/bianca-lee-vazquez-copia.jpg 1134w\" sizes=\"(max-width: 300px) 100vw, 300px\" \/><\/a><\/p>\n<p>BIANCA LEE VASQUEZ<\/td>\n<\/tr>\n<tr>\n<td><a href=\"https:\/\/innernature.webs.upv.es\/?page_id=969\"><img loading=\"lazy\" decoding=\"async\" class=\"alignleft wp-image-911 size-medium\" src=\"https:\/\/innernature.webs.upv.es\/wp-content\/uploads\/2015\/12\/cristen-copia-300x150.jpg\" alt=\"cristen copia\" width=\"300\" height=\"150\" srcset=\"https:\/\/innernature.webs.upv.es\/wp-content\/uploads\/2015\/12\/cristen-copia-300x150.jpg 300w, https:\/\/innernature.webs.upv.es\/wp-content\/uploads\/2015\/12\/cristen-copia-768x384.jpg 768w, https:\/\/innernature.webs.upv.es\/wp-content\/uploads\/2015\/12\/cristen-copia-1024x512.jpg 1024w, https:\/\/innernature.webs.upv.es\/wp-content\/uploads\/2015\/12\/cristen-copia.jpg 1134w\" sizes=\"(max-width: 300px) 100vw, 300px\" \/><\/a><\/p>\n<p>CRISTEN LEIFHEIT<\/td>\n<td><a href=\"https:\/\/innernature.webs.upv.es\/?page_id=977\"><img loading=\"lazy\" decoding=\"async\" class=\"alignleft wp-image-918 size-medium\" src=\"https:\/\/innernature.webs.upv.es\/wp-content\/uploads\/2015\/12\/nuria-mosqueira-copia-300x150.jpg\" alt=\"nuria mosqueira copia\" width=\"300\" height=\"150\" srcset=\"https:\/\/innernature.webs.upv.es\/wp-content\/uploads\/2015\/12\/nuria-mosqueira-copia-300x150.jpg 300w, https:\/\/innernature.webs.upv.es\/wp-content\/uploads\/2015\/12\/nuria-mosqueira-copia-768x384.jpg 768w, https:\/\/innernature.webs.upv.es\/wp-content\/uploads\/2015\/12\/nuria-mosqueira-copia-1024x512.jpg 1024w, https:\/\/innernature.webs.upv.es\/wp-content\/uploads\/2015\/12\/nuria-mosqueira-copia.jpg 1134w\" sizes=\"(max-width: 300px) 100vw, 300px\" \/><\/a><\/p>\n<p>NURIA MOSQUEIRA<\/td>\n<td><a href=\"https:\/\/innernature.webs.upv.es\/?page_id=984\"><img loading=\"lazy\" decoding=\"async\" class=\"alignleft wp-image-915 size-medium\" src=\"https:\/\/innernature.webs.upv.es\/wp-content\/uploads\/2015\/12\/johana-reich-copia-300x150.jpg\" alt=\"johana reich copia\" width=\"300\" height=\"150\" srcset=\"https:\/\/innernature.webs.upv.es\/wp-content\/uploads\/2015\/12\/johana-reich-copia-300x150.jpg 300w, https:\/\/innernature.webs.upv.es\/wp-content\/uploads\/2015\/12\/johana-reich-copia-768x384.jpg 768w, https:\/\/innernature.webs.upv.es\/wp-content\/uploads\/2015\/12\/johana-reich-copia-1024x512.jpg 1024w, https:\/\/innernature.webs.upv.es\/wp-content\/uploads\/2015\/12\/johana-reich-copia.jpg 1134w\" sizes=\"(max-width: 300px) 100vw, 300px\" \/><\/a><\/p>\n<p>JOHANNA REICH<\/td>\n<\/tr>\n<tr>\n<td><a href=\"https:\/\/innernature.webs.upv.es\/?page_id=1089 \"><img loading=\"lazy\" decoding=\"async\" class=\"alignleft wp-image-914 size-medium\" src=\"https:\/\/innernature.webs.upv.es\/wp-content\/uploads\/2015\/12\/jacon-steensen-copia-300x150.jpg\" alt=\"jacon steensen copia\" width=\"300\" height=\"150\" srcset=\"https:\/\/innernature.webs.upv.es\/wp-content\/uploads\/2015\/12\/jacon-steensen-copia-300x150.jpg 300w, https:\/\/innernature.webs.upv.es\/wp-content\/uploads\/2015\/12\/jacon-steensen-copia-768x384.jpg 768w, https:\/\/innernature.webs.upv.es\/wp-content\/uploads\/2015\/12\/jacon-steensen-copia-1024x512.jpg 1024w, https:\/\/innernature.webs.upv.es\/wp-content\/uploads\/2015\/12\/jacon-steensen-copia.jpg 1134w\" sizes=\"(max-width: 300px) 100vw, 300px\" \/><\/a><\/p>\n<p>JAKOB STEENSEN<\/td>\n<td><a href=\"https:\/\/innernature.webs.upv.es\/?page_id=1139\"><img loading=\"lazy\" decoding=\"async\" class=\"alignleft wp-image-909 size-medium\" src=\"https:\/\/innernature.webs.upv.es\/wp-content\/uploads\/2015\/12\/aria-sukapura-sutra-copia-300x150.jpg\" alt=\"Aria Sukapura Sutra copia\" width=\"300\" height=\"150\" srcset=\"https:\/\/innernature.webs.upv.es\/wp-content\/uploads\/2015\/12\/aria-sukapura-sutra-copia-300x150.jpg 300w, https:\/\/innernature.webs.upv.es\/wp-content\/uploads\/2015\/12\/aria-sukapura-sutra-copia-768x384.jpg 768w, https:\/\/innernature.webs.upv.es\/wp-content\/uploads\/2015\/12\/aria-sukapura-sutra-copia-1024x512.jpg 1024w, https:\/\/innernature.webs.upv.es\/wp-content\/uploads\/2015\/12\/aria-sukapura-sutra-copia.jpg 1134w\" sizes=\"(max-width: 300px) 100vw, 300px\" \/><\/a><\/p>\n<p>ARYA SUKAPURA PUTRA<\/td>\n<td><a href=\"https:\/\/innernature.webs.upv.es\/?page_id=1093 \"><img loading=\"lazy\" decoding=\"async\" class=\"alignleft wp-image-922 size-medium\" src=\"https:\/\/innernature.webs.upv.es\/wp-content\/uploads\/2015\/12\/germc3a1n-torres-300x150.jpg\" alt=\"Germ\u00e1n Torres\" width=\"300\" height=\"150\" srcset=\"https:\/\/innernature.webs.upv.es\/wp-content\/uploads\/2015\/12\/germc3a1n-torres-300x150.jpg 300w, https:\/\/innernature.webs.upv.es\/wp-content\/uploads\/2015\/12\/germc3a1n-torres-768x384.jpg 768w, https:\/\/innernature.webs.upv.es\/wp-content\/uploads\/2015\/12\/germc3a1n-torres-1024x512.jpg 1024w, https:\/\/innernature.webs.upv.es\/wp-content\/uploads\/2015\/12\/germc3a1n-torres.jpg 1134w\" sizes=\"(max-width: 300px) 100vw, 300px\" \/><\/a><\/p>\n<p>GERM\u00c1N TORRES<\/td>\n<\/tr>\n<tr>\n<td><a href=\"https:\/\/innernature.webs.upv.es\/?page_id=1116\"><img loading=\"lazy\" decoding=\"async\" class=\"alignleft wp-image-919 size-medium\" src=\"https:\/\/innernature.webs.upv.es\/wp-content\/uploads\/2015\/12\/tout-nu-copia-300x150.jpg\" alt=\"Tout Nu copia\" width=\"300\" height=\"150\" srcset=\"https:\/\/innernature.webs.upv.es\/wp-content\/uploads\/2015\/12\/tout-nu-copia-300x150.jpg 300w, https:\/\/innernature.webs.upv.es\/wp-content\/uploads\/2015\/12\/tout-nu-copia-768x384.jpg 768w, https:\/\/innernature.webs.upv.es\/wp-content\/uploads\/2015\/12\/tout-nu-copia-1024x512.jpg 1024w, https:\/\/innernature.webs.upv.es\/wp-content\/uploads\/2015\/12\/tout-nu-copia.jpg 1134w\" sizes=\"(max-width: 300px) 100vw, 300px\" \/><\/a><\/p>\n<p>COLECTIVO TOUTNU<\/td>\n<td><a href=\"https:\/\/innernature.webs.upv.es\/?page_id=1142 \"><img loading=\"lazy\" decoding=\"async\" class=\"alignleft wp-image-917 size-medium\" src=\"https:\/\/innernature.webs.upv.es\/wp-content\/uploads\/2015\/12\/michael-trommer-copia-300x150.jpg\" alt=\"\" width=\"300\" height=\"150\" srcset=\"https:\/\/innernature.webs.upv.es\/wp-content\/uploads\/2015\/12\/michael-trommer-copia-300x150.jpg 300w, https:\/\/innernature.webs.upv.es\/wp-content\/uploads\/2015\/12\/michael-trommer-copia-768x384.jpg 768w, https:\/\/innernature.webs.upv.es\/wp-content\/uploads\/2015\/12\/michael-trommer-copia-1024x512.jpg 1024w, https:\/\/innernature.webs.upv.es\/wp-content\/uploads\/2015\/12\/michael-trommer-copia.jpg 1134w\" sizes=\"(max-width: 300px) 100vw, 300px\" \/><\/a><\/p>\n<p>MICHAEL TROMMER<\/td>\n<td><a href=\"https:\/\/innernature.webs.upv.es\/?page_id=1145 \"><img loading=\"lazy\" decoding=\"async\" class=\"alignleft wp-image-921 size-medium\" src=\"https:\/\/innernature.webs.upv.es\/wp-content\/uploads\/2015\/12\/valerie-wolfgang-copia-300x150.jpg\" alt=\"\" width=\"300\" height=\"150\" srcset=\"https:\/\/innernature.webs.upv.es\/wp-content\/uploads\/2015\/12\/valerie-wolfgang-copia-300x150.jpg 300w, https:\/\/innernature.webs.upv.es\/wp-content\/uploads\/2015\/12\/valerie-wolfgang-copia-768x384.jpg 768w, https:\/\/innernature.webs.upv.es\/wp-content\/uploads\/2015\/12\/valerie-wolfgang-copia-1024x512.jpg 1024w, https:\/\/innernature.webs.upv.es\/wp-content\/uploads\/2015\/12\/valerie-wolfgang-copia.jpg 1134w\" sizes=\"(max-width: 300px) 100vw, 300px\" \/><\/a><\/p>\n<p>VALERIE WOLF GANG<\/td>\n<\/tr>\n<\/tbody>\n<\/table>\n<p>&nbsp;<\/p>\n","protected":false},"excerpt":{"rendered":"<p>&nbsp; CAUSSADE &amp; CLERVAL GRAYSON COOKE IRENE CRUZ CARLA DELLA BEFFA ELISE EERAERTS ALICIA FERN\u00c1NDEZ VALERIE FURNHAM MAREN GEDENK WOJCIECH GILEWICZ DAN HUDSON ARGENIS IBA\u00d1EZ BIANCA LEE VASQUEZ CRISTEN LEIFHEIT NURIA MOSQUEIRA JOHANNA REICH JAKOB STEENSEN ARYA SUKAPURA PUTRA GERM\u00c1N TORRES COLECTIVO TOUTNU MICHAEL TROMMER VALERIE WOLF GANG &nbsp;<\/p>\n","protected":false},"author":2,"featured_media":0,"parent":0,"menu_order":3,"comment_status":"closed","ping_status":"closed","template":"","meta":{"footnotes":""},"class_list":["post-1155","page","type-page","status-publish","hentry"],"_links":{"self":[{"href":"https:\/\/innernature.webs.upv.es\/index.php?rest_route=\/wp\/v2\/pages\/1155","targetHints":{"allow":["GET"]}}],"collection":[{"href":"https:\/\/innernature.webs.upv.es\/index.php?rest_route=\/wp\/v2\/pages"}],"about":[{"href":"https:\/\/innernature.webs.upv.es\/index.php?rest_route=\/wp\/v2\/types\/page"}],"author":[{"embeddable":true,"href":"https:\/\/innernature.webs.upv.es\/index.php?rest_route=\/wp\/v2\/users\/2"}],"replies":[{"embeddable":true,"href":"https:\/\/innernature.webs.upv.es\/index.php?rest_route=%2Fwp%2Fv2%2Fcomments&post=1155"}],"version-history":[{"count":5,"href":"https:\/\/innernature.webs.upv.es\/index.php?rest_route=\/wp\/v2\/pages\/1155\/revisions"}],"predecessor-version":[{"id":2467,"href":"https:\/\/innernature.webs.upv.es\/index.php?rest_route=\/wp\/v2\/pages\/1155\/revisions\/2467"}],"wp:attachment":[{"href":"https:\/\/innernature.webs.upv.es\/index.php?rest_route=%2Fwp%2Fv2%2Fmedia&parent=1155"}],"curies":[{"name":"wp","href":"https:\/\/api.w.org\/{rel}","templated":true}]}}