{"id":1452,"date":"2017-06-10T16:03:17","date_gmt":"2017-06-10T16:03:17","guid":{"rendered":"http:\/\/innernatureexhibition.com\/?page_id=1452"},"modified":"2021-06-03T14:55:45","modified_gmt":"2021-06-03T14:55:45","slug":"climate-sustainability-the-arts","status":"publish","type":"page","link":"https:\/\/innernature.webs.upv.es\/?page_id=1452","title":{"rendered":"CLIMATE, SUSTAINABILITY &#038; THE ARTS. TEMPLE UNIVERSITY"},"content":{"rendered":"<figure id=\"attachment_1531\" aria-describedby=\"caption-attachment-1531\" style=\"width: 1184px\" class=\"wp-caption aligncenter\"><img fetchpriority=\"high\" decoding=\"async\" class=\"wp-image-1531 size-full\" src=\"https:\/\/innernature.webs.upv.es\/wp-content\/uploads\/2017\/06\/unnamed-1.jpg\" alt=\"\" width=\"1184\" height=\"301\" srcset=\"https:\/\/innernature.webs.upv.es\/wp-content\/uploads\/2017\/06\/unnamed-1.jpg 1184w, https:\/\/innernature.webs.upv.es\/wp-content\/uploads\/2017\/06\/unnamed-1-300x76.jpg 300w, https:\/\/innernature.webs.upv.es\/wp-content\/uploads\/2017\/06\/unnamed-1-768x195.jpg 768w, https:\/\/innernature.webs.upv.es\/wp-content\/uploads\/2017\/06\/unnamed-1-1024x260.jpg 1024w\" sizes=\"(max-width: 1184px) 100vw, 1184px\" \/><figcaption id=\"caption-attachment-1531\" class=\"wp-caption-text\">SPACES: Sustainable Community through Social Practice Media Arts \u00a9 2015 Kuetemeyer &amp; Shetty<\/figcaption><\/figure>\n<p>&nbsp;<\/p>\n<h4>CLIMATE, SUSTAINABILITY &amp; THE ARTS<\/h4>\n<h4>Temple University, Philadelphia<\/h4>\n<table frame=\"void\">\n<tbody>\n<tr>\n<td>\n<p style=\"text-align:justify;\"><strong>CSArts&nbsp;<\/strong>is an interdisciplinary group working in the arts, sciences and new technologies at&nbsp;Temple University. In addition to our individual creative and research projects, we also support video,&nbsp;web and live events during annual World Water Day, Earth Day and Sustainability Week celebrations.<\/p>\n<p style=\"text-align:justify;\">Peter d\u2019Agostino,&nbsp;Michael Kuetemeyer,&nbsp;Dede Maitre,&nbsp;Anula Shetty,&nbsp;Meri\u00e1n Soto, Joseph M. Williams<\/p>\n<p><span style=\"color:#ffffff;\">CSArts&nbsp;es un grupo interdisciplinar especializado en arte, ciencia y nuevas tecnolog\u00edas en la universidad de Temple. Adem\u00e1s de proyectos creativos y proyectos de investigaci\u00f3n, &nbsp;organizan eventos no s\u00f3lo en directo, sino tambi\u00e9n en video y online con motivo del D\u00eda Mundial del Agua, el D\u00eda de la Tierra, y la semana de la sostenibilidad.<\/span><\/td>\n<td>\n<p style=\"text-align:justify;\">CSArts&nbsp;es un grupo interdisciplinar especializado en arte, ciencia y nuevas tecnolog\u00edas en la universidad de Temple. Adem\u00e1s de proyectos creativos y proyectos de investigaci\u00f3n, &nbsp;organizan eventos no s\u00f3lo en directo, sino tambi\u00e9n en video y online con motivo del D\u00eda Mundial del Agua, el D\u00eda de la Tierra, y la semana de la sostenibilidad.<\/p>\n<p>Peter d\u2019Agostino,&nbsp;Michael Kuetemeyer,&nbsp;Dede Maitre,&nbsp;Anula Shetty,&nbsp;Meri\u00e1n Soto, Joseph M. Williams<\/td>\n<\/tr>\n<\/tbody>\n<\/table>\n<p><a href=\"https:\/\/sites.temple.edu\/csarts\/\" target=\"_blank\" rel=\"noopener\">WEB SITE<\/a><\/p>\n","protected":false},"excerpt":{"rendered":"<p>&nbsp; CLIMATE, SUSTAINABILITY &amp; THE ARTS Temple University, Philadelphia CSArts&nbsp;is an interdisciplinary group working in the arts, sciences and new technologies at&nbsp;Temple University. In addition to our individual creative and research projects, we also support video,&nbsp;web and live events during annual World Water Day, Earth Day and Sustainability Week celebrations. Peter d\u2019Agostino,&nbsp;Michael Kuetemeyer,&nbsp;Dede Maitre,&nbsp;Anula Shetty,&nbsp;Meri\u00e1n [&hellip;]<\/p>\n","protected":false},"author":2,"featured_media":0,"parent":96,"menu_order":0,"comment_status":"closed","ping_status":"closed","template":"full-width-page.php","meta":{"footnotes":""},"class_list":["post-1452","page","type-page","status-publish","hentry"],"_links":{"self":[{"href":"https:\/\/innernature.webs.upv.es\/index.php?rest_route=\/wp\/v2\/pages\/1452","targetHints":{"allow":["GET"]}}],"collection":[{"href":"https:\/\/innernature.webs.upv.es\/index.php?rest_route=\/wp\/v2\/pages"}],"about":[{"href":"https:\/\/innernature.webs.upv.es\/index.php?rest_route=\/wp\/v2\/types\/page"}],"author":[{"embeddable":true,"href":"https:\/\/innernature.webs.upv.es\/index.php?rest_route=\/wp\/v2\/users\/2"}],"replies":[{"embeddable":true,"href":"https:\/\/innernature.webs.upv.es\/index.php?rest_route=%2Fwp%2Fv2%2Fcomments&post=1452"}],"version-history":[{"count":1,"href":"https:\/\/innernature.webs.upv.es\/index.php?rest_route=\/wp\/v2\/pages\/1452\/revisions"}],"predecessor-version":[{"id":2550,"href":"https:\/\/innernature.webs.upv.es\/index.php?rest_route=\/wp\/v2\/pages\/1452\/revisions\/2550"}],"up":[{"embeddable":true,"href":"https:\/\/innernature.webs.upv.es\/index.php?rest_route=\/wp\/v2\/pages\/96"}],"wp:attachment":[{"href":"https:\/\/innernature.webs.upv.es\/index.php?rest_route=%2Fwp%2Fv2%2Fmedia&parent=1452"}],"curies":[{"name":"wp","href":"https:\/\/api.w.org\/{rel}","templated":true}]}}