{"id":1456,"date":"2017-06-10T16:11:58","date_gmt":"2017-06-10T16:11:58","guid":{"rendered":"http:\/\/innernatureexhibition.com\/?page_id=1456"},"modified":"2021-06-03T14:56:05","modified_gmt":"2021-06-03T14:56:05","slug":"el-lobi","status":"publish","type":"page","link":"https:\/\/innernature.webs.upv.es\/?page_id=1456","title":{"rendered":"EL LOBI"},"content":{"rendered":"<div data-carousel-extra='{\"blog_id\":1,\"permalink\":\"https:\\\/\\\/innernature.webs.upv.es\\\/?page_id=1456\"}' class=\"tiled-gallery type-rectangular\" data-original-width=\"980\"><div class=\"gallery-row\" style=\"width: 975px; height: 426px;\"><div class=\"gallery-group images-1\" style=\"width: 643px; height: 430px;\"><div class=\"tiled-gallery-item tiled-gallery-item-large\"><a href=\"https:\/\/innernature.webs.upv.es\/wp-content\/uploads\/2017\/06\/lobi_calle_luis-vazquez_670.png\"><img fetchpriority=\"high\" decoding=\"async\" data-attachment-id=\"1459\" data-orig-file=\"https:\/\/innernature.webs.upv.es\/wp-content\/uploads\/2017\/06\/lobi_calle_luis-vazquez_670.png\" data-orig-size=\"670,447\" data-comments-opened=\"0\" data-image-meta=\"{&quot;aperture&quot;:&quot;0&quot;,&quot;credit&quot;:&quot;&quot;,&quot;camera&quot;:&quot;&quot;,&quot;caption&quot;:&quot;&quot;,&quot;created_timestamp&quot;:&quot;0&quot;,&quot;copyright&quot;:&quot;&quot;,&quot;focal_length&quot;:&quot;0&quot;,&quot;iso&quot;:&quot;0&quot;,&quot;shutter_speed&quot;:&quot;0&quot;,&quot;title&quot;:&quot;&quot;,&quot;orientation&quot;:&quot;0&quot;}\" data-image-title=\"Lobi_calle_Luis-Vazquez_670\" data-image-description=\"\" data-medium-file=\"https:\/\/innernature.webs.upv.es\/wp-content\/uploads\/2017\/06\/lobi_calle_luis-vazquez_670-300x200.png\" data-large-file=\"https:\/\/innernature.webs.upv.es\/wp-content\/uploads\/2017\/06\/lobi_calle_luis-vazquez_670.png\" src=\"https:\/\/innernature.webs.upv.es\/wp-content\/uploads\/2017\/06\/lobi_calle_luis-vazquez_670-639x426.png\" width=\"639\" height=\"426\" align=\"left\" title=\"Lobi_calle_Luis-Vazquez_670\" \/><\/a><\/div><\/div><div class=\"gallery-group images-2\" style=\"width: 332px; height: 430px;\"><div class=\"tiled-gallery-item tiled-gallery-item-large\"><a href=\"https:\/\/innernature.webs.upv.es\/wp-content\/uploads\/2017\/06\/mc1_670.gif\"><img decoding=\"async\" data-attachment-id=\"1460\" data-orig-file=\"https:\/\/innernature.webs.upv.es\/wp-content\/uploads\/2017\/06\/mc1_670.gif\" data-orig-size=\"670,416\" data-comments-opened=\"0\" data-image-meta=\"{&quot;aperture&quot;:&quot;0&quot;,&quot;credit&quot;:&quot;&quot;,&quot;camera&quot;:&quot;&quot;,&quot;caption&quot;:&quot;&quot;,&quot;created_timestamp&quot;:&quot;0&quot;,&quot;copyright&quot;:&quot;&quot;,&quot;focal_length&quot;:&quot;0&quot;,&quot;iso&quot;:&quot;0&quot;,&quot;shutter_speed&quot;:&quot;0&quot;,&quot;title&quot;:&quot;&quot;,&quot;orientation&quot;:&quot;0&quot;}\" data-image-title=\"MC1_670\" data-image-description=\"\" data-medium-file=\"https:\/\/innernature.webs.upv.es\/wp-content\/uploads\/2017\/06\/mc1_670-300x186.gif\" data-large-file=\"https:\/\/innernature.webs.upv.es\/wp-content\/uploads\/2017\/06\/mc1_670.gif\" src=\"https:\/\/innernature.webs.upv.es\/wp-content\/uploads\/2017\/06\/mc1_670-328x204.gif\" width=\"328\" height=\"204\" align=\"left\" title=\"MC1_670\" \/><\/a><\/div><div class=\"tiled-gallery-item tiled-gallery-item-large\"><a href=\"https:\/\/innernature.webs.upv.es\/wp-content\/uploads\/2017\/06\/mc4_670.gif\"><img decoding=\"async\" data-attachment-id=\"1461\" data-orig-file=\"https:\/\/innernature.webs.upv.es\/wp-content\/uploads\/2017\/06\/mc4_670.gif\" data-orig-size=\"670,446\" data-comments-opened=\"0\" data-image-meta=\"{&quot;aperture&quot;:&quot;0&quot;,&quot;credit&quot;:&quot;&quot;,&quot;camera&quot;:&quot;&quot;,&quot;caption&quot;:&quot;&quot;,&quot;created_timestamp&quot;:&quot;0&quot;,&quot;copyright&quot;:&quot;&quot;,&quot;focal_length&quot;:&quot;0&quot;,&quot;iso&quot;:&quot;0&quot;,&quot;shutter_speed&quot;:&quot;0&quot;,&quot;title&quot;:&quot;&quot;,&quot;orientation&quot;:&quot;0&quot;}\" data-image-title=\"MC4_670\" data-image-description=\"\" data-medium-file=\"https:\/\/innernature.webs.upv.es\/wp-content\/uploads\/2017\/06\/mc4_670-300x200.gif\" data-large-file=\"https:\/\/innernature.webs.upv.es\/wp-content\/uploads\/2017\/06\/mc4_670.gif\" src=\"https:\/\/innernature.webs.upv.es\/wp-content\/uploads\/2017\/06\/mc4_670-328x218.gif\" width=\"328\" height=\"218\" align=\"left\" title=\"MC4_670\" \/><\/a><\/div><\/div><\/div><div class=\"gallery-row\" style=\"width: 975px; height: 446px;\"><div class=\"gallery-group images-2\" style=\"width: 301px; height: 450px;\"><div class=\"tiled-gallery-item tiled-gallery-item-large\"><a href=\"https:\/\/innernature.webs.upv.es\/wp-content\/uploads\/2017\/06\/img_2647_670.jpg\"><img loading=\"lazy\" decoding=\"async\" data-attachment-id=\"1457\" data-orig-file=\"https:\/\/innernature.webs.upv.es\/wp-content\/uploads\/2017\/06\/img_2647_670.jpg\" data-orig-size=\"670,499\" data-comments-opened=\"0\" data-image-meta=\"{&quot;aperture&quot;:&quot;0&quot;,&quot;credit&quot;:&quot;&quot;,&quot;camera&quot;:&quot;&quot;,&quot;caption&quot;:&quot;&quot;,&quot;created_timestamp&quot;:&quot;0&quot;,&quot;copyright&quot;:&quot;&quot;,&quot;focal_length&quot;:&quot;0&quot;,&quot;iso&quot;:&quot;0&quot;,&quot;shutter_speed&quot;:&quot;0&quot;,&quot;title&quot;:&quot;&quot;,&quot;orientation&quot;:&quot;1&quot;}\" data-image-title=\"IMG_2647_670\" data-image-description=\"\" data-medium-file=\"https:\/\/innernature.webs.upv.es\/wp-content\/uploads\/2017\/06\/img_2647_670-300x223.jpg\" data-large-file=\"https:\/\/innernature.webs.upv.es\/wp-content\/uploads\/2017\/06\/img_2647_670.jpg\" src=\"https:\/\/innernature.webs.upv.es\/wp-content\/uploads\/2017\/06\/img_2647_670-297x221.jpg\" width=\"297\" height=\"221\" align=\"left\" title=\"IMG_2647_670\" \/><\/a><\/div><div class=\"tiled-gallery-item tiled-gallery-item-large\"><a href=\"https:\/\/innernature.webs.upv.es\/wp-content\/uploads\/2017\/06\/img_2651_670.jpg\"><img loading=\"lazy\" decoding=\"async\" data-attachment-id=\"1458\" data-orig-file=\"https:\/\/innernature.webs.upv.es\/wp-content\/uploads\/2017\/06\/img_2651_670.jpg\" data-orig-size=\"670,499\" data-comments-opened=\"0\" data-image-meta=\"{&quot;aperture&quot;:&quot;0&quot;,&quot;credit&quot;:&quot;&quot;,&quot;camera&quot;:&quot;&quot;,&quot;caption&quot;:&quot;&quot;,&quot;created_timestamp&quot;:&quot;0&quot;,&quot;copyright&quot;:&quot;&quot;,&quot;focal_length&quot;:&quot;0&quot;,&quot;iso&quot;:&quot;0&quot;,&quot;shutter_speed&quot;:&quot;0&quot;,&quot;title&quot;:&quot;&quot;,&quot;orientation&quot;:&quot;1&quot;}\" data-image-title=\"IMG_2651_670\" data-image-description=\"\" data-medium-file=\"https:\/\/innernature.webs.upv.es\/wp-content\/uploads\/2017\/06\/img_2651_670-300x223.jpg\" data-large-file=\"https:\/\/innernature.webs.upv.es\/wp-content\/uploads\/2017\/06\/img_2651_670.jpg\" src=\"https:\/\/innernature.webs.upv.es\/wp-content\/uploads\/2017\/06\/img_2651_670-297x221.jpg\" width=\"297\" height=\"221\" align=\"left\" title=\"IMG_2651_670\" \/><\/a><\/div><\/div><div class=\"gallery-group images-1\" style=\"width: 674px; height: 450px;\"><div class=\"tiled-gallery-item tiled-gallery-item-large\"><a href=\"https:\/\/innernature.webs.upv.es\/wp-content\/uploads\/2017\/06\/polymetric_abdiel-segarra5_670.jpg\"><img loading=\"lazy\" decoding=\"async\" data-attachment-id=\"1462\" data-orig-file=\"https:\/\/innernature.webs.upv.es\/wp-content\/uploads\/2017\/06\/polymetric_abdiel-segarra5_670.jpg\" data-orig-size=\"670,446\" data-comments-opened=\"0\" data-image-meta=\"{&quot;aperture&quot;:&quot;3.5&quot;,&quot;credit&quot;:&quot;&quot;,&quot;camera&quot;:&quot;Canon EOS 6D&quot;,&quot;caption&quot;:&quot;&quot;,&quot;created_timestamp&quot;:&quot;1464212267&quot;,&quot;copyright&quot;:&quot;&quot;,&quot;focal_length&quot;:&quot;13&quot;,&quot;iso&quot;:&quot;640&quot;,&quot;shutter_speed&quot;:&quot;0.033333333333333&quot;,&quot;title&quot;:&quot;&quot;,&quot;orientation&quot;:&quot;1&quot;}\" data-image-title=\"polymetric_Abdiel-Segarra5_670\" data-image-description=\"\" data-medium-file=\"https:\/\/innernature.webs.upv.es\/wp-content\/uploads\/2017\/06\/polymetric_abdiel-segarra5_670-300x200.jpg\" data-large-file=\"https:\/\/innernature.webs.upv.es\/wp-content\/uploads\/2017\/06\/polymetric_abdiel-segarra5_670.jpg\" src=\"https:\/\/innernature.webs.upv.es\/wp-content\/uploads\/2017\/06\/polymetric_abdiel-segarra5_670.jpg\" width=\"670\" height=\"446\" align=\"left\" title=\"polymetric_Abdiel-Segarra5_670\" \/><\/a><\/div><\/div><\/div><\/div>\n<h4><\/h4>\n<h4>EL LOBI<\/h4>\n<h4>San Juan,&nbsp;Puerto Rico<\/h4>\n<table frame=\"void\">\n<tbody>\n<tr>\n<td style=\"text-align: justify;\">El Lobi es un punto de encuentro de artistas y agentes culturales. En el espacio se promueve la pr\u00e1ctica art\u00edstica, el pensamiento cr\u00edtico y las colaboraciones entre Puerto Rico, el Caribe, Centro y Sur Am\u00e9rica mediante talleres, encuentros, exposiciones y residencias art\u00edsticas.<\/p>\n<p>El espacio f\u00edsico est\u00e1 localizado en el barrio de Santurce, Puerto Rico, un \u00e1rea de gran actividad cultural, rodeado de galer\u00edas, talleres de artistas y dise\u00f1adores, museos y otros espacios alternativos de arte.<\/td>\n<td style=\"text-align: justify;\">El Lobi is a meeting point for artists and cultural agents. Space promotes artistic practice, critical thinking, and collaborations between Puerto Rico, the Caribbean, Central and South America through workshops, meetings, exhibitions and residencies.<\/p>\n<p>The space is located in the District of Santurce, Puerto Rico, an area of intensive cultural activity, surrounded by galleries, artists and designers ateliers, museums and other alternative art spaces.<\/td>\n<\/tr>\n<\/tbody>\n<\/table>\n<p><a href=\"http:\/\/cargocollective.com\/el_lobi\" target=\"_blank\" rel=\"noopener\">WEB SITE<\/a><\/p>\n","protected":false},"excerpt":{"rendered":"<p>EL LOBI San Juan,&nbsp;Puerto Rico El Lobi es un punto de encuentro de artistas y agentes culturales. En el espacio se promueve la pr\u00e1ctica art\u00edstica, el pensamiento cr\u00edtico y las colaboraciones entre Puerto Rico, el Caribe, Centro y Sur Am\u00e9rica mediante talleres, encuentros, exposiciones y residencias art\u00edsticas. El espacio f\u00edsico est\u00e1 localizado en el barrio [&hellip;]<\/p>\n","protected":false},"author":2,"featured_media":0,"parent":96,"menu_order":0,"comment_status":"closed","ping_status":"closed","template":"","meta":{"footnotes":""},"class_list":["post-1456","page","type-page","status-publish","hentry"],"_links":{"self":[{"href":"https:\/\/innernature.webs.upv.es\/index.php?rest_route=\/wp\/v2\/pages\/1456","targetHints":{"allow":["GET"]}}],"collection":[{"href":"https:\/\/innernature.webs.upv.es\/index.php?rest_route=\/wp\/v2\/pages"}],"about":[{"href":"https:\/\/innernature.webs.upv.es\/index.php?rest_route=\/wp\/v2\/types\/page"}],"author":[{"embeddable":true,"href":"https:\/\/innernature.webs.upv.es\/index.php?rest_route=\/wp\/v2\/users\/2"}],"replies":[{"embeddable":true,"href":"https:\/\/innernature.webs.upv.es\/index.php?rest_route=%2Fwp%2Fv2%2Fcomments&post=1456"}],"version-history":[{"count":2,"href":"https:\/\/innernature.webs.upv.es\/index.php?rest_route=\/wp\/v2\/pages\/1456\/revisions"}],"predecessor-version":[{"id":2551,"href":"https:\/\/innernature.webs.upv.es\/index.php?rest_route=\/wp\/v2\/pages\/1456\/revisions\/2551"}],"up":[{"embeddable":true,"href":"https:\/\/innernature.webs.upv.es\/index.php?rest_route=\/wp\/v2\/pages\/96"}],"wp:attachment":[{"href":"https:\/\/innernature.webs.upv.es\/index.php?rest_route=%2Fwp%2Fv2%2Fmedia&parent=1456"}],"curies":[{"name":"wp","href":"https:\/\/api.w.org\/{rel}","templated":true}]}}