{"id":1465,"date":"2017-06-10T16:20:12","date_gmt":"2017-06-10T16:20:12","guid":{"rendered":"http:\/\/innernatureexhibition.com\/?page_id=1465"},"modified":"2021-06-03T14:57:37","modified_gmt":"2021-06-03T14:57:37","slug":"la-madraza","status":"publish","type":"page","link":"https:\/\/innernature.webs.upv.es\/?page_id=1465","title":{"rendered":"LA MADRAZA"},"content":{"rendered":"<div data-carousel-extra='{\"blog_id\":1,\"permalink\":\"https:\\\/\\\/innernature.webs.upv.es\\\/?page_id=1465\"}' class=\"tiled-gallery type-rectangular\" data-original-width=\"980\"><div class=\"gallery-row\" style=\"width: 975px; height: 500px;\"><div class=\"gallery-group images-2\" style=\"width: 443px; height: 504px;\"><div class=\"tiled-gallery-item tiled-gallery-item-large\"><a href=\"https:\/\/innernature.webs.upv.es\/wp-content\/uploads\/2017\/06\/lorena-madraza2-e1513623241126.jpg\"><img fetchpriority=\"high\" decoding=\"async\" data-attachment-id=\"1575\" data-orig-file=\"https:\/\/innernature.webs.upv.es\/wp-content\/uploads\/2017\/06\/lorena-madraza2-e1513623241126.jpg\" data-orig-size=\"1536,712\" data-comments-opened=\"0\" data-image-meta=\"{&quot;aperture&quot;:&quot;0&quot;,&quot;credit&quot;:&quot;&quot;,&quot;camera&quot;:&quot;&quot;,&quot;caption&quot;:&quot;&quot;,&quot;created_timestamp&quot;:&quot;0&quot;,&quot;copyright&quot;:&quot;&quot;,&quot;focal_length&quot;:&quot;0&quot;,&quot;iso&quot;:&quot;0&quot;,&quot;shutter_speed&quot;:&quot;0&quot;,&quot;title&quot;:&quot;&quot;,&quot;orientation&quot;:&quot;0&quot;}\" data-image-title=\"lorena madraza2\" data-image-description=\"\" data-medium-file=\"https:\/\/innernature.webs.upv.es\/wp-content\/uploads\/2017\/06\/lorena-madraza2-e1513623241126-300x139.jpg\" data-large-file=\"https:\/\/innernature.webs.upv.es\/wp-content\/uploads\/2017\/06\/lorena-madraza2-e1513623241126-1024x475.jpg\" src=\"https:\/\/innernature.webs.upv.es\/wp-content\/uploads\/2017\/06\/lorena-madraza2-e1513623241126-439x203.jpg\" width=\"439\" height=\"203\" align=\"left\" title=\"lorena madraza2\" \/><\/a><\/div><div class=\"tiled-gallery-item tiled-gallery-item-large\"><a href=\"https:\/\/innernature.webs.upv.es\/wp-content\/uploads\/2018\/09\/foto_miguel_angel_cepeda_img_4154.jpg\"><img decoding=\"async\" data-attachment-id=\"2053\" data-orig-file=\"https:\/\/innernature.webs.upv.es\/wp-content\/uploads\/2018\/09\/foto_miguel_angel_cepeda_img_4154.jpg\" data-orig-size=\"567,378\" data-comments-opened=\"0\" data-image-meta=\"{&quot;aperture&quot;:&quot;5.6&quot;,&quot;credit&quot;:&quot;&quot;,&quot;camera&quot;:&quot;Canon EOS 70D&quot;,&quot;caption&quot;:&quot;&quot;,&quot;created_timestamp&quot;:&quot;1529324610&quot;,&quot;copyright&quot;:&quot;&quot;,&quot;focal_length&quot;:&quot;18&quot;,&quot;iso&quot;:&quot;100&quot;,&quot;shutter_speed&quot;:&quot;0.4&quot;,&quot;title&quot;:&quot;&quot;,&quot;orientation&quot;:&quot;1&quot;}\" data-image-title=\"FOTO_MIGUEL_ANGEL_CEPEDA_IMG_4154\" data-image-description=\"\" data-medium-file=\"https:\/\/innernature.webs.upv.es\/wp-content\/uploads\/2018\/09\/foto_miguel_angel_cepeda_img_4154-300x200.jpg\" data-large-file=\"https:\/\/innernature.webs.upv.es\/wp-content\/uploads\/2018\/09\/foto_miguel_angel_cepeda_img_4154.jpg\" src=\"https:\/\/innernature.webs.upv.es\/wp-content\/uploads\/2018\/09\/foto_miguel_angel_cepeda_img_4154-439x293.jpg\" width=\"439\" height=\"293\" align=\"left\" title=\"FOTO_MIGUEL_ANGEL_CEPEDA_IMG_4154\" \/><\/a><\/div><\/div><div class=\"gallery-group images-1\" style=\"width: 532px; height: 504px;\"><div class=\"tiled-gallery-item tiled-gallery-item-large\"><a href=\"https:\/\/innernature.webs.upv.es\/wp-content\/uploads\/2017\/06\/madraza-maz-calidad.jpg\"><img decoding=\"async\" data-attachment-id=\"1580\" data-orig-file=\"https:\/\/innernature.webs.upv.es\/wp-content\/uploads\/2017\/06\/madraza-maz-calidad.jpg\" data-orig-size=\"1786,1690\" data-comments-opened=\"0\" data-image-meta=\"{&quot;aperture&quot;:&quot;0&quot;,&quot;credit&quot;:&quot;&quot;,&quot;camera&quot;:&quot;&quot;,&quot;caption&quot;:&quot;&quot;,&quot;created_timestamp&quot;:&quot;0&quot;,&quot;copyright&quot;:&quot;&quot;,&quot;focal_length&quot;:&quot;0&quot;,&quot;iso&quot;:&quot;0&quot;,&quot;shutter_speed&quot;:&quot;0&quot;,&quot;title&quot;:&quot;&quot;,&quot;orientation&quot;:&quot;1&quot;}\" data-image-title=\"madraza maz calidad\" data-image-description=\"\" data-medium-file=\"https:\/\/innernature.webs.upv.es\/wp-content\/uploads\/2017\/06\/madraza-maz-calidad-300x284.jpg\" data-large-file=\"https:\/\/innernature.webs.upv.es\/wp-content\/uploads\/2017\/06\/madraza-maz-calidad-1024x969.jpg\" src=\"https:\/\/innernature.webs.upv.es\/wp-content\/uploads\/2017\/06\/madraza-maz-calidad-528x500.jpg\" width=\"528\" height=\"500\" align=\"left\" title=\"madraza maz calidad\" \/><\/a><\/div><\/div><\/div><div class=\"gallery-row\" style=\"width: 975px; height: 328px;\"><div class=\"gallery-group images-1\" style=\"width: 534px; height: 332px;\"><div class=\"tiled-gallery-item tiled-gallery-item-large\"><a href=\"https:\/\/innernature.webs.upv.es\/wp-content\/uploads\/2018\/09\/madraza2018_3-copia1.jpg\"><img loading=\"lazy\" decoding=\"async\" data-attachment-id=\"2054\" data-orig-file=\"https:\/\/innernature.webs.upv.es\/wp-content\/uploads\/2018\/09\/madraza2018_3-copia1.jpg\" data-orig-size=\"567,351\" data-comments-opened=\"0\" data-image-meta=\"{&quot;aperture&quot;:&quot;0&quot;,&quot;credit&quot;:&quot;&quot;,&quot;camera&quot;:&quot;&quot;,&quot;caption&quot;:&quot;&quot;,&quot;created_timestamp&quot;:&quot;1530089698&quot;,&quot;copyright&quot;:&quot;&quot;,&quot;focal_length&quot;:&quot;0&quot;,&quot;iso&quot;:&quot;0&quot;,&quot;shutter_speed&quot;:&quot;0&quot;,&quot;title&quot;:&quot;&quot;,&quot;orientation&quot;:&quot;1&quot;}\" data-image-title=\"madraza2018_3 copia\" data-image-description=\"\" data-medium-file=\"https:\/\/innernature.webs.upv.es\/wp-content\/uploads\/2018\/09\/madraza2018_3-copia1-300x186.jpg\" data-large-file=\"https:\/\/innernature.webs.upv.es\/wp-content\/uploads\/2018\/09\/madraza2018_3-copia1.jpg\" src=\"https:\/\/innernature.webs.upv.es\/wp-content\/uploads\/2018\/09\/madraza2018_3-copia1-530x328.jpg\" width=\"530\" height=\"328\" align=\"left\" title=\"madraza2018_3 copia\" \/><\/a><\/div><\/div><div class=\"gallery-group images-1\" style=\"width: 441px; height: 332px;\"><div class=\"tiled-gallery-item tiled-gallery-item-large\"><a href=\"https:\/\/innernature.webs.upv.es\/wp-content\/uploads\/2017\/06\/lorena-madraza.jpg\"><img loading=\"lazy\" decoding=\"async\" data-attachment-id=\"1574\" data-orig-file=\"https:\/\/innernature.webs.upv.es\/wp-content\/uploads\/2017\/06\/lorena-madraza.jpg\" data-orig-size=\"1600,1200\" data-comments-opened=\"0\" data-image-meta=\"{&quot;aperture&quot;:&quot;0&quot;,&quot;credit&quot;:&quot;&quot;,&quot;camera&quot;:&quot;&quot;,&quot;caption&quot;:&quot;&quot;,&quot;created_timestamp&quot;:&quot;0&quot;,&quot;copyright&quot;:&quot;&quot;,&quot;focal_length&quot;:&quot;0&quot;,&quot;iso&quot;:&quot;0&quot;,&quot;shutter_speed&quot;:&quot;0&quot;,&quot;title&quot;:&quot;&quot;,&quot;orientation&quot;:&quot;0&quot;}\" data-image-title=\"lorena madraza\" data-image-description=\"\" data-medium-file=\"https:\/\/innernature.webs.upv.es\/wp-content\/uploads\/2017\/06\/lorena-madraza-300x225.jpg\" data-large-file=\"https:\/\/innernature.webs.upv.es\/wp-content\/uploads\/2017\/06\/lorena-madraza-1024x768.jpg\" src=\"https:\/\/innernature.webs.upv.es\/wp-content\/uploads\/2017\/06\/lorena-madraza-437x328.jpg\" width=\"437\" height=\"328\" align=\"left\" title=\"lorena madraza\" \/><\/a><\/div><\/div><\/div><\/div>\n<h4><\/h4>\n<h4>LA MADRAZA. Centro de Cultura Contempor\u00e1nea, UGR.<\/h4>\n<p>Granada, Spain.<\/p>\n<table frame=\"void\">\n<tbody>\n<tr>\n<td style=\"text-align: justify;\">La Madraza. Centro de Cultura Contempor\u00e1nea de la Universidad de Granada es el centro de referencia de la programaci\u00f3n cultural de la UGR, desarrollando sus actividades dentro del Vicerrectorado de Extensi\u00f3n Universitaria. Espacio de reflexi\u00f3n global en torno a la creaci\u00f3n y el conocimiento actual, dentro de su amplia programaci\u00f3n se incluyen actividades relacionadas con la pr\u00e1ctica art\u00edstica, musical, esc\u00e9nica y cinematogr\u00e1fica, as\u00ed como con la divulgaci\u00f3n de las humanidades, las ciencias sociales y jur\u00eddicas, las ciencias experimentales, las medioambientales y las tecnol\u00f3gicas.<\/td>\n<td style=\"text-align: justify;\">The Madraza. Center of Contemporary Culture is the center of reference of the cultural programmes of the University of Granada, developing its activities through the Office of University Outreach. It is a space for global reflection on the creation and knowledge. Its broad programmes include activities related to artistic, musical, drama and film practice, as well as the dissemination of humanities, social and legal sciences or of environmental and technological sciences.<\/td>\n<\/tr>\n<\/tbody>\n<\/table>\n<p><a href=\"https:\/\/lamadraza.ugr.es\" target=\"_blank\" rel=\"noopener\">WEB SITE<\/a><\/p>\n","protected":false},"excerpt":{"rendered":"<p>LA MADRAZA. Centro de Cultura Contempor\u00e1nea, UGR. Granada, Spain. La Madraza. Centro de Cultura Contempor\u00e1nea de la Universidad de Granada es el centro de referencia de la programaci\u00f3n cultural de la UGR, desarrollando sus actividades dentro del Vicerrectorado de Extensi\u00f3n Universitaria. Espacio de reflexi\u00f3n global en torno a la creaci\u00f3n y el conocimiento actual, dentro [&hellip;]<\/p>\n","protected":false},"author":2,"featured_media":0,"parent":96,"menu_order":0,"comment_status":"closed","ping_status":"closed","template":"","meta":{"footnotes":""},"class_list":["post-1465","page","type-page","status-publish","hentry"],"_links":{"self":[{"href":"https:\/\/innernature.webs.upv.es\/index.php?rest_route=\/wp\/v2\/pages\/1465","targetHints":{"allow":["GET"]}}],"collection":[{"href":"https:\/\/innernature.webs.upv.es\/index.php?rest_route=\/wp\/v2\/pages"}],"about":[{"href":"https:\/\/innernature.webs.upv.es\/index.php?rest_route=\/wp\/v2\/types\/page"}],"author":[{"embeddable":true,"href":"https:\/\/innernature.webs.upv.es\/index.php?rest_route=\/wp\/v2\/users\/2"}],"replies":[{"embeddable":true,"href":"https:\/\/innernature.webs.upv.es\/index.php?rest_route=%2Fwp%2Fv2%2Fcomments&post=1465"}],"version-history":[{"count":4,"href":"https:\/\/innernature.webs.upv.es\/index.php?rest_route=\/wp\/v2\/pages\/1465\/revisions"}],"predecessor-version":[{"id":2556,"href":"https:\/\/innernature.webs.upv.es\/index.php?rest_route=\/wp\/v2\/pages\/1465\/revisions\/2556"}],"up":[{"embeddable":true,"href":"https:\/\/innernature.webs.upv.es\/index.php?rest_route=\/wp\/v2\/pages\/96"}],"wp:attachment":[{"href":"https:\/\/innernature.webs.upv.es\/index.php?rest_route=%2Fwp%2Fv2%2Fmedia&parent=1465"}],"curies":[{"name":"wp","href":"https:\/\/api.w.org\/{rel}","templated":true}]}}