{"id":1475,"date":"2017-06-10T16:48:18","date_gmt":"2017-06-10T16:48:18","guid":{"rendered":"http:\/\/innernatureexhibition.com\/?page_id=1475"},"modified":"2021-06-03T14:56:20","modified_gmt":"2021-06-03T14:56:20","slug":"espacio-guia","status":"publish","type":"page","link":"https:\/\/innernature.webs.upv.es\/?page_id=1475","title":{"rendered":"ESPACIO GU\u00cdA"},"content":{"rendered":"<div data-carousel-extra='{\"blog_id\":1,\"permalink\":\"https:\\\/\\\/innernature.webs.upv.es\\\/?page_id=1475\"}' class=\"tiled-gallery type-rectangular\" data-original-width=\"980\"><div class=\"gallery-row\" style=\"width: 975px; height: 346px;\"><div class=\"gallery-group images-1\" style=\"width: 685px; height: 350px;\"><div class=\"tiled-gallery-item tiled-gallery-item-large\"><a href=\"https:\/\/innernature.webs.upv.es\/wp-content\/uploads\/2016\/05\/13015472_10205942185446929_3824546174020990369_n.jpg\"><img fetchpriority=\"high\" decoding=\"async\" data-attachment-id=\"1261\" data-orig-file=\"https:\/\/innernature.webs.upv.es\/wp-content\/uploads\/2016\/05\/13015472_10205942185446929_3824546174020990369_n.jpg\" data-orig-size=\"960,487\" data-comments-opened=\"0\" data-image-meta=\"{&quot;aperture&quot;:&quot;0&quot;,&quot;credit&quot;:&quot;&quot;,&quot;camera&quot;:&quot;&quot;,&quot;caption&quot;:&quot;&quot;,&quot;created_timestamp&quot;:&quot;0&quot;,&quot;copyright&quot;:&quot;&quot;,&quot;focal_length&quot;:&quot;0&quot;,&quot;iso&quot;:&quot;0&quot;,&quot;shutter_speed&quot;:&quot;0&quot;,&quot;title&quot;:&quot;&quot;,&quot;orientation&quot;:&quot;1&quot;}\" data-image-title=\"13015472_10205942185446929_3824546174020990369_n\" data-image-description=\"\" data-medium-file=\"https:\/\/innernature.webs.upv.es\/wp-content\/uploads\/2016\/05\/13015472_10205942185446929_3824546174020990369_n-300x152.jpg\" data-large-file=\"https:\/\/innernature.webs.upv.es\/wp-content\/uploads\/2016\/05\/13015472_10205942185446929_3824546174020990369_n.jpg\" src=\"https:\/\/innernature.webs.upv.es\/wp-content\/uploads\/2016\/05\/13015472_10205942185446929_3824546174020990369_n-681x346.jpg\" width=\"681\" height=\"346\" align=\"left\" title=\"13015472_10205942185446929_3824546174020990369_n\" \/><\/a><\/div><\/div><div class=\"gallery-group images-1\" style=\"width: 290px; height: 350px;\"><div class=\"tiled-gallery-item tiled-gallery-item-large\"><a href=\"https:\/\/innernature.webs.upv.es\/wp-content\/uploads\/2016\/05\/13015134_10208847666018618_6939602004164064238_n.jpg\"><img decoding=\"async\" data-attachment-id=\"1260\" data-orig-file=\"https:\/\/innernature.webs.upv.es\/wp-content\/uploads\/2016\/05\/13015134_10208847666018618_6939602004164064238_n.jpg\" data-orig-size=\"794,960\" data-comments-opened=\"0\" data-image-meta=\"{&quot;aperture&quot;:&quot;0&quot;,&quot;credit&quot;:&quot;fabio&quot;,&quot;camera&quot;:&quot;&quot;,&quot;caption&quot;:&quot;&quot;,&quot;created_timestamp&quot;:&quot;0&quot;,&quot;copyright&quot;:&quot;&quot;,&quot;focal_length&quot;:&quot;0&quot;,&quot;iso&quot;:&quot;0&quot;,&quot;shutter_speed&quot;:&quot;0&quot;,&quot;title&quot;:&quot;&quot;,&quot;orientation&quot;:&quot;0&quot;}\" data-image-title=\"13015134_10208847666018618_6939602004164064238_n\" data-image-description=\"\" data-medium-file=\"https:\/\/innernature.webs.upv.es\/wp-content\/uploads\/2016\/05\/13015134_10208847666018618_6939602004164064238_n-248x300.jpg\" data-large-file=\"https:\/\/innernature.webs.upv.es\/wp-content\/uploads\/2016\/05\/13015134_10208847666018618_6939602004164064238_n.jpg\" src=\"https:\/\/innernature.webs.upv.es\/wp-content\/uploads\/2016\/05\/13015134_10208847666018618_6939602004164064238_n-286x346.jpg\" width=\"286\" height=\"346\" align=\"left\" title=\"13015134_10208847666018618_6939602004164064238_n\" \/><\/a><\/div><\/div><\/div><div class=\"gallery-row\" style=\"width: 975px; height: 490px;\"><div class=\"gallery-group images-2\" style=\"width: 400px; height: 494px;\"><div class=\"tiled-gallery-item tiled-gallery-item-large\"><a href=\"https:\/\/innernature.webs.upv.es\/wp-content\/uploads\/2016\/05\/13007249_10208847660498480_2926446254999284991_n.jpg\"><img decoding=\"async\" data-attachment-id=\"1259\" data-orig-file=\"https:\/\/innernature.webs.upv.es\/wp-content\/uploads\/2016\/05\/13007249_10208847660498480_2926446254999284991_n.jpg\" data-orig-size=\"960,574\" data-comments-opened=\"0\" data-image-meta=\"{&quot;aperture&quot;:&quot;0&quot;,&quot;credit&quot;:&quot;fabio&quot;,&quot;camera&quot;:&quot;&quot;,&quot;caption&quot;:&quot;&quot;,&quot;created_timestamp&quot;:&quot;0&quot;,&quot;copyright&quot;:&quot;&quot;,&quot;focal_length&quot;:&quot;0&quot;,&quot;iso&quot;:&quot;0&quot;,&quot;shutter_speed&quot;:&quot;0&quot;,&quot;title&quot;:&quot;&quot;,&quot;orientation&quot;:&quot;1&quot;}\" data-image-title=\"13007249_10208847660498480_2926446254999284991_n\" data-image-description=\"\" data-medium-file=\"https:\/\/innernature.webs.upv.es\/wp-content\/uploads\/2016\/05\/13007249_10208847660498480_2926446254999284991_n-300x179.jpg\" data-large-file=\"https:\/\/innernature.webs.upv.es\/wp-content\/uploads\/2016\/05\/13007249_10208847660498480_2926446254999284991_n.jpg\" src=\"https:\/\/innernature.webs.upv.es\/wp-content\/uploads\/2016\/05\/13007249_10208847660498480_2926446254999284991_n-396x237.jpg\" width=\"396\" height=\"237\" align=\"left\" title=\"13007249_10208847660498480_2926446254999284991_n\" \/><\/a><\/div><div class=\"tiled-gallery-item tiled-gallery-item-large\"><a href=\"https:\/\/innernature.webs.upv.es\/wp-content\/uploads\/2016\/05\/13006609_10208847663658559_2913639273564663389_n.jpg\"><img loading=\"lazy\" decoding=\"async\" data-attachment-id=\"1258\" data-orig-file=\"https:\/\/innernature.webs.upv.es\/wp-content\/uploads\/2016\/05\/13006609_10208847663658559_2913639273564663389_n.jpg\" data-orig-size=\"960,603\" data-comments-opened=\"0\" data-image-meta=\"{&quot;aperture&quot;:&quot;0&quot;,&quot;credit&quot;:&quot;fabio&quot;,&quot;camera&quot;:&quot;&quot;,&quot;caption&quot;:&quot;&quot;,&quot;created_timestamp&quot;:&quot;0&quot;,&quot;copyright&quot;:&quot;&quot;,&quot;focal_length&quot;:&quot;0&quot;,&quot;iso&quot;:&quot;0&quot;,&quot;shutter_speed&quot;:&quot;0&quot;,&quot;title&quot;:&quot;&quot;,&quot;orientation&quot;:&quot;0&quot;}\" data-image-title=\"13006609_10208847663658559_2913639273564663389_n\" data-image-description=\"\" data-medium-file=\"https:\/\/innernature.webs.upv.es\/wp-content\/uploads\/2016\/05\/13006609_10208847663658559_2913639273564663389_n-300x188.jpg\" data-large-file=\"https:\/\/innernature.webs.upv.es\/wp-content\/uploads\/2016\/05\/13006609_10208847663658559_2913639273564663389_n.jpg\" src=\"https:\/\/innernature.webs.upv.es\/wp-content\/uploads\/2016\/05\/13006609_10208847663658559_2913639273564663389_n-396x249.jpg\" width=\"396\" height=\"249\" align=\"left\" title=\"13006609_10208847663658559_2913639273564663389_n\" \/><\/a><\/div><\/div><div class=\"gallery-group images-1\" style=\"width: 575px; height: 494px;\"><div class=\"tiled-gallery-item tiled-gallery-item-large\"><a href=\"https:\/\/innernature.webs.upv.es\/wp-content\/uploads\/2016\/05\/12990901_10205942188367002_332631643238292078_n.jpg\"><img loading=\"lazy\" decoding=\"async\" data-attachment-id=\"1257\" data-orig-file=\"https:\/\/innernature.webs.upv.es\/wp-content\/uploads\/2016\/05\/12990901_10205942188367002_332631643238292078_n.jpg\" data-orig-size=\"582,500\" data-comments-opened=\"0\" data-image-meta=\"{&quot;aperture&quot;:&quot;0&quot;,&quot;credit&quot;:&quot;&quot;,&quot;camera&quot;:&quot;&quot;,&quot;caption&quot;:&quot;&quot;,&quot;created_timestamp&quot;:&quot;0&quot;,&quot;copyright&quot;:&quot;&quot;,&quot;focal_length&quot;:&quot;0&quot;,&quot;iso&quot;:&quot;0&quot;,&quot;shutter_speed&quot;:&quot;0&quot;,&quot;title&quot;:&quot;&quot;,&quot;orientation&quot;:&quot;1&quot;}\" data-image-title=\"12990901_10205942188367002_332631643238292078_n\" data-image-description=\"\" data-medium-file=\"https:\/\/innernature.webs.upv.es\/wp-content\/uploads\/2016\/05\/12990901_10205942188367002_332631643238292078_n-300x258.jpg\" data-large-file=\"https:\/\/innernature.webs.upv.es\/wp-content\/uploads\/2016\/05\/12990901_10205942188367002_332631643238292078_n.jpg\" src=\"https:\/\/innernature.webs.upv.es\/wp-content\/uploads\/2016\/05\/12990901_10205942188367002_332631643238292078_n-571x490.jpg\" width=\"571\" height=\"490\" align=\"left\" title=\"12990901_10205942188367002_332631643238292078_n\" \/><\/a><\/div><\/div><\/div><div class=\"gallery-row\" style=\"width: 975px; height: 444px;\"><div class=\"gallery-group images-1\" style=\"width: 379px; height: 448px;\"><div class=\"tiled-gallery-item tiled-gallery-item-large\"><a href=\"https:\/\/innernature.webs.upv.es\/wp-content\/uploads\/2016\/05\/12974393_10208847664938591_4799253795651467865_n.jpg\"><img loading=\"lazy\" decoding=\"async\" data-attachment-id=\"1256\" data-orig-file=\"https:\/\/innernature.webs.upv.es\/wp-content\/uploads\/2016\/05\/12974393_10208847664938591_4799253795651467865_n.jpg\" data-orig-size=\"744,879\" data-comments-opened=\"0\" data-image-meta=\"{&quot;aperture&quot;:&quot;0&quot;,&quot;credit&quot;:&quot;fabio&quot;,&quot;camera&quot;:&quot;&quot;,&quot;caption&quot;:&quot;&quot;,&quot;created_timestamp&quot;:&quot;0&quot;,&quot;copyright&quot;:&quot;&quot;,&quot;focal_length&quot;:&quot;0&quot;,&quot;iso&quot;:&quot;0&quot;,&quot;shutter_speed&quot;:&quot;0&quot;,&quot;title&quot;:&quot;&quot;,&quot;orientation&quot;:&quot;1&quot;}\" data-image-title=\"12974393_10208847664938591_4799253795651467865_n\" data-image-description=\"\" data-medium-file=\"https:\/\/innernature.webs.upv.es\/wp-content\/uploads\/2016\/05\/12974393_10208847664938591_4799253795651467865_n-254x300.jpg\" data-large-file=\"https:\/\/innernature.webs.upv.es\/wp-content\/uploads\/2016\/05\/12974393_10208847664938591_4799253795651467865_n.jpg\" src=\"https:\/\/innernature.webs.upv.es\/wp-content\/uploads\/2016\/05\/12974393_10208847664938591_4799253795651467865_n-375x444.jpg\" width=\"375\" height=\"444\" align=\"left\" title=\"12974393_10208847664938591_4799253795651467865_n\" \/><\/a><\/div><\/div><div class=\"gallery-group images-1\" style=\"width: 596px; height: 448px;\"><div class=\"tiled-gallery-item tiled-gallery-item-large\"><a href=\"https:\/\/innernature.webs.upv.es\/wp-content\/uploads\/2016\/05\/12974253_10205942179766787_4790892303194832726_n.jpg\"><img loading=\"lazy\" decoding=\"async\" data-attachment-id=\"1255\" data-orig-file=\"https:\/\/innernature.webs.upv.es\/wp-content\/uploads\/2016\/05\/12974253_10205942179766787_4790892303194832726_n.jpg\" data-orig-size=\"960,720\" data-comments-opened=\"0\" data-image-meta=\"{&quot;aperture&quot;:&quot;0&quot;,&quot;credit&quot;:&quot;&quot;,&quot;camera&quot;:&quot;&quot;,&quot;caption&quot;:&quot;&quot;,&quot;created_timestamp&quot;:&quot;0&quot;,&quot;copyright&quot;:&quot;&quot;,&quot;focal_length&quot;:&quot;0&quot;,&quot;iso&quot;:&quot;0&quot;,&quot;shutter_speed&quot;:&quot;0&quot;,&quot;title&quot;:&quot;&quot;,&quot;orientation&quot;:&quot;1&quot;}\" data-image-title=\"12974253_10205942179766787_4790892303194832726_n\" data-image-description=\"\" data-medium-file=\"https:\/\/innernature.webs.upv.es\/wp-content\/uploads\/2016\/05\/12974253_10205942179766787_4790892303194832726_n-300x225.jpg\" data-large-file=\"https:\/\/innernature.webs.upv.es\/wp-content\/uploads\/2016\/05\/12974253_10205942179766787_4790892303194832726_n.jpg\" src=\"https:\/\/innernature.webs.upv.es\/wp-content\/uploads\/2016\/05\/12974253_10205942179766787_4790892303194832726_n-592x444.jpg\" width=\"592\" height=\"444\" align=\"left\" title=\"12974253_10205942179766787_4790892303194832726_n\" \/><\/a><\/div><\/div><\/div><\/div>\n<h4><\/h4>\n<h4>ESPACIO GU\u00cdA, Las Palmas de Gran Canaria, Spain<\/h4>\n<table frame=\"void\">\n<tbody>\n<tr>\n<td style=\"text-align: justify;\">EspacioGu\u00eda is an independent project started in 2005 by Manena Juan and Fernando Maseda. It is an initiative focused on the art-society interaction: a center that promotes transdisciplinary creative processes oriented towards the development of participatory networks of creation, cultural management, research and mediation. Here are some of its main objectives are: to develop and promote culture, art, design, craftsmanship, communication and didactics in favor of sustainable local development and an improvement in the quality of personal and collective life; to investigate, apply and disseminate strategies and experimental models of cultural management that are methodologically innovative and technologically advanced, incorporating the use of new information and communication technologies; etc.<\/td>\n<td style=\"text-align: justify;\"><span class=\"style_5\">EspacioGu\u00eda<\/span> es una estructura independiente iniciada en 2005 por <span class=\"style_5\">Manena Juan y Fernando Maseda<\/span>. Se trata de una iniciativa centrada en la interacci\u00f3n <span class=\"style_5\">arte-sociedad, u<\/span>n centro impulsor de procesos creativos transdisciplinares orientados al desarrollo de redes participativas de creaci\u00f3n, gesti\u00f3n, investigaci\u00f3n y mediaci\u00f3n.&nbsp;<span class=\"style_6\">RED ESPACIOGU\u00cdA<\/span> tiene entre sus fines estatutarios:&nbsp;Desarrollar y promocionar la cultura, el arte, el dise\u00f1o, la artesan\u00eda, la comunicaci\u00f3n y la did\u00e1ctica en favor de un desarrollo local sostenible y un incremento de la calidad de vida personal y colectiva; investigando, divulgando y potenciando los aspectos de innovaci\u00f3n, creatividad, responsabilidad social, participaci\u00f3n ciudadana y desarrollo personal y comunitario.&nbsp;Investigar, aplicar y divulgar estrategias y modelos experimentales de gesti\u00f3n cultural y sociocultural que sean metodol\u00f3gicamente innovadores y tecnol\u00f3gicamente avanzados, incorporando el uso de nuevas tecnolog\u00edas de la informaci\u00f3n y la comunicaci\u00f3n.<\/td>\n<\/tr>\n<\/tbody>\n<\/table>\n<p><a href=\"http:\/\/espacioguia.com\/espacioguia\/inicio.html\" target=\"_blank\" rel=\"noopener\">WEB SITE<\/a><\/p>\n","protected":false},"excerpt":{"rendered":"<p>ESPACIO GU\u00cdA, Las Palmas de Gran Canaria, Spain EspacioGu\u00eda is an independent project started in 2005 by Manena Juan and Fernando Maseda. It is an initiative focused on the art-society interaction: a center that promotes transdisciplinary creative processes oriented towards the development of participatory networks of creation, cultural management, research and mediation. Here are some [&hellip;]<\/p>\n","protected":false},"author":2,"featured_media":0,"parent":96,"menu_order":0,"comment_status":"closed","ping_status":"closed","template":"","meta":{"footnotes":""},"class_list":["post-1475","page","type-page","status-publish","hentry"],"_links":{"self":[{"href":"https:\/\/innernature.webs.upv.es\/index.php?rest_route=\/wp\/v2\/pages\/1475","targetHints":{"allow":["GET"]}}],"collection":[{"href":"https:\/\/innernature.webs.upv.es\/index.php?rest_route=\/wp\/v2\/pages"}],"about":[{"href":"https:\/\/innernature.webs.upv.es\/index.php?rest_route=\/wp\/v2\/types\/page"}],"author":[{"embeddable":true,"href":"https:\/\/innernature.webs.upv.es\/index.php?rest_route=\/wp\/v2\/users\/2"}],"replies":[{"embeddable":true,"href":"https:\/\/innernature.webs.upv.es\/index.php?rest_route=%2Fwp%2Fv2%2Fcomments&post=1475"}],"version-history":[{"count":2,"href":"https:\/\/innernature.webs.upv.es\/index.php?rest_route=\/wp\/v2\/pages\/1475\/revisions"}],"predecessor-version":[{"id":2552,"href":"https:\/\/innernature.webs.upv.es\/index.php?rest_route=\/wp\/v2\/pages\/1475\/revisions\/2552"}],"up":[{"embeddable":true,"href":"https:\/\/innernature.webs.upv.es\/index.php?rest_route=\/wp\/v2\/pages\/96"}],"wp:attachment":[{"href":"https:\/\/innernature.webs.upv.es\/index.php?rest_route=%2Fwp%2Fv2%2Fmedia&parent=1475"}],"curies":[{"name":"wp","href":"https:\/\/api.w.org\/{rel}","templated":true}]}}