{"id":1478,"date":"2017-06-10T16:52:00","date_gmt":"2017-06-10T16:52:00","guid":{"rendered":"http:\/\/innernatureexhibition.com\/?page_id=1478"},"modified":"2021-06-03T14:56:36","modified_gmt":"2021-06-03T14:56:36","slug":"facultad-de-ciencias-sociales","status":"publish","type":"page","link":"https:\/\/innernature.webs.upv.es\/?page_id=1478","title":{"rendered":"FACULTAD DE CIENCIAS SOCIALES Y HUMANAS"},"content":{"rendered":"<div data-carousel-extra='{\"blog_id\":1,\"permalink\":\"https:\\\/\\\/innernature.webs.upv.es\\\/?page_id=1478\"}' class=\"tiled-gallery type-rectangular\" data-original-width=\"980\"><div class=\"gallery-row\" style=\"width: 975px; height: 658px;\"><div class=\"gallery-group images-2\" style=\"width: 467px; height: 662px;\"><div class=\"tiled-gallery-item tiled-gallery-item-large\"><a href=\"https:\/\/innernature.webs.upv.es\/wp-content\/uploads\/2017\/06\/p1120442rewebvmg.jpg\"><img fetchpriority=\"high\" decoding=\"async\" data-attachment-id=\"1482\" data-orig-file=\"https:\/\/innernature.webs.upv.es\/wp-content\/uploads\/2017\/06\/p1120442rewebvmg.jpg\" data-orig-size=\"600,450\" data-comments-opened=\"0\" data-image-meta=\"{&quot;aperture&quot;:&quot;8&quot;,&quot;credit&quot;:&quot;&quot;,&quot;camera&quot;:&quot;DMC-FZ50&quot;,&quot;caption&quot;:&quot;&quot;,&quot;created_timestamp&quot;:&quot;1307709595&quot;,&quot;copyright&quot;:&quot;&quot;,&quot;focal_length&quot;:&quot;7.4&quot;,&quot;iso&quot;:&quot;100&quot;,&quot;shutter_speed&quot;:&quot;0.0025&quot;,&quot;title&quot;:&quot;&quot;,&quot;orientation&quot;:&quot;1&quot;}\" data-image-title=\"p1120442rewebvmg\" data-image-description=\"\" data-medium-file=\"https:\/\/innernature.webs.upv.es\/wp-content\/uploads\/2017\/06\/p1120442rewebvmg-300x225.jpg\" data-large-file=\"https:\/\/innernature.webs.upv.es\/wp-content\/uploads\/2017\/06\/p1120442rewebvmg.jpg\" src=\"https:\/\/innernature.webs.upv.es\/wp-content\/uploads\/2017\/06\/p1120442rewebvmg-463x347.jpg\" width=\"463\" height=\"347\" align=\"left\" title=\"p1120442rewebvmg\" \/><\/a><\/div><div class=\"tiled-gallery-item tiled-gallery-item-large\"><a href=\"https:\/\/innernature.webs.upv.es\/wp-content\/uploads\/2016\/05\/inner_teruel2-copia.jpg\"><img decoding=\"async\" data-attachment-id=\"1248\" data-orig-file=\"https:\/\/innernature.webs.upv.es\/wp-content\/uploads\/2016\/05\/inner_teruel2-copia.jpg\" data-orig-size=\"1232,816\" data-comments-opened=\"0\" data-image-meta=\"{&quot;aperture&quot;:&quot;5&quot;,&quot;credit&quot;:&quot;&quot;,&quot;camera&quot;:&quot;NIKON D5100&quot;,&quot;caption&quot;:&quot;&quot;,&quot;created_timestamp&quot;:&quot;1462366978&quot;,&quot;copyright&quot;:&quot;&quot;,&quot;focal_length&quot;:&quot;50&quot;,&quot;iso&quot;:&quot;2000&quot;,&quot;shutter_speed&quot;:&quot;0.033333333333333&quot;,&quot;title&quot;:&quot;&quot;,&quot;orientation&quot;:&quot;1&quot;}\" data-image-title=\"inner_teruel2 COPIA\" data-image-description=\"\" data-medium-file=\"https:\/\/innernature.webs.upv.es\/wp-content\/uploads\/2016\/05\/inner_teruel2-copia-300x199.jpg\" data-large-file=\"https:\/\/innernature.webs.upv.es\/wp-content\/uploads\/2016\/05\/inner_teruel2-copia-1024x678.jpg\" src=\"https:\/\/innernature.webs.upv.es\/wp-content\/uploads\/2016\/05\/inner_teruel2-copia-463x307.jpg\" width=\"463\" height=\"307\" align=\"left\" title=\"inner_teruel2 COPIA\" \/><\/a><\/div><\/div><div class=\"gallery-group images-1\" style=\"width: 508px; height: 662px;\"><div class=\"tiled-gallery-item tiled-gallery-item-large\"><a href=\"https:\/\/innernature.webs.upv.es\/wp-content\/uploads\/2016\/05\/inner_teruel1-copia.jpg\"><img decoding=\"async\" data-attachment-id=\"1247\" data-orig-file=\"https:\/\/innernature.webs.upv.es\/wp-content\/uploads\/2016\/05\/inner_teruel1-copia.jpg\" data-orig-size=\"869,1134\" data-comments-opened=\"0\" data-image-meta=\"{&quot;aperture&quot;:&quot;4.2&quot;,&quot;credit&quot;:&quot;&quot;,&quot;camera&quot;:&quot;NIKON D5100&quot;,&quot;caption&quot;:&quot;&quot;,&quot;created_timestamp&quot;:&quot;1462359433&quot;,&quot;copyright&quot;:&quot;&quot;,&quot;focal_length&quot;:&quot;32&quot;,&quot;iso&quot;:&quot;800&quot;,&quot;shutter_speed&quot;:&quot;0.02&quot;,&quot;title&quot;:&quot;&quot;,&quot;orientation&quot;:&quot;1&quot;}\" data-image-title=\"inner_teruel1 copia\" data-image-description=\"\" data-medium-file=\"https:\/\/innernature.webs.upv.es\/wp-content\/uploads\/2016\/05\/inner_teruel1-copia-230x300.jpg\" data-large-file=\"https:\/\/innernature.webs.upv.es\/wp-content\/uploads\/2016\/05\/inner_teruel1-copia-785x1024.jpg\" src=\"https:\/\/innernature.webs.upv.es\/wp-content\/uploads\/2016\/05\/inner_teruel1-copia-504x658.jpg\" width=\"504\" height=\"658\" align=\"left\" title=\"inner_teruel1 copia\" \/><\/a><\/div><\/div><\/div><\/div>\n<h4><\/h4>\n<h4>FACULTAD DE CIENCIAS SOCIALES Y HUMANAS, Universidad de Zaragoza<\/h4>\n<p><strong>Teruel, Spain<\/strong><\/p>\n<table frame=\"void\">\n<tbody>\n<tr>\n<td style=\"text-align: justify;\">INNER NATURE was screened at the Faculty of Social Sciences and&nbsp;Humanities in Teruel within the context of On-Art, a project promoted by the Faculty&nbsp;of&nbsp;Fine Arts. It is an initiative that serves as a loudspeaker for&nbsp;art professionals to share their knowledge and&nbsp;experience. The purpose of this&nbsp;seminar is to strengthen, emphasize and&nbsp;complement university education from a multidisciplinary perspective. On-Art&nbsp;started in 2010 as a \u00abProject&nbsp;for Teaching&nbsp;Improvement&nbsp;and Innovation\u00bb and over the years it has&nbsp;tackled different topics such as art dissemination and&nbsp;institutions&nbsp;,&nbsp;gender equality, design or new media.&nbsp;It is accompanied by a series of&nbsp;conferences, workshops and parallel activities.<\/td>\n<td style=\"text-align: justify;\">INNER NATURE se ha mostrado en la Facultad de Ciencias Sociales de Teruel en el contexto del festival On Art en colaboraci\u00f3n con Marta Mallent y Pepe Puche de la Universidad de Zaragoza. Se trata de una iniciativa que sirve de altavoz para que profesionales del arte trasmitan sus conocimientos y experiencias. La finalidad de este seminario es reforzar, resaltar y complementar la formaci\u00f3n universitaria desde una perspectiva multidisciplinar. Naci\u00f3 en el a\u00f1o 2010 como un \u201cProyecto de mejora e innovaci\u00f3n en la calidad docente\u201d y a lo largo de su trayectoria ha profundizado en diferentes temas como las infraestructuras y difusi\u00f3n del arte, la igualdad de g\u00e9nero, el dise\u00f1o o los medios audiovisuales. Se acompa\u00f1a de una programaci\u00f3n muy completa de conferencias, talleres y actividades.<\/td>\n<\/tr>\n<\/tbody>\n<\/table>\n<p><a href=\"http:\/\/fcsh.unizar.es\" target=\"_blank\" rel=\"noopener\">WEB SITE<\/a><\/p>\n","protected":false},"excerpt":{"rendered":"<p>FACULTAD DE CIENCIAS SOCIALES Y HUMANAS, Universidad de Zaragoza Teruel, Spain INNER NATURE was screened at the Faculty of Social Sciences and&nbsp;Humanities in Teruel within the context of On-Art, a project promoted by the Faculty&nbsp;of&nbsp;Fine Arts. It is an initiative that serves as a loudspeaker for&nbsp;art professionals to share their knowledge and&nbsp;experience. The purpose of [&hellip;]<\/p>\n","protected":false},"author":2,"featured_media":0,"parent":96,"menu_order":0,"comment_status":"closed","ping_status":"closed","template":"","meta":{"footnotes":""},"class_list":["post-1478","page","type-page","status-publish","hentry"],"_links":{"self":[{"href":"https:\/\/innernature.webs.upv.es\/index.php?rest_route=\/wp\/v2\/pages\/1478","targetHints":{"allow":["GET"]}}],"collection":[{"href":"https:\/\/innernature.webs.upv.es\/index.php?rest_route=\/wp\/v2\/pages"}],"about":[{"href":"https:\/\/innernature.webs.upv.es\/index.php?rest_route=\/wp\/v2\/types\/page"}],"author":[{"embeddable":true,"href":"https:\/\/innernature.webs.upv.es\/index.php?rest_route=\/wp\/v2\/users\/2"}],"replies":[{"embeddable":true,"href":"https:\/\/innernature.webs.upv.es\/index.php?rest_route=%2Fwp%2Fv2%2Fcomments&post=1478"}],"version-history":[{"count":2,"href":"https:\/\/innernature.webs.upv.es\/index.php?rest_route=\/wp\/v2\/pages\/1478\/revisions"}],"predecessor-version":[{"id":2553,"href":"https:\/\/innernature.webs.upv.es\/index.php?rest_route=\/wp\/v2\/pages\/1478\/revisions\/2553"}],"up":[{"embeddable":true,"href":"https:\/\/innernature.webs.upv.es\/index.php?rest_route=\/wp\/v2\/pages\/96"}],"wp:attachment":[{"href":"https:\/\/innernature.webs.upv.es\/index.php?rest_route=%2Fwp%2Fv2%2Fmedia&parent=1478"}],"curies":[{"name":"wp","href":"https:\/\/api.w.org\/{rel}","templated":true}]}}