{"id":1484,"date":"2017-06-10T17:16:59","date_gmt":"2017-06-10T17:16:59","guid":{"rendered":"http:\/\/innernatureexhibition.com\/?page_id=1484"},"modified":"2021-06-03T14:59:29","modified_gmt":"2021-06-03T14:59:29","slug":"zink-espacio-emergente","status":"publish","type":"page","link":"https:\/\/innernature.webs.upv.es\/?page_id=1484","title":{"rendered":"ZINK ESPACIO EMERGENTE"},"content":{"rendered":"<div data-carousel-extra='{\"blog_id\":1,\"permalink\":\"https:\\\/\\\/innernature.webs.upv.es\\\/?page_id=1484\"}' class=\"tiled-gallery type-rectangular\" data-original-width=\"980\"><div class=\"gallery-row\" style=\"width: 975px; height: 431px;\"><div class=\"gallery-group images-1\" style=\"width: 651px; height: 435px;\"><div class=\"tiled-gallery-item tiled-gallery-item-large\"><a href=\"https:\/\/innernature.webs.upv.es\/wp-content\/uploads\/2015\/06\/10858405_1010652398950896_6347448800655320594_n.jpg\"><img fetchpriority=\"high\" decoding=\"async\" data-attachment-id=\"584\" data-orig-file=\"https:\/\/innernature.webs.upv.es\/wp-content\/uploads\/2015\/06\/10858405_1010652398950896_6347448800655320594_n.jpg\" data-orig-size=\"960,640\" data-comments-opened=\"0\" data-image-meta=\"{&quot;aperture&quot;:&quot;0&quot;,&quot;credit&quot;:&quot;&quot;,&quot;camera&quot;:&quot;&quot;,&quot;caption&quot;:&quot;&quot;,&quot;created_timestamp&quot;:&quot;0&quot;,&quot;copyright&quot;:&quot;&quot;,&quot;focal_length&quot;:&quot;0&quot;,&quot;iso&quot;:&quot;0&quot;,&quot;shutter_speed&quot;:&quot;0&quot;,&quot;title&quot;:&quot;&quot;,&quot;orientation&quot;:&quot;1&quot;}\" data-image-title=\"10858405_1010652398950896_6347448800655320594_n\" data-image-description=\"\" data-medium-file=\"https:\/\/innernature.webs.upv.es\/wp-content\/uploads\/2015\/06\/10858405_1010652398950896_6347448800655320594_n-300x200.jpg\" data-large-file=\"https:\/\/innernature.webs.upv.es\/wp-content\/uploads\/2015\/06\/10858405_1010652398950896_6347448800655320594_n.jpg\" src=\"https:\/\/innernature.webs.upv.es\/wp-content\/uploads\/2015\/06\/10858405_1010652398950896_6347448800655320594_n-647x431.jpg\" width=\"647\" height=\"431\" align=\"left\" title=\"10858405_1010652398950896_6347448800655320594_n\" \/><\/a><\/div><\/div><div class=\"gallery-group images-2\" style=\"width: 324px; height: 435px;\"><div class=\"tiled-gallery-item tiled-gallery-item-large\"><a href=\"https:\/\/innernature.webs.upv.es\/wp-content\/uploads\/2015\/06\/1622277_1010652368950899_3070020969408700675_n.jpg\"><img decoding=\"async\" data-attachment-id=\"583\" data-orig-file=\"https:\/\/innernature.webs.upv.es\/wp-content\/uploads\/2015\/06\/1622277_1010652368950899_3070020969408700675_n.jpg\" data-orig-size=\"687,458\" data-comments-opened=\"0\" data-image-meta=\"{&quot;aperture&quot;:&quot;0&quot;,&quot;credit&quot;:&quot;&quot;,&quot;camera&quot;:&quot;&quot;,&quot;caption&quot;:&quot;&quot;,&quot;created_timestamp&quot;:&quot;0&quot;,&quot;copyright&quot;:&quot;&quot;,&quot;focal_length&quot;:&quot;0&quot;,&quot;iso&quot;:&quot;0&quot;,&quot;shutter_speed&quot;:&quot;0&quot;,&quot;title&quot;:&quot;&quot;,&quot;orientation&quot;:&quot;1&quot;}\" data-image-title=\"1622277_1010652368950899_3070020969408700675_n\" data-image-description=\"\" data-medium-file=\"https:\/\/innernature.webs.upv.es\/wp-content\/uploads\/2015\/06\/1622277_1010652368950899_3070020969408700675_n-300x200.jpg\" data-large-file=\"https:\/\/innernature.webs.upv.es\/wp-content\/uploads\/2015\/06\/1622277_1010652368950899_3070020969408700675_n.jpg\" src=\"https:\/\/innernature.webs.upv.es\/wp-content\/uploads\/2015\/06\/1622277_1010652368950899_3070020969408700675_n-320x214.jpg\" width=\"320\" height=\"214\" align=\"left\" title=\"1622277_1010652368950899_3070020969408700675_n\" \/><\/a><\/div><div class=\"tiled-gallery-item tiled-gallery-item-large\"><a href=\"https:\/\/innernature.webs.upv.es\/wp-content\/uploads\/2015\/06\/inner-nature-salamanca.jpg\"><img decoding=\"async\" data-attachment-id=\"585\" data-orig-file=\"https:\/\/innernature.webs.upv.es\/wp-content\/uploads\/2015\/06\/inner-nature-salamanca.jpg\" data-orig-size=\"960,640\" data-comments-opened=\"0\" data-image-meta=\"{&quot;aperture&quot;:&quot;0&quot;,&quot;credit&quot;:&quot;&quot;,&quot;camera&quot;:&quot;&quot;,&quot;caption&quot;:&quot;&quot;,&quot;created_timestamp&quot;:&quot;0&quot;,&quot;copyright&quot;:&quot;&quot;,&quot;focal_length&quot;:&quot;0&quot;,&quot;iso&quot;:&quot;0&quot;,&quot;shutter_speed&quot;:&quot;0&quot;,&quot;title&quot;:&quot;&quot;,&quot;orientation&quot;:&quot;0&quot;}\" data-image-title=\"inner nature salamanca\" data-image-description=\"\" data-medium-file=\"https:\/\/innernature.webs.upv.es\/wp-content\/uploads\/2015\/06\/inner-nature-salamanca-300x200.jpg\" data-large-file=\"https:\/\/innernature.webs.upv.es\/wp-content\/uploads\/2015\/06\/inner-nature-salamanca.jpg\" src=\"https:\/\/innernature.webs.upv.es\/wp-content\/uploads\/2015\/06\/inner-nature-salamanca-320x213.jpg\" width=\"320\" height=\"213\" align=\"left\" title=\"inner nature salamanca\" \/><\/a><\/div><\/div><\/div><div class=\"gallery-row\" style=\"width: 975px; height: 530px;\"><div class=\"gallery-group images-1\" style=\"width: 975px; height: 534px;\"><div class=\"tiled-gallery-item tiled-gallery-item-large\"><a href=\"https:\/\/innernature.webs.upv.es\/wp-content\/uploads\/2017\/06\/15319270_1527263600623104_977435870433915372_n.jpg\"><img loading=\"lazy\" decoding=\"async\" data-attachment-id=\"1485\" data-orig-file=\"https:\/\/innernature.webs.upv.es\/wp-content\/uploads\/2017\/06\/15319270_1527263600623104_977435870433915372_n.jpg\" data-orig-size=\"960,524\" data-comments-opened=\"0\" data-image-meta=\"{&quot;aperture&quot;:&quot;0&quot;,&quot;credit&quot;:&quot;&quot;,&quot;camera&quot;:&quot;&quot;,&quot;caption&quot;:&quot;&quot;,&quot;created_timestamp&quot;:&quot;0&quot;,&quot;copyright&quot;:&quot;&quot;,&quot;focal_length&quot;:&quot;0&quot;,&quot;iso&quot;:&quot;0&quot;,&quot;shutter_speed&quot;:&quot;0&quot;,&quot;title&quot;:&quot;&quot;,&quot;orientation&quot;:&quot;0&quot;}\" data-image-title=\"15319270_1527263600623104_977435870433915372_n\" data-image-description=\"\" data-medium-file=\"https:\/\/innernature.webs.upv.es\/wp-content\/uploads\/2017\/06\/15319270_1527263600623104_977435870433915372_n-300x164.jpg\" data-large-file=\"https:\/\/innernature.webs.upv.es\/wp-content\/uploads\/2017\/06\/15319270_1527263600623104_977435870433915372_n.jpg\" src=\"https:\/\/innernature.webs.upv.es\/wp-content\/uploads\/2017\/06\/15319270_1527263600623104_977435870433915372_n.jpg\" width=\"971\" height=\"530\" align=\"left\" title=\"15319270_1527263600623104_977435870433915372_n\" \/><\/a><\/div><\/div><\/div><\/div>\n<h4><\/h4>\n<h4><strong>ZINK ESPACIO EMERGENTE,&nbsp;Sala Unamuno. Junta de Castilla y Le\u00f3n.<\/strong><\/h4>\n<p>Salamanca. Spain<\/p>\n<table frame=\"void\">\n<tbody>\n<tr>\n<td style=\"text-align: justify;\">\n<p class=\"font_8\">Zink es una organizaci\u00f3n de artistas y gestores culturales creada en 2013. Desde su proyecto Espacio Emergente proponen alternativas para visibilizar y potenciar el talento de los j\u00f3venes creadores.&nbsp;&nbsp;Tambi\u00e9n generan y participan en otros eventos como talleres, jornadas, congresos y ferias.&nbsp;Su modelo de gesti\u00f3n ofrece respuestas directas al artista local y regional, aunque tambi\u00e9n fomenta la relaci\u00f3n con artistas y gestores nacionales e internacionales.<\/p>\n<\/td>\n<td style=\"text-align: justify;\">Zink is an organization created in 2013 by artists and cultural managers who, through their project Espacio Emergente, propose alternatives to offer visibility and enhance the talent of young creators. They also organize and participate in other cultural events such as workshops, conferences, conferences and fairs. Their management model offers direct answers to the local and regional artists but also fosters the relationship with national and international artists and cultural managers.<\/td>\n<\/tr>\n<\/tbody>\n<\/table>\n<p><a href=\"http:\/\/espacioznk.wixsite.com\/emergente\" target=\"_blank\" rel=\"noopener\">WEBSITE<\/a><\/p>\n","protected":false},"excerpt":{"rendered":"<p>ZINK ESPACIO EMERGENTE,&nbsp;Sala Unamuno. Junta de Castilla y Le\u00f3n. Salamanca. Spain Zink es una organizaci\u00f3n de artistas y gestores culturales creada en 2013. Desde su proyecto Espacio Emergente proponen alternativas para visibilizar y potenciar el talento de los j\u00f3venes creadores.&nbsp;&nbsp;Tambi\u00e9n generan y participan en otros eventos como talleres, jornadas, congresos y ferias.&nbsp;Su modelo de gesti\u00f3n [&hellip;]<\/p>\n","protected":false},"author":2,"featured_media":0,"parent":96,"menu_order":0,"comment_status":"closed","ping_status":"closed","template":"","meta":{"footnotes":""},"class_list":["post-1484","page","type-page","status-publish","hentry"],"_links":{"self":[{"href":"https:\/\/innernature.webs.upv.es\/index.php?rest_route=\/wp\/v2\/pages\/1484","targetHints":{"allow":["GET"]}}],"collection":[{"href":"https:\/\/innernature.webs.upv.es\/index.php?rest_route=\/wp\/v2\/pages"}],"about":[{"href":"https:\/\/innernature.webs.upv.es\/index.php?rest_route=\/wp\/v2\/types\/page"}],"author":[{"embeddable":true,"href":"https:\/\/innernature.webs.upv.es\/index.php?rest_route=\/wp\/v2\/users\/2"}],"replies":[{"embeddable":true,"href":"https:\/\/innernature.webs.upv.es\/index.php?rest_route=%2Fwp%2Fv2%2Fcomments&post=1484"}],"version-history":[{"count":2,"href":"https:\/\/innernature.webs.upv.es\/index.php?rest_route=\/wp\/v2\/pages\/1484\/revisions"}],"predecessor-version":[{"id":2561,"href":"https:\/\/innernature.webs.upv.es\/index.php?rest_route=\/wp\/v2\/pages\/1484\/revisions\/2561"}],"up":[{"embeddable":true,"href":"https:\/\/innernature.webs.upv.es\/index.php?rest_route=\/wp\/v2\/pages\/96"}],"wp:attachment":[{"href":"https:\/\/innernature.webs.upv.es\/index.php?rest_route=%2Fwp%2Fv2%2Fmedia&parent=1484"}],"curies":[{"name":"wp","href":"https:\/\/api.w.org\/{rel}","templated":true}]}}