{"id":1488,"date":"2017-06-10T17:23:57","date_gmt":"2017-06-10T17:23:57","guid":{"rendered":"http:\/\/innernatureexhibition.com\/?page_id=1488"},"modified":"2021-06-03T14:59:09","modified_gmt":"2021-06-03T14:59:09","slug":"paca","status":"publish","type":"page","link":"https:\/\/innernature.webs.upv.es\/?page_id=1488","title":{"rendered":"PACA"},"content":{"rendered":"<div data-carousel-extra='{\"blog_id\":1,\"permalink\":\"https:\\\/\\\/innernature.webs.upv.es\\\/?page_id=1488\"}' class=\"tiled-gallery type-rectangular\" data-original-width=\"980\"><div class=\"gallery-row\" style=\"width: 975px; height: 430px;\"><div class=\"gallery-group images-1\" style=\"width: 664px; height: 434px;\"><div class=\"tiled-gallery-item tiled-gallery-item-large\"><a href=\"https:\/\/innernature.webs.upv.es\/wp-content\/uploads\/2017\/09\/habemushorno-hp2017_pan.jpg\"><img fetchpriority=\"high\" decoding=\"async\" data-attachment-id=\"1634\" data-orig-file=\"https:\/\/innernature.webs.upv.es\/wp-content\/uploads\/2017\/09\/habemushorno-hp2017_pan.jpg\" data-orig-size=\"2161,1408\" data-comments-opened=\"0\" data-image-meta=\"{&quot;aperture&quot;:&quot;0&quot;,&quot;credit&quot;:&quot;&quot;,&quot;camera&quot;:&quot;&quot;,&quot;caption&quot;:&quot;&quot;,&quot;created_timestamp&quot;:&quot;0&quot;,&quot;copyright&quot;:&quot;&quot;,&quot;focal_length&quot;:&quot;0&quot;,&quot;iso&quot;:&quot;0&quot;,&quot;shutter_speed&quot;:&quot;0&quot;,&quot;title&quot;:&quot;&quot;,&quot;orientation&quot;:&quot;0&quot;}\" data-image-title=\"habemushorno-HP2017_pan\" data-image-description=\"\" data-medium-file=\"https:\/\/innernature.webs.upv.es\/wp-content\/uploads\/2017\/09\/habemushorno-hp2017_pan-300x195.jpg\" data-large-file=\"https:\/\/innernature.webs.upv.es\/wp-content\/uploads\/2017\/09\/habemushorno-hp2017_pan-1024x667.jpg\" src=\"https:\/\/innernature.webs.upv.es\/wp-content\/uploads\/2017\/09\/habemushorno-hp2017_pan-660x430.jpg\" width=\"660\" height=\"430\" align=\"left\" title=\"habemushorno-HP2017_pan\" \/><\/a><\/div><\/div><div class=\"gallery-group images-2\" style=\"width: 311px; height: 434px;\"><div class=\"tiled-gallery-item tiled-gallery-item-large\"><a href=\"https:\/\/innernature.webs.upv.es\/wp-content\/uploads\/2017\/06\/paca-terraza.jpg\"><img decoding=\"async\" data-attachment-id=\"1492\" data-orig-file=\"https:\/\/innernature.webs.upv.es\/wp-content\/uploads\/2017\/06\/paca-terraza.jpg\" data-orig-size=\"650,450\" data-comments-opened=\"0\" data-image-meta=\"{&quot;aperture&quot;:&quot;0&quot;,&quot;credit&quot;:&quot;&quot;,&quot;camera&quot;:&quot;&quot;,&quot;caption&quot;:&quot;&quot;,&quot;created_timestamp&quot;:&quot;0&quot;,&quot;copyright&quot;:&quot;&quot;,&quot;focal_length&quot;:&quot;0&quot;,&quot;iso&quot;:&quot;0&quot;,&quot;shutter_speed&quot;:&quot;0&quot;,&quot;title&quot;:&quot;&quot;,&quot;orientation&quot;:&quot;0&quot;}\" data-image-title=\"PACA-TERRAZA\" data-image-description=\"\" data-medium-file=\"https:\/\/innernature.webs.upv.es\/wp-content\/uploads\/2017\/06\/paca-terraza-300x208.jpg\" data-large-file=\"https:\/\/innernature.webs.upv.es\/wp-content\/uploads\/2017\/06\/paca-terraza.jpg\" src=\"https:\/\/innernature.webs.upv.es\/wp-content\/uploads\/2017\/06\/paca-terraza-307x213.jpg\" width=\"307\" height=\"213\" align=\"left\" title=\"PACA-TERRAZA\" \/><\/a><\/div><div class=\"tiled-gallery-item tiled-gallery-item-large\"><a href=\"https:\/\/innernature.webs.upv.es\/wp-content\/uploads\/2017\/06\/paca-sala-detalle.jpg\"><img decoding=\"async\" data-attachment-id=\"1491\" data-orig-file=\"https:\/\/innernature.webs.upv.es\/wp-content\/uploads\/2017\/06\/paca-sala-detalle.jpg\" data-orig-size=\"648,450\" data-comments-opened=\"0\" data-image-meta=\"{&quot;aperture&quot;:&quot;0&quot;,&quot;credit&quot;:&quot;&quot;,&quot;camera&quot;:&quot;&quot;,&quot;caption&quot;:&quot;&quot;,&quot;created_timestamp&quot;:&quot;0&quot;,&quot;copyright&quot;:&quot;&quot;,&quot;focal_length&quot;:&quot;0&quot;,&quot;iso&quot;:&quot;0&quot;,&quot;shutter_speed&quot;:&quot;0&quot;,&quot;title&quot;:&quot;&quot;,&quot;orientation&quot;:&quot;0&quot;}\" data-image-title=\"PACA-sala-detalle\" data-image-description=\"\" data-medium-file=\"https:\/\/innernature.webs.upv.es\/wp-content\/uploads\/2017\/06\/paca-sala-detalle-300x208.jpg\" data-large-file=\"https:\/\/innernature.webs.upv.es\/wp-content\/uploads\/2017\/06\/paca-sala-detalle.jpg\" src=\"https:\/\/innernature.webs.upv.es\/wp-content\/uploads\/2017\/06\/paca-sala-detalle-307x213.jpg\" width=\"307\" height=\"213\" align=\"left\" title=\"PACA-sala-detalle\" \/><\/a><\/div><\/div><\/div><div class=\"gallery-row\" style=\"width: 975px; height: 440px;\"><div class=\"gallery-group images-2\" style=\"width: 334px; height: 444px;\"><div class=\"tiled-gallery-item tiled-gallery-item-large\"><a href=\"https:\/\/innernature.webs.upv.es\/wp-content\/uploads\/2017\/09\/airpaca2016-visitacomentadaexpo.jpg\"><img loading=\"lazy\" decoding=\"async\" data-attachment-id=\"1632\" data-orig-file=\"https:\/\/innernature.webs.upv.es\/wp-content\/uploads\/2017\/09\/airpaca2016-visitacomentadaexpo.jpg\" data-orig-size=\"1198,787\" data-comments-opened=\"0\" data-image-meta=\"{&quot;aperture&quot;:&quot;3.8&quot;,&quot;credit&quot;:&quot;&quot;,&quot;camera&quot;:&quot;NIKON D5300&quot;,&quot;caption&quot;:&quot;&quot;,&quot;created_timestamp&quot;:&quot;1476555296&quot;,&quot;copyright&quot;:&quot;&quot;,&quot;focal_length&quot;:&quot;21&quot;,&quot;iso&quot;:&quot;3200&quot;,&quot;shutter_speed&quot;:&quot;0.01&quot;,&quot;title&quot;:&quot;&quot;,&quot;orientation&quot;:&quot;1&quot;}\" data-image-title=\"airpaca2016-visitacomentadaexpo\" data-image-description=\"\" data-medium-file=\"https:\/\/innernature.webs.upv.es\/wp-content\/uploads\/2017\/09\/airpaca2016-visitacomentadaexpo-300x197.jpg\" data-large-file=\"https:\/\/innernature.webs.upv.es\/wp-content\/uploads\/2017\/09\/airpaca2016-visitacomentadaexpo-1024x673.jpg\" src=\"https:\/\/innernature.webs.upv.es\/wp-content\/uploads\/2017\/09\/airpaca2016-visitacomentadaexpo-330x216.jpg\" width=\"330\" height=\"216\" align=\"left\" title=\"airpaca2016-visitacomentadaexpo\" \/><\/a><\/div><div class=\"tiled-gallery-item tiled-gallery-item-large\"><a href=\"https:\/\/innernature.webs.upv.es\/wp-content\/uploads\/2017\/09\/airpaca2016.jpg\"><img loading=\"lazy\" decoding=\"async\" data-attachment-id=\"1633\" data-orig-file=\"https:\/\/innernature.webs.upv.es\/wp-content\/uploads\/2017\/09\/airpaca2016.jpg\" data-orig-size=\"945,630\" data-comments-opened=\"0\" data-image-meta=\"{&quot;aperture&quot;:&quot;6.3&quot;,&quot;credit&quot;:&quot;&quot;,&quot;camera&quot;:&quot;NIKON D5300&quot;,&quot;caption&quot;:&quot;&quot;,&quot;created_timestamp&quot;:&quot;1473970950&quot;,&quot;copyright&quot;:&quot;&quot;,&quot;focal_length&quot;:&quot;32&quot;,&quot;iso&quot;:&quot;720&quot;,&quot;shutter_speed&quot;:&quot;0.066666666666667&quot;,&quot;title&quot;:&quot;&quot;,&quot;orientation&quot;:&quot;1&quot;}\" data-image-title=\"airpaca2016\" data-image-description=\"\" data-medium-file=\"https:\/\/innernature.webs.upv.es\/wp-content\/uploads\/2017\/09\/airpaca2016-300x200.jpg\" data-large-file=\"https:\/\/innernature.webs.upv.es\/wp-content\/uploads\/2017\/09\/airpaca2016.jpg\" src=\"https:\/\/innernature.webs.upv.es\/wp-content\/uploads\/2017\/09\/airpaca2016-330x220.jpg\" width=\"330\" height=\"220\" align=\"left\" title=\"airpaca2016\" \/><\/a><\/div><\/div><div class=\"gallery-group images-1\" style=\"width: 641px; height: 444px;\"><div class=\"tiled-gallery-item tiled-gallery-item-large\"><a href=\"https:\/\/innernature.webs.upv.es\/wp-content\/uploads\/2017\/09\/lavadero_folguera.jpg\"><img loading=\"lazy\" decoding=\"async\" data-attachment-id=\"1635\" data-orig-file=\"https:\/\/innernature.webs.upv.es\/wp-content\/uploads\/2017\/09\/lavadero_folguera.jpg\" data-orig-size=\"630,435\" data-comments-opened=\"0\" data-image-meta=\"{&quot;aperture&quot;:&quot;3.3&quot;,&quot;credit&quot;:&quot;&quot;,&quot;camera&quot;:&quot;COOLPIX P600&quot;,&quot;caption&quot;:&quot;&quot;,&quot;created_timestamp&quot;:&quot;-62169984000&quot;,&quot;copyright&quot;:&quot;&quot;,&quot;focal_length&quot;:&quot;4.3&quot;,&quot;iso&quot;:&quot;100&quot;,&quot;shutter_speed&quot;:&quot;0.025&quot;,&quot;title&quot;:&quot;&quot;,&quot;orientation&quot;:&quot;1&quot;}\" data-image-title=\"lavadero_folguera\" data-image-description=\"\" data-medium-file=\"https:\/\/innernature.webs.upv.es\/wp-content\/uploads\/2017\/09\/lavadero_folguera-300x207.jpg\" data-large-file=\"https:\/\/innernature.webs.upv.es\/wp-content\/uploads\/2017\/09\/lavadero_folguera.jpg\" src=\"https:\/\/innernature.webs.upv.es\/wp-content\/uploads\/2017\/09\/lavadero_folguera.jpg\" width=\"637\" height=\"440\" align=\"left\" title=\"lavadero_folguera\" \/><\/a><\/div><\/div><\/div><\/div>\n<h4><\/h4>\n<h4>PACA PROYECTOS ART\u00cdSTICOS<\/h4>\n<p>Gij\u00f3n, Spain<\/p>\n<table frame=\"void\">\n<tbody>\n<tr>\n<td>\n<p style=\"text-align: justify;\">PACA_ Proyectos Artisticos Casa Antonino nace como artist run space, gestionado por Virginia Lopez, en una vieja \u201ccaser\u00eda\u201d de la zona rural de Gij\u00f3n (Espa\u00f1a). Casa Antonino&nbsp;(con su casa, panera, llagar, terreno de cultivo y pomarada) es el verdadero coraz\u00f3n del proyecto, manteniendo as\u00ed una dimensi\u00f3n dom\u00e9stica y familiar.&nbsp;Es un proyecto centrado en el arte contempor\u00e1neo, las pr\u00e1cticas ambientales y la educaci\u00f3n art\u00edstica con programas de residencias art\u00edsticas internacionales. Los objetivos de PACA &nbsp;son favorecer una cierta sensibilidad en torno al paisaje dentro de las artes contempor\u00e1neas, crear redes de colaboraci\u00f3n entre entes locales, instituciones nacionales e internacionales, universidades, asociaciones\u2026y a trav\u00e9s de proyectos art\u00edsticos &nbsp;inter-disciplinares, favorecer el di\u00e1logo entre la comunidad art\u00edstica y otros miembros de la sociedad.&nbsp;Como hilo conductor de las diferentes residencias organizadas por PACA est\u00e1 la activaci\u00f3n de experiencias art\u00edsticas que favorezcan la relaci\u00f3n con la comunidad, el territorio y su historia, de manera que la pr\u00e1ctica, investigaci\u00f3n y experimentaci\u00f3n art\u00edstica , adem\u00e1s de tener una valencia est\u00e9tica y po\u00e9tica, generen nuevas v\u00edas de interpretaci\u00f3n y de conocimiento del territorio en el que operan, a trav\u00e9s de valores culturales, ambientales y sociales.<\/p>\n<\/td>\n<td>\n<p style=\"text-align: justify;\">PACA_ Proyectos Artisticos Casa Antonino was established as an artist run space, managed by Virginia Lopez, in an old country farmhouse in the rural area of Gij\u00f3n, Spain. Casa Antonino is the true heart of the project, which uses it to maintain a domestic and familial dimension. PACA_ is a project focussed on contemporary art, environmental practices and artistic education, with international artist residency programmes. The objectives of PACA_Proyectos Artisticos Casa Antonino are to promote environmental and ecological practices and sensibilities in contemporary art; to carry out activities related to training, profusion, distribution and education; to create collaborative networks between local bodies, national and international institutions, universities, cultural foundations and institutions through interdisciplinary projects; to enhance local cultural organisations, fostering a dialogue between artistic communities and other members of society.&nbsp;The basis and common thread running through the diverse artist residencies organised at PACA is the activation of artistic experiences that promote relations with the local community, the region and its history. Site specific\/site oriented interventions are planned for the various spaces of the farmhouse and its surroundings, so that the artistic practice, research and experimentation not only has a poetic and aesthetic value, but can also generate new ways of interpreting the territory with which it dialogues, through cultural, social and environmental values.<\/p>\n<\/td>\n<\/tr>\n<\/tbody>\n<\/table>\n<table frame=\"void\">\n<tbody>\n<tr>\n<td><a href=\"https:\/\/vimeo.com\/189496712\" target=\"_blank\" rel=\"noopener\"><img loading=\"lazy\" decoding=\"async\" class=\"alignnone wp-image-1638 size-medium\" src=\"https:\/\/innernature.webs.upv.es\/wp-content\/uploads\/2017\/09\/proyecto-habitantes-paisajistas-2016-agua.png?w=300\" alt=\"\" width=\"300\" height=\"194\" srcset=\"https:\/\/innernature.webs.upv.es\/wp-content\/uploads\/2017\/09\/proyecto-habitantes-paisajistas-2016-agua.png 567w, https:\/\/innernature.webs.upv.es\/wp-content\/uploads\/2017\/09\/proyecto-habitantes-paisajistas-2016-agua-300x194.png 300w\" sizes=\"(max-width: 300px) 100vw, 300px\" \/><\/a><\/td>\n<td><a href=\"http:\/\/www.cartografiassubjetivas.com\" target=\"_blank\" rel=\"noopener\"><img loading=\"lazy\" decoding=\"async\" class=\"alignnone wp-image-1640 size-medium\" src=\"https:\/\/innernature.webs.upv.es\/wp-content\/uploads\/2017\/09\/proyecto-cartografc3adas-subjetivas.jpg?w=300\" alt=\"\" width=\"300\" height=\"191\" srcset=\"https:\/\/innernature.webs.upv.es\/wp-content\/uploads\/2017\/09\/proyecto-cartografc3adas-subjetivas.jpg 992w, https:\/\/innernature.webs.upv.es\/wp-content\/uploads\/2017\/09\/proyecto-cartografc3adas-subjetivas-300x191.jpg 300w, https:\/\/innernature.webs.upv.es\/wp-content\/uploads\/2017\/09\/proyecto-cartografc3adas-subjetivas-768x489.jpg 768w\" sizes=\"(max-width: 300px) 100vw, 300px\" \/><\/a><\/td>\n<td><a href=\"https:\/\/pacabooks.com\/Editions.php\" target=\"_blank\" rel=\"noopener\"><img loading=\"lazy\" decoding=\"async\" class=\"alignnone wp-image-1639 size-medium\" src=\"https:\/\/innernature.webs.upv.es\/wp-content\/uploads\/2017\/09\/paca-books.jpg?w=300\" alt=\"\" width=\"300\" height=\"200\" srcset=\"https:\/\/innernature.webs.upv.es\/wp-content\/uploads\/2017\/09\/paca-books.jpg 1280w, https:\/\/innernature.webs.upv.es\/wp-content\/uploads\/2017\/09\/paca-books-300x200.jpg 300w, https:\/\/innernature.webs.upv.es\/wp-content\/uploads\/2017\/09\/paca-books-768x512.jpg 768w, https:\/\/innernature.webs.upv.es\/wp-content\/uploads\/2017\/09\/paca-books-1024x682.jpg 1024w\" sizes=\"(max-width: 300px) 100vw, 300px\" \/><\/a><\/td>\n<\/tr>\n<tr>\n<td>El antrop\u00f3logo Adolfo Garc\u00eda Mart\u00ednez: Proyecto Habitantes Paisajistas 2016<\/td>\n<td>Cartograf\u00edas Subjetivas es un&nbsp;mapa digital con datos sensibles geolocalizados<\/td>\n<td>Editor\u00eda independiente&nbsp; (revistas, libros de artista y ediciones especiales).<\/td>\n<\/tr>\n<\/tbody>\n<\/table>\n<p><a href=\"http:\/\/pacaproyectosartisticos.com\" target=\"_blank\" rel=\"noopener\">PACA WEBSITE<\/a><\/p>\n","protected":false},"excerpt":{"rendered":"<p>PACA PROYECTOS ART\u00cdSTICOS Gij\u00f3n, Spain PACA_ Proyectos Artisticos Casa Antonino nace como artist run space, gestionado por Virginia Lopez, en una vieja \u201ccaser\u00eda\u201d de la zona rural de Gij\u00f3n (Espa\u00f1a). Casa Antonino&nbsp;(con su casa, panera, llagar, terreno de cultivo y pomarada) es el verdadero coraz\u00f3n del proyecto, manteniendo as\u00ed una dimensi\u00f3n dom\u00e9stica y familiar.&nbsp;Es un [&hellip;]<\/p>\n","protected":false},"author":2,"featured_media":0,"parent":96,"menu_order":0,"comment_status":"closed","ping_status":"closed","template":"","meta":{"footnotes":""},"class_list":["post-1488","page","type-page","status-publish","hentry"],"_links":{"self":[{"href":"https:\/\/innernature.webs.upv.es\/index.php?rest_route=\/wp\/v2\/pages\/1488","targetHints":{"allow":["GET"]}}],"collection":[{"href":"https:\/\/innernature.webs.upv.es\/index.php?rest_route=\/wp\/v2\/pages"}],"about":[{"href":"https:\/\/innernature.webs.upv.es\/index.php?rest_route=\/wp\/v2\/types\/page"}],"author":[{"embeddable":true,"href":"https:\/\/innernature.webs.upv.es\/index.php?rest_route=\/wp\/v2\/users\/2"}],"replies":[{"embeddable":true,"href":"https:\/\/innernature.webs.upv.es\/index.php?rest_route=%2Fwp%2Fv2%2Fcomments&post=1488"}],"version-history":[{"count":3,"href":"https:\/\/innernature.webs.upv.es\/index.php?rest_route=\/wp\/v2\/pages\/1488\/revisions"}],"predecessor-version":[{"id":2560,"href":"https:\/\/innernature.webs.upv.es\/index.php?rest_route=\/wp\/v2\/pages\/1488\/revisions\/2560"}],"up":[{"embeddable":true,"href":"https:\/\/innernature.webs.upv.es\/index.php?rest_route=\/wp\/v2\/pages\/96"}],"wp:attachment":[{"href":"https:\/\/innernature.webs.upv.es\/index.php?rest_route=%2Fwp%2Fv2%2Fmedia&parent=1488"}],"curies":[{"name":"wp","href":"https:\/\/api.w.org\/{rel}","templated":true}]}}