{"id":1505,"date":"2017-06-10T18:13:38","date_gmt":"2017-06-10T18:13:38","guid":{"rendered":"http:\/\/innernatureexhibition.com\/?page_id=1505"},"modified":"2021-06-03T12:57:02","modified_gmt":"2021-06-03T12:57:02","slug":"network","status":"publish","type":"page","link":"https:\/\/innernature.webs.upv.es\/?page_id=1505","title":{"rendered":"Centers"},"content":{"rendered":"<table frame=\"void\">\n<tbody>\n<tr>\n<td><strong><a href=\"https:\/\/innernature.webs.upv.es\/?page_id=1550\"><img fetchpriority=\"high\" decoding=\"async\" class=\"alignnone wp-image-1538 size-full\" src=\"https:\/\/innernature.webs.upv.es\/wp-content\/uploads\/2017\/06\/upv-nuevo-aulario-bbaa-012.jpg\" alt=\"\" width=\"256\" height=\"256\" srcset=\"https:\/\/innernature.webs.upv.es\/wp-content\/uploads\/2017\/06\/upv-nuevo-aulario-bbaa-012.jpg 256w, https:\/\/innernature.webs.upv.es\/wp-content\/uploads\/2017\/06\/upv-nuevo-aulario-bbaa-012-150x150.jpg 150w, https:\/\/innernature.webs.upv.es\/wp-content\/uploads\/2017\/06\/upv-nuevo-aulario-bbaa-012-100x100.jpg 100w\" sizes=\"(max-width: 256px) 100vw, 256px\" \/><\/a> <\/strong><\/p>\n<p><strong>UNIV.&nbsp;POLIT\u00c9CNICA DE VAL\u00c8NCIA<\/strong><\/p>\n<p>Valencia, Spain<\/td>\n<td><a href=\"https:\/\/innernature.webs.upv.es\/?page_id=1598\"><img decoding=\"async\" class=\"alignnone wp-image-1506 size-full\" src=\"https:\/\/innernature.webs.upv.es\/wp-content\/uploads\/2017\/06\/akkigalleria.jpg\" alt=\"\" width=\"256\" height=\"256\" srcset=\"https:\/\/innernature.webs.upv.es\/wp-content\/uploads\/2017\/06\/akkigalleria.jpg 256w, https:\/\/innernature.webs.upv.es\/wp-content\/uploads\/2017\/06\/akkigalleria-150x150.jpg 150w, https:\/\/innernature.webs.upv.es\/wp-content\/uploads\/2017\/06\/akkigalleria-100x100.jpg 100w\" sizes=\"(max-width: 256px) 100vw, 256px\" \/><\/a><\/p>\n<p><strong>\u00c4KKIGALLERIA<\/strong><\/p>\n<p>Jyv\u00e4skyl\u00e4, Finland<\/td>\n<td><a href=\"https:\/\/innernature.webs.upv.es\/?page_id=1452\"><img decoding=\"async\" class=\"alignnone wp-image-1521 size-full\" src=\"https:\/\/innernature.webs.upv.es\/wp-content\/uploads\/2017\/06\/captura-de-pantalla-2017-06-12-a-las-11-32-501.png\" alt=\"\" width=\"256\" height=\"256\" srcset=\"https:\/\/innernature.webs.upv.es\/wp-content\/uploads\/2017\/06\/captura-de-pantalla-2017-06-12-a-las-11-32-501.png 256w, https:\/\/innernature.webs.upv.es\/wp-content\/uploads\/2017\/06\/captura-de-pantalla-2017-06-12-a-las-11-32-501-150x150.png 150w, https:\/\/innernature.webs.upv.es\/wp-content\/uploads\/2017\/06\/captura-de-pantalla-2017-06-12-a-las-11-32-501-100x100.png 100w\" sizes=\"(max-width: 256px) 100vw, 256px\" \/><\/a><\/p>\n<p><strong>CSARTS, TEMPLE UNIVERSITY<\/strong><\/p>\n<p>Philadelphia, EEUU<\/td>\n<\/tr>\n<tr>\n<td><a href=\"https:\/\/innernature.webs.upv.es\/?page_id=1593\"><img loading=\"lazy\" decoding=\"async\" class=\"alignnone wp-image-1511 size-full\" src=\"https:\/\/innernature.webs.upv.es\/wp-content\/uploads\/2017\/06\/ivam-front.jpg\" alt=\"\" width=\"256\" height=\"256\" srcset=\"https:\/\/innernature.webs.upv.es\/wp-content\/uploads\/2017\/06\/ivam-front.jpg 256w, https:\/\/innernature.webs.upv.es\/wp-content\/uploads\/2017\/06\/ivam-front-150x150.jpg 150w, https:\/\/innernature.webs.upv.es\/wp-content\/uploads\/2017\/06\/ivam-front-100x100.jpg 100w\" sizes=\"(max-width: 256px) 100vw, 256px\" \/><\/a><\/p>\n<p><strong>IVAM<\/strong><\/p>\n<p>Valencia, Spain<\/td>\n<td><a href=\"https:\/\/innernature.webs.upv.es\/?page_id=1475\"><img loading=\"lazy\" decoding=\"async\" class=\"alignnone wp-image-1509 size-full\" src=\"https:\/\/innernature.webs.upv.es\/wp-content\/uploads\/2017\/06\/espacio-guia.png\" alt=\"\" width=\"256\" height=\"257\" srcset=\"https:\/\/innernature.webs.upv.es\/wp-content\/uploads\/2017\/06\/espacio-guia.png 256w, https:\/\/innernature.webs.upv.es\/wp-content\/uploads\/2017\/06\/espacio-guia-150x150.png 150w, https:\/\/innernature.webs.upv.es\/wp-content\/uploads\/2017\/06\/espacio-guia-100x100.png 100w\" sizes=\"(max-width: 256px) 100vw, 256px\" \/><\/a><\/p>\n<p><strong>ESPACIO GU\u00cdA<\/strong><\/p>\n<p>Las Palmas de Gran Canaria, Spain<\/td>\n<td><a href=\"https:\/\/innernature.webs.upv.es\/?page_id=1488\"><img loading=\"lazy\" decoding=\"async\" class=\"alignnone wp-image-1515 size-full\" src=\"https:\/\/innernature.webs.upv.es\/wp-content\/uploads\/2017\/06\/paca.jpg\" alt=\"\" width=\"256\" height=\"256\" srcset=\"https:\/\/innernature.webs.upv.es\/wp-content\/uploads\/2017\/06\/paca.jpg 256w, https:\/\/innernature.webs.upv.es\/wp-content\/uploads\/2017\/06\/paca-150x150.jpg 150w, https:\/\/innernature.webs.upv.es\/wp-content\/uploads\/2017\/06\/paca-100x100.jpg 100w\" sizes=\"(max-width: 256px) 100vw, 256px\" \/><\/a><\/p>\n<p><strong>PACA<\/strong><\/p>\n<p>Gij\u00f3n, Spain<\/td>\n<\/tr>\n<tr>\n<td><a href=\"https:\/\/innernature.webs.upv.es\/?page_id=1497\"><img loading=\"lazy\" decoding=\"async\" class=\"alignnone wp-image-1510 size-full\" src=\"https:\/\/innernature.webs.upv.es\/wp-content\/uploads\/2017\/06\/fundacic3b3n-laposta.jpg\" alt=\"\" width=\"256\" height=\"256\" srcset=\"https:\/\/innernature.webs.upv.es\/wp-content\/uploads\/2017\/06\/fundacic3b3n-laposta.jpg 256w, https:\/\/innernature.webs.upv.es\/wp-content\/uploads\/2017\/06\/fundacic3b3n-laposta-150x150.jpg 150w, https:\/\/innernature.webs.upv.es\/wp-content\/uploads\/2017\/06\/fundacic3b3n-laposta-100x100.jpg 100w\" sizes=\"(max-width: 256px) 100vw, 256px\" \/><\/a><\/p>\n<p><strong>FUNDACI\u00d3N LAPOSTA<\/strong><\/p>\n<p>Valencia, Spain<\/td>\n<td><a href=\"https:\/\/innernature.webs.upv.es\/?page_id=1456\"><img loading=\"lazy\" decoding=\"async\" class=\"alignnone wp-image-1513 size-full\" src=\"https:\/\/innernature.webs.upv.es\/wp-content\/uploads\/2017\/06\/lobi.png\" alt=\"\" width=\"256\" height=\"256\" srcset=\"https:\/\/innernature.webs.upv.es\/wp-content\/uploads\/2017\/06\/lobi.png 256w, https:\/\/innernature.webs.upv.es\/wp-content\/uploads\/2017\/06\/lobi-150x150.png 150w, https:\/\/innernature.webs.upv.es\/wp-content\/uploads\/2017\/06\/lobi-100x100.png 100w\" sizes=\"(max-width: 256px) 100vw, 256px\" \/><\/a><\/p>\n<p><strong>EL LOBI&nbsp;<\/strong><\/p>\n<p>San Juan, Puerto Rico<\/td>\n<td><a href=\"https:\/\/innernature.webs.upv.es\/?page_id=1484\"><img loading=\"lazy\" decoding=\"async\" class=\"alignnone wp-image-1517 size-full\" src=\"https:\/\/innernature.webs.upv.es\/wp-content\/uploads\/2017\/06\/zink.jpg\" alt=\"\" width=\"256\" height=\"256\" srcset=\"https:\/\/innernature.webs.upv.es\/wp-content\/uploads\/2017\/06\/zink.jpg 256w, https:\/\/innernature.webs.upv.es\/wp-content\/uploads\/2017\/06\/zink-150x150.jpg 150w, https:\/\/innernature.webs.upv.es\/wp-content\/uploads\/2017\/06\/zink-100x100.jpg 100w\" sizes=\"(max-width: 256px) 100vw, 256px\" \/><\/a><\/p>\n<p><strong>ESPACIO ZINK<\/strong><\/p>\n<p>Salamanca, Spain<\/td>\n<\/tr>\n<tr>\n<td><a href=\"https:\/\/innernature.webs.upv.es\/?page_id=1437\"><img loading=\"lazy\" decoding=\"async\" class=\"alignnone wp-image-1514 size-full\" src=\"https:\/\/innernature.webs.upv.es\/wp-content\/uploads\/2017\/06\/maison_verte_marnay_1.jpg\" alt=\"\" width=\"256\" height=\"256\" srcset=\"https:\/\/innernature.webs.upv.es\/wp-content\/uploads\/2017\/06\/maison_verte_marnay_1.jpg 256w, https:\/\/innernature.webs.upv.es\/wp-content\/uploads\/2017\/06\/maison_verte_marnay_1-150x150.jpg 150w, https:\/\/innernature.webs.upv.es\/wp-content\/uploads\/2017\/06\/maison_verte_marnay_1-100x100.jpg 100w\" sizes=\"(max-width: 256px) 100vw, 256px\" \/><\/a><\/p>\n<p><span style=\"font-family: inherit; font-size: inherit;\"><b>LA MAISON VERTE&nbsp;<\/b><\/span><\/p>\n<p><span style=\"font-family: inherit; font-size: inherit;\">Marnay-Sur-Seine, France<\/span><\/td>\n<td><strong><a href=\"https:\/\/innernature.webs.upv.es\/?page_id=1465\"><img loading=\"lazy\" decoding=\"async\" class=\"alignnone wp-image-1602 size-full\" src=\"https:\/\/innernature.webs.upv.es\/wp-content\/uploads\/2017\/06\/madraza2.jpg\" alt=\"\" width=\"256\" height=\"255\" srcset=\"https:\/\/innernature.webs.upv.es\/wp-content\/uploads\/2017\/06\/madraza2.jpg 256w, https:\/\/innernature.webs.upv.es\/wp-content\/uploads\/2017\/06\/madraza2-150x150.jpg 150w, https:\/\/innernature.webs.upv.es\/wp-content\/uploads\/2017\/06\/madraza2-100x100.jpg 100w\" sizes=\"(max-width: 256px) 100vw, 256px\" \/><\/a><\/strong><\/p>\n<p><strong>LA MADRAZA<\/strong><\/p>\n<p>Granada, Spain<\/td>\n<td><a href=\"https:\/\/innernature.webs.upv.es\/?page_id=1467\"><img loading=\"lazy\" decoding=\"async\" class=\"alignnone wp-image-2411 size-full\" src=\"https:\/\/innernature.webs.upv.es\/wp-content\/uploads\/2018\/11\/3-grullas-en-migracic3b3n-2016-vc3adctor-dc3adaz.jpg\" alt=\"\" width=\"256\" height=\"256\" srcset=\"https:\/\/innernature.webs.upv.es\/wp-content\/uploads\/2018\/11\/3-grullas-en-migracic3b3n-2016-vc3adctor-dc3adaz.jpg 256w, https:\/\/innernature.webs.upv.es\/wp-content\/uploads\/2018\/11\/3-grullas-en-migracic3b3n-2016-vc3adctor-dc3adaz-150x150.jpg 150w\" sizes=\"(max-width: 256px) 100vw, 256px\" \/><\/a><\/p>\n<p><strong>CULTURA DE RIBERA<\/strong><\/p>\n<p>Las Tablas de Daimiel, Spain<\/td>\n<\/tr>\n<tr>\n<td><img loading=\"lazy\" decoding=\"async\" class=\"alignnone wp-image-2413 size-full\" src=\"https:\/\/innernature.webs.upv.es\/wp-content\/uploads\/2018\/11\/teruel.jpg\" alt=\"\" width=\"256\" height=\"256\" srcset=\"https:\/\/innernature.webs.upv.es\/wp-content\/uploads\/2018\/11\/teruel.jpg 256w, https:\/\/innernature.webs.upv.es\/wp-content\/uploads\/2018\/11\/teruel-150x150.jpg 150w\" sizes=\"(max-width: 256px) 100vw, 256px\" \/><\/p>\n<p><strong>FACULTAD DE CIENCIAS SOCIALES <\/strong><\/p>\n<p>Teruel, Spain<\/td>\n<td><strong><a href=\"https:\/\/innernature.webs.upv.es\/?page_id=2084\"><img loading=\"lazy\" decoding=\"async\" class=\"alignnone wp-image-1830 size-full\" src=\"https:\/\/innernature.webs.upv.es\/wp-content\/uploads\/2018\/04\/mandarina-borda.png\" alt=\"\" width=\"256\" height=\"256\" srcset=\"https:\/\/innernature.webs.upv.es\/wp-content\/uploads\/2018\/04\/mandarina-borda.png 256w, https:\/\/innernature.webs.upv.es\/wp-content\/uploads\/2018\/04\/mandarina-borda-150x150.png 150w, https:\/\/innernature.webs.upv.es\/wp-content\/uploads\/2018\/04\/mandarina-borda-100x100.png 100w\" sizes=\"(max-width: 256px) 100vw, 256px\" \/><\/a><\/strong><\/p>\n<p><strong><span style=\"color: #808080;\">MANDARINA BORDA<\/span><\/strong><\/p>\n<p><span style=\"color: #808080;\">Palmera, Spain&nbsp;<\/span><\/td>\n<td><a href=\" https:\/\/innernature.webs.upv.es\/?page_id=2418 \"><img loading=\"lazy\" decoding=\"async\" class=\"alignnone wp-image-1829 size-full\" src=\"https:\/\/innernature.webs.upv.es\/wp-content\/uploads\/2018\/04\/centro-puertas-de-castilla.jpg\" alt=\"\" width=\"256\" height=\"256\" srcset=\"https:\/\/innernature.webs.upv.es\/wp-content\/uploads\/2018\/04\/centro-puertas-de-castilla.jpg 256w, https:\/\/innernature.webs.upv.es\/wp-content\/uploads\/2018\/04\/centro-puertas-de-castilla-150x150.jpg 150w, https:\/\/innernature.webs.upv.es\/wp-content\/uploads\/2018\/04\/centro-puertas-de-castilla-100x100.jpg 100w\" sizes=\"(max-width: 256px) 100vw, 256px\" \/><\/a><\/p>\n<p><span style=\"color: #808080;\"><strong>CENTRO PUERTAS DE CASTILLA<\/strong><\/span><\/p>\n<p><span style=\"color: #808080;\">Murcia, Spain<\/span><\/td>\n<\/tr>\n<\/tbody>\n<\/table>\n","protected":false},"excerpt":{"rendered":"<p>UNIV.&nbsp;POLIT\u00c9CNICA DE VAL\u00c8NCIA Valencia, Spain \u00c4KKIGALLERIA Jyv\u00e4skyl\u00e4, Finland CSARTS, TEMPLE UNIVERSITY Philadelphia, EEUU IVAM Valencia, Spain ESPACIO GU\u00cdA Las Palmas de Gran Canaria, Spain PACA Gij\u00f3n, Spain FUNDACI\u00d3N LAPOSTA Valencia, Spain EL LOBI&nbsp; San Juan, Puerto Rico ESPACIO ZINK Salamanca, Spain LA MAISON VERTE&nbsp; Marnay-Sur-Seine, France LA MADRAZA Granada, Spain CULTURA DE RIBERA Las Tablas [&hellip;]<\/p>\n","protected":false},"author":2,"featured_media":0,"parent":96,"menu_order":0,"comment_status":"closed","ping_status":"closed","template":"","meta":{"footnotes":""},"class_list":["post-1505","page","type-page","status-publish","hentry"],"_links":{"self":[{"href":"https:\/\/innernature.webs.upv.es\/index.php?rest_route=\/wp\/v2\/pages\/1505","targetHints":{"allow":["GET"]}}],"collection":[{"href":"https:\/\/innernature.webs.upv.es\/index.php?rest_route=\/wp\/v2\/pages"}],"about":[{"href":"https:\/\/innernature.webs.upv.es\/index.php?rest_route=\/wp\/v2\/types\/page"}],"author":[{"embeddable":true,"href":"https:\/\/innernature.webs.upv.es\/index.php?rest_route=\/wp\/v2\/users\/2"}],"replies":[{"embeddable":true,"href":"https:\/\/innernature.webs.upv.es\/index.php?rest_route=%2Fwp%2Fv2%2Fcomments&post=1505"}],"version-history":[{"count":10,"href":"https:\/\/innernature.webs.upv.es\/index.php?rest_route=\/wp\/v2\/pages\/1505\/revisions"}],"predecessor-version":[{"id":2472,"href":"https:\/\/innernature.webs.upv.es\/index.php?rest_route=\/wp\/v2\/pages\/1505\/revisions\/2472"}],"up":[{"embeddable":true,"href":"https:\/\/innernature.webs.upv.es\/index.php?rest_route=\/wp\/v2\/pages\/96"}],"wp:attachment":[{"href":"https:\/\/innernature.webs.upv.es\/index.php?rest_route=%2Fwp%2Fv2%2Fmedia&parent=1505"}],"curies":[{"name":"wp","href":"https:\/\/api.w.org\/{rel}","templated":true}]}}