{"id":178,"date":"2015-02-18T20:26:13","date_gmt":"2015-02-18T20:26:13","guid":{"rendered":"https:\/\/innernatureexhibition.wordpress.com\/?page_id=178"},"modified":"2021-06-03T14:09:58","modified_gmt":"2021-06-03T14:09:58","slug":"kun-xiu","status":"publish","type":"page","link":"https:\/\/innernature.webs.upv.es\/?page_id=178","title":{"rendered":"Kun Xiu"},"content":{"rendered":"<div data-carousel-extra='{\"blog_id\":1,\"permalink\":\"https:\\\/\\\/innernature.webs.upv.es\\\/?page_id=178\"}' class=\"tiled-gallery type-rectangular\" data-original-width=\"980\"><div class=\"gallery-row\" style=\"width: 975px; height: 266px;\"><div class=\"gallery-group images-1\" style=\"width: 488px; height: 270px;\"><div class=\"tiled-gallery-item tiled-gallery-item-large\"><a href=\"https:\/\/innernature.webs.upv.es\/?attachment_id=179\"><img fetchpriority=\"high\" decoding=\"async\" data-attachment-id=\"179\" data-orig-file=\"https:\/\/innernature.webs.upv.es\/wp-content\/uploads\/2015\/02\/kun-xiu-1.jpg\" data-orig-size=\"886,487\" data-comments-opened=\"0\" data-image-meta=\"{&quot;aperture&quot;:&quot;0&quot;,&quot;credit&quot;:&quot;&quot;,&quot;camera&quot;:&quot;&quot;,&quot;caption&quot;:&quot;&quot;,&quot;created_timestamp&quot;:&quot;0&quot;,&quot;copyright&quot;:&quot;&quot;,&quot;focal_length&quot;:&quot;0&quot;,&quot;iso&quot;:&quot;0&quot;,&quot;shutter_speed&quot;:&quot;0&quot;,&quot;title&quot;:&quot;&quot;,&quot;orientation&quot;:&quot;1&quot;}\" data-image-title=\"Kun Xiu 1\" data-image-description=\"\" data-medium-file=\"https:\/\/innernature.webs.upv.es\/wp-content\/uploads\/2015\/02\/kun-xiu-1-300x165.jpg\" data-large-file=\"https:\/\/innernature.webs.upv.es\/wp-content\/uploads\/2015\/02\/kun-xiu-1.jpg\" src=\"https:\/\/innernature.webs.upv.es\/wp-content\/uploads\/2015\/02\/kun-xiu-1-484x266.jpg\" width=\"484\" height=\"266\" align=\"left\" title=\"Kun Xiu 1\" \/><\/a><\/div><\/div><div class=\"gallery-group images-1\" style=\"width: 487px; height: 270px;\"><div class=\"tiled-gallery-item tiled-gallery-item-large\"><a href=\"https:\/\/innernature.webs.upv.es\/?attachment_id=180\"><img decoding=\"async\" data-attachment-id=\"180\" data-orig-file=\"https:\/\/innernature.webs.upv.es\/wp-content\/uploads\/2015\/02\/kun-xiu-2.jpg\" data-orig-size=\"886,487\" data-comments-opened=\"0\" data-image-meta=\"{&quot;aperture&quot;:&quot;0&quot;,&quot;credit&quot;:&quot;&quot;,&quot;camera&quot;:&quot;&quot;,&quot;caption&quot;:&quot;&quot;,&quot;created_timestamp&quot;:&quot;0&quot;,&quot;copyright&quot;:&quot;&quot;,&quot;focal_length&quot;:&quot;0&quot;,&quot;iso&quot;:&quot;0&quot;,&quot;shutter_speed&quot;:&quot;0&quot;,&quot;title&quot;:&quot;&quot;,&quot;orientation&quot;:&quot;1&quot;}\" data-image-title=\"Kun Xiu 2\" data-image-description=\"\" data-medium-file=\"https:\/\/innernature.webs.upv.es\/wp-content\/uploads\/2015\/02\/kun-xiu-2-300x165.jpg\" data-large-file=\"https:\/\/innernature.webs.upv.es\/wp-content\/uploads\/2015\/02\/kun-xiu-2.jpg\" src=\"https:\/\/innernature.webs.upv.es\/wp-content\/uploads\/2015\/02\/kun-xiu-2-483x266.jpg\" width=\"483\" height=\"266\" align=\"left\" title=\"Kun Xiu 2\" \/><\/a><\/div><\/div><\/div><div class=\"gallery-row\" style=\"width: 975px; height: 266px;\"><div class=\"gallery-group images-1\" style=\"width: 488px; height: 270px;\"><div class=\"tiled-gallery-item tiled-gallery-item-large\"><a href=\"https:\/\/innernature.webs.upv.es\/?attachment_id=183\"><img decoding=\"async\" data-attachment-id=\"183\" data-orig-file=\"https:\/\/innernature.webs.upv.es\/wp-content\/uploads\/2015\/02\/kun-xiu-5.jpg\" data-orig-size=\"886,487\" data-comments-opened=\"0\" data-image-meta=\"{&quot;aperture&quot;:&quot;0&quot;,&quot;credit&quot;:&quot;&quot;,&quot;camera&quot;:&quot;&quot;,&quot;caption&quot;:&quot;&quot;,&quot;created_timestamp&quot;:&quot;0&quot;,&quot;copyright&quot;:&quot;&quot;,&quot;focal_length&quot;:&quot;0&quot;,&quot;iso&quot;:&quot;0&quot;,&quot;shutter_speed&quot;:&quot;0&quot;,&quot;title&quot;:&quot;&quot;,&quot;orientation&quot;:&quot;1&quot;}\" data-image-title=\"Kun Xiu 5\" data-image-description=\"\" data-medium-file=\"https:\/\/innernature.webs.upv.es\/wp-content\/uploads\/2015\/02\/kun-xiu-5-300x165.jpg\" data-large-file=\"https:\/\/innernature.webs.upv.es\/wp-content\/uploads\/2015\/02\/kun-xiu-5.jpg\" src=\"https:\/\/innernature.webs.upv.es\/wp-content\/uploads\/2015\/02\/kun-xiu-5-484x266.jpg\" width=\"484\" height=\"266\" align=\"left\" title=\"Kun Xiu 5\" \/><\/a><\/div><\/div><div class=\"gallery-group images-1\" style=\"width: 487px; height: 270px;\"><div class=\"tiled-gallery-item tiled-gallery-item-large\"><a href=\"https:\/\/innernature.webs.upv.es\/?attachment_id=181\"><img loading=\"lazy\" decoding=\"async\" data-attachment-id=\"181\" data-orig-file=\"https:\/\/innernature.webs.upv.es\/wp-content\/uploads\/2015\/02\/kun-xiu-3.jpg\" data-orig-size=\"886,487\" data-comments-opened=\"0\" data-image-meta=\"{&quot;aperture&quot;:&quot;0&quot;,&quot;credit&quot;:&quot;&quot;,&quot;camera&quot;:&quot;&quot;,&quot;caption&quot;:&quot;&quot;,&quot;created_timestamp&quot;:&quot;0&quot;,&quot;copyright&quot;:&quot;&quot;,&quot;focal_length&quot;:&quot;0&quot;,&quot;iso&quot;:&quot;0&quot;,&quot;shutter_speed&quot;:&quot;0&quot;,&quot;title&quot;:&quot;&quot;,&quot;orientation&quot;:&quot;1&quot;}\" data-image-title=\"Kun Xiu 3\" data-image-description=\"\" data-medium-file=\"https:\/\/innernature.webs.upv.es\/wp-content\/uploads\/2015\/02\/kun-xiu-3-300x165.jpg\" data-large-file=\"https:\/\/innernature.webs.upv.es\/wp-content\/uploads\/2015\/02\/kun-xiu-3.jpg\" src=\"https:\/\/innernature.webs.upv.es\/wp-content\/uploads\/2015\/02\/kun-xiu-3-483x266.jpg\" width=\"483\" height=\"266\" align=\"left\" title=\"Kun Xiu 3\" \/><\/a><\/div><\/div><\/div><div class=\"gallery-row\" style=\"width: 975px; height: 266px;\"><div class=\"gallery-group images-1\" style=\"width: 488px; height: 270px;\"><div class=\"tiled-gallery-item tiled-gallery-item-large\"><a href=\"https:\/\/innernature.webs.upv.es\/?attachment_id=182\"><img loading=\"lazy\" decoding=\"async\" data-attachment-id=\"182\" data-orig-file=\"https:\/\/innernature.webs.upv.es\/wp-content\/uploads\/2015\/02\/kun-xiu-4.jpg\" data-orig-size=\"886,487\" data-comments-opened=\"0\" data-image-meta=\"{&quot;aperture&quot;:&quot;0&quot;,&quot;credit&quot;:&quot;&quot;,&quot;camera&quot;:&quot;&quot;,&quot;caption&quot;:&quot;&quot;,&quot;created_timestamp&quot;:&quot;0&quot;,&quot;copyright&quot;:&quot;&quot;,&quot;focal_length&quot;:&quot;0&quot;,&quot;iso&quot;:&quot;0&quot;,&quot;shutter_speed&quot;:&quot;0&quot;,&quot;title&quot;:&quot;&quot;,&quot;orientation&quot;:&quot;1&quot;}\" data-image-title=\"Kun Xiu 4\" data-image-description=\"\" data-medium-file=\"https:\/\/innernature.webs.upv.es\/wp-content\/uploads\/2015\/02\/kun-xiu-4-300x165.jpg\" data-large-file=\"https:\/\/innernature.webs.upv.es\/wp-content\/uploads\/2015\/02\/kun-xiu-4.jpg\" src=\"https:\/\/innernature.webs.upv.es\/wp-content\/uploads\/2015\/02\/kun-xiu-4-484x266.jpg\" width=\"484\" height=\"266\" align=\"left\" title=\"Kun Xiu 4\" \/><\/a><\/div><\/div><div class=\"gallery-group images-1\" style=\"width: 487px; height: 270px;\"><div class=\"tiled-gallery-item tiled-gallery-item-large\"><a href=\"https:\/\/innernature.webs.upv.es\/?attachment_id=184\"><img loading=\"lazy\" decoding=\"async\" data-attachment-id=\"184\" data-orig-file=\"https:\/\/innernature.webs.upv.es\/wp-content\/uploads\/2015\/02\/kun-xiu-6.jpg\" data-orig-size=\"886,487\" data-comments-opened=\"0\" data-image-meta=\"{&quot;aperture&quot;:&quot;0&quot;,&quot;credit&quot;:&quot;&quot;,&quot;camera&quot;:&quot;&quot;,&quot;caption&quot;:&quot;&quot;,&quot;created_timestamp&quot;:&quot;0&quot;,&quot;copyright&quot;:&quot;&quot;,&quot;focal_length&quot;:&quot;0&quot;,&quot;iso&quot;:&quot;0&quot;,&quot;shutter_speed&quot;:&quot;0&quot;,&quot;title&quot;:&quot;&quot;,&quot;orientation&quot;:&quot;1&quot;}\" data-image-title=\"Kun Xiu 6\" data-image-description=\"\" data-medium-file=\"https:\/\/innernature.webs.upv.es\/wp-content\/uploads\/2015\/02\/kun-xiu-6-300x165.jpg\" data-large-file=\"https:\/\/innernature.webs.upv.es\/wp-content\/uploads\/2015\/02\/kun-xiu-6.jpg\" src=\"https:\/\/innernature.webs.upv.es\/wp-content\/uploads\/2015\/02\/kun-xiu-6-483x266.jpg\" width=\"483\" height=\"266\" align=\"left\" title=\"Kun Xiu 6\" \/><\/a><\/div><\/div><\/div><\/div>\n<p>&nbsp;<\/p>\n<p><strong>DUKKHA, LA CAUSA DE MI GOZO Y DE MI LLANTO<\/strong><\/p>\n<p><i>(Dukkha, The cause of my joy and of my tears)<\/i><\/p>\n<p><i> 3\u00b423\u00b4\u00b4<\/i><\/p>\n<table frame=\"void\">\n<tbody>\n<tr>\n<td style=\"text-align: justify;\"><span style=\"color: #999999;\">La inseguridad, el miedo al fracaso y la incapacidad para asumir los cambios hacen que nos sintamos d\u00e9biles y frustrados en muchas ocasiones. La palabra&nbsp;<i>Dukkha<\/i>&nbsp;remite a un sentimiento que podr\u00eda ubicarse entre el dolor y la insatisfacci\u00f3n pero que no tiene traducci\u00f3n literal en nuestro idioma.&nbsp;Seg\u00fan el Budismo, el sufrimiento surge del apego al deseo, de no aceptar el hecho de que todo cambia, incluso nosotros mismos, a cada instante. Todo es impermanente y s\u00f3lo si lo asumimos dejaremos de sufrir.&nbsp;El artista plantea esta muestra como un viaje por los distintos estados de \u00e1nimo que envuelven al sufrimiento, especialmente la pasi\u00f3n y la nostalgia, identificados en siete dolores cuya superaci\u00f3n, desde el Budismo, estimula el crecimiento personal y favorece el camino hacia la aut\u00e9ntica felicidad.<\/span><\/td>\n<td style=\"text-align: justify;\"><span style=\"color: #999999;\"><span style=\"line-height: 1.5;\">Uncertainty, fear of failure and the inability to face changes make us feel weak and frustrated on many occasions. The word&nbsp;<\/span><i style=\"line-height: 1.5;\">Dukkha<\/i><span style=\"line-height: 1.5;\">&nbsp;refers to a feeling between pain and dissatisfaction but has no literal translation into our language. In Buddhism, suffering arises from attachment to desire, from the incapacity to accept the fact that everything changes, including ourselves, at every moment. Everything is impermanent and only if we accept that we will not suffer. The artist presents this work as a journey through the different moods that surround suffering, especially passion and nostalgia, embodied by seven sorrows whose overcoming, according to Buddhism, encourages personal growth and favors the path to true happiness.<\/span><\/span><\/td>\n<\/tr>\n<tr>\n<td style=\"text-align: justify;\"><a href=\"http:\/\/cargocollective.com\/kunxiu\" target=\"_blank\" rel=\"noopener\">ARTIST WEBSITE<\/a><\/td>\n<td style=\"text-align: justify;\"><\/td>\n<\/tr>\n<\/tbody>\n<\/table>\n<p><iframe title=\"Kun Xiu, DUKKHA La causa de mi gozo y de mi llanto \/ DUKKHA The cause of my joy and of my tears)\" width=\"980\" height=\"551\" src=\"https:\/\/www.youtube.com\/embed\/9nSNGGJaPY8?feature=oembed\" frameborder=\"0\" allow=\"accelerometer; autoplay; clipboard-write; encrypted-media; gyroscope; picture-in-picture\" allowfullscreen><\/iframe><\/p>\n","protected":false},"excerpt":{"rendered":"<p>&nbsp; DUKKHA, LA CAUSA DE MI GOZO Y DE MI LLANTO (Dukkha, The cause of my joy and of my tears) 3\u00b423\u00b4\u00b4 La inseguridad, el miedo al fracaso y la incapacidad para asumir los cambios hacen que nos sintamos d\u00e9biles y frustrados en muchas ocasiones. La palabra&nbsp;Dukkha&nbsp;remite a un sentimiento que podr\u00eda ubicarse entre el [&hellip;]<\/p>\n","protected":false},"author":2,"featured_media":0,"parent":0,"menu_order":0,"comment_status":"closed","ping_status":"closed","template":"","meta":{"footnotes":""},"class_list":["post-178","page","type-page","status-publish","hentry"],"_links":{"self":[{"href":"https:\/\/innernature.webs.upv.es\/index.php?rest_route=\/wp\/v2\/pages\/178","targetHints":{"allow":["GET"]}}],"collection":[{"href":"https:\/\/innernature.webs.upv.es\/index.php?rest_route=\/wp\/v2\/pages"}],"about":[{"href":"https:\/\/innernature.webs.upv.es\/index.php?rest_route=\/wp\/v2\/types\/page"}],"author":[{"embeddable":true,"href":"https:\/\/innernature.webs.upv.es\/index.php?rest_route=\/wp\/v2\/users\/2"}],"replies":[{"embeddable":true,"href":"https:\/\/innernature.webs.upv.es\/index.php?rest_route=%2Fwp%2Fv2%2Fcomments&post=178"}],"version-history":[{"count":3,"href":"https:\/\/innernature.webs.upv.es\/index.php?rest_route=\/wp\/v2\/pages\/178\/revisions"}],"predecessor-version":[{"id":2511,"href":"https:\/\/innernature.webs.upv.es\/index.php?rest_route=\/wp\/v2\/pages\/178\/revisions\/2511"}],"wp:attachment":[{"href":"https:\/\/innernature.webs.upv.es\/index.php?rest_route=%2Fwp%2Fv2%2Fmedia&parent=178"}],"curies":[{"name":"wp","href":"https:\/\/api.w.org\/{rel}","templated":true}]}}