{"id":1846,"date":"2018-04-11T10:36:34","date_gmt":"2018-04-11T10:36:34","guid":{"rendered":"http:\/\/innernatureexhibition.com\/?page_id=1846"},"modified":"2018-11-17T12:35:02","modified_gmt":"2018-11-17T12:35:02","slug":"past-editions","status":"publish","type":"page","link":"https:\/\/innernature.webs.upv.es\/?page_id=1846","title":{"rendered":"Past editions"},"content":{"rendered":"<p><iframe title=\"INNER NATURE EXHIBITION\" width=\"980\" height=\"551\" src=\"https:\/\/www.youtube.com\/embed\/jLh7GhU9D68?feature=oembed\" frameborder=\"0\" allow=\"accelerometer; autoplay; clipboard-write; encrypted-media; gyroscope; picture-in-picture\" allowfullscreen><\/iframe><\/p>\n<p>&nbsp;<\/p>\n<table border=\"0\">\n<tbody>\n<tr>\n<td style=\"text-align: justify;\">Cada edici\u00f3n aborda una tem\u00e1tica diferente. En la primera edici\u00f3n el tema elegido fue el cuerpo\u00a0como\u00a0punto de partida para abordar cuestiones como la identidad, la empat\u00eda, la interdependencia o la impermanencia. La segunda edici\u00f3n explor\u00f3 cuestiones relacionadas con inquietudes ecol\u00f3gicas incluyendo temas diversos como la deforestaci\u00f3n, la industrializaci\u00f3n o los residuos.<\/td>\n<td style=\"text-align: justify;\">Each edition revolves around a different theme. The first edition was centred on the human body as a starting point to address questions of identity, empathy, interdependence, or impermanence. The second edition explored various issues related to environmental concerns, such as deforestation, industrialization or consumerism.<\/td>\n<\/tr>\n<\/tbody>\n<\/table>\n<p>&nbsp;<\/p>\n<table border=\"\">\n<tbody>\n<tr>\n<td><img fetchpriority=\"high\" decoding=\"async\" class=\"alignnone wp-image-1604 size-full\" src=\"https:\/\/innernature.webs.upv.es\/wp-content\/uploads\/2017\/06\/cuadrado-beige.jpg\" alt=\"\" width=\"256\" height=\"256\" srcset=\"https:\/\/innernature.webs.upv.es\/wp-content\/uploads\/2017\/06\/cuadrado-beige.jpg 256w, https:\/\/innernature.webs.upv.es\/wp-content\/uploads\/2017\/06\/cuadrado-beige-150x150.jpg 150w, https:\/\/innernature.webs.upv.es\/wp-content\/uploads\/2017\/06\/cuadrado-beige-100x100.jpg 100w\" sizes=\"(max-width: 256px) 100vw, 256px\" \/><\/td>\n<td><strong><a href=\"https:\/\/innernature.webs.upv.es\/?page_id=694\"><img decoding=\"async\" class=\"alignnone\" src=\"https:\/\/innernature.webs.upv.es\/wp-content\/uploads\/2018\/04\/first-edition.jpg\" alt=\"\" width=\"256\" height=\"256\" \/><\/a><\/strong><\/td>\n<td><a href=\"https:\/\/innernature.webs.upv.es\/?page_id=1155\"><img decoding=\"async\" class=\"alignnone\" src=\"https:\/\/innernature.webs.upv.es\/wp-content\/uploads\/2018\/04\/second-edition.jpg\" alt=\"\" width=\"256\" height=\"256\" \/><\/a><\/td>\n<\/tr>\n<\/tbody>\n<\/table>\n","protected":false},"excerpt":{"rendered":"<p>&nbsp; Cada edici\u00f3n aborda una tem\u00e1tica diferente. En la primera edici\u00f3n el tema elegido fue el cuerpo\u00a0como\u00a0punto de partida para abordar cuestiones como la identidad, la empat\u00eda, la interdependencia o la impermanencia. La segunda edici\u00f3n explor\u00f3 cuestiones relacionadas con inquietudes ecol\u00f3gicas incluyendo temas diversos como la deforestaci\u00f3n, la industrializaci\u00f3n o los residuos. Each edition revolves [&hellip;]<\/p>\n","protected":false},"author":2,"featured_media":0,"parent":0,"menu_order":0,"comment_status":"closed","ping_status":"closed","template":"","meta":{"footnotes":""},"class_list":["post-1846","page","type-page","status-publish","hentry"],"_links":{"self":[{"href":"https:\/\/innernature.webs.upv.es\/index.php?rest_route=\/wp\/v2\/pages\/1846","targetHints":{"allow":["GET"]}}],"collection":[{"href":"https:\/\/innernature.webs.upv.es\/index.php?rest_route=\/wp\/v2\/pages"}],"about":[{"href":"https:\/\/innernature.webs.upv.es\/index.php?rest_route=\/wp\/v2\/types\/page"}],"author":[{"embeddable":true,"href":"https:\/\/innernature.webs.upv.es\/index.php?rest_route=\/wp\/v2\/users\/2"}],"replies":[{"embeddable":true,"href":"https:\/\/innernature.webs.upv.es\/index.php?rest_route=%2Fwp%2Fv2%2Fcomments&post=1846"}],"version-history":[{"count":8,"href":"https:\/\/innernature.webs.upv.es\/index.php?rest_route=\/wp\/v2\/pages\/1846\/revisions"}],"predecessor-version":[{"id":2427,"href":"https:\/\/innernature.webs.upv.es\/index.php?rest_route=\/wp\/v2\/pages\/1846\/revisions\/2427"}],"wp:attachment":[{"href":"https:\/\/innernature.webs.upv.es\/index.php?rest_route=%2Fwp%2Fv2%2Fmedia&parent=1846"}],"curies":[{"name":"wp","href":"https:\/\/api.w.org\/{rel}","templated":true}]}}