{"id":186,"date":"2015-02-18T20:33:11","date_gmt":"2015-02-18T20:33:11","guid":{"rendered":"https:\/\/innernatureexhibition.wordpress.com\/?page_id=186"},"modified":"2021-06-03T14:39:03","modified_gmt":"2021-06-03T14:39:03","slug":"lucia-loren-y-juanma-valentin","status":"publish","type":"page","link":"https:\/\/innernature.webs.upv.es\/?page_id=186","title":{"rendered":"Luc\u00eda Loren y Juanma Valent\u00edn"},"content":{"rendered":"<div data-carousel-extra='{\"blog_id\":1,\"permalink\":\"https:\\\/\\\/innernature.webs.upv.es\\\/?page_id=186\"}' class=\"tiled-gallery type-rectangular\" data-original-width=\"980\"><div class=\"gallery-row\" style=\"width: 975px; height: 266px;\"><div class=\"gallery-group images-1\" style=\"width: 488px; height: 270px;\"><div class=\"tiled-gallery-item tiled-gallery-item-large\"><a href=\"https:\/\/innernature.webs.upv.es\/?attachment_id=190\"><img fetchpriority=\"high\" decoding=\"async\" data-attachment-id=\"190\" data-orig-file=\"https:\/\/innernature.webs.upv.es\/wp-content\/uploads\/2015\/02\/lucia-loren-y-juanma-valentc3adn-4.jpg\" data-orig-size=\"886,487\" data-comments-opened=\"0\" data-image-meta=\"{&quot;aperture&quot;:&quot;0&quot;,&quot;credit&quot;:&quot;&quot;,&quot;camera&quot;:&quot;&quot;,&quot;caption&quot;:&quot;&quot;,&quot;created_timestamp&quot;:&quot;0&quot;,&quot;copyright&quot;:&quot;&quot;,&quot;focal_length&quot;:&quot;0&quot;,&quot;iso&quot;:&quot;0&quot;,&quot;shutter_speed&quot;:&quot;0&quot;,&quot;title&quot;:&quot;&quot;,&quot;orientation&quot;:&quot;1&quot;}\" data-image-title=\"Lucia Loren y Juanma Valent\u00edn 4\" data-image-description=\"\" data-medium-file=\"https:\/\/innernature.webs.upv.es\/wp-content\/uploads\/2015\/02\/lucia-loren-y-juanma-valentc3adn-4-300x165.jpg\" data-large-file=\"https:\/\/innernature.webs.upv.es\/wp-content\/uploads\/2015\/02\/lucia-loren-y-juanma-valentc3adn-4.jpg\" src=\"https:\/\/innernature.webs.upv.es\/wp-content\/uploads\/2015\/02\/lucia-loren-y-juanma-valentc3adn-4-484x266.jpg\" width=\"484\" height=\"266\" align=\"left\" title=\"Lucia Loren y Juanma Valent\u00edn 4\" \/><\/a><\/div><\/div><div class=\"gallery-group images-1\" style=\"width: 487px; height: 270px;\"><div class=\"tiled-gallery-item tiled-gallery-item-large\"><a href=\"https:\/\/innernature.webs.upv.es\/?attachment_id=191\"><img decoding=\"async\" data-attachment-id=\"191\" data-orig-file=\"https:\/\/innernature.webs.upv.es\/wp-content\/uploads\/2015\/02\/lucia-loren-y-juanma-valentc3adn-5.jpg\" data-orig-size=\"886,487\" data-comments-opened=\"0\" data-image-meta=\"{&quot;aperture&quot;:&quot;0&quot;,&quot;credit&quot;:&quot;&quot;,&quot;camera&quot;:&quot;&quot;,&quot;caption&quot;:&quot;&quot;,&quot;created_timestamp&quot;:&quot;0&quot;,&quot;copyright&quot;:&quot;&quot;,&quot;focal_length&quot;:&quot;0&quot;,&quot;iso&quot;:&quot;0&quot;,&quot;shutter_speed&quot;:&quot;0&quot;,&quot;title&quot;:&quot;&quot;,&quot;orientation&quot;:&quot;1&quot;}\" data-image-title=\"Lucia Loren y Juanma Valent\u00edn 5\" data-image-description=\"\" data-medium-file=\"https:\/\/innernature.webs.upv.es\/wp-content\/uploads\/2015\/02\/lucia-loren-y-juanma-valentc3adn-5-300x165.jpg\" data-large-file=\"https:\/\/innernature.webs.upv.es\/wp-content\/uploads\/2015\/02\/lucia-loren-y-juanma-valentc3adn-5.jpg\" src=\"https:\/\/innernature.webs.upv.es\/wp-content\/uploads\/2015\/02\/lucia-loren-y-juanma-valentc3adn-5-483x266.jpg\" width=\"483\" height=\"266\" align=\"left\" title=\"Lucia Loren y Juanma Valent\u00edn 5\" \/><\/a><\/div><\/div><\/div><div class=\"gallery-row\" style=\"width: 975px; height: 266px;\"><div class=\"gallery-group images-1\" style=\"width: 488px; height: 270px;\"><div class=\"tiled-gallery-item tiled-gallery-item-large\"><a href=\"https:\/\/innernature.webs.upv.es\/?attachment_id=188\"><img decoding=\"async\" data-attachment-id=\"188\" data-orig-file=\"https:\/\/innernature.webs.upv.es\/wp-content\/uploads\/2015\/02\/lucia-loren-y-juanma-valentc3adn-2.jpg\" data-orig-size=\"886,487\" data-comments-opened=\"0\" data-image-meta=\"{&quot;aperture&quot;:&quot;0&quot;,&quot;credit&quot;:&quot;&quot;,&quot;camera&quot;:&quot;&quot;,&quot;caption&quot;:&quot;&quot;,&quot;created_timestamp&quot;:&quot;0&quot;,&quot;copyright&quot;:&quot;&quot;,&quot;focal_length&quot;:&quot;0&quot;,&quot;iso&quot;:&quot;0&quot;,&quot;shutter_speed&quot;:&quot;0&quot;,&quot;title&quot;:&quot;&quot;,&quot;orientation&quot;:&quot;1&quot;}\" data-image-title=\"Lucia Loren y Juanma Valent\u00edn 2\" data-image-description=\"\" data-medium-file=\"https:\/\/innernature.webs.upv.es\/wp-content\/uploads\/2015\/02\/lucia-loren-y-juanma-valentc3adn-2-300x165.jpg\" data-large-file=\"https:\/\/innernature.webs.upv.es\/wp-content\/uploads\/2015\/02\/lucia-loren-y-juanma-valentc3adn-2.jpg\" src=\"https:\/\/innernature.webs.upv.es\/wp-content\/uploads\/2015\/02\/lucia-loren-y-juanma-valentc3adn-2-484x266.jpg\" width=\"484\" height=\"266\" align=\"left\" title=\"Lucia Loren y Juanma Valent\u00edn 2\" \/><\/a><\/div><\/div><div class=\"gallery-group images-1\" style=\"width: 487px; height: 270px;\"><div class=\"tiled-gallery-item tiled-gallery-item-large\"><a href=\"https:\/\/innernature.webs.upv.es\/?attachment_id=192\"><img loading=\"lazy\" decoding=\"async\" data-attachment-id=\"192\" data-orig-file=\"https:\/\/innernature.webs.upv.es\/wp-content\/uploads\/2015\/02\/lucia-loren-y-juanma-valentc3adn-6.jpg\" data-orig-size=\"886,487\" data-comments-opened=\"0\" data-image-meta=\"{&quot;aperture&quot;:&quot;0&quot;,&quot;credit&quot;:&quot;&quot;,&quot;camera&quot;:&quot;&quot;,&quot;caption&quot;:&quot;&quot;,&quot;created_timestamp&quot;:&quot;0&quot;,&quot;copyright&quot;:&quot;&quot;,&quot;focal_length&quot;:&quot;0&quot;,&quot;iso&quot;:&quot;0&quot;,&quot;shutter_speed&quot;:&quot;0&quot;,&quot;title&quot;:&quot;&quot;,&quot;orientation&quot;:&quot;1&quot;}\" data-image-title=\"Lucia Loren y Juanma Valent\u00edn 6\" data-image-description=\"\" data-medium-file=\"https:\/\/innernature.webs.upv.es\/wp-content\/uploads\/2015\/02\/lucia-loren-y-juanma-valentc3adn-6-300x165.jpg\" data-large-file=\"https:\/\/innernature.webs.upv.es\/wp-content\/uploads\/2015\/02\/lucia-loren-y-juanma-valentc3adn-6.jpg\" src=\"https:\/\/innernature.webs.upv.es\/wp-content\/uploads\/2015\/02\/lucia-loren-y-juanma-valentc3adn-6-483x266.jpg\" width=\"483\" height=\"266\" align=\"left\" title=\"Lucia Loren y Juanma Valent\u00edn 6\" \/><\/a><\/div><\/div><\/div><div class=\"gallery-row\" style=\"width: 975px; height: 266px;\"><div class=\"gallery-group images-1\" style=\"width: 488px; height: 270px;\"><div class=\"tiled-gallery-item tiled-gallery-item-large\"><a href=\"https:\/\/innernature.webs.upv.es\/?attachment_id=187\"><img loading=\"lazy\" decoding=\"async\" data-attachment-id=\"187\" data-orig-file=\"https:\/\/innernature.webs.upv.es\/wp-content\/uploads\/2015\/02\/lucia-loren-y-juanma-valentc3adn-1.jpg\" data-orig-size=\"886,487\" data-comments-opened=\"0\" data-image-meta=\"{&quot;aperture&quot;:&quot;0&quot;,&quot;credit&quot;:&quot;&quot;,&quot;camera&quot;:&quot;&quot;,&quot;caption&quot;:&quot;&quot;,&quot;created_timestamp&quot;:&quot;0&quot;,&quot;copyright&quot;:&quot;&quot;,&quot;focal_length&quot;:&quot;0&quot;,&quot;iso&quot;:&quot;0&quot;,&quot;shutter_speed&quot;:&quot;0&quot;,&quot;title&quot;:&quot;&quot;,&quot;orientation&quot;:&quot;1&quot;}\" data-image-title=\"Lucia Loren y Juanma Valent\u00edn 1\" data-image-description=\"\" data-medium-file=\"https:\/\/innernature.webs.upv.es\/wp-content\/uploads\/2015\/02\/lucia-loren-y-juanma-valentc3adn-1-300x165.jpg\" data-large-file=\"https:\/\/innernature.webs.upv.es\/wp-content\/uploads\/2015\/02\/lucia-loren-y-juanma-valentc3adn-1.jpg\" src=\"https:\/\/innernature.webs.upv.es\/wp-content\/uploads\/2015\/02\/lucia-loren-y-juanma-valentc3adn-1-484x266.jpg\" width=\"484\" height=\"266\" align=\"left\" title=\"Lucia Loren y Juanma Valent\u00edn 1\" \/><\/a><\/div><\/div><div class=\"gallery-group images-1\" style=\"width: 487px; height: 270px;\"><div class=\"tiled-gallery-item tiled-gallery-item-large\"><a href=\"https:\/\/innernature.webs.upv.es\/?attachment_id=189\"><img loading=\"lazy\" decoding=\"async\" data-attachment-id=\"189\" data-orig-file=\"https:\/\/innernature.webs.upv.es\/wp-content\/uploads\/2015\/02\/lucia-loren-y-juanma-valentc3adn-3.jpg\" data-orig-size=\"886,487\" data-comments-opened=\"0\" data-image-meta=\"{&quot;aperture&quot;:&quot;0&quot;,&quot;credit&quot;:&quot;&quot;,&quot;camera&quot;:&quot;&quot;,&quot;caption&quot;:&quot;&quot;,&quot;created_timestamp&quot;:&quot;0&quot;,&quot;copyright&quot;:&quot;&quot;,&quot;focal_length&quot;:&quot;0&quot;,&quot;iso&quot;:&quot;0&quot;,&quot;shutter_speed&quot;:&quot;0&quot;,&quot;title&quot;:&quot;&quot;,&quot;orientation&quot;:&quot;1&quot;}\" data-image-title=\"Lucia Loren y Juanma Valent\u00edn 3\" data-image-description=\"\" data-medium-file=\"https:\/\/innernature.webs.upv.es\/wp-content\/uploads\/2015\/02\/lucia-loren-y-juanma-valentc3adn-3-300x165.jpg\" data-large-file=\"https:\/\/innernature.webs.upv.es\/wp-content\/uploads\/2015\/02\/lucia-loren-y-juanma-valentc3adn-3.jpg\" src=\"https:\/\/innernature.webs.upv.es\/wp-content\/uploads\/2015\/02\/lucia-loren-y-juanma-valentc3adn-3-483x266.jpg\" width=\"483\" height=\"266\" align=\"left\" title=\"Lucia Loren y Juanma Valent\u00edn 3\" \/><\/a><\/div><\/div><\/div><\/div>\n<p>&nbsp;<\/p>\n<p><strong>EN LA PIEL<\/strong><\/p>\n<p>(In the Skin)<\/p>\n<p>2\u00b441\u00b4\u00b4<\/p>\n<table frame=\"void\">\n<tbody>\n<tr>\n<td>\n<p style=\"text-align: justify;\"><span style=\"color: #999999;\">La erosi\u00f3n es, fundamentalmente, la p\u00e9rdida de suelo f\u00e9rtil. En la mayor\u00eda de los ecosistemas y en la regi\u00f3n de Ja\u00e9n \u00e9sta es directamente causada por las actividades que los seres humanos desarrollan en el medio ambiente. Asistimos, adem\u00e1s, a un deterioro de los ecosistemas, con el declive de la biodiversidad y la p\u00e9rdida de funciones y estructuras que caracterizan a los ecosistemas naturales. La presencia de surcos en el territorio es un s\u00edntoma evidente de la erosi\u00f3n. Estos surcos se forman por la acci\u00f3n de las aguas superficiales. Normalmente este fen\u00f3meno ocurre en laderas y especialmente en las porciones de suelo sin vegetaci\u00f3n. Las plantas juegan un papel muy importante en la protecci\u00f3n del suelo contra la erosi\u00f3n, deteniendo el impacto de las gotas de lluvia sobre la tierra desnuda.<\/span><\/p>\n<\/td>\n<td style=\"text-align: justify;\"><span style=\"color: #999999;\"><span style=\"line-height: 1.5;\">Erosion is basically the loss of fertile ground. In most ecosystems and in the region of Ja\u00e9n it is directly caused by anthropogenic activities that human beings develop in the environment. In addition to that, there is a decay of the ecosystems, with the decline of diversity and the loss of functions and structures that characterize natural ecosystems.&nbsp;<\/span>The presence of furrows is an evident symptom of erosion. These furrows are generated by streams of superficial water. Normally this occurs in slopes and especially on portions of soil without vegetation. Those plants play a very important role in protecting the soil from erosion by stopping the impact of raindrops on the naked ground.<\/span><\/td>\n<\/tr>\n<\/tbody>\n<\/table>\n<p><a href=\"http:\/\/www.lucialoren.com\" target=\"_blank\" rel=\"noopener\">ARTIST WEBSITE<\/a><\/p>\n<p>&nbsp;<\/p>\n<p><iframe title=\"LUCIA LOREN y JUANMA VALENT\u00cdN, En la piel \/ In the Skin\" width=\"980\" height=\"735\" src=\"https:\/\/www.youtube.com\/embed\/Y3PxWJzkVNQ?feature=oembed\" frameborder=\"0\" allow=\"accelerometer; autoplay; clipboard-write; encrypted-media; gyroscope; picture-in-picture\" allowfullscreen><\/iframe><\/p>\n","protected":false},"excerpt":{"rendered":"<p>&nbsp; EN LA PIEL (In the Skin) 2\u00b441\u00b4\u00b4 La erosi\u00f3n es, fundamentalmente, la p\u00e9rdida de suelo f\u00e9rtil. En la mayor\u00eda de los ecosistemas y en la regi\u00f3n de Ja\u00e9n \u00e9sta es directamente causada por las actividades que los seres humanos desarrollan en el medio ambiente. Asistimos, adem\u00e1s, a un deterioro de los ecosistemas, con el [&hellip;]<\/p>\n","protected":false},"author":2,"featured_media":0,"parent":0,"menu_order":0,"comment_status":"closed","ping_status":"closed","template":"","meta":{"footnotes":""},"class_list":["post-186","page","type-page","status-publish","hentry"],"_links":{"self":[{"href":"https:\/\/innernature.webs.upv.es\/index.php?rest_route=\/wp\/v2\/pages\/186","targetHints":{"allow":["GET"]}}],"collection":[{"href":"https:\/\/innernature.webs.upv.es\/index.php?rest_route=\/wp\/v2\/pages"}],"about":[{"href":"https:\/\/innernature.webs.upv.es\/index.php?rest_route=\/wp\/v2\/types\/page"}],"author":[{"embeddable":true,"href":"https:\/\/innernature.webs.upv.es\/index.php?rest_route=\/wp\/v2\/users\/2"}],"replies":[{"embeddable":true,"href":"https:\/\/innernature.webs.upv.es\/index.php?rest_route=%2Fwp%2Fv2%2Fcomments&post=186"}],"version-history":[{"count":3,"href":"https:\/\/innernature.webs.upv.es\/index.php?rest_route=\/wp\/v2\/pages\/186\/revisions"}],"predecessor-version":[{"id":2512,"href":"https:\/\/innernature.webs.upv.es\/index.php?rest_route=\/wp\/v2\/pages\/186\/revisions\/2512"}],"wp:attachment":[{"href":"https:\/\/innernature.webs.upv.es\/index.php?rest_route=%2Fwp%2Fv2%2Fmedia&parent=186"}],"curies":[{"name":"wp","href":"https:\/\/api.w.org\/{rel}","templated":true}]}}