{"id":1919,"date":"2018-04-24T14:46:21","date_gmt":"2018-04-24T14:46:21","guid":{"rendered":"http:\/\/innernatureexhibition.com\/?page_id=1919"},"modified":"2021-06-03T14:44:38","modified_gmt":"2021-06-03T14:44:38","slug":"ronnie-karfiol","status":"publish","type":"page","link":"https:\/\/innernature.webs.upv.es\/?page_id=1919","title":{"rendered":"RONNIE KARFIOL"},"content":{"rendered":"<div data-carousel-extra='{\"blog_id\":1,\"permalink\":\"https:\\\/\\\/innernature.webs.upv.es\\\/?page_id=1919\"}' class=\"tiled-gallery type-rectangular\" data-original-width=\"980\"><div class=\"gallery-row\" style=\"width: 975px; height: 302px;\"><div class=\"gallery-group images-1\" style=\"width: 489px; height: 306px;\"><div class=\"tiled-gallery-item tiled-gallery-item-large\"><a href=\"https:\/\/innernature.webs.upv.es\/wp-content\/uploads\/2018\/04\/karfiol1.png\"><img fetchpriority=\"high\" decoding=\"async\" data-attachment-id=\"1920\" data-orig-file=\"https:\/\/innernature.webs.upv.es\/wp-content\/uploads\/2018\/04\/karfiol1.png\" data-orig-size=\"850,529\" data-comments-opened=\"0\" data-image-meta=\"{&quot;aperture&quot;:&quot;0&quot;,&quot;credit&quot;:&quot;&quot;,&quot;camera&quot;:&quot;&quot;,&quot;caption&quot;:&quot;&quot;,&quot;created_timestamp&quot;:&quot;0&quot;,&quot;copyright&quot;:&quot;&quot;,&quot;focal_length&quot;:&quot;0&quot;,&quot;iso&quot;:&quot;0&quot;,&quot;shutter_speed&quot;:&quot;0&quot;,&quot;title&quot;:&quot;&quot;,&quot;orientation&quot;:&quot;0&quot;}\" data-image-title=\"Karfiol1\" data-image-description=\"\" data-medium-file=\"https:\/\/innernature.webs.upv.es\/wp-content\/uploads\/2018\/04\/karfiol1-300x187.png\" data-large-file=\"https:\/\/innernature.webs.upv.es\/wp-content\/uploads\/2018\/04\/karfiol1.png\" src=\"https:\/\/innernature.webs.upv.es\/wp-content\/uploads\/2018\/04\/karfiol1-485x302.png\" width=\"485\" height=\"302\" align=\"left\" title=\"Karfiol1\" \/><\/a><\/div><\/div><div class=\"gallery-group images-1\" style=\"width: 486px; height: 306px;\"><div class=\"tiled-gallery-item tiled-gallery-item-large\"><a href=\"https:\/\/innernature.webs.upv.es\/wp-content\/uploads\/2018\/04\/karfiol3.png\"><img decoding=\"async\" data-attachment-id=\"1922\" data-orig-file=\"https:\/\/innernature.webs.upv.es\/wp-content\/uploads\/2018\/04\/karfiol3.png\" data-orig-size=\"850,533\" data-comments-opened=\"0\" data-image-meta=\"{&quot;aperture&quot;:&quot;0&quot;,&quot;credit&quot;:&quot;&quot;,&quot;camera&quot;:&quot;&quot;,&quot;caption&quot;:&quot;&quot;,&quot;created_timestamp&quot;:&quot;0&quot;,&quot;copyright&quot;:&quot;&quot;,&quot;focal_length&quot;:&quot;0&quot;,&quot;iso&quot;:&quot;0&quot;,&quot;shutter_speed&quot;:&quot;0&quot;,&quot;title&quot;:&quot;&quot;,&quot;orientation&quot;:&quot;0&quot;}\" data-image-title=\"Karfiol3\" data-image-description=\"\" data-medium-file=\"https:\/\/innernature.webs.upv.es\/wp-content\/uploads\/2018\/04\/karfiol3-300x188.png\" data-large-file=\"https:\/\/innernature.webs.upv.es\/wp-content\/uploads\/2018\/04\/karfiol3.png\" src=\"https:\/\/innernature.webs.upv.es\/wp-content\/uploads\/2018\/04\/karfiol3-482x302.png\" width=\"482\" height=\"302\" align=\"left\" title=\"Karfiol3\" \/><\/a><\/div><\/div><\/div><\/div>\n<p>&nbsp;<\/p>\n<p><strong>A VIRTUAL GUIDED TOUR IN THE AEGEAN SEA&nbsp;<\/strong><\/p>\n<p><i>5:35 min &nbsp;<\/i><i><\/i><i><\/i><\/p>\n<table frame=\"void\">\n<tbody>\n<tr>\n<td style=\"text-align: justify;\"><span style=\"color: #808080;\">How do you travel? In the era of refugee-ism, there is a rise of \u00abonline refugee guides\u00bb providing instructions through live podcasts. This video work tries to show a hidden side of the internet. The normally Google-Earth tagged vacation photos of western tourists on yachts are replaced with \u00abboat selfies\u00bb refugees have uploaded to Facebook. As the satellite camera glides over the virtual Aegean Sea, the \u00abrefugee guide\u00bb voice tells of the dangers on the road, and we can look at this internet phenomenon as means of both needed survival tactics and human smuggling at the same time.<\/span><\/td>\n<td style=\"text-align: justify;\"><span style=\"color: #808080;\">\u00bfT\u00fa c\u00f3mo viajas? En la era de los refugiados isl\u00e1micos, hay un auge de \u00abgu\u00edas <i>online<\/i> para refugiados\u00bb que ofrecen instrucciones a trav\u00e9s de <i>podcasts<\/i> en vivo. Este video intenta mostrar uno de los lados ocultos de Internet. Las fotos de turistas occidentales en yates, normalmente etiquetadas en <i>Google Earth<\/i> como \u201cde vacaciones\u201d, son reemplazadas por \u00ab<i>selfies<\/i> en pateras\u00bb que los refugiados han subido a Facebook. Mientras la c\u00e1mara por sat\u00e9lite se desliza sobre el Mar Egeo virtual, la voz del \u00abgu\u00eda de refugiados\u00bb habla de los peligros del viaje. Podemos ver en este fen\u00f3meno de Internet una t\u00e1ctica de supervivencia necesaria y, al mismo tiempo, una forma de contrabando con vidas humanas.<\/span><\/td>\n<\/tr>\n<\/tbody>\n<\/table>\n<p><a href=\"https:\/\/ronniekarfiol.com\">ARTISTS WEBSITE<\/a><\/p>\n<p>&nbsp;<\/p>\n<p><iframe title=\"RONNIE KARFIOL. A Virtual Guided Tour in the Aegean Sea\" width=\"980\" height=\"551\" src=\"https:\/\/www.youtube.com\/embed\/mv-495o3-Ao?start=2&#038;feature=oembed\" frameborder=\"0\" allow=\"accelerometer; autoplay; clipboard-write; encrypted-media; gyroscope; picture-in-picture\" allowfullscreen><\/iframe><\/p>\n","protected":false},"excerpt":{"rendered":"<p>&nbsp; A VIRTUAL GUIDED TOUR IN THE AEGEAN SEA&nbsp; 5:35 min &nbsp; How do you travel? In the era of refugee-ism, there is a rise of \u00abonline refugee guides\u00bb providing instructions through live podcasts. This video work tries to show a hidden side of the internet. The normally Google-Earth tagged vacation photos of western tourists [&hellip;]<\/p>\n","protected":false},"author":2,"featured_media":0,"parent":0,"menu_order":0,"comment_status":"closed","ping_status":"closed","template":"","meta":{"footnotes":""},"class_list":["post-1919","page","type-page","status-publish","hentry"],"_links":{"self":[{"href":"https:\/\/innernature.webs.upv.es\/index.php?rest_route=\/wp\/v2\/pages\/1919","targetHints":{"allow":["GET"]}}],"collection":[{"href":"https:\/\/innernature.webs.upv.es\/index.php?rest_route=\/wp\/v2\/pages"}],"about":[{"href":"https:\/\/innernature.webs.upv.es\/index.php?rest_route=\/wp\/v2\/types\/page"}],"author":[{"embeddable":true,"href":"https:\/\/innernature.webs.upv.es\/index.php?rest_route=\/wp\/v2\/users\/2"}],"replies":[{"embeddable":true,"href":"https:\/\/innernature.webs.upv.es\/index.php?rest_route=%2Fwp%2Fv2%2Fcomments&post=1919"}],"version-history":[{"count":3,"href":"https:\/\/innernature.webs.upv.es\/index.php?rest_route=\/wp\/v2\/pages\/1919\/revisions"}],"predecessor-version":[{"id":2522,"href":"https:\/\/innernature.webs.upv.es\/index.php?rest_route=\/wp\/v2\/pages\/1919\/revisions\/2522"}],"wp:attachment":[{"href":"https:\/\/innernature.webs.upv.es\/index.php?rest_route=%2Fwp%2Fv2%2Fmedia&parent=1919"}],"curies":[{"name":"wp","href":"https:\/\/api.w.org\/{rel}","templated":true}]}}