{"id":1942,"date":"2018-04-24T15:32:10","date_gmt":"2018-04-24T15:32:10","guid":{"rendered":"http:\/\/innernatureexhibition.com\/?page_id=1942"},"modified":"2021-06-03T14:07:37","modified_gmt":"2021-06-03T14:07:37","slug":"despina-economopoulou","status":"publish","type":"page","link":"https:\/\/innernature.webs.upv.es\/?page_id=1942","title":{"rendered":"DESPINA ECONOMOPOULOU"},"content":{"rendered":"<div data-carousel-extra='{\"blog_id\":1,\"permalink\":\"https:\\\/\\\/innernature.webs.upv.es\\\/?page_id=1942\"}' class=\"tiled-gallery type-rectangular\" data-original-width=\"980\"><div class=\"gallery-row\" style=\"width: 975px; height: 272px;\"><div class=\"gallery-group images-1\" style=\"width: 487px; height: 276px;\"><div class=\"tiled-gallery-item tiled-gallery-item-large\"><a href=\"https:\/\/innernature.webs.upv.es\/wp-content\/uploads\/2018\/04\/economopoulou1.png\"><img fetchpriority=\"high\" decoding=\"async\" data-attachment-id=\"1943\" data-orig-file=\"https:\/\/innernature.webs.upv.es\/wp-content\/uploads\/2018\/04\/economopoulou1.png\" data-orig-size=\"850,479\" data-comments-opened=\"0\" data-image-meta=\"{&quot;aperture&quot;:&quot;0&quot;,&quot;credit&quot;:&quot;&quot;,&quot;camera&quot;:&quot;&quot;,&quot;caption&quot;:&quot;&quot;,&quot;created_timestamp&quot;:&quot;0&quot;,&quot;copyright&quot;:&quot;&quot;,&quot;focal_length&quot;:&quot;0&quot;,&quot;iso&quot;:&quot;0&quot;,&quot;shutter_speed&quot;:&quot;0&quot;,&quot;title&quot;:&quot;&quot;,&quot;orientation&quot;:&quot;0&quot;}\" data-image-title=\"Economopoulou1\" data-image-description=\"\" data-medium-file=\"https:\/\/innernature.webs.upv.es\/wp-content\/uploads\/2018\/04\/economopoulou1-300x169.png\" data-large-file=\"https:\/\/innernature.webs.upv.es\/wp-content\/uploads\/2018\/04\/economopoulou1.png\" src=\"https:\/\/innernature.webs.upv.es\/wp-content\/uploads\/2018\/04\/economopoulou1-483x272.png\" width=\"483\" height=\"272\" align=\"left\" title=\"Economopoulou1\" \/><\/a><\/div><\/div><div class=\"gallery-group images-1\" style=\"width: 488px; height: 276px;\"><div class=\"tiled-gallery-item tiled-gallery-item-large\"><a href=\"https:\/\/innernature.webs.upv.es\/wp-content\/uploads\/2018\/04\/economopoulou2.png\"><img decoding=\"async\" data-attachment-id=\"1944\" data-orig-file=\"https:\/\/innernature.webs.upv.es\/wp-content\/uploads\/2018\/04\/economopoulou2.png\" data-orig-size=\"850,478\" data-comments-opened=\"0\" data-image-meta=\"{&quot;aperture&quot;:&quot;0&quot;,&quot;credit&quot;:&quot;&quot;,&quot;camera&quot;:&quot;&quot;,&quot;caption&quot;:&quot;&quot;,&quot;created_timestamp&quot;:&quot;0&quot;,&quot;copyright&quot;:&quot;&quot;,&quot;focal_length&quot;:&quot;0&quot;,&quot;iso&quot;:&quot;0&quot;,&quot;shutter_speed&quot;:&quot;0&quot;,&quot;title&quot;:&quot;&quot;,&quot;orientation&quot;:&quot;0&quot;}\" data-image-title=\"Economopoulou2\" data-image-description=\"\" data-medium-file=\"https:\/\/innernature.webs.upv.es\/wp-content\/uploads\/2018\/04\/economopoulou2-300x169.png\" data-large-file=\"https:\/\/innernature.webs.upv.es\/wp-content\/uploads\/2018\/04\/economopoulou2.png\" src=\"https:\/\/innernature.webs.upv.es\/wp-content\/uploads\/2018\/04\/economopoulou2-484x272.png\" width=\"484\" height=\"272\" align=\"left\" title=\"Economopoulou2\" \/><\/a><\/div><\/div><\/div><div class=\"gallery-row\" style=\"width: 975px; height: 272px;\"><div class=\"gallery-group images-1\" style=\"width: 489px; height: 276px;\"><div class=\"tiled-gallery-item tiled-gallery-item-large\"><a href=\"https:\/\/innernature.webs.upv.es\/wp-content\/uploads\/2018\/04\/economopoulou4.png\"><img decoding=\"async\" data-attachment-id=\"1946\" data-orig-file=\"https:\/\/innernature.webs.upv.es\/wp-content\/uploads\/2018\/04\/economopoulou4.png\" data-orig-size=\"850,476\" data-comments-opened=\"0\" data-image-meta=\"{&quot;aperture&quot;:&quot;0&quot;,&quot;credit&quot;:&quot;&quot;,&quot;camera&quot;:&quot;&quot;,&quot;caption&quot;:&quot;&quot;,&quot;created_timestamp&quot;:&quot;0&quot;,&quot;copyright&quot;:&quot;&quot;,&quot;focal_length&quot;:&quot;0&quot;,&quot;iso&quot;:&quot;0&quot;,&quot;shutter_speed&quot;:&quot;0&quot;,&quot;title&quot;:&quot;&quot;,&quot;orientation&quot;:&quot;0&quot;}\" data-image-title=\"Economopoulou4\" data-image-description=\"\" data-medium-file=\"https:\/\/innernature.webs.upv.es\/wp-content\/uploads\/2018\/04\/economopoulou4-300x168.png\" data-large-file=\"https:\/\/innernature.webs.upv.es\/wp-content\/uploads\/2018\/04\/economopoulou4.png\" src=\"https:\/\/innernature.webs.upv.es\/wp-content\/uploads\/2018\/04\/economopoulou4-485x272.png\" width=\"485\" height=\"272\" align=\"left\" title=\"Economopoulou4\" \/><\/a><\/div><\/div><div class=\"gallery-group images-1\" style=\"width: 486px; height: 276px;\"><div class=\"tiled-gallery-item tiled-gallery-item-large\"><a href=\"https:\/\/innernature.webs.upv.es\/wp-content\/uploads\/2018\/04\/economopoulou3.png\"><img loading=\"lazy\" decoding=\"async\" data-attachment-id=\"1945\" data-orig-file=\"https:\/\/innernature.webs.upv.es\/wp-content\/uploads\/2018\/04\/economopoulou3.png\" data-orig-size=\"833,470\" data-comments-opened=\"0\" data-image-meta=\"{&quot;aperture&quot;:&quot;0&quot;,&quot;credit&quot;:&quot;&quot;,&quot;camera&quot;:&quot;&quot;,&quot;caption&quot;:&quot;&quot;,&quot;created_timestamp&quot;:&quot;0&quot;,&quot;copyright&quot;:&quot;&quot;,&quot;focal_length&quot;:&quot;0&quot;,&quot;iso&quot;:&quot;0&quot;,&quot;shutter_speed&quot;:&quot;0&quot;,&quot;title&quot;:&quot;&quot;,&quot;orientation&quot;:&quot;0&quot;}\" data-image-title=\"Economopoulou3\" data-image-description=\"\" data-medium-file=\"https:\/\/innernature.webs.upv.es\/wp-content\/uploads\/2018\/04\/economopoulou3-300x169.png\" data-large-file=\"https:\/\/innernature.webs.upv.es\/wp-content\/uploads\/2018\/04\/economopoulou3.png\" src=\"https:\/\/innernature.webs.upv.es\/wp-content\/uploads\/2018\/04\/economopoulou3-482x272.png\" width=\"482\" height=\"272\" align=\"left\" title=\"Economopoulou3\" \/><\/a><\/div><\/div><\/div><\/div>\n<p>&nbsp;<\/p>\n<table frame=\"void\">\n<tbody>\n<tr>\n<td style=\"text-align: justify;\"><b>LIFETIDE, SOONER OR LATER<\/b><\/p>\n<p>4:54 <i> min &nbsp;<\/i><\/td>\n<td style=\"text-align: justify;\"><\/td>\n<\/tr>\n<tr>\n<td style=\"text-align: justify;\"><span style=\"color: #808080;\">We are introduced in a rather complex and chaotic universe (reflecting parts of our way of life) but nonetheless close to a reality that will sooner or later come up. Water scarcity, pollution and water stress, even in countries of the western world, is an alarming reality that we need to be aware of. Personal responsibility and awareness is one of the tools to get prepared, face the facts and act sooner rather than later.<\/span><\/td>\n<td style=\"text-align: justify;\"><span style=\"color: #808080;\">Este v\u00eddeo nos introduce en un universo complejo y ca\u00f3tico que muestra algunos elementos de nuestra forma de vida. Adem\u00e1s, se acerca a una realidad que saldr\u00e1 a la luz tarde o temprano. La escasez de agua, la contaminaci\u00f3n y el estr\u00e9s h\u00eddrico, incluso en los pa\u00edses del mundo occidental, son una realidad alarmante que debemos tener en cuenta. La conciencia y la responsabilidad personal son posibles herramientas para prepararse, hacer frente a los hechos y actuar lo antes posible.<\/span><\/td>\n<\/tr>\n<tr>\n<td style=\"text-align: justify;\"><a href=\"http:\/\/www.desfilms.org\" target=\"_blank\" rel=\"noopener\">ARTIST WEBSITE<\/a><\/td>\n<td style=\"text-align: justify;\"><\/td>\n<\/tr>\n<\/tbody>\n<\/table>\n<p>&nbsp;<\/p>\n<p><iframe title=\"DESPINA ECONOMOPOULOU. Lifetide, Sooner or Later\" width=\"980\" height=\"551\" src=\"https:\/\/www.youtube.com\/embed\/FdInfV6K_N4?feature=oembed\" frameborder=\"0\" allow=\"accelerometer; autoplay; clipboard-write; encrypted-media; gyroscope; picture-in-picture\" allowfullscreen><\/iframe><\/p>\n","protected":false},"excerpt":{"rendered":"<p>&nbsp; LIFETIDE, SOONER OR LATER 4:54 min &nbsp; We are introduced in a rather complex and chaotic universe (reflecting parts of our way of life) but nonetheless close to a reality that will sooner or later come up. Water scarcity, pollution and water stress, even in countries of the western world, is an alarming reality [&hellip;]<\/p>\n","protected":false},"author":2,"featured_media":0,"parent":0,"menu_order":0,"comment_status":"closed","ping_status":"closed","template":"","meta":{"footnotes":""},"class_list":["post-1942","page","type-page","status-publish","hentry"],"_links":{"self":[{"href":"https:\/\/innernature.webs.upv.es\/index.php?rest_route=\/wp\/v2\/pages\/1942","targetHints":{"allow":["GET"]}}],"collection":[{"href":"https:\/\/innernature.webs.upv.es\/index.php?rest_route=\/wp\/v2\/pages"}],"about":[{"href":"https:\/\/innernature.webs.upv.es\/index.php?rest_route=\/wp\/v2\/types\/page"}],"author":[{"embeddable":true,"href":"https:\/\/innernature.webs.upv.es\/index.php?rest_route=\/wp\/v2\/users\/2"}],"replies":[{"embeddable":true,"href":"https:\/\/innernature.webs.upv.es\/index.php?rest_route=%2Fwp%2Fv2%2Fcomments&post=1942"}],"version-history":[{"count":5,"href":"https:\/\/innernature.webs.upv.es\/index.php?rest_route=\/wp\/v2\/pages\/1942\/revisions"}],"predecessor-version":[{"id":2502,"href":"https:\/\/innernature.webs.upv.es\/index.php?rest_route=\/wp\/v2\/pages\/1942\/revisions\/2502"}],"wp:attachment":[{"href":"https:\/\/innernature.webs.upv.es\/index.php?rest_route=%2Fwp%2Fv2%2Fmedia&parent=1942"}],"curies":[{"name":"wp","href":"https:\/\/api.w.org\/{rel}","templated":true}]}}