{"id":1948,"date":"2018-04-24T15:55:22","date_gmt":"2018-04-24T15:55:22","guid":{"rendered":"http:\/\/innernatureexhibition.com\/?page_id=1948"},"modified":"2021-06-03T14:09:19","modified_gmt":"2021-06-03T14:09:19","slug":"juanma-valentin-y-lucia-loren","status":"publish","type":"page","link":"https:\/\/innernature.webs.upv.es\/?page_id=1948","title":{"rendered":"JUANMA VALENT\u00cdN Y\u00a0LUCIA LOREN"},"content":{"rendered":"<div data-carousel-extra='{\"blog_id\":1,\"permalink\":\"https:\\\/\\\/innernature.webs.upv.es\\\/?page_id=1948\"}' class=\"tiled-gallery type-rectangular\" data-original-width=\"980\"><div class=\"gallery-row\" style=\"width: 975px; height: 272px;\"><div class=\"gallery-group images-1\" style=\"width: 490px; height: 276px;\"><div class=\"tiled-gallery-item tiled-gallery-item-large\"><a href=\"https:\/\/innernature.webs.upv.es\/wp-content\/uploads\/2018\/04\/valentc3adn6.png\"><img fetchpriority=\"high\" decoding=\"async\" data-attachment-id=\"1952\" data-orig-file=\"https:\/\/innernature.webs.upv.es\/wp-content\/uploads\/2018\/04\/valentc3adn6.png\" data-orig-size=\"850,476\" data-comments-opened=\"0\" data-image-meta=\"{&quot;aperture&quot;:&quot;0&quot;,&quot;credit&quot;:&quot;&quot;,&quot;camera&quot;:&quot;&quot;,&quot;caption&quot;:&quot;&quot;,&quot;created_timestamp&quot;:&quot;0&quot;,&quot;copyright&quot;:&quot;&quot;,&quot;focal_length&quot;:&quot;0&quot;,&quot;iso&quot;:&quot;0&quot;,&quot;shutter_speed&quot;:&quot;0&quot;,&quot;title&quot;:&quot;&quot;,&quot;orientation&quot;:&quot;0&quot;}\" data-image-title=\"Valent\u00edn6\" data-image-description=\"\" data-medium-file=\"https:\/\/innernature.webs.upv.es\/wp-content\/uploads\/2018\/04\/valentc3adn6-300x168.png\" data-large-file=\"https:\/\/innernature.webs.upv.es\/wp-content\/uploads\/2018\/04\/valentc3adn6.png\" src=\"https:\/\/innernature.webs.upv.es\/wp-content\/uploads\/2018\/04\/valentc3adn6-486x272.png\" width=\"486\" height=\"272\" align=\"left\" title=\"Valent\u00edn6\" \/><\/a><\/div><\/div><div class=\"gallery-group images-1\" style=\"width: 485px; height: 276px;\"><div class=\"tiled-gallery-item tiled-gallery-item-large\"><a href=\"https:\/\/innernature.webs.upv.es\/wp-content\/uploads\/2018\/04\/valentc3adn1.png\"><img decoding=\"async\" data-attachment-id=\"1949\" data-orig-file=\"https:\/\/innernature.webs.upv.es\/wp-content\/uploads\/2018\/04\/valentc3adn1.png\" data-orig-size=\"850,481\" data-comments-opened=\"0\" data-image-meta=\"{&quot;aperture&quot;:&quot;0&quot;,&quot;credit&quot;:&quot;&quot;,&quot;camera&quot;:&quot;&quot;,&quot;caption&quot;:&quot;&quot;,&quot;created_timestamp&quot;:&quot;0&quot;,&quot;copyright&quot;:&quot;&quot;,&quot;focal_length&quot;:&quot;0&quot;,&quot;iso&quot;:&quot;0&quot;,&quot;shutter_speed&quot;:&quot;0&quot;,&quot;title&quot;:&quot;&quot;,&quot;orientation&quot;:&quot;0&quot;}\" data-image-title=\"Valent\u00edn1\" data-image-description=\"\" data-medium-file=\"https:\/\/innernature.webs.upv.es\/wp-content\/uploads\/2018\/04\/valentc3adn1-300x170.png\" data-large-file=\"https:\/\/innernature.webs.upv.es\/wp-content\/uploads\/2018\/04\/valentc3adn1.png\" src=\"https:\/\/innernature.webs.upv.es\/wp-content\/uploads\/2018\/04\/valentc3adn1-481x272.png\" width=\"481\" height=\"272\" align=\"left\" title=\"Valent\u00edn1\" \/><\/a><\/div><\/div><\/div><div class=\"gallery-row\" style=\"width: 975px; height: 396px;\"><div class=\"gallery-group images-2\" style=\"width: 340px; height: 400px;\"><div class=\"tiled-gallery-item tiled-gallery-item-large\"><a href=\"https:\/\/innernature.webs.upv.es\/wp-content\/uploads\/2018\/04\/valentc3adn7.png\"><img decoding=\"async\" data-attachment-id=\"1953\" data-orig-file=\"https:\/\/innernature.webs.upv.es\/wp-content\/uploads\/2018\/04\/valentc3adn7.png\" data-orig-size=\"822,472\" data-comments-opened=\"0\" data-image-meta=\"{&quot;aperture&quot;:&quot;0&quot;,&quot;credit&quot;:&quot;&quot;,&quot;camera&quot;:&quot;&quot;,&quot;caption&quot;:&quot;&quot;,&quot;created_timestamp&quot;:&quot;0&quot;,&quot;copyright&quot;:&quot;&quot;,&quot;focal_length&quot;:&quot;0&quot;,&quot;iso&quot;:&quot;0&quot;,&quot;shutter_speed&quot;:&quot;0&quot;,&quot;title&quot;:&quot;&quot;,&quot;orientation&quot;:&quot;0&quot;}\" data-image-title=\"Valent\u00edn7\" data-image-description=\"\" data-medium-file=\"https:\/\/innernature.webs.upv.es\/wp-content\/uploads\/2018\/04\/valentc3adn7-300x172.png\" data-large-file=\"https:\/\/innernature.webs.upv.es\/wp-content\/uploads\/2018\/04\/valentc3adn7.png\" src=\"https:\/\/innernature.webs.upv.es\/wp-content\/uploads\/2018\/04\/valentc3adn7-336x193.png\" width=\"336\" height=\"193\" align=\"left\" title=\"Valent\u00edn7\" \/><\/a><\/div><div class=\"tiled-gallery-item tiled-gallery-item-large\"><a href=\"https:\/\/innernature.webs.upv.es\/wp-content\/uploads\/2018\/04\/valentc3adn4.png\"><img loading=\"lazy\" decoding=\"async\" data-attachment-id=\"1951\" data-orig-file=\"https:\/\/innernature.webs.upv.es\/wp-content\/uploads\/2018\/04\/valentc3adn4.png\" data-orig-size=\"850,502\" data-comments-opened=\"0\" data-image-meta=\"{&quot;aperture&quot;:&quot;0&quot;,&quot;credit&quot;:&quot;&quot;,&quot;camera&quot;:&quot;&quot;,&quot;caption&quot;:&quot;&quot;,&quot;created_timestamp&quot;:&quot;0&quot;,&quot;copyright&quot;:&quot;&quot;,&quot;focal_length&quot;:&quot;0&quot;,&quot;iso&quot;:&quot;0&quot;,&quot;shutter_speed&quot;:&quot;0&quot;,&quot;title&quot;:&quot;&quot;,&quot;orientation&quot;:&quot;0&quot;}\" data-image-title=\"Valent\u00edn4\" data-image-description=\"\" data-medium-file=\"https:\/\/innernature.webs.upv.es\/wp-content\/uploads\/2018\/04\/valentc3adn4-300x177.png\" data-large-file=\"https:\/\/innernature.webs.upv.es\/wp-content\/uploads\/2018\/04\/valentc3adn4.png\" src=\"https:\/\/innernature.webs.upv.es\/wp-content\/uploads\/2018\/04\/valentc3adn4-336x199.png\" width=\"336\" height=\"199\" align=\"left\" title=\"Valent\u00edn4\" \/><\/a><\/div><\/div><div class=\"gallery-group images-1\" style=\"width: 635px; height: 400px;\"><div class=\"tiled-gallery-item tiled-gallery-item-large\"><a href=\"https:\/\/innernature.webs.upv.es\/wp-content\/uploads\/2018\/04\/valentc3adn-9.png\"><img loading=\"lazy\" decoding=\"async\" data-attachment-id=\"1958\" data-orig-file=\"https:\/\/innernature.webs.upv.es\/wp-content\/uploads\/2018\/04\/valentc3adn-9.png\" data-orig-size=\"1021,641\" data-comments-opened=\"0\" data-image-meta=\"{&quot;aperture&quot;:&quot;0&quot;,&quot;credit&quot;:&quot;&quot;,&quot;camera&quot;:&quot;&quot;,&quot;caption&quot;:&quot;&quot;,&quot;created_timestamp&quot;:&quot;0&quot;,&quot;copyright&quot;:&quot;&quot;,&quot;focal_length&quot;:&quot;0&quot;,&quot;iso&quot;:&quot;0&quot;,&quot;shutter_speed&quot;:&quot;0&quot;,&quot;title&quot;:&quot;&quot;,&quot;orientation&quot;:&quot;0&quot;}\" data-image-title=\"valent\u00edn 9\" data-image-description=\"\" data-medium-file=\"https:\/\/innernature.webs.upv.es\/wp-content\/uploads\/2018\/04\/valentc3adn-9-300x188.png\" data-large-file=\"https:\/\/innernature.webs.upv.es\/wp-content\/uploads\/2018\/04\/valentc3adn-9.png\" src=\"https:\/\/innernature.webs.upv.es\/wp-content\/uploads\/2018\/04\/valentc3adn-9-631x396.png\" width=\"631\" height=\"396\" align=\"left\" title=\"valent\u00edn 9\" \/><\/a><\/div><\/div><\/div><\/div>\n<p>&nbsp;<\/p>\n<table frame=\"void\">\n<tbody>\n<tr>\n<td style=\"text-align: justify;\"><b>MENU NUCLEAR<\/b><\/p>\n<p>4:58&nbsp;<i>min &nbsp;<\/i><\/td>\n<td style=\"text-align: justify;\"><\/td>\n<\/tr>\n<tr>\n<td style=\"text-align: justify;\"><span style=\"color: #808080;\">The work addresses the influence of nuclear power plants on the Ebro river in Spain, their environmental impact, the consequences on the trophic chain and on our food and health. It ends with a reflection on possible solutions and alternatives to the use of the nuclear energy. A reflection on how all activities derived from nuclear power plants end up impacting our food, the water we drink and we irrigate our crops with. The cartography of the Ebro, embroidered in red thread, alludes to the great organism represented by this river basin.&nbsp;<\/span><\/td>\n<td style=\"text-align: justify;\"><span style=\"color: #808080;\">\u201cMen\u00fa Nuclear\u201d contextualiza la repercusi\u00f3n de las centrales nucleares sobre el agua del Ebro, el impacto medioambiental que supone, la repercusi\u00f3n en la cadena tr\u00f3fica, en nuestra alimentaci\u00f3n y salud, para acabar con una reflexi\u00f3n sobre las posibles soluciones y alternativas al uso de la energ\u00eda nuclear. Una reflexi\u00f3n sobre como todas las actividades derivadas de las centrales nucleares acaban repercutiendo en nuestra mesa, a trav\u00e9s del agua que bebemos y con la que regamos nuestros cultivos. La cartograf\u00eda del Ebro, bordada en hilo rojo, alude al gran organismo que conforma esta cuenca.&nbsp;<\/span><\/td>\n<\/tr>\n<tr>\n<td style=\"text-align: justify;\"><a href=\"http:\/\/lucialoren.com\" target=\"_blank\" rel=\"noopener\">ARTIST WEBSITE<\/a><\/td>\n<td style=\"text-align: justify;\"><\/td>\n<\/tr>\n<\/tbody>\n<\/table>\n<p>&nbsp;<\/p>\n<p><iframe title=\"JUANMA VALENT\u00cdN Y\u00a0LUCIA LOREN. Men\u00fa nuclear (fragment)\" width=\"980\" height=\"551\" src=\"https:\/\/www.youtube.com\/embed\/eZgy-4rnpuc?feature=oembed\" frameborder=\"0\" allow=\"accelerometer; autoplay; clipboard-write; encrypted-media; gyroscope; picture-in-picture\" allowfullscreen><\/iframe><\/p>\n","protected":false},"excerpt":{"rendered":"<p>&nbsp; MENU NUCLEAR 4:58&nbsp;min &nbsp; The work addresses the influence of nuclear power plants on the Ebro river in Spain, their environmental impact, the consequences on the trophic chain and on our food and health. It ends with a reflection on possible solutions and alternatives to the use of the nuclear energy. A reflection on [&hellip;]<\/p>\n","protected":false},"author":2,"featured_media":0,"parent":0,"menu_order":0,"comment_status":"closed","ping_status":"closed","template":"","meta":{"footnotes":""},"class_list":["post-1948","page","type-page","status-publish","hentry"],"_links":{"self":[{"href":"https:\/\/innernature.webs.upv.es\/index.php?rest_route=\/wp\/v2\/pages\/1948","targetHints":{"allow":["GET"]}}],"collection":[{"href":"https:\/\/innernature.webs.upv.es\/index.php?rest_route=\/wp\/v2\/pages"}],"about":[{"href":"https:\/\/innernature.webs.upv.es\/index.php?rest_route=\/wp\/v2\/types\/page"}],"author":[{"embeddable":true,"href":"https:\/\/innernature.webs.upv.es\/index.php?rest_route=\/wp\/v2\/users\/2"}],"replies":[{"embeddable":true,"href":"https:\/\/innernature.webs.upv.es\/index.php?rest_route=%2Fwp%2Fv2%2Fcomments&post=1948"}],"version-history":[{"count":3,"href":"https:\/\/innernature.webs.upv.es\/index.php?rest_route=\/wp\/v2\/pages\/1948\/revisions"}],"predecessor-version":[{"id":2508,"href":"https:\/\/innernature.webs.upv.es\/index.php?rest_route=\/wp\/v2\/pages\/1948\/revisions\/2508"}],"wp:attachment":[{"href":"https:\/\/innernature.webs.upv.es\/index.php?rest_route=%2Fwp%2Fv2%2Fmedia&parent=1948"}],"curies":[{"name":"wp","href":"https:\/\/api.w.org\/{rel}","templated":true}]}}