{"id":1964,"date":"2018-04-24T16:10:21","date_gmt":"2018-04-24T16:10:21","guid":{"rendered":"http:\/\/innernatureexhibition.com\/?page_id=1964"},"modified":"2021-06-03T14:05:41","modified_gmt":"2021-06-03T14:05:41","slug":"antonia-banados","status":"publish","type":"page","link":"https:\/\/innernature.webs.upv.es\/?page_id=1964","title":{"rendered":"ANTONIA BA\u00d1ADOS"},"content":{"rendered":"<div data-carousel-extra='{\"blog_id\":1,\"permalink\":\"https:\\\/\\\/innernature.webs.upv.es\\\/?page_id=1964\"}' class=\"tiled-gallery type-rectangular\" data-original-width=\"980\"><div class=\"gallery-row\" style=\"width: 975px; height: 270px;\"><div class=\"gallery-group images-1\" style=\"width: 486px; height: 274px;\"><div class=\"tiled-gallery-item tiled-gallery-item-large\"><a href=\"https:\/\/innernature.webs.upv.es\/wp-content\/uploads\/2018\/04\/bac3b1ados1.png\"><img fetchpriority=\"high\" decoding=\"async\" data-attachment-id=\"1966\" data-orig-file=\"https:\/\/innernature.webs.upv.es\/wp-content\/uploads\/2018\/04\/bac3b1ados1.png\" data-orig-size=\"850,477\" data-comments-opened=\"0\" data-image-meta=\"{&quot;aperture&quot;:&quot;0&quot;,&quot;credit&quot;:&quot;&quot;,&quot;camera&quot;:&quot;&quot;,&quot;caption&quot;:&quot;&quot;,&quot;created_timestamp&quot;:&quot;0&quot;,&quot;copyright&quot;:&quot;&quot;,&quot;focal_length&quot;:&quot;0&quot;,&quot;iso&quot;:&quot;0&quot;,&quot;shutter_speed&quot;:&quot;0&quot;,&quot;title&quot;:&quot;&quot;,&quot;orientation&quot;:&quot;0&quot;}\" data-image-title=\"ba\u00f1ados1\" data-image-description=\"\" data-medium-file=\"https:\/\/innernature.webs.upv.es\/wp-content\/uploads\/2018\/04\/bac3b1ados1-300x168.png\" data-large-file=\"https:\/\/innernature.webs.upv.es\/wp-content\/uploads\/2018\/04\/bac3b1ados1.png\" src=\"https:\/\/innernature.webs.upv.es\/wp-content\/uploads\/2018\/04\/bac3b1ados1-482x270.png\" width=\"482\" height=\"270\" align=\"left\" title=\"ba\u00f1ados1\" \/><\/a><\/div><\/div><div class=\"gallery-group images-1\" style=\"width: 489px; height: 274px;\"><div class=\"tiled-gallery-item tiled-gallery-item-large\"><a href=\"https:\/\/innernature.webs.upv.es\/wp-content\/uploads\/2018\/04\/bac3b1ados2.png\"><img decoding=\"async\" data-attachment-id=\"1967\" data-orig-file=\"https:\/\/innernature.webs.upv.es\/wp-content\/uploads\/2018\/04\/bac3b1ados2.png\" data-orig-size=\"850,474\" data-comments-opened=\"0\" data-image-meta=\"{&quot;aperture&quot;:&quot;0&quot;,&quot;credit&quot;:&quot;&quot;,&quot;camera&quot;:&quot;&quot;,&quot;caption&quot;:&quot;&quot;,&quot;created_timestamp&quot;:&quot;0&quot;,&quot;copyright&quot;:&quot;&quot;,&quot;focal_length&quot;:&quot;0&quot;,&quot;iso&quot;:&quot;0&quot;,&quot;shutter_speed&quot;:&quot;0&quot;,&quot;title&quot;:&quot;&quot;,&quot;orientation&quot;:&quot;0&quot;}\" data-image-title=\"ba\u00f1ados2\" data-image-description=\"\" data-medium-file=\"https:\/\/innernature.webs.upv.es\/wp-content\/uploads\/2018\/04\/bac3b1ados2-300x167.png\" data-large-file=\"https:\/\/innernature.webs.upv.es\/wp-content\/uploads\/2018\/04\/bac3b1ados2.png\" src=\"https:\/\/innernature.webs.upv.es\/wp-content\/uploads\/2018\/04\/bac3b1ados2-485x270.png\" width=\"485\" height=\"270\" align=\"left\" title=\"ba\u00f1ados2\" \/><\/a><\/div><\/div><\/div><div class=\"gallery-row\" style=\"width: 975px; height: 270px;\"><div class=\"gallery-group images-1\" style=\"width: 489px; height: 274px;\"><div class=\"tiled-gallery-item tiled-gallery-item-large\"><a href=\"https:\/\/innernature.webs.upv.es\/wp-content\/uploads\/2018\/04\/bac3b1ados4.png\"><img decoding=\"async\" data-attachment-id=\"1969\" data-orig-file=\"https:\/\/innernature.webs.upv.es\/wp-content\/uploads\/2018\/04\/bac3b1ados4.png\" data-orig-size=\"850,474\" data-comments-opened=\"0\" data-image-meta=\"{&quot;aperture&quot;:&quot;0&quot;,&quot;credit&quot;:&quot;&quot;,&quot;camera&quot;:&quot;&quot;,&quot;caption&quot;:&quot;&quot;,&quot;created_timestamp&quot;:&quot;0&quot;,&quot;copyright&quot;:&quot;&quot;,&quot;focal_length&quot;:&quot;0&quot;,&quot;iso&quot;:&quot;0&quot;,&quot;shutter_speed&quot;:&quot;0&quot;,&quot;title&quot;:&quot;&quot;,&quot;orientation&quot;:&quot;0&quot;}\" data-image-title=\"ba\u00f1ados4\" data-image-description=\"\" data-medium-file=\"https:\/\/innernature.webs.upv.es\/wp-content\/uploads\/2018\/04\/bac3b1ados4-300x167.png\" data-large-file=\"https:\/\/innernature.webs.upv.es\/wp-content\/uploads\/2018\/04\/bac3b1ados4.png\" src=\"https:\/\/innernature.webs.upv.es\/wp-content\/uploads\/2018\/04\/bac3b1ados4-485x270.png\" width=\"485\" height=\"270\" align=\"left\" title=\"ba\u00f1ados4\" \/><\/a><\/div><\/div><div class=\"gallery-group images-1\" style=\"width: 486px; height: 274px;\"><div class=\"tiled-gallery-item tiled-gallery-item-large\"><a href=\"https:\/\/innernature.webs.upv.es\/wp-content\/uploads\/2018\/04\/bac3b1ados3.png\"><img loading=\"lazy\" decoding=\"async\" data-attachment-id=\"1968\" data-orig-file=\"https:\/\/innernature.webs.upv.es\/wp-content\/uploads\/2018\/04\/bac3b1ados3.png\" data-orig-size=\"850,476\" data-comments-opened=\"0\" data-image-meta=\"{&quot;aperture&quot;:&quot;0&quot;,&quot;credit&quot;:&quot;&quot;,&quot;camera&quot;:&quot;&quot;,&quot;caption&quot;:&quot;&quot;,&quot;created_timestamp&quot;:&quot;0&quot;,&quot;copyright&quot;:&quot;&quot;,&quot;focal_length&quot;:&quot;0&quot;,&quot;iso&quot;:&quot;0&quot;,&quot;shutter_speed&quot;:&quot;0&quot;,&quot;title&quot;:&quot;&quot;,&quot;orientation&quot;:&quot;0&quot;}\" data-image-title=\"ba\u00f1ados3\" data-image-description=\"\" data-medium-file=\"https:\/\/innernature.webs.upv.es\/wp-content\/uploads\/2018\/04\/bac3b1ados3-300x168.png\" data-large-file=\"https:\/\/innernature.webs.upv.es\/wp-content\/uploads\/2018\/04\/bac3b1ados3.png\" src=\"https:\/\/innernature.webs.upv.es\/wp-content\/uploads\/2018\/04\/bac3b1ados3-482x270.png\" width=\"482\" height=\"270\" align=\"left\" title=\"ba\u00f1ados3\" \/><\/a><\/div><\/div><\/div><\/div>\n<p>&nbsp;<\/p>\n<p><b>NEW LANDS&nbsp;<\/b><\/p>\n<p>5&nbsp;<i>min &nbsp;<\/i><i><\/i><i><\/i><\/p>\n<table frame=\"void\">\n<tbody>\n<tr>\n<td style=\"text-align: justify;\"><i>\u201cNew lands\u201d<\/i> proposes a contained environment, a submerged landscape in which ten glass pieces -cryptically lighted from below and taking their shapes from fragments of polystyrene packaging- serve as an architectural habitat for one single inhabitant: an albino amphibian from Central Mexico who floats behind the glass, looking back at us with an unreadable stare. The sunken ruins evoke forgotten and unrealised architectural and scientific utopias of the 20th century, in order to create a liminal space where temporality becomes uncertain and a green mantle of nature grows between industrial remains.<\/td>\n<td style=\"text-align: justify;\"><i>\u201cNew lands\u201d<\/i> muestra un entorno aislado, un paisaje sumergido en el que diez piezas de vidrio -iluminadas desde abajo y moldeadas a partir de fragmentos de envases de poliestireno- sirven como h\u00e1bitat de un solo habitante: un anfibio albino del centro de M\u00e9xico que flota detr\u00e1s del vidrio, observ\u00e1ndonos con una mirada ilegible. Las ruinas hundidas evocan utop\u00edas cient\u00edficas olvidadas del siglo XX, con el fin de crear un espacio liminal donde la temporalidad se vuelve incierta, donde el manto verde de la naturaleza crece entre los restos industriales.<\/td>\n<\/tr>\n<\/tbody>\n<\/table>\n<p><a href=\"https:\/\/antoniabanados.com\/\" target=\"_blank\" rel=\"noopener\">ARTIST WEBSITE<\/a><\/p>\n<p>&nbsp;<\/p>\n<p><iframe title=\"Antonia Ban\u0303ados New Lands\" width=\"980\" height=\"551\" src=\"https:\/\/www.youtube.com\/embed\/BXtSXAs-oOY?feature=oembed\" frameborder=\"0\" allow=\"accelerometer; autoplay; clipboard-write; encrypted-media; gyroscope; picture-in-picture\" allowfullscreen><\/iframe><\/p>\n","protected":false},"excerpt":{"rendered":"<p>&nbsp; NEW LANDS&nbsp; 5&nbsp;min &nbsp; \u201cNew lands\u201d proposes a contained environment, a submerged landscape in which ten glass pieces -cryptically lighted from below and taking their shapes from fragments of polystyrene packaging- serve as an architectural habitat for one single inhabitant: an albino amphibian from Central Mexico who floats behind the glass, looking back at [&hellip;]<\/p>\n","protected":false},"author":2,"featured_media":0,"parent":0,"menu_order":0,"comment_status":"closed","ping_status":"closed","template":"","meta":{"footnotes":""},"class_list":["post-1964","page","type-page","status-publish","hentry"],"_links":{"self":[{"href":"https:\/\/innernature.webs.upv.es\/index.php?rest_route=\/wp\/v2\/pages\/1964","targetHints":{"allow":["GET"]}}],"collection":[{"href":"https:\/\/innernature.webs.upv.es\/index.php?rest_route=\/wp\/v2\/pages"}],"about":[{"href":"https:\/\/innernature.webs.upv.es\/index.php?rest_route=\/wp\/v2\/types\/page"}],"author":[{"embeddable":true,"href":"https:\/\/innernature.webs.upv.es\/index.php?rest_route=\/wp\/v2\/users\/2"}],"replies":[{"embeddable":true,"href":"https:\/\/innernature.webs.upv.es\/index.php?rest_route=%2Fwp%2Fv2%2Fcomments&post=1964"}],"version-history":[{"count":3,"href":"https:\/\/innernature.webs.upv.es\/index.php?rest_route=\/wp\/v2\/pages\/1964\/revisions"}],"predecessor-version":[{"id":2498,"href":"https:\/\/innernature.webs.upv.es\/index.php?rest_route=\/wp\/v2\/pages\/1964\/revisions\/2498"}],"wp:attachment":[{"href":"https:\/\/innernature.webs.upv.es\/index.php?rest_route=%2Fwp%2Fv2%2Fmedia&parent=1964"}],"curies":[{"name":"wp","href":"https:\/\/api.w.org\/{rel}","templated":true}]}}