{"id":1971,"date":"2018-04-24T16:16:59","date_gmt":"2018-04-24T16:16:59","guid":{"rendered":"http:\/\/innernatureexhibition.com\/?page_id=1971"},"modified":"2021-06-03T14:09:45","modified_gmt":"2021-06-03T14:09:45","slug":"kim-jin-kook","status":"publish","type":"page","link":"https:\/\/innernature.webs.upv.es\/?page_id=1971","title":{"rendered":"KIM JIN KOOK"},"content":{"rendered":"<div data-carousel-extra='{\"blog_id\":1,\"permalink\":\"https:\\\/\\\/innernature.webs.upv.es\\\/?page_id=1971\"}' class=\"tiled-gallery type-rectangular\" data-original-width=\"980\"><div class=\"gallery-row\" style=\"width: 975px; height: 272px;\"><div class=\"gallery-group images-1\" style=\"width: 488px; height: 276px;\"><div class=\"tiled-gallery-item tiled-gallery-item-large\"><a href=\"https:\/\/innernature.webs.upv.es\/wp-content\/uploads\/2018\/04\/kim-jin-kook-1.png\"><img fetchpriority=\"high\" decoding=\"async\" data-attachment-id=\"1972\" data-orig-file=\"https:\/\/innernature.webs.upv.es\/wp-content\/uploads\/2018\/04\/kim-jin-kook-1.png\" data-orig-size=\"850,477\" data-comments-opened=\"0\" data-image-meta=\"{&quot;aperture&quot;:&quot;0&quot;,&quot;credit&quot;:&quot;&quot;,&quot;camera&quot;:&quot;&quot;,&quot;caption&quot;:&quot;&quot;,&quot;created_timestamp&quot;:&quot;0&quot;,&quot;copyright&quot;:&quot;&quot;,&quot;focal_length&quot;:&quot;0&quot;,&quot;iso&quot;:&quot;0&quot;,&quot;shutter_speed&quot;:&quot;0&quot;,&quot;title&quot;:&quot;&quot;,&quot;orientation&quot;:&quot;0&quot;}\" data-image-title=\"Kim Jin Kook 1\" data-image-description=\"\" data-medium-file=\"https:\/\/innernature.webs.upv.es\/wp-content\/uploads\/2018\/04\/kim-jin-kook-1-300x168.png\" data-large-file=\"https:\/\/innernature.webs.upv.es\/wp-content\/uploads\/2018\/04\/kim-jin-kook-1.png\" src=\"https:\/\/innernature.webs.upv.es\/wp-content\/uploads\/2018\/04\/kim-jin-kook-1-484x272.png\" width=\"484\" height=\"272\" align=\"left\" title=\"Kim Jin Kook 1\" \/><\/a><\/div><\/div><div class=\"gallery-group images-1\" style=\"width: 487px; height: 276px;\"><div class=\"tiled-gallery-item tiled-gallery-item-large\"><a href=\"https:\/\/innernature.webs.upv.es\/wp-content\/uploads\/2018\/04\/kim-jin-kook3.png\"><img decoding=\"async\" data-attachment-id=\"1974\" data-orig-file=\"https:\/\/innernature.webs.upv.es\/wp-content\/uploads\/2018\/04\/kim-jin-kook3.png\" data-orig-size=\"850,478\" data-comments-opened=\"0\" data-image-meta=\"{&quot;aperture&quot;:&quot;0&quot;,&quot;credit&quot;:&quot;&quot;,&quot;camera&quot;:&quot;&quot;,&quot;caption&quot;:&quot;&quot;,&quot;created_timestamp&quot;:&quot;0&quot;,&quot;copyright&quot;:&quot;&quot;,&quot;focal_length&quot;:&quot;0&quot;,&quot;iso&quot;:&quot;0&quot;,&quot;shutter_speed&quot;:&quot;0&quot;,&quot;title&quot;:&quot;&quot;,&quot;orientation&quot;:&quot;0&quot;}\" data-image-title=\"Kim Jin Kook3\" data-image-description=\"\" data-medium-file=\"https:\/\/innernature.webs.upv.es\/wp-content\/uploads\/2018\/04\/kim-jin-kook3-300x169.png\" data-large-file=\"https:\/\/innernature.webs.upv.es\/wp-content\/uploads\/2018\/04\/kim-jin-kook3.png\" src=\"https:\/\/innernature.webs.upv.es\/wp-content\/uploads\/2018\/04\/kim-jin-kook3-483x272.png\" width=\"483\" height=\"272\" align=\"left\" title=\"Kim Jin Kook3\" \/><\/a><\/div><\/div><\/div><div class=\"gallery-row\" style=\"width: 975px; height: 544px;\"><div class=\"gallery-group images-1\" style=\"width: 975px; height: 548px;\"><div class=\"tiled-gallery-item tiled-gallery-item-large\"><a href=\"https:\/\/innernature.webs.upv.es\/wp-content\/uploads\/2018\/04\/kim-jin-kook2.png\"><img decoding=\"async\" data-attachment-id=\"1973\" data-orig-file=\"https:\/\/innernature.webs.upv.es\/wp-content\/uploads\/2018\/04\/kim-jin-kook2.png\" data-orig-size=\"850,476\" data-comments-opened=\"0\" data-image-meta=\"{&quot;aperture&quot;:&quot;0&quot;,&quot;credit&quot;:&quot;&quot;,&quot;camera&quot;:&quot;&quot;,&quot;caption&quot;:&quot;&quot;,&quot;created_timestamp&quot;:&quot;0&quot;,&quot;copyright&quot;:&quot;&quot;,&quot;focal_length&quot;:&quot;0&quot;,&quot;iso&quot;:&quot;0&quot;,&quot;shutter_speed&quot;:&quot;0&quot;,&quot;title&quot;:&quot;&quot;,&quot;orientation&quot;:&quot;0&quot;}\" data-image-title=\"Kim Jin Kook2\" data-image-description=\"\" data-medium-file=\"https:\/\/innernature.webs.upv.es\/wp-content\/uploads\/2018\/04\/kim-jin-kook2-300x168.png\" data-large-file=\"https:\/\/innernature.webs.upv.es\/wp-content\/uploads\/2018\/04\/kim-jin-kook2.png\" src=\"https:\/\/innernature.webs.upv.es\/wp-content\/uploads\/2018\/04\/kim-jin-kook2.png\" width=\"971\" height=\"544\" align=\"left\" title=\"Kim Jin Kook2\" \/><\/a><\/div><\/div><\/div><\/div>\n<p><b>WATER MAKES LIFE POSSIBLE ON EARTH&nbsp;<\/b><\/p>\n<p>2:11&nbsp;<i>min &nbsp;<\/i><i><\/i><i><\/i><\/p>\n<table frame=\"void\">\n<tbody>\n<tr>\n<td style=\"text-align: justify;\">The work portrays different plants, fruits, fungi and flowers frozen in ice blocks.&nbsp; By reversing their thawing process through a time-lapse, the author evokes the extraordinary potential of life to sprout, flourish and bear fruit in a great diversity of plant forms. In effect, the stems, petals and leaves seem to be regaining all their vigor thanks to the action of water.<\/td>\n<td style=\"text-align: justify;\">Este trabajo retrata diferentes plantas, frutas, hongos y flores congeladas en bloques de hielo. Al revertir su proceso de descongelaci\u00f3n en un lapso de tiempo, el autor evoca el extraordinario potencial de la vida, capaz de brotar, florecer y dar frutos a trav\u00e9s de una gran diversidad de formas vegetales. En efecto, los tallos, p\u00e9talos y hojas parecen recuperar todo su vigor gracias a la acci\u00f3n del agua.<\/td>\n<\/tr>\n<\/tbody>\n<\/table>\n<p><iframe title=\"water makes life possible on earth, Kim Jin Kook\" width=\"980\" height=\"551\" src=\"https:\/\/www.youtube.com\/embed\/_hYHRxjQWcw?feature=oembed\" frameborder=\"0\" allow=\"accelerometer; autoplay; clipboard-write; encrypted-media; gyroscope; picture-in-picture\" allowfullscreen><\/iframe><\/p>\n","protected":false},"excerpt":{"rendered":"<p>WATER MAKES LIFE POSSIBLE ON EARTH&nbsp; 2:11&nbsp;min &nbsp; The work portrays different plants, fruits, fungi and flowers frozen in ice blocks.&nbsp; By reversing their thawing process through a time-lapse, the author evokes the extraordinary potential of life to sprout, flourish and bear fruit in a great diversity of plant forms. In effect, the stems, petals [&hellip;]<\/p>\n","protected":false},"author":2,"featured_media":0,"parent":0,"menu_order":0,"comment_status":"closed","ping_status":"closed","template":"","meta":{"footnotes":""},"class_list":["post-1971","page","type-page","status-publish","hentry"],"_links":{"self":[{"href":"https:\/\/innernature.webs.upv.es\/index.php?rest_route=\/wp\/v2\/pages\/1971","targetHints":{"allow":["GET"]}}],"collection":[{"href":"https:\/\/innernature.webs.upv.es\/index.php?rest_route=\/wp\/v2\/pages"}],"about":[{"href":"https:\/\/innernature.webs.upv.es\/index.php?rest_route=\/wp\/v2\/types\/page"}],"author":[{"embeddable":true,"href":"https:\/\/innernature.webs.upv.es\/index.php?rest_route=\/wp\/v2\/users\/2"}],"replies":[{"embeddable":true,"href":"https:\/\/innernature.webs.upv.es\/index.php?rest_route=%2Fwp%2Fv2%2Fcomments&post=1971"}],"version-history":[{"count":3,"href":"https:\/\/innernature.webs.upv.es\/index.php?rest_route=\/wp\/v2\/pages\/1971\/revisions"}],"predecessor-version":[{"id":2510,"href":"https:\/\/innernature.webs.upv.es\/index.php?rest_route=\/wp\/v2\/pages\/1971\/revisions\/2510"}],"wp:attachment":[{"href":"https:\/\/innernature.webs.upv.es\/index.php?rest_route=%2Fwp%2Fv2%2Fmedia&parent=1971"}],"curies":[{"name":"wp","href":"https:\/\/api.w.org\/{rel}","templated":true}]}}