{"id":1977,"date":"2018-04-24T16:24:00","date_gmt":"2018-04-24T16:24:00","guid":{"rendered":"http:\/\/innernatureexhibition.com\/?page_id=1977"},"modified":"2021-06-03T14:07:48","modified_gmt":"2021-06-03T14:07:48","slug":"hugh-livingston","status":"publish","type":"page","link":"https:\/\/innernature.webs.upv.es\/?page_id=1977","title":{"rendered":"HUGH LIVINGSTON"},"content":{"rendered":"<div data-carousel-extra='{\"blog_id\":1,\"permalink\":\"https:\\\/\\\/innernature.webs.upv.es\\\/?page_id=1977\"}' class=\"tiled-gallery type-rectangular\" data-original-width=\"980\"><div class=\"gallery-row\" style=\"width: 975px; height: 524px;\"><div class=\"gallery-group images-1\" style=\"width: 975px; height: 528px;\"><div class=\"tiled-gallery-item tiled-gallery-item-large\"><a href=\"https:\/\/innernature.webs.upv.es\/wp-content\/uploads\/2018\/04\/hugh-livingston1.png\"><img fetchpriority=\"high\" decoding=\"async\" data-attachment-id=\"1978\" data-orig-file=\"https:\/\/innernature.webs.upv.es\/wp-content\/uploads\/2018\/04\/hugh-livingston1.png\" data-orig-size=\"850,459\" data-comments-opened=\"0\" data-image-meta=\"{&quot;aperture&quot;:&quot;0&quot;,&quot;credit&quot;:&quot;&quot;,&quot;camera&quot;:&quot;&quot;,&quot;caption&quot;:&quot;&quot;,&quot;created_timestamp&quot;:&quot;0&quot;,&quot;copyright&quot;:&quot;&quot;,&quot;focal_length&quot;:&quot;0&quot;,&quot;iso&quot;:&quot;0&quot;,&quot;shutter_speed&quot;:&quot;0&quot;,&quot;title&quot;:&quot;&quot;,&quot;orientation&quot;:&quot;0&quot;}\" data-image-title=\"HUGH LIVINGSTON1\" data-image-description=\"\" data-medium-file=\"https:\/\/innernature.webs.upv.es\/wp-content\/uploads\/2018\/04\/hugh-livingston1-300x162.png\" data-large-file=\"https:\/\/innernature.webs.upv.es\/wp-content\/uploads\/2018\/04\/hugh-livingston1.png\" src=\"https:\/\/innernature.webs.upv.es\/wp-content\/uploads\/2018\/04\/hugh-livingston1.png\" width=\"971\" height=\"524\" align=\"left\" title=\"HUGH LIVINGSTON1\" \/><\/a><\/div><\/div><\/div><\/div>\n<p>&nbsp;<\/p>\n<table frame=\"void\">\n<tbody>\n<tr>\n<td style=\"text-align: justify;\"><b>RIVER TEXT&nbsp;<\/b><\/p>\n<p>3:29&nbsp;<i>min &nbsp;<\/i><\/td>\n<td style=\"text-align: justify;\"><\/td>\n<\/tr>\n<tr>\n<td style=\"text-align: justify;\">Each creek feeding into the watershed of the Russian River (Sonoma, California) is portrayed with a snake of text drawn from government documents about the river. Real-time data from the internet drives the installation, providing the text and also real-time adjustment of the text size and speed based on USGS flow data.<\/td>\n<td style=\"text-align: justify;\">Cada riachuelo que desemboca en la cuenca del r\u00edo Ruso (Sonoma, California) est\u00e1 retratado a trav\u00e9s de una serpiente realizada con texto extra\u00edda de documentos gubernamentales sobre el r\u00edo. Los datos en tiempo real de Internet dirigen la instalaci\u00f3n, proporcionando en tiempo real el texto y el ajuste de tama\u00f1o y velocidad del mismo, en funci\u00f3n del flujo de datos del USGS.<\/td>\n<\/tr>\n<tr>\n<td style=\"text-align: justify;\"><a href=\"http:\/\/www.livingstonsound.com\" target=\"_blank\" rel=\"noopener\">ARTIST WEBSITE<\/a><\/td>\n<td style=\"text-align: justify;\"><\/td>\n<\/tr>\n<\/tbody>\n<\/table>\n<p>&nbsp;<\/p>\n<p><iframe title=\"HUGH LIVINGSTON River text\" width=\"980\" height=\"551\" src=\"https:\/\/www.youtube.com\/embed\/CX80jERwlBw?feature=oembed\" frameborder=\"0\" allow=\"accelerometer; autoplay; clipboard-write; encrypted-media; gyroscope; picture-in-picture\" allowfullscreen><\/iframe><\/p>\n","protected":false},"excerpt":{"rendered":"<p>&nbsp; RIVER TEXT&nbsp; 3:29&nbsp;min &nbsp; Each creek feeding into the watershed of the Russian River (Sonoma, California) is portrayed with a snake of text drawn from government documents about the river. Real-time data from the internet drives the installation, providing the text and also real-time adjustment of the text size and speed based on USGS [&hellip;]<\/p>\n","protected":false},"author":2,"featured_media":0,"parent":0,"menu_order":0,"comment_status":"closed","ping_status":"closed","template":"","meta":{"footnotes":""},"class_list":["post-1977","page","type-page","status-publish","hentry"],"_links":{"self":[{"href":"https:\/\/innernature.webs.upv.es\/index.php?rest_route=\/wp\/v2\/pages\/1977","targetHints":{"allow":["GET"]}}],"collection":[{"href":"https:\/\/innernature.webs.upv.es\/index.php?rest_route=\/wp\/v2\/pages"}],"about":[{"href":"https:\/\/innernature.webs.upv.es\/index.php?rest_route=\/wp\/v2\/types\/page"}],"author":[{"embeddable":true,"href":"https:\/\/innernature.webs.upv.es\/index.php?rest_route=\/wp\/v2\/users\/2"}],"replies":[{"embeddable":true,"href":"https:\/\/innernature.webs.upv.es\/index.php?rest_route=%2Fwp%2Fv2%2Fcomments&post=1977"}],"version-history":[{"count":3,"href":"https:\/\/innernature.webs.upv.es\/index.php?rest_route=\/wp\/v2\/pages\/1977\/revisions"}],"predecessor-version":[{"id":2503,"href":"https:\/\/innernature.webs.upv.es\/index.php?rest_route=\/wp\/v2\/pages\/1977\/revisions\/2503"}],"wp:attachment":[{"href":"https:\/\/innernature.webs.upv.es\/index.php?rest_route=%2Fwp%2Fv2%2Fmedia&parent=1977"}],"curies":[{"name":"wp","href":"https:\/\/api.w.org\/{rel}","templated":true}]}}