{"id":2000,"date":"2018-04-24T17:32:20","date_gmt":"2018-04-24T17:32:20","guid":{"rendered":"http:\/\/innernatureexhibition.com\/?page_id=2000"},"modified":"2018-11-15T10:16:44","modified_gmt":"2018-11-15T10:16:44","slug":"roosje-verschoor","status":"publish","type":"page","link":"https:\/\/innernature.webs.upv.es\/?page_id=2000","title":{"rendered":"ROOSJE VERSCHOOR"},"content":{"rendered":"<div data-carousel-extra='{\"blog_id\":1,\"permalink\":\"https:\\\/\\\/innernature.webs.upv.es\\\/?page_id=2000\"}' class=\"tiled-gallery type-rectangular\" data-original-width=\"980\"><div class=\"gallery-row\" style=\"width: 975px; height: 543px;\"><div class=\"gallery-group images-1\" style=\"width: 975px; height: 547px;\"><div class=\"tiled-gallery-item tiled-gallery-item-large\"><a href=\"https:\/\/innernature.webs.upv.es\/wp-content\/uploads\/2018\/04\/verschoor2.png\"><img fetchpriority=\"high\" decoding=\"async\" data-attachment-id=\"2002\" data-orig-file=\"https:\/\/innernature.webs.upv.es\/wp-content\/uploads\/2018\/04\/verschoor2.png\" data-orig-size=\"850,475\" data-comments-opened=\"0\" data-image-meta=\"{&quot;aperture&quot;:&quot;0&quot;,&quot;credit&quot;:&quot;&quot;,&quot;camera&quot;:&quot;&quot;,&quot;caption&quot;:&quot;&quot;,&quot;created_timestamp&quot;:&quot;0&quot;,&quot;copyright&quot;:&quot;&quot;,&quot;focal_length&quot;:&quot;0&quot;,&quot;iso&quot;:&quot;0&quot;,&quot;shutter_speed&quot;:&quot;0&quot;,&quot;title&quot;:&quot;&quot;,&quot;orientation&quot;:&quot;0&quot;}\" data-image-title=\"VERSCHOOR2\" data-image-description=\"\" data-medium-file=\"https:\/\/innernature.webs.upv.es\/wp-content\/uploads\/2018\/04\/verschoor2-300x168.png\" data-large-file=\"https:\/\/innernature.webs.upv.es\/wp-content\/uploads\/2018\/04\/verschoor2.png\" src=\"https:\/\/innernature.webs.upv.es\/wp-content\/uploads\/2018\/04\/verschoor2.png\" width=\"971\" height=\"543\" align=\"left\" title=\"VERSCHOOR2\" \/><\/a><\/div><\/div><\/div><\/div>\n<p>&nbsp;<\/p>\n<p><b>THE WEATHER FORECAST<\/b><\/p>\n<p><i>5 min<\/i><\/p>\n<table border=\"\">\n<tbody>\n<tr>\n<td style=\"text-align: justify;\"><i>The Weather Forecast<\/i> is film installation that is beamed onto two screens in a 90 degree corner. In the film water stands as different signifiers on how mankind is divided. To have water in abundance, to have none at all. To have the money and means to run from water, or to be a victim of it. Water can be a way for people to flee, but it can also be something people flee from. It draws a line between who is included or excluded.<\/td>\n<td style=\"text-align: justify;\">En la pel\u00edcula, el agua funciona como significante que muestra c\u00f3mo la humanidad se divide en dos grupos: aquellos que tienen agua en abundancia y aquellos que no tienen nada; aquellos que tienen el dinero y los medios para huir del agua, y aquellos que acaban siendo v\u00edctimas de \u00e9sta. El agua puede ser una v\u00eda de huida, pero tambi\u00e9n puede ser algo de lo que las personas huyen. El agua traza una l\u00ednea divisoria entre los incluidos y los excluidos.<\/td>\n<\/tr>\n<\/tbody>\n<\/table>\n<p><a href=\"http:\/\/www.roosjeverschoor.com\">ARTIST WEBSITE<\/a><\/p>\n<p>&nbsp;<\/p>\n<p><iframe title=\"ROOSJE VERSCHOOR. The Weather Forecast\" width=\"980\" height=\"551\" src=\"https:\/\/www.youtube.com\/embed\/76qhCLaFvbA?feature=oembed\" frameborder=\"0\" allow=\"accelerometer; autoplay; clipboard-write; encrypted-media; gyroscope; picture-in-picture\" allowfullscreen><\/iframe><\/p>\n","protected":false},"excerpt":{"rendered":"<p>&nbsp; THE WEATHER FORECAST 5 min The Weather Forecast is film installation that is beamed onto two screens in a 90 degree corner. In the film water stands as different signifiers on how mankind is divided. To have water in abundance, to have none at all. To have the money and means to run from [&hellip;]<\/p>\n","protected":false},"author":2,"featured_media":0,"parent":0,"menu_order":0,"comment_status":"closed","ping_status":"closed","template":"","meta":{"footnotes":""},"class_list":["post-2000","page","type-page","status-publish","hentry"],"_links":{"self":[{"href":"https:\/\/innernature.webs.upv.es\/index.php?rest_route=\/wp\/v2\/pages\/2000","targetHints":{"allow":["GET"]}}],"collection":[{"href":"https:\/\/innernature.webs.upv.es\/index.php?rest_route=\/wp\/v2\/pages"}],"about":[{"href":"https:\/\/innernature.webs.upv.es\/index.php?rest_route=\/wp\/v2\/types\/page"}],"author":[{"embeddable":true,"href":"https:\/\/innernature.webs.upv.es\/index.php?rest_route=\/wp\/v2\/users\/2"}],"replies":[{"embeddable":true,"href":"https:\/\/innernature.webs.upv.es\/index.php?rest_route=%2Fwp%2Fv2%2Fcomments&post=2000"}],"version-history":[{"count":3,"href":"https:\/\/innernature.webs.upv.es\/index.php?rest_route=\/wp\/v2\/pages\/2000\/revisions"}],"predecessor-version":[{"id":2281,"href":"https:\/\/innernature.webs.upv.es\/index.php?rest_route=\/wp\/v2\/pages\/2000\/revisions\/2281"}],"wp:attachment":[{"href":"https:\/\/innernature.webs.upv.es\/index.php?rest_route=%2Fwp%2Fv2%2Fmedia&parent=2000"}],"curies":[{"name":"wp","href":"https:\/\/api.w.org\/{rel}","templated":true}]}}