{"id":2006,"date":"2018-04-25T07:27:15","date_gmt":"2018-04-25T07:27:15","guid":{"rendered":"http:\/\/innernatureexhibition.com\/?page_id=2006"},"modified":"2021-06-03T14:42:13","modified_gmt":"2021-06-03T14:42:13","slug":"nobina-gupta","status":"publish","type":"page","link":"https:\/\/innernature.webs.upv.es\/?page_id=2006","title":{"rendered":"NOBINA GUPTA"},"content":{"rendered":"<div data-carousel-extra='{\"blog_id\":1,\"permalink\":\"https:\\\/\\\/innernature.webs.upv.es\\\/?page_id=2006\"}' class=\"tiled-gallery type-rectangular\" data-original-width=\"980\"><div class=\"gallery-row\" style=\"width: 975px; height: 272px;\"><div class=\"gallery-group images-1\" style=\"width: 488px; height: 276px;\"><div class=\"tiled-gallery-item tiled-gallery-item-large\"><a href=\"https:\/\/innernature.webs.upv.es\/wp-content\/uploads\/2018\/04\/gupta1.png\"><img fetchpriority=\"high\" decoding=\"async\" data-attachment-id=\"2007\" data-orig-file=\"https:\/\/innernature.webs.upv.es\/wp-content\/uploads\/2018\/04\/gupta1.png\" data-orig-size=\"850,478\" data-comments-opened=\"0\" data-image-meta=\"{&quot;aperture&quot;:&quot;0&quot;,&quot;credit&quot;:&quot;&quot;,&quot;camera&quot;:&quot;&quot;,&quot;caption&quot;:&quot;&quot;,&quot;created_timestamp&quot;:&quot;0&quot;,&quot;copyright&quot;:&quot;&quot;,&quot;focal_length&quot;:&quot;0&quot;,&quot;iso&quot;:&quot;0&quot;,&quot;shutter_speed&quot;:&quot;0&quot;,&quot;title&quot;:&quot;&quot;,&quot;orientation&quot;:&quot;0&quot;}\" data-image-title=\"Gupta1\" data-image-description=\"\" data-medium-file=\"https:\/\/innernature.webs.upv.es\/wp-content\/uploads\/2018\/04\/gupta1-300x169.png\" data-large-file=\"https:\/\/innernature.webs.upv.es\/wp-content\/uploads\/2018\/04\/gupta1.png\" src=\"https:\/\/innernature.webs.upv.es\/wp-content\/uploads\/2018\/04\/gupta1-484x272.png\" width=\"484\" height=\"272\" align=\"left\" title=\"Gupta1\" \/><\/a><\/div><\/div><div class=\"gallery-group images-1\" style=\"width: 487px; height: 276px;\"><div class=\"tiled-gallery-item tiled-gallery-item-large\"><a href=\"https:\/\/innernature.webs.upv.es\/wp-content\/uploads\/2018\/04\/gupta3.png\"><img decoding=\"async\" data-attachment-id=\"2008\" data-orig-file=\"https:\/\/innernature.webs.upv.es\/wp-content\/uploads\/2018\/04\/gupta3.png\" data-orig-size=\"850,478\" data-comments-opened=\"0\" data-image-meta=\"{&quot;aperture&quot;:&quot;0&quot;,&quot;credit&quot;:&quot;&quot;,&quot;camera&quot;:&quot;&quot;,&quot;caption&quot;:&quot;&quot;,&quot;created_timestamp&quot;:&quot;0&quot;,&quot;copyright&quot;:&quot;&quot;,&quot;focal_length&quot;:&quot;0&quot;,&quot;iso&quot;:&quot;0&quot;,&quot;shutter_speed&quot;:&quot;0&quot;,&quot;title&quot;:&quot;&quot;,&quot;orientation&quot;:&quot;0&quot;}\" data-image-title=\"Gupta3\" data-image-description=\"\" data-medium-file=\"https:\/\/innernature.webs.upv.es\/wp-content\/uploads\/2018\/04\/gupta3-300x169.png\" data-large-file=\"https:\/\/innernature.webs.upv.es\/wp-content\/uploads\/2018\/04\/gupta3.png\" src=\"https:\/\/innernature.webs.upv.es\/wp-content\/uploads\/2018\/04\/gupta3-483x272.png\" width=\"483\" height=\"272\" align=\"left\" title=\"Gupta3\" \/><\/a><\/div><\/div><\/div><div class=\"gallery-row\" style=\"width: 975px; height: 271px;\"><div class=\"gallery-group images-1\" style=\"width: 488px; height: 275px;\"><div class=\"tiled-gallery-item tiled-gallery-item-large\"><a href=\"https:\/\/innernature.webs.upv.es\/wp-content\/uploads\/2018\/04\/gupta8.png\"><img decoding=\"async\" data-attachment-id=\"2011\" data-orig-file=\"https:\/\/innernature.webs.upv.es\/wp-content\/uploads\/2018\/04\/gupta8.png\" data-orig-size=\"850,477\" data-comments-opened=\"0\" data-image-meta=\"{&quot;aperture&quot;:&quot;0&quot;,&quot;credit&quot;:&quot;&quot;,&quot;camera&quot;:&quot;&quot;,&quot;caption&quot;:&quot;&quot;,&quot;created_timestamp&quot;:&quot;0&quot;,&quot;copyright&quot;:&quot;&quot;,&quot;focal_length&quot;:&quot;0&quot;,&quot;iso&quot;:&quot;0&quot;,&quot;shutter_speed&quot;:&quot;0&quot;,&quot;title&quot;:&quot;&quot;,&quot;orientation&quot;:&quot;0&quot;}\" data-image-title=\"gupta8\" data-image-description=\"\" data-medium-file=\"https:\/\/innernature.webs.upv.es\/wp-content\/uploads\/2018\/04\/gupta8-300x168.png\" data-large-file=\"https:\/\/innernature.webs.upv.es\/wp-content\/uploads\/2018\/04\/gupta8.png\" src=\"https:\/\/innernature.webs.upv.es\/wp-content\/uploads\/2018\/04\/gupta8-484x271.png\" width=\"484\" height=\"271\" align=\"left\" title=\"gupta8\" \/><\/a><\/div><\/div><div class=\"gallery-group images-1\" style=\"width: 487px; height: 275px;\"><div class=\"tiled-gallery-item tiled-gallery-item-large\"><a href=\"https:\/\/innernature.webs.upv.es\/wp-content\/uploads\/2018\/04\/gupta6.png\"><img loading=\"lazy\" decoding=\"async\" data-attachment-id=\"2010\" data-orig-file=\"https:\/\/innernature.webs.upv.es\/wp-content\/uploads\/2018\/04\/gupta6.png\" data-orig-size=\"850,477\" data-comments-opened=\"0\" data-image-meta=\"{&quot;aperture&quot;:&quot;0&quot;,&quot;credit&quot;:&quot;&quot;,&quot;camera&quot;:&quot;&quot;,&quot;caption&quot;:&quot;&quot;,&quot;created_timestamp&quot;:&quot;0&quot;,&quot;copyright&quot;:&quot;&quot;,&quot;focal_length&quot;:&quot;0&quot;,&quot;iso&quot;:&quot;0&quot;,&quot;shutter_speed&quot;:&quot;0&quot;,&quot;title&quot;:&quot;&quot;,&quot;orientation&quot;:&quot;0&quot;}\" data-image-title=\"Gupta6\" data-image-description=\"\" data-medium-file=\"https:\/\/innernature.webs.upv.es\/wp-content\/uploads\/2018\/04\/gupta6-300x168.png\" data-large-file=\"https:\/\/innernature.webs.upv.es\/wp-content\/uploads\/2018\/04\/gupta6.png\" src=\"https:\/\/innernature.webs.upv.es\/wp-content\/uploads\/2018\/04\/gupta6-483x271.png\" width=\"483\" height=\"271\" align=\"left\" title=\"Gupta6\" \/><\/a><\/div><\/div><\/div><\/div>\n<p>&nbsp;<\/p>\n<p><b>DISAPPEARING STREAMS&nbsp;<\/b><\/p>\n<p><i>3:44 min<\/i><\/p>\n<table frame=\"void\">\n<tbody>\n<tr>\n<td style=\"text-align: justify;\">The crisis of water can only be felt if we really experience it. This video relates to the dying streams due to climate change in the Himalayas. A story of how people have to walk for hours in the rugged terrain of Ladakh to fill a pitcher of water for their families and children to drink. Impermanence is an undeniable truth of our existence. What is real is the existing moment, the present that is a product of the past, or a result of the previous causes and actions. The core of existence in traditional past was based on a symbiotic relationship or a spiritual dialogue with nature and not on monologues we are currently creating. The way ahead is to respect the vulnerability of our environment. A conscious effort to recognize and value basic elements in nature realizing all that is around us now might go extinct the very next moment. Learn from each other, motivate our future generations,&nbsp; to follow examples of alternative livelihoods and reemploy them in our modern lives to create relevant platforms that can globally impact actions and experiences.<\/td>\n<td style=\"text-align: justify;\">La crisis del agua s\u00f3lo se puede entender si realmente la experimentamos. Este video trabaja sobre la creciente sequ\u00eda debida al cambio clim\u00e1tico en el Himalaya. Una historia de c\u00f3mo la gente tiene que caminar durante horas en el accidentado terreno de Ladakh para llenar una jarra de agua con el fin de que puedan beber sus familias y sus hijos. La impermanencia es una verdad innegable de nuestra existencia. Lo que es real es el momento existente, el presente que es un producto del pasado, o un resultado de causas y acciones previas. El n\u00facleo de la existencia tradicional se basaba en una relaci\u00f3n simbi\u00f3tica o un di\u00e1logo espiritual con la naturaleza y no en el discurso monol\u00f3gico actual. El camino a seguir es respetar la vulnerabilidad de nuestro medio ambiente. Un esfuerzo consciente por reconocer y valorar los elementos b\u00e1sicos de la naturaleza al darse cuenta de que todo lo que nos rodea ahora podr\u00eda extinguirse dentro de poco. Aprender unos de los otros, motivar a las generaciones futuras, seguir ejemplos de medios de vida alternativos y volver a emplearlos en nuestras vidas modernas para crear plataformas relevantes que puedan tener un impacto global en nuestras acciones y experiencias.<\/td>\n<\/tr>\n<\/tbody>\n<\/table>\n<p><a href=\"http:\/\/nobinagupta.blogspot.com.es\/\">ARTIST WEBSITE<\/a><\/p>\n<p>&nbsp;<\/p>\n<p><iframe title=\"NOBINA GUPTA. Disappearing Streams\" width=\"980\" height=\"735\" src=\"https:\/\/www.youtube.com\/embed\/yMQeOJo5ueI?feature=oembed\" frameborder=\"0\" allow=\"accelerometer; autoplay; clipboard-write; encrypted-media; gyroscope; picture-in-picture\" allowfullscreen><\/iframe><\/p>\n","protected":false},"excerpt":{"rendered":"<p>&nbsp; DISAPPEARING STREAMS&nbsp; 3:44 min The crisis of water can only be felt if we really experience it. This video relates to the dying streams due to climate change in the Himalayas. A story of how people have to walk for hours in the rugged terrain of Ladakh to fill a pitcher of water for [&hellip;]<\/p>\n","protected":false},"author":2,"featured_media":0,"parent":0,"menu_order":0,"comment_status":"closed","ping_status":"closed","template":"","meta":{"footnotes":""},"class_list":["post-2006","page","type-page","status-publish","hentry"],"_links":{"self":[{"href":"https:\/\/innernature.webs.upv.es\/index.php?rest_route=\/wp\/v2\/pages\/2006","targetHints":{"allow":["GET"]}}],"collection":[{"href":"https:\/\/innernature.webs.upv.es\/index.php?rest_route=\/wp\/v2\/pages"}],"about":[{"href":"https:\/\/innernature.webs.upv.es\/index.php?rest_route=\/wp\/v2\/types\/page"}],"author":[{"embeddable":true,"href":"https:\/\/innernature.webs.upv.es\/index.php?rest_route=\/wp\/v2\/users\/2"}],"replies":[{"embeddable":true,"href":"https:\/\/innernature.webs.upv.es\/index.php?rest_route=%2Fwp%2Fv2%2Fcomments&post=2006"}],"version-history":[{"count":2,"href":"https:\/\/innernature.webs.upv.es\/index.php?rest_route=\/wp\/v2\/pages\/2006\/revisions"}],"predecessor-version":[{"id":2517,"href":"https:\/\/innernature.webs.upv.es\/index.php?rest_route=\/wp\/v2\/pages\/2006\/revisions\/2517"}],"wp:attachment":[{"href":"https:\/\/innernature.webs.upv.es\/index.php?rest_route=%2Fwp%2Fv2%2Fmedia&parent=2006"}],"curies":[{"name":"wp","href":"https:\/\/api.w.org\/{rel}","templated":true}]}}