{"id":2084,"date":"2018-09-11T11:45:07","date_gmt":"2018-09-11T11:45:07","guid":{"rendered":"http:\/\/innernatureexhibition.com\/?page_id=2073"},"modified":"2021-06-03T14:40:31","modified_gmt":"2021-06-03T14:40:31","slug":"mandarina-borda","status":"publish","type":"page","link":"https:\/\/innernature.webs.upv.es\/?page_id=2084","title":{"rendered":"Mandarina borda"},"content":{"rendered":"<div data-carousel-extra='{\"blog_id\":1,\"permalink\":\"https:\\\/\\\/innernature.webs.upv.es\\\/?page_id=2084\"}' class=\"tiled-gallery type-rectangular\" data-original-width=\"980\"><div class=\"gallery-row\" style=\"width: 975px; height: 274px;\"><div class=\"gallery-group images-1\" style=\"width: 186px; height: 278px;\"><div class=\"tiled-gallery-item tiled-gallery-item-small\"><a href=\"https:\/\/innernature.webs.upv.es\/?attachment_id=2077\"><img decoding=\"async\" data-attachment-id=\"2077\" data-orig-file=\"https:\/\/innernature.webs.upv.es\/wp-content\/uploads\/2018\/09\/dsc_4742.jpg\" data-orig-size=\"442,667\" data-comments-opened=\"0\" data-image-meta=\"{&quot;aperture&quot;:&quot;1.8&quot;,&quot;credit&quot;:&quot;MONICALOPEZDOLZ&quot;,&quot;camera&quot;:&quot;NIKON D7000&quot;,&quot;caption&quot;:&quot;&quot;,&quot;created_timestamp&quot;:&quot;1521917210&quot;,&quot;copyright&quot;:&quot;MonicaLopezDolz&quot;,&quot;focal_length&quot;:&quot;50&quot;,&quot;iso&quot;:&quot;160&quot;,&quot;shutter_speed&quot;:&quot;0.0125&quot;,&quot;title&quot;:&quot;&quot;,&quot;orientation&quot;:&quot;1&quot;}\" data-image-title=\"DSC_4742\" data-image-description=\"\" data-medium-file=\"https:\/\/innernature.webs.upv.es\/wp-content\/uploads\/2018\/09\/dsc_4742-199x300.jpg\" data-large-file=\"https:\/\/innernature.webs.upv.es\/wp-content\/uploads\/2018\/09\/dsc_4742.jpg\" src=\"https:\/\/innernature.webs.upv.es\/wp-content\/uploads\/2018\/09\/dsc_4742-182x274.jpg\" width=\"182\" height=\"274\" align=\"left\" title=\"DSC_4742\" \/><\/a><\/div><\/div><div class=\"gallery-group images-1\" style=\"width: 418px; height: 278px;\"><div class=\"tiled-gallery-item tiled-gallery-item-large\"><a href=\"https:\/\/innernature.webs.upv.es\/?attachment_id=2078\"><img fetchpriority=\"high\" decoding=\"async\" data-attachment-id=\"2078\" data-orig-file=\"https:\/\/innernature.webs.upv.es\/wp-content\/uploads\/2018\/09\/dsc_4788.jpg\" data-orig-size=\"2000,1325\" data-comments-opened=\"0\" data-image-meta=\"{&quot;aperture&quot;:&quot;1.8&quot;,&quot;credit&quot;:&quot;MONICALOPEZDOLZ&quot;,&quot;camera&quot;:&quot;NIKON D7000&quot;,&quot;caption&quot;:&quot;&quot;,&quot;created_timestamp&quot;:&quot;1521923181&quot;,&quot;copyright&quot;:&quot;MonicaLopezDolz&quot;,&quot;focal_length&quot;:&quot;50&quot;,&quot;iso&quot;:&quot;640&quot;,&quot;shutter_speed&quot;:&quot;0.016666666666667&quot;,&quot;title&quot;:&quot;&quot;,&quot;orientation&quot;:&quot;1&quot;}\" data-image-title=\"DSC_4788\" data-image-description=\"\" data-medium-file=\"https:\/\/innernature.webs.upv.es\/wp-content\/uploads\/2018\/09\/dsc_4788-300x199.jpg\" data-large-file=\"https:\/\/innernature.webs.upv.es\/wp-content\/uploads\/2018\/09\/dsc_4788-1024x678.jpg\" src=\"https:\/\/innernature.webs.upv.es\/wp-content\/uploads\/2018\/09\/dsc_4788-414x274.jpg\" width=\"414\" height=\"274\" align=\"left\" title=\"DSC_4788\" \/><\/a><\/div><\/div><div class=\"gallery-group images-1\" style=\"width: 185px; height: 278px;\"><div class=\"tiled-gallery-item tiled-gallery-item-small\"><a href=\"https:\/\/innernature.webs.upv.es\/?attachment_id=2079\"><img decoding=\"async\" data-attachment-id=\"2079\" data-orig-file=\"https:\/\/innernature.webs.upv.es\/wp-content\/uploads\/2018\/09\/dsc_4821.jpg\" data-orig-size=\"816,1232\" data-comments-opened=\"0\" data-image-meta=\"{&quot;aperture&quot;:&quot;1.8&quot;,&quot;credit&quot;:&quot;MONICALOPEZDOLZ&quot;,&quot;camera&quot;:&quot;NIKON D7000&quot;,&quot;caption&quot;:&quot;&quot;,&quot;created_timestamp&quot;:&quot;1521926603&quot;,&quot;copyright&quot;:&quot;MonicaLopezDolz&quot;,&quot;focal_length&quot;:&quot;50&quot;,&quot;iso&quot;:&quot;200&quot;,&quot;shutter_speed&quot;:&quot;0.033333333333333&quot;,&quot;title&quot;:&quot;&quot;,&quot;orientation&quot;:&quot;1&quot;}\" data-image-title=\"DSC_4821\" data-image-description=\"\" data-medium-file=\"https:\/\/innernature.webs.upv.es\/wp-content\/uploads\/2018\/09\/dsc_4821-199x300.jpg\" data-large-file=\"https:\/\/innernature.webs.upv.es\/wp-content\/uploads\/2018\/09\/dsc_4821-678x1024.jpg\" src=\"https:\/\/innernature.webs.upv.es\/wp-content\/uploads\/2018\/09\/dsc_4821-181x274.jpg\" width=\"181\" height=\"274\" align=\"left\" title=\"DSC_4821\" \/><\/a><\/div><\/div><div class=\"gallery-group images-1\" style=\"width: 186px; height: 278px;\"><div class=\"tiled-gallery-item tiled-gallery-item-small\"><a href=\"https:\/\/innernature.webs.upv.es\/?attachment_id=2075\"><img loading=\"lazy\" decoding=\"async\" data-attachment-id=\"2075\" data-orig-file=\"https:\/\/innernature.webs.upv.es\/wp-content\/uploads\/2018\/09\/mg_1987.jpg\" data-orig-size=\"567,853\" data-comments-opened=\"0\" data-image-meta=\"{&quot;aperture&quot;:&quot;0&quot;,&quot;credit&quot;:&quot;unknown&quot;,&quot;camera&quot;:&quot;&quot;,&quot;caption&quot;:&quot;&quot;,&quot;created_timestamp&quot;:&quot;1522232488&quot;,&quot;copyright&quot;:&quot;&quot;,&quot;focal_length&quot;:&quot;0&quot;,&quot;iso&quot;:&quot;0&quot;,&quot;shutter_speed&quot;:&quot;0&quot;,&quot;title&quot;:&quot;&quot;,&quot;orientation&quot;:&quot;1&quot;}\" data-image-title=\"_MG_1987\" data-image-description=\"\" data-medium-file=\"https:\/\/innernature.webs.upv.es\/wp-content\/uploads\/2018\/09\/mg_1987-199x300.jpg\" data-large-file=\"https:\/\/innernature.webs.upv.es\/wp-content\/uploads\/2018\/09\/mg_1987.jpg\" src=\"https:\/\/innernature.webs.upv.es\/wp-content\/uploads\/2018\/09\/mg_1987-182x274.jpg\" width=\"182\" height=\"274\" align=\"left\" title=\"_MG_1987\" \/><\/a><\/div><\/div><\/div><div class=\"gallery-row\" style=\"width: 975px; height: 339px;\"><div class=\"gallery-group images-1\" style=\"width: 463px; height: 343px;\"><div class=\"tiled-gallery-item tiled-gallery-item-large\"><a href=\"https:\/\/innernature.webs.upv.es\/?attachment_id=2074\"><img loading=\"lazy\" decoding=\"async\" data-attachment-id=\"2074\" data-orig-file=\"https:\/\/innernature.webs.upv.es\/wp-content\/uploads\/2018\/09\/mg_1963.jpg\" data-orig-size=\"567,418\" data-comments-opened=\"0\" data-image-meta=\"{&quot;aperture&quot;:&quot;0&quot;,&quot;credit&quot;:&quot;unknown&quot;,&quot;camera&quot;:&quot;&quot;,&quot;caption&quot;:&quot;&quot;,&quot;created_timestamp&quot;:&quot;1522232446&quot;,&quot;copyright&quot;:&quot;&quot;,&quot;focal_length&quot;:&quot;0&quot;,&quot;iso&quot;:&quot;0&quot;,&quot;shutter_speed&quot;:&quot;0&quot;,&quot;title&quot;:&quot;&quot;,&quot;orientation&quot;:&quot;1&quot;}\" data-image-title=\"_MG_1963\" data-image-description=\"\" data-medium-file=\"https:\/\/innernature.webs.upv.es\/wp-content\/uploads\/2018\/09\/mg_1963-300x221.jpg\" data-large-file=\"https:\/\/innernature.webs.upv.es\/wp-content\/uploads\/2018\/09\/mg_1963.jpg\" src=\"https:\/\/innernature.webs.upv.es\/wp-content\/uploads\/2018\/09\/mg_1963-459x339.jpg\" width=\"459\" height=\"339\" align=\"left\" title=\"_MG_1963\" \/><\/a><\/div><\/div><div class=\"gallery-group images-1\" style=\"width: 512px; height: 343px;\"><div class=\"tiled-gallery-item tiled-gallery-item-large\"><a href=\"https:\/\/innernature.webs.upv.es\/?attachment_id=2073\"><img loading=\"lazy\" decoding=\"async\" data-attachment-id=\"2073\" data-orig-file=\"https:\/\/innernature.webs.upv.es\/wp-content\/uploads\/2018\/09\/mg_1932-1.jpg\" data-orig-size=\"567,378\" data-comments-opened=\"0\" data-image-meta=\"{&quot;aperture&quot;:&quot;0&quot;,&quot;credit&quot;:&quot;unknown&quot;,&quot;camera&quot;:&quot;&quot;,&quot;caption&quot;:&quot;&quot;,&quot;created_timestamp&quot;:&quot;1522087730&quot;,&quot;copyright&quot;:&quot;&quot;,&quot;focal_length&quot;:&quot;0&quot;,&quot;iso&quot;:&quot;0&quot;,&quot;shutter_speed&quot;:&quot;0&quot;,&quot;title&quot;:&quot;&quot;,&quot;orientation&quot;:&quot;1&quot;}\" data-image-title=\"_MG_1932-(1)\" data-image-description=\"\" data-medium-file=\"https:\/\/innernature.webs.upv.es\/wp-content\/uploads\/2018\/09\/mg_1932-1-300x200.jpg\" data-large-file=\"https:\/\/innernature.webs.upv.es\/wp-content\/uploads\/2018\/09\/mg_1932-1.jpg\" src=\"https:\/\/innernature.webs.upv.es\/wp-content\/uploads\/2018\/09\/mg_1932-1-508x339.jpg\" width=\"508\" height=\"339\" align=\"left\" title=\"_MG_1932-(1)\" \/><\/a><\/div><\/div><\/div><\/div>\n<h4><\/h4>\n<h4>MANDARINA BORDA, Palmera (Spain)<\/h4>\n<table frame=\"void\">\n<tbody>\n<tr>\n<td style=\"text-align: justify;\">Mandarina Borda is a place of creation to rethink the interaction of man with his natural environment, making his identity visible, through the recognition of the landscape that it forms. We rely on the following sources to relocate the body in a system of ecological life: re-knowledge of the territory and its resources, permaculture, vegetable garden in mandala form, geometry, energy kitchen, construction of the corporal map, and artistic creation as a catalyst for all these processes.<\/p>\n<p>Our objectives:<br \/>\n1. Make visible the identity of the place in relation to land uses.<br \/>\n2. Promote sustainable development of local agriculture, using art as a regenerative element.<br \/>\n3. Awake the senses through art, nature and geometry, so that the body recovers its own perception.<br \/>\n4. Disseminate the agro-ecological culture and sustainable development.<br \/>\n5. Promote healthy life habits.<\/td>\n<td style=\"text-align: justify;\"><span class=\"style4\">Mandarina Borda<\/span> es un lugar de creaci\u00f3n desde el que repensar la interacci\u00f3n del hombre con su entorno natural, haciendo visible su identidad, a traves del reconocimiento del paisaje que \u00e9sta conforma. Los medios en los que nos apoyamos para reubicar el cuerpo en un sistema de vida ecol\u00f3gico son: el re-conocimiento del territorio y sus recursos, la permacultura, el cultivo en mandala, la geometr\u00eda, la cocina energ\u00e9tica, la construcci\u00f3n del mapa corporal, y la creaci\u00f3n art\u00edstica como catalizadora de todos estos procesos.<\/p>\n<p>Nuestros objetivos:<br \/>\n1. Hacer visible la identidad del lugar en relaci\u00f3n a los usos de la tierra.<br \/>\n2. Fomentar el desarrollo sostenible del territorio agr\u00edcola local, haciendo uso del arte como elemento regenerador.<br \/>\n3. Despertar los sentidos a trav\u00e9s del arte, la naturaleza y la geometr\u00eda, para que el cuerpo recupere su propia percepci\u00f3n.<br \/>\n4. Difundir la cultura agroecol\u00f3gica y el desarrollo sostenible.<br \/>\n5. Promover h\u00e1bitos de vida saludables.<\/td>\n<\/tr>\n<\/tbody>\n<\/table>\n<p><a href=\"http:\/\/www.mandarinaborda.org\" target=\"_blank\" rel=\"noopener\">WEB SITE<\/a><\/p>\n","protected":false},"excerpt":{"rendered":"<p>MANDARINA BORDA, Palmera (Spain) Mandarina Borda is a place of creation to rethink the interaction of man with his natural environment, making his identity visible, through the recognition of the landscape that it forms. We rely on the following sources to relocate the body in a system of ecological life: re-knowledge of the territory and [&hellip;]<\/p>\n","protected":false},"author":2,"featured_media":0,"parent":0,"menu_order":0,"comment_status":"closed","ping_status":"closed","template":"","meta":{"footnotes":""},"class_list":["post-2084","page","type-page","status-publish","hentry"],"_links":{"self":[{"href":"https:\/\/innernature.webs.upv.es\/index.php?rest_route=\/wp\/v2\/pages\/2084","targetHints":{"allow":["GET"]}}],"collection":[{"href":"https:\/\/innernature.webs.upv.es\/index.php?rest_route=\/wp\/v2\/pages"}],"about":[{"href":"https:\/\/innernature.webs.upv.es\/index.php?rest_route=\/wp\/v2\/types\/page"}],"author":[{"embeddable":true,"href":"https:\/\/innernature.webs.upv.es\/index.php?rest_route=\/wp\/v2\/users\/2"}],"replies":[{"embeddable":true,"href":"https:\/\/innernature.webs.upv.es\/index.php?rest_route=%2Fwp%2Fv2%2Fcomments&post=2084"}],"version-history":[{"count":3,"href":"https:\/\/innernature.webs.upv.es\/index.php?rest_route=\/wp\/v2\/pages\/2084\/revisions"}],"predecessor-version":[{"id":2513,"href":"https:\/\/innernature.webs.upv.es\/index.php?rest_route=\/wp\/v2\/pages\/2084\/revisions\/2513"}],"wp:attachment":[{"href":"https:\/\/innernature.webs.upv.es\/index.php?rest_route=%2Fwp%2Fv2%2Fmedia&parent=2084"}],"curies":[{"name":"wp","href":"https:\/\/api.w.org\/{rel}","templated":true}]}}