{"id":218,"date":"2015-02-18T20:48:53","date_gmt":"2015-02-18T20:48:53","guid":{"rendered":"https:\/\/innernatureexhibition.wordpress.com\/?page_id=218"},"modified":"2021-06-03T14:42:47","modified_gmt":"2021-06-03T14:42:47","slug":"opn-studio","status":"publish","type":"page","link":"https:\/\/innernature.webs.upv.es\/?page_id=218","title":{"rendered":"OPN Studio"},"content":{"rendered":"<div data-carousel-extra='{\"blog_id\":1,\"permalink\":\"https:\\\/\\\/innernature.webs.upv.es\\\/?page_id=218\"}' class=\"tiled-gallery type-rectangular\" data-original-width=\"980\"><div class=\"gallery-row\" style=\"width: 975px; height: 266px;\"><div class=\"gallery-group images-1\" style=\"width: 488px; height: 270px;\"><div class=\"tiled-gallery-item tiled-gallery-item-large\"><a href=\"https:\/\/innernature.webs.upv.es\/?attachment_id=219\"><img fetchpriority=\"high\" decoding=\"async\" data-attachment-id=\"219\" data-orig-file=\"https:\/\/innernature.webs.upv.es\/wp-content\/uploads\/2015\/02\/opn-studio-3.jpg\" data-orig-size=\"886,487\" data-comments-opened=\"0\" data-image-meta=\"{&quot;aperture&quot;:&quot;0&quot;,&quot;credit&quot;:&quot;&quot;,&quot;camera&quot;:&quot;&quot;,&quot;caption&quot;:&quot;&quot;,&quot;created_timestamp&quot;:&quot;0&quot;,&quot;copyright&quot;:&quot;&quot;,&quot;focal_length&quot;:&quot;0&quot;,&quot;iso&quot;:&quot;0&quot;,&quot;shutter_speed&quot;:&quot;0&quot;,&quot;title&quot;:&quot;&quot;,&quot;orientation&quot;:&quot;1&quot;}\" data-image-title=\"OPN STUDIO  3\" data-image-description=\"\" data-medium-file=\"https:\/\/innernature.webs.upv.es\/wp-content\/uploads\/2015\/02\/opn-studio-3-300x165.jpg\" data-large-file=\"https:\/\/innernature.webs.upv.es\/wp-content\/uploads\/2015\/02\/opn-studio-3.jpg\" src=\"https:\/\/innernature.webs.upv.es\/wp-content\/uploads\/2015\/02\/opn-studio-3-484x266.jpg\" width=\"484\" height=\"266\" align=\"left\" title=\"OPN STUDIO  3\" \/><\/a><\/div><\/div><div class=\"gallery-group images-1\" style=\"width: 487px; height: 270px;\"><div class=\"tiled-gallery-item tiled-gallery-item-large\"><a href=\"https:\/\/innernature.webs.upv.es\/?attachment_id=221\"><img decoding=\"async\" data-attachment-id=\"221\" data-orig-file=\"https:\/\/innernature.webs.upv.es\/wp-content\/uploads\/2015\/02\/opn-studio-1.jpg\" data-orig-size=\"886,487\" data-comments-opened=\"0\" data-image-meta=\"{&quot;aperture&quot;:&quot;0&quot;,&quot;credit&quot;:&quot;&quot;,&quot;camera&quot;:&quot;&quot;,&quot;caption&quot;:&quot;&quot;,&quot;created_timestamp&quot;:&quot;0&quot;,&quot;copyright&quot;:&quot;&quot;,&quot;focal_length&quot;:&quot;0&quot;,&quot;iso&quot;:&quot;0&quot;,&quot;shutter_speed&quot;:&quot;0&quot;,&quot;title&quot;:&quot;&quot;,&quot;orientation&quot;:&quot;1&quot;}\" data-image-title=\"OPN STUDIO 1\" data-image-description=\"\" data-medium-file=\"https:\/\/innernature.webs.upv.es\/wp-content\/uploads\/2015\/02\/opn-studio-1-300x165.jpg\" data-large-file=\"https:\/\/innernature.webs.upv.es\/wp-content\/uploads\/2015\/02\/opn-studio-1.jpg\" src=\"https:\/\/innernature.webs.upv.es\/wp-content\/uploads\/2015\/02\/opn-studio-1-483x266.jpg\" width=\"483\" height=\"266\" align=\"left\" title=\"OPN STUDIO 1\" \/><\/a><\/div><\/div><\/div><div class=\"gallery-row\" style=\"width: 975px; height: 266px;\"><div class=\"gallery-group images-1\" style=\"width: 488px; height: 270px;\"><div class=\"tiled-gallery-item tiled-gallery-item-large\"><a href=\"https:\/\/innernature.webs.upv.es\/?attachment_id=220\"><img decoding=\"async\" data-attachment-id=\"220\" data-orig-file=\"https:\/\/innernature.webs.upv.es\/wp-content\/uploads\/2015\/02\/opn-studio-4.jpg\" data-orig-size=\"886,487\" data-comments-opened=\"0\" data-image-meta=\"{&quot;aperture&quot;:&quot;0&quot;,&quot;credit&quot;:&quot;&quot;,&quot;camera&quot;:&quot;&quot;,&quot;caption&quot;:&quot;&quot;,&quot;created_timestamp&quot;:&quot;0&quot;,&quot;copyright&quot;:&quot;&quot;,&quot;focal_length&quot;:&quot;0&quot;,&quot;iso&quot;:&quot;0&quot;,&quot;shutter_speed&quot;:&quot;0&quot;,&quot;title&quot;:&quot;&quot;,&quot;orientation&quot;:&quot;1&quot;}\" data-image-title=\"OPN STUDIO  4\" data-image-description=\"\" data-medium-file=\"https:\/\/innernature.webs.upv.es\/wp-content\/uploads\/2015\/02\/opn-studio-4-300x165.jpg\" data-large-file=\"https:\/\/innernature.webs.upv.es\/wp-content\/uploads\/2015\/02\/opn-studio-4.jpg\" src=\"https:\/\/innernature.webs.upv.es\/wp-content\/uploads\/2015\/02\/opn-studio-4-484x266.jpg\" width=\"484\" height=\"266\" align=\"left\" title=\"OPN STUDIO  4\" \/><\/a><\/div><\/div><div class=\"gallery-group images-1\" style=\"width: 487px; height: 270px;\"><div class=\"tiled-gallery-item tiled-gallery-item-large\"><a href=\"https:\/\/innernature.webs.upv.es\/?attachment_id=223\"><img loading=\"lazy\" decoding=\"async\" data-attachment-id=\"223\" data-orig-file=\"https:\/\/innernature.webs.upv.es\/wp-content\/uploads\/2015\/02\/opn-studio-5.jpg\" data-orig-size=\"886,487\" data-comments-opened=\"0\" data-image-meta=\"{&quot;aperture&quot;:&quot;0&quot;,&quot;credit&quot;:&quot;&quot;,&quot;camera&quot;:&quot;&quot;,&quot;caption&quot;:&quot;&quot;,&quot;created_timestamp&quot;:&quot;0&quot;,&quot;copyright&quot;:&quot;&quot;,&quot;focal_length&quot;:&quot;0&quot;,&quot;iso&quot;:&quot;0&quot;,&quot;shutter_speed&quot;:&quot;0&quot;,&quot;title&quot;:&quot;&quot;,&quot;orientation&quot;:&quot;1&quot;}\" data-image-title=\"OPN STUDIO 5\" data-image-description=\"\" data-medium-file=\"https:\/\/innernature.webs.upv.es\/wp-content\/uploads\/2015\/02\/opn-studio-5-300x165.jpg\" data-large-file=\"https:\/\/innernature.webs.upv.es\/wp-content\/uploads\/2015\/02\/opn-studio-5.jpg\" src=\"https:\/\/innernature.webs.upv.es\/wp-content\/uploads\/2015\/02\/opn-studio-5-483x266.jpg\" width=\"483\" height=\"266\" align=\"left\" title=\"OPN STUDIO 5\" \/><\/a><\/div><\/div><\/div><div class=\"gallery-row\" style=\"width: 975px; height: 534px;\"><div class=\"gallery-group images-1\" style=\"width: 975px; height: 538px;\"><div class=\"tiled-gallery-item tiled-gallery-item-large\"><a href=\"https:\/\/innernature.webs.upv.es\/?attachment_id=222\"><img loading=\"lazy\" decoding=\"async\" data-attachment-id=\"222\" data-orig-file=\"https:\/\/innernature.webs.upv.es\/wp-content\/uploads\/2015\/02\/opn-studio-2.jpg\" data-orig-size=\"886,487\" data-comments-opened=\"0\" data-image-meta=\"{&quot;aperture&quot;:&quot;0&quot;,&quot;credit&quot;:&quot;&quot;,&quot;camera&quot;:&quot;&quot;,&quot;caption&quot;:&quot;&quot;,&quot;created_timestamp&quot;:&quot;0&quot;,&quot;copyright&quot;:&quot;&quot;,&quot;focal_length&quot;:&quot;0&quot;,&quot;iso&quot;:&quot;0&quot;,&quot;shutter_speed&quot;:&quot;0&quot;,&quot;title&quot;:&quot;&quot;,&quot;orientation&quot;:&quot;1&quot;}\" data-image-title=\"OPN STUDIO 2\" data-image-description=\"\" data-medium-file=\"https:\/\/innernature.webs.upv.es\/wp-content\/uploads\/2015\/02\/opn-studio-2-300x165.jpg\" data-large-file=\"https:\/\/innernature.webs.upv.es\/wp-content\/uploads\/2015\/02\/opn-studio-2.jpg\" src=\"https:\/\/innernature.webs.upv.es\/wp-content\/uploads\/2015\/02\/opn-studio-2.jpg\" width=\"971\" height=\"534\" align=\"left\" title=\"OPN STUDIO 2\" \/><\/a><\/div><\/div><\/div><\/div>\n<p>&nbsp;<\/p>\n<p><strong><i>AIMLESS IN NOWHERE<\/i><\/strong><\/p>\n<p>1\u2019 32\u2019\u2019<\/p>\n<table frame=\"void\">\n<tbody>\n<tr>\n<td style=\"text-align: justify;\"><span style=\"color: #999999;\">Las narrativas de ficci\u00f3n poseen una seducci\u00f3n emocional que, en ocasiones, resulta m\u00e1s influyente para la creaci\u00f3n de una conciencia ecol\u00f3gica que la divulgaci\u00f3n cient\u00edfica. Determinados aspectos psicol\u00f3gicos mediante los que nos relacionamos con el paisaje, desencadenan una reacci\u00f3n en nosotros a la hora de interactuar con el mismo, generando un comportamiento condicionado por dicho entorno. Estamos \u00edntimamente ligados a \u00e9l, somos parte de \u00e9l.&nbsp;<i>\u201cAimles in nowhere\u201d<\/i>, pretende despertar esa conciencia ecol\u00f3gica de la que hablamos, utilizando nuestra inteligencia emocinal como medio interlocutor, ya que nuestro cerebro es m\u00e1s receptivo a estos est\u00edmulos que a una respuesta cient\u00edfica.<\/span><\/td>\n<td style=\"text-align: justify;\"><span style=\"color: #999999;\">Fictional narratives have a more emotional seduction and are sometimes more influential in the creation of ecological awareness than scientific dissemination. Certain psychological aspects through which we relate to the landscape trigger a reaction within ourselves when we interact with it, generating a behavior conditioned by the environment. We are intimately linked to it, we are part of it. Aimless in nowhere aims to awaken an environmental consciousness, using emotional intelligence since our brain is more receptive to these stimuli than to scientific information.<\/span><\/td>\n<\/tr>\n<\/tbody>\n<\/table>\n<p><a href=\"http:\/\/www.opnstudio.com%20\">ARTIST WEBSITE<\/a><\/p>\n<p>&nbsp;<\/p>\n<p><span style=\"color: #999999;\">FILMOGRAPHY<\/span><\/p>\n<div><span style=\"color: #999999;\">Amores Perros (2000) &#8211; Alejandro Gonz\u00e1lez I\u00f1\u00e1rritu<\/span><\/div>\n<div><span style=\"color: #999999;\">Papillon (1973) &#8211; Franklin J. Schaffner<\/span><\/div>\n<div><span style=\"color: #999999;\">Mad Max Beyond Thunderdome (1985) &#8211; G.Miller, G. Ogilvie<\/span><\/div>\n<div><span style=\"color: #999999;\">North by Northwest (1959) &#8211; Alfred Hitchcock<\/span><\/div>\n<div><span style=\"color: #999999;\">Das Schloss (1997) &#8211; Michael Haneke<\/span><\/div>\n<div><span style=\"color: #999999;\">Lawrence of Arabia (1962) &#8211; David Lean<\/span><\/div>\n<div><span style=\"color: #999999;\">Doctor Zhivago (1965) &#8211; David Lean<\/span><\/div>\n<div><span style=\"color: #999999;\">The English Patient (1996) &#8211; Anthony Minguella<\/span><\/div>\n<div><span style=\"color: #999999;\">Paris, Texas (1984) &#8211; Win Wenders<\/span><\/div>\n<div><span style=\"color: #999999;\">The Searchers (1956) &#8211; John Ford<\/span><\/div>\n","protected":false},"excerpt":{"rendered":"<p>&nbsp; AIMLESS IN NOWHERE 1\u2019 32\u2019\u2019 Las narrativas de ficci\u00f3n poseen una seducci\u00f3n emocional que, en ocasiones, resulta m\u00e1s influyente para la creaci\u00f3n de una conciencia ecol\u00f3gica que la divulgaci\u00f3n cient\u00edfica. Determinados aspectos psicol\u00f3gicos mediante los que nos relacionamos con el paisaje, desencadenan una reacci\u00f3n en nosotros a la hora de interactuar con el mismo, [&hellip;]<\/p>\n","protected":false},"author":2,"featured_media":0,"parent":0,"menu_order":0,"comment_status":"closed","ping_status":"closed","template":"","meta":{"footnotes":""},"class_list":["post-218","page","type-page","status-publish","hentry"],"_links":{"self":[{"href":"https:\/\/innernature.webs.upv.es\/index.php?rest_route=\/wp\/v2\/pages\/218","targetHints":{"allow":["GET"]}}],"collection":[{"href":"https:\/\/innernature.webs.upv.es\/index.php?rest_route=\/wp\/v2\/pages"}],"about":[{"href":"https:\/\/innernature.webs.upv.es\/index.php?rest_route=\/wp\/v2\/types\/page"}],"author":[{"embeddable":true,"href":"https:\/\/innernature.webs.upv.es\/index.php?rest_route=\/wp\/v2\/users\/2"}],"replies":[{"embeddable":true,"href":"https:\/\/innernature.webs.upv.es\/index.php?rest_route=%2Fwp%2Fv2%2Fcomments&post=218"}],"version-history":[{"count":3,"href":"https:\/\/innernature.webs.upv.es\/index.php?rest_route=\/wp\/v2\/pages\/218\/revisions"}],"predecessor-version":[{"id":2518,"href":"https:\/\/innernature.webs.upv.es\/index.php?rest_route=\/wp\/v2\/pages\/218\/revisions\/2518"}],"wp:attachment":[{"href":"https:\/\/innernature.webs.upv.es\/index.php?rest_route=%2Fwp%2Fv2%2Fmedia&parent=218"}],"curies":[{"name":"wp","href":"https:\/\/api.w.org\/{rel}","templated":true}]}}