{"id":235,"date":"2015-02-18T21:06:56","date_gmt":"2015-02-18T21:06:56","guid":{"rendered":"https:\/\/innernatureexhibition.wordpress.com\/?page_id=235"},"modified":"2021-06-03T14:44:54","modified_gmt":"2021-06-03T14:44:54","slug":"rosana-y-aris","status":"publish","type":"page","link":"https:\/\/innernature.webs.upv.es\/?page_id=235","title":{"rendered":"Rosana y Aris"},"content":{"rendered":"<div data-carousel-extra='{\"blog_id\":1,\"permalink\":\"https:\\\/\\\/innernature.webs.upv.es\\\/?page_id=235\"}' class=\"tiled-gallery type-rectangular\" data-original-width=\"980\"><div class=\"gallery-row\" style=\"width: 975px; height: 266px;\"><div class=\"gallery-group images-1\" style=\"width: 488px; height: 270px;\"><div class=\"tiled-gallery-item tiled-gallery-item-large\"><a href=\"https:\/\/innernature.webs.upv.es\/?attachment_id=237\"><img fetchpriority=\"high\" decoding=\"async\" data-attachment-id=\"237\" data-orig-file=\"https:\/\/innernature.webs.upv.es\/wp-content\/uploads\/2015\/02\/rosana-y-aris-2.jpg\" data-orig-size=\"886,487\" data-comments-opened=\"0\" data-image-meta=\"{&quot;aperture&quot;:&quot;0&quot;,&quot;credit&quot;:&quot;&quot;,&quot;camera&quot;:&quot;&quot;,&quot;caption&quot;:&quot;&quot;,&quot;created_timestamp&quot;:&quot;0&quot;,&quot;copyright&quot;:&quot;&quot;,&quot;focal_length&quot;:&quot;0&quot;,&quot;iso&quot;:&quot;0&quot;,&quot;shutter_speed&quot;:&quot;0&quot;,&quot;title&quot;:&quot;&quot;,&quot;orientation&quot;:&quot;1&quot;}\" data-image-title=\"Rosana Y Aris 2\" data-image-description=\"\" data-medium-file=\"https:\/\/innernature.webs.upv.es\/wp-content\/uploads\/2015\/02\/rosana-y-aris-2-300x165.jpg\" data-large-file=\"https:\/\/innernature.webs.upv.es\/wp-content\/uploads\/2015\/02\/rosana-y-aris-2.jpg\" src=\"https:\/\/innernature.webs.upv.es\/wp-content\/uploads\/2015\/02\/rosana-y-aris-2-484x266.jpg\" width=\"484\" height=\"266\" align=\"left\" title=\"Rosana Y Aris 2\" \/><\/a><\/div><\/div><div class=\"gallery-group images-1\" style=\"width: 487px; height: 270px;\"><div class=\"tiled-gallery-item tiled-gallery-item-large\"><a href=\"https:\/\/innernature.webs.upv.es\/?attachment_id=236\"><img decoding=\"async\" data-attachment-id=\"236\" data-orig-file=\"https:\/\/innernature.webs.upv.es\/wp-content\/uploads\/2015\/02\/rosana-y-aris-1.jpg\" data-orig-size=\"886,487\" data-comments-opened=\"0\" data-image-meta=\"{&quot;aperture&quot;:&quot;0&quot;,&quot;credit&quot;:&quot;&quot;,&quot;camera&quot;:&quot;&quot;,&quot;caption&quot;:&quot;&quot;,&quot;created_timestamp&quot;:&quot;0&quot;,&quot;copyright&quot;:&quot;&quot;,&quot;focal_length&quot;:&quot;0&quot;,&quot;iso&quot;:&quot;0&quot;,&quot;shutter_speed&quot;:&quot;0&quot;,&quot;title&quot;:&quot;&quot;,&quot;orientation&quot;:&quot;1&quot;}\" data-image-title=\"Rosana Y Aris 1\" data-image-description=\"\" data-medium-file=\"https:\/\/innernature.webs.upv.es\/wp-content\/uploads\/2015\/02\/rosana-y-aris-1-300x165.jpg\" data-large-file=\"https:\/\/innernature.webs.upv.es\/wp-content\/uploads\/2015\/02\/rosana-y-aris-1.jpg\" src=\"https:\/\/innernature.webs.upv.es\/wp-content\/uploads\/2015\/02\/rosana-y-aris-1-483x266.jpg\" width=\"483\" height=\"266\" align=\"left\" title=\"Rosana Y Aris 1\" \/><\/a><\/div><\/div><\/div><\/div>\n<p>&nbsp;<\/p>\n<p><strong><i>ETERNAL TRANSPARENCY OF THE CONTINUOUSLY AIR <\/i><\/strong><\/p>\n<p><i>4\u00b431\u00b4\u00b4<\/i><\/p>\n<table frame=\"void\">\n<tbody>\n<tr>\n<td style=\"text-align: justify;\"><span style=\"color: #999999;\">La repetici\u00f3n de una acci\u00f3n sin sentido trata de articular la relaci\u00f3n entre dos cuerpos, en un entorno artificial. El esfuerzo de un continuo soplar conecta a ambos para generar un di\u00e1logo y una narraci\u00f3n abierta que no tiene final. La imagen y el sonido, procedentes del experimentar con una idea y la pr\u00e1ctica de la performance, reflejan la reciprocidad, el intercambio y la dependencia entre los cuerpos, en el interior de un hinchable de pl\u00e1stico cuando intentan inflarlo para poder verse.<\/span><\/td>\n<td style=\"text-align: justify;\"><span style=\"color: #999999;\">The repetition of a meaningless action seeks to articulate the relationship between two bodies in a artificial environment. The effort of continuously blowing connects both bodies to generate a dialogue and an open narration that has no end. The image and the sound belong to a performance that reflects on reciprocity, exchange and dependency between two bodies inside an inflatable plastic when trying to inflate it in order to see each other.<\/span><\/td>\n<\/tr>\n<\/tbody>\n<\/table>\n<p style=\"text-align: justify;\"><a href=\"http:\/\/www.arisspentsas.com\" target=\"_blank\" rel=\"noopener\">ARTIST WEBSITE<\/a>&nbsp;(Aris Spentsas)<\/p>\n<p style=\"text-align: justify;\"><a href=\"cargocollective.com\/rosanasrufete\">ARTIST WEBSITE<\/a>&nbsp;(Rosana. S. Rufete)<\/p>\n","protected":false},"excerpt":{"rendered":"<p>&nbsp; ETERNAL TRANSPARENCY OF THE CONTINUOUSLY AIR 4\u00b431\u00b4\u00b4 La repetici\u00f3n de una acci\u00f3n sin sentido trata de articular la relaci\u00f3n entre dos cuerpos, en un entorno artificial. El esfuerzo de un continuo soplar conecta a ambos para generar un di\u00e1logo y una narraci\u00f3n abierta que no tiene final. La imagen y el sonido, procedentes del [&hellip;]<\/p>\n","protected":false},"author":2,"featured_media":0,"parent":0,"menu_order":0,"comment_status":"closed","ping_status":"closed","template":"","meta":{"footnotes":""},"class_list":["post-235","page","type-page","status-publish","hentry"],"_links":{"self":[{"href":"https:\/\/innernature.webs.upv.es\/index.php?rest_route=\/wp\/v2\/pages\/235","targetHints":{"allow":["GET"]}}],"collection":[{"href":"https:\/\/innernature.webs.upv.es\/index.php?rest_route=\/wp\/v2\/pages"}],"about":[{"href":"https:\/\/innernature.webs.upv.es\/index.php?rest_route=\/wp\/v2\/types\/page"}],"author":[{"embeddable":true,"href":"https:\/\/innernature.webs.upv.es\/index.php?rest_route=\/wp\/v2\/users\/2"}],"replies":[{"embeddable":true,"href":"https:\/\/innernature.webs.upv.es\/index.php?rest_route=%2Fwp%2Fv2%2Fcomments&post=235"}],"version-history":[{"count":2,"href":"https:\/\/innernature.webs.upv.es\/index.php?rest_route=\/wp\/v2\/pages\/235\/revisions"}],"predecessor-version":[{"id":2523,"href":"https:\/\/innernature.webs.upv.es\/index.php?rest_route=\/wp\/v2\/pages\/235\/revisions\/2523"}],"wp:attachment":[{"href":"https:\/\/innernature.webs.upv.es\/index.php?rest_route=%2Fwp%2Fv2%2Fmedia&parent=235"}],"curies":[{"name":"wp","href":"https:\/\/api.w.org\/{rel}","templated":true}]}}