{"id":239,"date":"2015-02-18T21:09:44","date_gmt":"2015-02-18T21:09:44","guid":{"rendered":"https:\/\/innernatureexhibition.wordpress.com\/?page_id=239"},"modified":"2021-06-03T14:45:08","modified_gmt":"2021-06-03T14:45:08","slug":"ruben-fuentes","status":"publish","type":"page","link":"https:\/\/innernature.webs.upv.es\/?page_id=239","title":{"rendered":"Rub\u00e9n Fuentes"},"content":{"rendered":"<div data-carousel-extra='{\"blog_id\":1,\"permalink\":\"https:\\\/\\\/innernature.webs.upv.es\\\/?page_id=239\"}' class=\"tiled-gallery type-rectangular\" data-original-width=\"980\"><div class=\"gallery-row\" style=\"width: 975px; height: 298px;\"><div class=\"gallery-group images-1\" style=\"width: 546px; height: 302px;\"><div class=\"tiled-gallery-item tiled-gallery-item-large\"><a href=\"https:\/\/innernature.webs.upv.es\/?attachment_id=240\"><img fetchpriority=\"high\" decoding=\"async\" data-attachment-id=\"240\" data-orig-file=\"https:\/\/innernature.webs.upv.es\/wp-content\/uploads\/2015\/02\/rubc3a9n-fuentes-1-e1434381381457.jpg\" data-orig-size=\"688,379\" data-comments-opened=\"0\" data-image-meta=\"{&quot;aperture&quot;:&quot;0&quot;,&quot;credit&quot;:&quot;&quot;,&quot;camera&quot;:&quot;&quot;,&quot;caption&quot;:&quot;&quot;,&quot;created_timestamp&quot;:&quot;0&quot;,&quot;copyright&quot;:&quot;&quot;,&quot;focal_length&quot;:&quot;0&quot;,&quot;iso&quot;:&quot;0&quot;,&quot;shutter_speed&quot;:&quot;0&quot;,&quot;title&quot;:&quot;&quot;,&quot;orientation&quot;:&quot;0&quot;}\" data-image-title=\"Rub\u00e9n Fuentes 1\" data-image-description=\"\" data-medium-file=\"https:\/\/innernature.webs.upv.es\/wp-content\/uploads\/2015\/02\/rubc3a9n-fuentes-1-e1434381381457-300x165.jpg\" data-large-file=\"https:\/\/innernature.webs.upv.es\/wp-content\/uploads\/2015\/02\/rubc3a9n-fuentes-1-e1434381381457.jpg\" src=\"https:\/\/innernature.webs.upv.es\/wp-content\/uploads\/2015\/02\/rubc3a9n-fuentes-1-e1434381381457-542x298.jpg\" width=\"542\" height=\"298\" align=\"left\" title=\"Rub\u00e9n Fuentes 1\" \/><\/a><\/div><\/div><div class=\"gallery-group images-1\" style=\"width: 429px; height: 302px;\"><div class=\"tiled-gallery-item tiled-gallery-item-large\"><a href=\"https:\/\/innernature.webs.upv.es\/?attachment_id=241\"><img decoding=\"async\" data-attachment-id=\"241\" data-orig-file=\"https:\/\/innernature.webs.upv.es\/wp-content\/uploads\/2015\/02\/rubc3a9n-fuentes-2.jpg\" data-orig-size=\"694,487\" data-comments-opened=\"0\" data-image-meta=\"{&quot;aperture&quot;:&quot;0&quot;,&quot;credit&quot;:&quot;&quot;,&quot;camera&quot;:&quot;&quot;,&quot;caption&quot;:&quot;&quot;,&quot;created_timestamp&quot;:&quot;0&quot;,&quot;copyright&quot;:&quot;&quot;,&quot;focal_length&quot;:&quot;0&quot;,&quot;iso&quot;:&quot;0&quot;,&quot;shutter_speed&quot;:&quot;0&quot;,&quot;title&quot;:&quot;&quot;,&quot;orientation&quot;:&quot;1&quot;}\" data-image-title=\"Rub\u00e9n Fuentes 2\" data-image-description=\"\" data-medium-file=\"https:\/\/innernature.webs.upv.es\/wp-content\/uploads\/2015\/02\/rubc3a9n-fuentes-2-300x211.jpg\" data-large-file=\"https:\/\/innernature.webs.upv.es\/wp-content\/uploads\/2015\/02\/rubc3a9n-fuentes-2.jpg\" src=\"https:\/\/innernature.webs.upv.es\/wp-content\/uploads\/2015\/02\/rubc3a9n-fuentes-2-425x298.jpg\" width=\"425\" height=\"298\" align=\"left\" title=\"Rub\u00e9n Fuentes 2\" \/><\/a><\/div><\/div><\/div><\/div>\n<p>&nbsp;<\/p>\n<p><strong><i>SUTRAS<\/i><\/strong><\/p>\n<p><i>2\u00b418\u00b4\u00b4<\/i><\/p>\n<table frame=\"void\">\n<tbody>\n<tr>\n<td style=\"text-align: justify;\"><span style=\"color: #999999;\">El artista trata de representar en su&nbsp;trabajo una fuerza interior cosmol\u00f3gica y tel\u00farica que nos habita y que trasciende la dualidad de la materia y el esp\u00edritu. Claves del Zen, junto a una cercan\u00eda a la madre tierra, son esenciales para comprender su&nbsp;trabajo. La invocaci\u00f3n de las fuerzas vitales de la naturaleza heredada del pasado aborigen cubano, la cultura afro-cubana, as\u00ed como del tao\u00edsmo chino, marcan el eje de sus&nbsp;obras m\u00e1s recientes.&nbsp;Su&nbsp;obra, fundamentalmente en los \u00faltimos tiempos, habla del arte como una v\u00eda de autoconocimiento. Seg\u00fan estas ideas la pr\u00e1ctica del arte es una v\u00eda de mejoramiento \u00e9tico del ser humano y de sus capacidades cognitivas y sensoriales integradas en una vida arm\u00f3nica. Estos conceptos&nbsp;son presentados en una envoltura de formas cuidadas, donde predomina la monocrom\u00eda y la reducci\u00f3n a pocos elementos en la composici\u00f3n, de modo que, se refuerce la intensidad de la idea po\u00e9tica a expresar y evite la perdida de la atenci\u00f3n en detalles superfluos.<\/span><\/td>\n<td style=\"text-align: justify;\"><span style=\"color: #999999;\">The artist tries to represent in his art works an inner strength, a cosmological and telluric force within us that transcends the duality of matter and spirit. The practice of zen, along with a worship of mother earth and the invocation of vital forces in nature, inherited from the past of the native Cubans, Afro-Cuban culture, as well as Chinese Taoism, mark the center of his latest works.&nbsp;His&nbsp;art work, mainly in recent years, speaks about art as a mean of self-knowledge. According to these ideas, the practice of art is a way of improving ethical behaviour and cognitive abilities, integrated into a harmonious life. These concepts are introduced in drawings, paintings, installations and interventions in natural environments in a very simple way.<\/span><\/td>\n<\/tr>\n<\/tbody>\n<\/table>\n<p style=\"text-align: justify;\"><a href=\"http:\/\/www.rubenfuentes.com\" target=\"_blank\" rel=\"noopener\">ARTIST WEBSITE<\/a><\/p>\n<p>&nbsp;<\/p>\n<p><iframe title=\"rube\u0301n fuentes &quot;sutras&quot; (fragment)\" width=\"980\" height=\"735\" src=\"https:\/\/www.youtube.com\/embed\/7GBnvXoQww4?feature=oembed\" frameborder=\"0\" allow=\"accelerometer; autoplay; clipboard-write; encrypted-media; gyroscope; picture-in-picture\" allowfullscreen><\/iframe><\/p>\n","protected":false},"excerpt":{"rendered":"<p>&nbsp; SUTRAS 2\u00b418\u00b4\u00b4 El artista trata de representar en su&nbsp;trabajo una fuerza interior cosmol\u00f3gica y tel\u00farica que nos habita y que trasciende la dualidad de la materia y el esp\u00edritu. Claves del Zen, junto a una cercan\u00eda a la madre tierra, son esenciales para comprender su&nbsp;trabajo. La invocaci\u00f3n de las fuerzas vitales de la naturaleza [&hellip;]<\/p>\n","protected":false},"author":2,"featured_media":0,"parent":0,"menu_order":0,"comment_status":"closed","ping_status":"closed","template":"","meta":{"footnotes":""},"class_list":["post-239","page","type-page","status-publish","hentry"],"_links":{"self":[{"href":"https:\/\/innernature.webs.upv.es\/index.php?rest_route=\/wp\/v2\/pages\/239","targetHints":{"allow":["GET"]}}],"collection":[{"href":"https:\/\/innernature.webs.upv.es\/index.php?rest_route=\/wp\/v2\/pages"}],"about":[{"href":"https:\/\/innernature.webs.upv.es\/index.php?rest_route=\/wp\/v2\/types\/page"}],"author":[{"embeddable":true,"href":"https:\/\/innernature.webs.upv.es\/index.php?rest_route=\/wp\/v2\/users\/2"}],"replies":[{"embeddable":true,"href":"https:\/\/innernature.webs.upv.es\/index.php?rest_route=%2Fwp%2Fv2%2Fcomments&post=239"}],"version-history":[{"count":2,"href":"https:\/\/innernature.webs.upv.es\/index.php?rest_route=\/wp\/v2\/pages\/239\/revisions"}],"predecessor-version":[{"id":2524,"href":"https:\/\/innernature.webs.upv.es\/index.php?rest_route=\/wp\/v2\/pages\/239\/revisions\/2524"}],"wp:attachment":[{"href":"https:\/\/innernature.webs.upv.es\/index.php?rest_route=%2Fwp%2Fv2%2Fmedia&parent=239"}],"curies":[{"name":"wp","href":"https:\/\/api.w.org\/{rel}","templated":true}]}}