{"id":2418,"date":"2018-11-17T12:26:35","date_gmt":"2018-11-17T12:26:35","guid":{"rendered":"http:\/\/innernature.webs.upv.es\/?page_id=2418"},"modified":"2021-06-03T14:06:44","modified_gmt":"2021-06-03T14:06:44","slug":"centro-cultural-puertas-de-castilla","status":"publish","type":"page","link":"https:\/\/innernature.webs.upv.es\/?page_id=2418","title":{"rendered":"Centro Cultural Puertas de Castilla"},"content":{"rendered":"<div data-carousel-extra='{\"blog_id\":1,\"permalink\":\"https:\\\/\\\/innernature.webs.upv.es\\\/?page_id=2418\"}' class=\"tiled-gallery type-rectangular\" data-original-width=\"980\"><div class=\"gallery-row\" style=\"width: 975px; height: 439px;\"><div class=\"gallery-group images-1\" style=\"width: 663px; height: 443px;\"><div class=\"tiled-gallery-item tiled-gallery-item-large\"><a href=\"https:\/\/innernature.webs.upv.es\/?attachment_id=1810\"><img fetchpriority=\"high\" decoding=\"async\" data-attachment-id=\"1810\" data-orig-file=\"https:\/\/innernature.webs.upv.es\/wp-content\/uploads\/2018\/03\/dscf6775-l.jpg\" data-orig-size=\"800,533\" data-comments-opened=\"0\" data-image-meta=\"{&quot;aperture&quot;:&quot;0&quot;,&quot;credit&quot;:&quot;&quot;,&quot;camera&quot;:&quot;X-T20&quot;,&quot;caption&quot;:&quot;&quot;,&quot;created_timestamp&quot;:&quot;1517548297&quot;,&quot;copyright&quot;:&quot;&quot;,&quot;focal_length&quot;:&quot;23&quot;,&quot;iso&quot;:&quot;5000&quot;,&quot;shutter_speed&quot;:&quot;0.008&quot;,&quot;title&quot;:&quot;&quot;,&quot;orientation&quot;:&quot;0&quot;}\" data-image-title=\"DSCF6775-L\" data-image-description=\"\" data-medium-file=\"https:\/\/innernature.webs.upv.es\/wp-content\/uploads\/2018\/03\/dscf6775-l-300x200.jpg\" data-large-file=\"https:\/\/innernature.webs.upv.es\/wp-content\/uploads\/2018\/03\/dscf6775-l.jpg\" src=\"https:\/\/innernature.webs.upv.es\/wp-content\/uploads\/2018\/03\/dscf6775-l-659x439.jpg\" width=\"659\" height=\"439\" align=\"left\" title=\"DSCF6775-L\" \/><\/a><\/div><\/div><div class=\"gallery-group images-2\" style=\"width: 312px; height: 443px;\"><div class=\"tiled-gallery-item tiled-gallery-item-large\"><a href=\"https:\/\/innernature.webs.upv.es\/?attachment_id=1807\"><img decoding=\"async\" data-attachment-id=\"1807\" data-orig-file=\"https:\/\/innernature.webs.upv.es\/wp-content\/uploads\/2018\/03\/dsc02391-l.jpg\" data-orig-size=\"800,534\" data-comments-opened=\"0\" data-image-meta=\"{&quot;aperture&quot;:&quot;0&quot;,&quot;credit&quot;:&quot;&quot;,&quot;camera&quot;:&quot;ILCE-7RM2&quot;,&quot;caption&quot;:&quot;&quot;,&quot;created_timestamp&quot;:&quot;1518148137&quot;,&quot;copyright&quot;:&quot;&quot;,&quot;focal_length&quot;:&quot;17&quot;,&quot;iso&quot;:&quot;800&quot;,&quot;shutter_speed&quot;:&quot;0.5&quot;,&quot;title&quot;:&quot;&quot;,&quot;orientation&quot;:&quot;0&quot;}\" data-image-title=\"DSC02391-L\" data-image-description=\"\" data-medium-file=\"https:\/\/innernature.webs.upv.es\/wp-content\/uploads\/2018\/03\/dsc02391-l-300x200.jpg\" data-large-file=\"https:\/\/innernature.webs.upv.es\/wp-content\/uploads\/2018\/03\/dsc02391-l.jpg\" src=\"https:\/\/innernature.webs.upv.es\/wp-content\/uploads\/2018\/03\/dsc02391-l-308x206.jpg\" width=\"308\" height=\"206\" align=\"left\" title=\"DSC02391-L\" \/><\/a><\/div><div class=\"tiled-gallery-item tiled-gallery-item-large\"><a href=\"https:\/\/innernature.webs.upv.es\/?attachment_id=1808\"><img decoding=\"async\" data-attachment-id=\"1808\" data-orig-file=\"https:\/\/innernature.webs.upv.es\/wp-content\/uploads\/2018\/03\/dsc01736-pano-l.jpg\" data-orig-size=\"800,594\" data-comments-opened=\"0\" data-image-meta=\"{&quot;aperture&quot;:&quot;0&quot;,&quot;credit&quot;:&quot;&quot;,&quot;camera&quot;:&quot;ILCE-7RM2&quot;,&quot;caption&quot;:&quot;&quot;,&quot;created_timestamp&quot;:&quot;1517514388&quot;,&quot;copyright&quot;:&quot;&quot;,&quot;focal_length&quot;:&quot;17&quot;,&quot;iso&quot;:&quot;200&quot;,&quot;shutter_speed&quot;:&quot;2.5&quot;,&quot;title&quot;:&quot;&quot;,&quot;orientation&quot;:&quot;0&quot;}\" data-image-title=\"DSC01736-Pano-L\" data-image-description=\"\" data-medium-file=\"https:\/\/innernature.webs.upv.es\/wp-content\/uploads\/2018\/03\/dsc01736-pano-l-300x223.jpg\" data-large-file=\"https:\/\/innernature.webs.upv.es\/wp-content\/uploads\/2018\/03\/dsc01736-pano-l.jpg\" src=\"https:\/\/innernature.webs.upv.es\/wp-content\/uploads\/2018\/03\/dsc01736-pano-l-308x229.jpg\" width=\"308\" height=\"229\" align=\"left\" title=\"DSC01736-Pano-L\" \/><\/a><\/div><\/div><\/div><div class=\"gallery-row\" style=\"width: 975px; height: 443px;\"><div class=\"gallery-group images-1\" style=\"width: 381px; height: 447px;\"><div class=\"tiled-gallery-item tiled-gallery-item-large\"><a href=\"https:\/\/innernature.webs.upv.es\/?attachment_id=1815\"><img loading=\"lazy\" decoding=\"async\" data-attachment-id=\"1815\" data-orig-file=\"https:\/\/innernature.webs.upv.es\/wp-content\/uploads\/2018\/03\/img_20180208_104939.jpg\" data-orig-size=\"2854,3355\" data-comments-opened=\"0\" data-image-meta=\"{&quot;aperture&quot;:&quot;2&quot;,&quot;credit&quot;:&quot;&quot;,&quot;camera&quot;:&quot;HUAWEI P7-L10&quot;,&quot;caption&quot;:&quot;&quot;,&quot;created_timestamp&quot;:&quot;1518086981&quot;,&quot;copyright&quot;:&quot;&quot;,&quot;focal_length&quot;:&quot;3.79&quot;,&quot;iso&quot;:&quot;193&quot;,&quot;shutter_speed&quot;:&quot;0.03030303030303&quot;,&quot;title&quot;:&quot;&quot;,&quot;orientation&quot;:&quot;1&quot;}\" data-image-title=\"IMG_20180208_104939\" data-image-description=\"\" data-medium-file=\"https:\/\/innernature.webs.upv.es\/wp-content\/uploads\/2018\/03\/img_20180208_104939-255x300.jpg\" data-large-file=\"https:\/\/innernature.webs.upv.es\/wp-content\/uploads\/2018\/03\/img_20180208_104939-871x1024.jpg\" src=\"https:\/\/innernature.webs.upv.es\/wp-content\/uploads\/2018\/03\/img_20180208_104939-377x443.jpg\" width=\"377\" height=\"443\" align=\"left\" title=\"IMG_20180208_104939\" \/><\/a><\/div><\/div><div class=\"gallery-group images-1\" style=\"width: 594px; height: 447px;\"><div class=\"tiled-gallery-item tiled-gallery-item-large\"><a href=\"https:\/\/innernature.webs.upv.es\/?attachment_id=1814\"><img loading=\"lazy\" decoding=\"async\" data-attachment-id=\"1814\" data-orig-file=\"https:\/\/innernature.webs.upv.es\/wp-content\/uploads\/2018\/03\/img_20180208_104851.jpg\" data-orig-size=\"4160,3120\" data-comments-opened=\"0\" data-image-meta=\"{&quot;aperture&quot;:&quot;2&quot;,&quot;credit&quot;:&quot;&quot;,&quot;camera&quot;:&quot;HUAWEI P7-L10&quot;,&quot;caption&quot;:&quot;&quot;,&quot;created_timestamp&quot;:&quot;1518086934&quot;,&quot;copyright&quot;:&quot;&quot;,&quot;focal_length&quot;:&quot;3.79&quot;,&quot;iso&quot;:&quot;112&quot;,&quot;shutter_speed&quot;:&quot;0.01&quot;,&quot;title&quot;:&quot;&quot;,&quot;orientation&quot;:&quot;1&quot;}\" data-image-title=\"IMG_20180208_104851\" data-image-description=\"\" data-medium-file=\"https:\/\/innernature.webs.upv.es\/wp-content\/uploads\/2018\/03\/img_20180208_104851-300x225.jpg\" data-large-file=\"https:\/\/innernature.webs.upv.es\/wp-content\/uploads\/2018\/03\/img_20180208_104851-1024x768.jpg\" src=\"https:\/\/innernature.webs.upv.es\/wp-content\/uploads\/2018\/03\/img_20180208_104851-590x443.jpg\" width=\"590\" height=\"443\" align=\"left\" title=\"IMG_20180208_104851\" \/><\/a><\/div><\/div><\/div><div class=\"gallery-row\" style=\"width: 975px; height: 725px;\"><div class=\"gallery-group images-1\" style=\"width: 488px; height: 729px;\"><div class=\"tiled-gallery-item tiled-gallery-item-large\"><a href=\"https:\/\/innernature.webs.upv.es\/?attachment_id=1813\"><img loading=\"lazy\" decoding=\"async\" data-attachment-id=\"1813\" data-orig-file=\"https:\/\/innernature.webs.upv.es\/wp-content\/uploads\/2018\/03\/dscf6920-l.jpg\" data-orig-size=\"400,600\" data-comments-opened=\"0\" data-image-meta=\"{&quot;aperture&quot;:&quot;0&quot;,&quot;credit&quot;:&quot;&quot;,&quot;camera&quot;:&quot;X-T20&quot;,&quot;caption&quot;:&quot;&quot;,&quot;created_timestamp&quot;:&quot;1517549495&quot;,&quot;copyright&quot;:&quot;&quot;,&quot;focal_length&quot;:&quot;23&quot;,&quot;iso&quot;:&quot;4000&quot;,&quot;shutter_speed&quot;:&quot;0.016666666666667&quot;,&quot;title&quot;:&quot;&quot;,&quot;orientation&quot;:&quot;0&quot;}\" data-image-title=\"DSCF6920-L\" data-image-description=\"\" data-medium-file=\"https:\/\/innernature.webs.upv.es\/wp-content\/uploads\/2018\/03\/dscf6920-l-200x300.jpg\" data-large-file=\"https:\/\/innernature.webs.upv.es\/wp-content\/uploads\/2018\/03\/dscf6920-l.jpg\" src=\"https:\/\/innernature.webs.upv.es\/wp-content\/uploads\/2018\/03\/dscf6920-l.jpg\" width=\"484\" height=\"725\" align=\"left\" title=\"DSCF6920-L\" \/><\/a><\/div><\/div><div class=\"gallery-group images-1\" style=\"width: 487px; height: 729px;\"><div class=\"tiled-gallery-item tiled-gallery-item-large\"><a href=\"https:\/\/innernature.webs.upv.es\/?attachment_id=1811\"><img loading=\"lazy\" decoding=\"async\" data-attachment-id=\"1811\" data-orig-file=\"https:\/\/innernature.webs.upv.es\/wp-content\/uploads\/2018\/03\/dscf6836-xl.jpg\" data-orig-size=\"512,768\" data-comments-opened=\"0\" data-image-meta=\"{&quot;aperture&quot;:&quot;0&quot;,&quot;credit&quot;:&quot;&quot;,&quot;camera&quot;:&quot;X-T20&quot;,&quot;caption&quot;:&quot;&quot;,&quot;created_timestamp&quot;:&quot;1517548747&quot;,&quot;copyright&quot;:&quot;&quot;,&quot;focal_length&quot;:&quot;61&quot;,&quot;iso&quot;:&quot;4000&quot;,&quot;shutter_speed&quot;:&quot;0.016666666666667&quot;,&quot;title&quot;:&quot;&quot;,&quot;orientation&quot;:&quot;0&quot;}\" data-image-title=\"DSCF6836-XL\" data-image-description=\"\" data-medium-file=\"https:\/\/innernature.webs.upv.es\/wp-content\/uploads\/2018\/03\/dscf6836-xl-200x300.jpg\" data-large-file=\"https:\/\/innernature.webs.upv.es\/wp-content\/uploads\/2018\/03\/dscf6836-xl.jpg\" src=\"https:\/\/innernature.webs.upv.es\/wp-content\/uploads\/2018\/03\/dscf6836-xl-483x725.jpg\" width=\"483\" height=\"725\" align=\"left\" title=\"DSCF6836-XL\" \/><\/a><\/div><\/div><\/div><div class=\"gallery-row\" style=\"width: 975px; height: 647px;\"><div class=\"gallery-group images-1\" style=\"width: 975px; height: 651px;\"><div class=\"tiled-gallery-item tiled-gallery-item-large\"><a href=\"https:\/\/innernature.webs.upv.es\/?attachment_id=1809\"><img loading=\"lazy\" decoding=\"async\" data-attachment-id=\"1809\" data-orig-file=\"https:\/\/innernature.webs.upv.es\/wp-content\/uploads\/2018\/03\/dscf6766-l.jpg\" data-orig-size=\"800,533\" data-comments-opened=\"0\" data-image-meta=\"{&quot;aperture&quot;:&quot;0&quot;,&quot;credit&quot;:&quot;&quot;,&quot;camera&quot;:&quot;X-T20&quot;,&quot;caption&quot;:&quot;&quot;,&quot;created_timestamp&quot;:&quot;1517548227&quot;,&quot;copyright&quot;:&quot;&quot;,&quot;focal_length&quot;:&quot;23&quot;,&quot;iso&quot;:&quot;6400&quot;,&quot;shutter_speed&quot;:&quot;0.008&quot;,&quot;title&quot;:&quot;&quot;,&quot;orientation&quot;:&quot;0&quot;}\" data-image-title=\"DSCF6766-L\" data-image-description=\"\" data-medium-file=\"https:\/\/innernature.webs.upv.es\/wp-content\/uploads\/2018\/03\/dscf6766-l-300x200.jpg\" data-large-file=\"https:\/\/innernature.webs.upv.es\/wp-content\/uploads\/2018\/03\/dscf6766-l.jpg\" src=\"https:\/\/innernature.webs.upv.es\/wp-content\/uploads\/2018\/03\/dscf6766-l.jpg\" width=\"971\" height=\"647\" align=\"left\" title=\"DSCF6766-L\" \/><\/a><\/div><\/div><\/div><\/div>\n<h4><\/h4>\n<h4>CENTRO CULTURAL PUERTAS DE CASTILLA, Murcia (Spain)<\/h4>\n<table frame=\"void\">\n<tbody>\n<tr>\n<td style=\"text-align: justify;\">This art, culture and innovation center was born in May 2003. It pays special attention to contemporary art outside the usual commercial circuits. It showcases the latest social and urban trends and&nbsp;other relevant cultural aspects of our society,&nbsp;encouraging the fusion of disciplines and new artistic languages.<\/p>\n<div>Through its different projects, the center promotes four main lines of action: training, creation, production and dissemination. Its objective is not only to support artists, but to reach the final recipient of cultural policies, that is, the citizen.<\/div>\n<div>Its programs reaffirm the decentralized tendency of the new artistic and cultural events, establishing a cooperation among cultural associations, artists and international institutions that act under the same priorities: to think locally and act globally.<\/div>\n<\/td>\n<td style=\"text-align: justify;\">Centro de cultura, arte e innovaci\u00f3n nacido en mayo de 2003 cuyo modelo de proyecto cultural presta especial atenci\u00f3n a las manifestaciones culturales no convencionales, contempor\u00e1neas y fuera de los circuitos comerciales habituales. Apuesta por las tendencias m\u00e1s actuales, sociales y urbanas, la fusi\u00f3n de disciplinas y los nuevos lenguajes art\u00edsticos, as\u00ed como por aquellos aspectos de la cultura y el pensamiento necesarios y vigentes en nuestra sociedad.<\/p>\n<p>A trav\u00e9s de sus distintos proyectos impulsa cuatro grandes ejes de actuaci\u00f3n: formaci\u00f3n, creaci\u00f3n, producci\u00f3n y difusi\u00f3n, que conforman un marco de acci\u00f3n con el que se pretende, no s\u00f3lo apoyar a los artistas, sino canalizar sus creaciones para que lleguen al destinatario final de las pol\u00edticas culturales, es decir, al ciudadano, de forma clara y evidente.<\/p>\n<p>Su programaci\u00f3n en general reafirma la tendencia descentralizada y descentralizadora de los nuevos eventos art\u00edsticos y culturales, estableciendo una l\u00ednea de cooperaci\u00f3n entre asociaciones culturales, artistas e instituciones internacionales que act\u00faan regidas bajo un mismo par\u00e1metro: pensar local y actuar global.<\/td>\n<\/tr>\n<\/tbody>\n<\/table>\n<p>&nbsp;<\/p>\n<p><a href=\"http:\/\/centropuertasdecastilla.es\" target=\"_blank\" rel=\"noopener\">WEB SITE<\/a><\/p>\n","protected":false},"excerpt":{"rendered":"<p>CENTRO CULTURAL PUERTAS DE CASTILLA, Murcia (Spain) This art, culture and innovation center was born in May 2003. It pays special attention to contemporary art outside the usual commercial circuits. It showcases the latest social and urban trends and&nbsp;other relevant cultural aspects of our society,&nbsp;encouraging the fusion of disciplines and new artistic languages. Through its [&hellip;]<\/p>\n","protected":false},"author":1,"featured_media":0,"parent":0,"menu_order":0,"comment_status":"closed","ping_status":"closed","template":"","meta":{"footnotes":""},"class_list":["post-2418","page","type-page","status-publish","hentry"],"_links":{"self":[{"href":"https:\/\/innernature.webs.upv.es\/index.php?rest_route=\/wp\/v2\/pages\/2418","targetHints":{"allow":["GET"]}}],"collection":[{"href":"https:\/\/innernature.webs.upv.es\/index.php?rest_route=\/wp\/v2\/pages"}],"about":[{"href":"https:\/\/innernature.webs.upv.es\/index.php?rest_route=\/wp\/v2\/types\/page"}],"author":[{"embeddable":true,"href":"https:\/\/innernature.webs.upv.es\/index.php?rest_route=\/wp\/v2\/users\/1"}],"replies":[{"embeddable":true,"href":"https:\/\/innernature.webs.upv.es\/index.php?rest_route=%2Fwp%2Fv2%2Fcomments&post=2418"}],"version-history":[{"count":7,"href":"https:\/\/innernature.webs.upv.es\/index.php?rest_route=\/wp\/v2\/pages\/2418\/revisions"}],"predecessor-version":[{"id":2500,"href":"https:\/\/innernature.webs.upv.es\/index.php?rest_route=\/wp\/v2\/pages\/2418\/revisions\/2500"}],"wp:attachment":[{"href":"https:\/\/innernature.webs.upv.es\/index.php?rest_route=%2Fwp%2Fv2%2Fmedia&parent=2418"}],"curies":[{"name":"wp","href":"https:\/\/api.w.org\/{rel}","templated":true}]}}