{"id":243,"date":"2015-02-18T21:13:22","date_gmt":"2015-02-18T21:13:22","guid":{"rendered":"https:\/\/innernatureexhibition.wordpress.com\/?page_id=243"},"modified":"2021-06-03T14:45:30","modified_gmt":"2021-06-03T14:45:30","slug":"yago-de-mateo-y-cristina-omenaca","status":"publish","type":"page","link":"https:\/\/innernature.webs.upv.es\/?page_id=243","title":{"rendered":"Yago de Mateo y Cristina Ome\u00f1aca"},"content":{"rendered":"<div data-carousel-extra='{\"blog_id\":1,\"permalink\":\"https:\\\/\\\/innernature.webs.upv.es\\\/?page_id=243\"}' class=\"tiled-gallery type-rectangular\" data-original-width=\"980\"><div class=\"gallery-row\" style=\"width: 975px; height: 266px;\"><div class=\"gallery-group images-1\" style=\"width: 488px; height: 270px;\"><div class=\"tiled-gallery-item tiled-gallery-item-large\"><a href=\"https:\/\/innernature.webs.upv.es\/?attachment_id=244\"><img fetchpriority=\"high\" decoding=\"async\" data-attachment-id=\"244\" data-orig-file=\"https:\/\/innernature.webs.upv.es\/wp-content\/uploads\/2015\/02\/yago-de-mateo-y-cristina-omac3b1aca-1.jpg\" data-orig-size=\"886,487\" data-comments-opened=\"0\" data-image-meta=\"{&quot;aperture&quot;:&quot;0&quot;,&quot;credit&quot;:&quot;&quot;,&quot;camera&quot;:&quot;&quot;,&quot;caption&quot;:&quot;&quot;,&quot;created_timestamp&quot;:&quot;0&quot;,&quot;copyright&quot;:&quot;&quot;,&quot;focal_length&quot;:&quot;0&quot;,&quot;iso&quot;:&quot;0&quot;,&quot;shutter_speed&quot;:&quot;0&quot;,&quot;title&quot;:&quot;&quot;,&quot;orientation&quot;:&quot;1&quot;}\" data-image-title=\"Yago de Mateo y Cristina Oma\u00f1aca 1\" data-image-description=\"\" data-medium-file=\"https:\/\/innernature.webs.upv.es\/wp-content\/uploads\/2015\/02\/yago-de-mateo-y-cristina-omac3b1aca-1-300x165.jpg\" data-large-file=\"https:\/\/innernature.webs.upv.es\/wp-content\/uploads\/2015\/02\/yago-de-mateo-y-cristina-omac3b1aca-1.jpg\" src=\"https:\/\/innernature.webs.upv.es\/wp-content\/uploads\/2015\/02\/yago-de-mateo-y-cristina-omac3b1aca-1-484x266.jpg\" width=\"484\" height=\"266\" align=\"left\" title=\"Yago de Mateo y Cristina Oma\u00f1aca 1\" \/><\/a><\/div><\/div><div class=\"gallery-group images-1\" style=\"width: 487px; height: 270px;\"><div class=\"tiled-gallery-item tiled-gallery-item-large\"><a href=\"https:\/\/innernature.webs.upv.es\/?attachment_id=248\"><img decoding=\"async\" data-attachment-id=\"248\" data-orig-file=\"https:\/\/innernature.webs.upv.es\/wp-content\/uploads\/2015\/02\/yago-de-mateo-y-cristina-omac3b1aca-5.jpg\" data-orig-size=\"886,487\" data-comments-opened=\"0\" data-image-meta=\"{&quot;aperture&quot;:&quot;0&quot;,&quot;credit&quot;:&quot;&quot;,&quot;camera&quot;:&quot;&quot;,&quot;caption&quot;:&quot;&quot;,&quot;created_timestamp&quot;:&quot;0&quot;,&quot;copyright&quot;:&quot;&quot;,&quot;focal_length&quot;:&quot;0&quot;,&quot;iso&quot;:&quot;0&quot;,&quot;shutter_speed&quot;:&quot;0&quot;,&quot;title&quot;:&quot;&quot;,&quot;orientation&quot;:&quot;1&quot;}\" data-image-title=\"Yago de Mateo y Cristina Oma\u00f1aca 5\" data-image-description=\"\" data-medium-file=\"https:\/\/innernature.webs.upv.es\/wp-content\/uploads\/2015\/02\/yago-de-mateo-y-cristina-omac3b1aca-5-300x165.jpg\" data-large-file=\"https:\/\/innernature.webs.upv.es\/wp-content\/uploads\/2015\/02\/yago-de-mateo-y-cristina-omac3b1aca-5.jpg\" src=\"https:\/\/innernature.webs.upv.es\/wp-content\/uploads\/2015\/02\/yago-de-mateo-y-cristina-omac3b1aca-5-483x266.jpg\" width=\"483\" height=\"266\" align=\"left\" title=\"Yago de Mateo y Cristina Oma\u00f1aca 5\" \/><\/a><\/div><\/div><\/div><\/div>\n<p>&nbsp;<\/p>\n<p><strong><i>EL PARAISO DE NUNCA JAM\u00c1S<\/i><\/strong><\/p>\n<p><i>4\u00b4<\/i><\/p>\n<table frame=\"void\">\n<tbody>\n<tr>\n<td><span style=\"color: #999999;\">Existen espacios m\u00e1gicos y seres extraordinarios <\/span><span style=\"color: #999999;\">con el poder arrebatador capaz de cambiar el curso de la vida <\/span><\/p>\n<p><span style=\"color: #999999;\">de abrirnos los ojos y otorgarnos una nueva mirada limpia con la que volar <\/span><\/p>\n<p><span style=\"color: #999999;\">sin miedo a trav\u00e9s de la ventana <\/span><\/p>\n<p><span style=\"color: #999999;\">hacia la segunda estrella a la derecha y todo recto hasta el amanecer&#8230;<\/span><\/td>\n<td><span style=\"color: #999999;\">There are magical places and extraordinary beings <\/span><span style=\"color: #999999;\">with a sweeping power that can change the course of life, <\/span><\/p>\n<p><span style=\"color: #999999;\">open our eyes and give us a new clean gaze through which we can fly <\/span><\/p>\n<p><span style=\"color: #999999;\">without fear through the window <\/span><\/p>\n<p><span style=\"color: #999999;\">towards the second star to the right and straight on till dawn &#8230;<\/span><\/td>\n<\/tr>\n<\/tbody>\n<\/table>\n<p><a href=\"http:\/\/www.vimeo.com\/yagodemateo%20\" target=\"_blank\" rel=\"noopener\">ARTIST WEBSITE<\/a>&nbsp;(Yago de Mateo)<\/p>\n<p><a href=\"http:\/\/www.kyzymoroz.com\" target=\"_blank\" rel=\"noopener\">ARTIST WEBSITE<\/a>&nbsp;(Cristina Oma\u00f1aca)<\/p>\n<p>&nbsp;<\/p>\n<p><iframe title=\"YAGO DE MATEO y CRISTINA OME\u00d1ACA El para\u00edso de nunca jam\u00e1s \/ Neverparadise\" width=\"980\" height=\"551\" src=\"https:\/\/www.youtube.com\/embed\/AV8i4qpmm6U?feature=oembed\" frameborder=\"0\" allow=\"accelerometer; autoplay; clipboard-write; encrypted-media; gyroscope; picture-in-picture\" allowfullscreen><\/iframe><\/p>\n","protected":false},"excerpt":{"rendered":"<p>&nbsp; EL PARAISO DE NUNCA JAM\u00c1S 4\u00b4 Existen espacios m\u00e1gicos y seres extraordinarios con el poder arrebatador capaz de cambiar el curso de la vida de abrirnos los ojos y otorgarnos una nueva mirada limpia con la que volar sin miedo a trav\u00e9s de la ventana hacia la segunda estrella a la derecha y todo [&hellip;]<\/p>\n","protected":false},"author":2,"featured_media":0,"parent":0,"menu_order":0,"comment_status":"closed","ping_status":"closed","template":"","meta":{"footnotes":""},"class_list":["post-243","page","type-page","status-publish","hentry"],"_links":{"self":[{"href":"https:\/\/innernature.webs.upv.es\/index.php?rest_route=\/wp\/v2\/pages\/243","targetHints":{"allow":["GET"]}}],"collection":[{"href":"https:\/\/innernature.webs.upv.es\/index.php?rest_route=\/wp\/v2\/pages"}],"about":[{"href":"https:\/\/innernature.webs.upv.es\/index.php?rest_route=\/wp\/v2\/types\/page"}],"author":[{"embeddable":true,"href":"https:\/\/innernature.webs.upv.es\/index.php?rest_route=\/wp\/v2\/users\/2"}],"replies":[{"embeddable":true,"href":"https:\/\/innernature.webs.upv.es\/index.php?rest_route=%2Fwp%2Fv2%2Fcomments&post=243"}],"version-history":[{"count":4,"href":"https:\/\/innernature.webs.upv.es\/index.php?rest_route=\/wp\/v2\/pages\/243\/revisions"}],"predecessor-version":[{"id":2525,"href":"https:\/\/innernature.webs.upv.es\/index.php?rest_route=\/wp\/v2\/pages\/243\/revisions\/2525"}],"wp:attachment":[{"href":"https:\/\/innernature.webs.upv.es\/index.php?rest_route=%2Fwp%2Fv2%2Fmedia&parent=243"}],"curies":[{"name":"wp","href":"https:\/\/api.w.org\/{rel}","templated":true}]}}