{"id":48,"date":"2015-02-13T19:21:11","date_gmt":"2015-02-13T19:21:11","guid":{"rendered":"https:\/\/innernatureexhibition.wordpress.com\/?page_id=48"},"modified":"2021-06-03T14:04:59","modified_gmt":"2021-06-03T14:04:59","slug":"nombre-del-artista","status":"publish","type":"page","link":"https:\/\/innernature.webs.upv.es\/?page_id=48","title":{"rendered":"Argenis Iba\u00f1ez"},"content":{"rendered":"<div data-carousel-extra='{\"blog_id\":1,\"permalink\":\"https:\\\/\\\/innernature.webs.upv.es\\\/?page_id=48\"}' class=\"tiled-gallery type-rectangular\" data-original-width=\"980\"><div class=\"gallery-row\" style=\"width: 975px; height: 268px;\"><div class=\"gallery-group images-1\" style=\"width: 490px; height: 272px;\"><div class=\"tiled-gallery-item tiled-gallery-item-large\"><a href=\"https:\/\/innernature.webs.upv.es\/?attachment_id=135\"><img fetchpriority=\"high\" decoding=\"async\" data-attachment-id=\"135\" data-orig-file=\"https:\/\/innernature.webs.upv.es\/wp-content\/uploads\/2015\/02\/argenis-ibac3b1ez-1.jpg\" data-orig-size=\"850,468\" data-comments-opened=\"0\" data-image-meta=\"{&quot;aperture&quot;:&quot;0&quot;,&quot;credit&quot;:&quot;&quot;,&quot;camera&quot;:&quot;&quot;,&quot;caption&quot;:&quot;&quot;,&quot;created_timestamp&quot;:&quot;0&quot;,&quot;copyright&quot;:&quot;&quot;,&quot;focal_length&quot;:&quot;0&quot;,&quot;iso&quot;:&quot;0&quot;,&quot;shutter_speed&quot;:&quot;0&quot;,&quot;title&quot;:&quot;&quot;,&quot;orientation&quot;:&quot;1&quot;}\" data-image-title=\"Argenis Iba\u00f1ez 1\" data-image-description=\"\" data-medium-file=\"https:\/\/innernature.webs.upv.es\/wp-content\/uploads\/2015\/02\/argenis-ibac3b1ez-1-300x165.jpg\" data-large-file=\"https:\/\/innernature.webs.upv.es\/wp-content\/uploads\/2015\/02\/argenis-ibac3b1ez-1.jpg\" src=\"https:\/\/innernature.webs.upv.es\/wp-content\/uploads\/2015\/02\/argenis-ibac3b1ez-1-486x268.jpg\" width=\"486\" height=\"268\" align=\"left\" title=\"Argenis Iba\u00f1ez 1\" \/><\/a><\/div><\/div><div class=\"gallery-group images-1\" style=\"width: 485px; height: 272px;\"><div class=\"tiled-gallery-item tiled-gallery-item-large\"><a href=\"https:\/\/innernature.webs.upv.es\/?attachment_id=136\"><img decoding=\"async\" data-attachment-id=\"136\" data-orig-file=\"https:\/\/innernature.webs.upv.es\/wp-content\/uploads\/2015\/02\/argenis-ibac3b1ez-2.jpg\" data-orig-size=\"1357,755\" data-comments-opened=\"0\" data-image-meta=\"{&quot;aperture&quot;:&quot;0&quot;,&quot;credit&quot;:&quot;&quot;,&quot;camera&quot;:&quot;&quot;,&quot;caption&quot;:&quot;&quot;,&quot;created_timestamp&quot;:&quot;0&quot;,&quot;copyright&quot;:&quot;&quot;,&quot;focal_length&quot;:&quot;0&quot;,&quot;iso&quot;:&quot;0&quot;,&quot;shutter_speed&quot;:&quot;0&quot;,&quot;title&quot;:&quot;&quot;,&quot;orientation&quot;:&quot;1&quot;}\" data-image-title=\"Argenis Iba\u00f1ez 2\" data-image-description=\"\" data-medium-file=\"https:\/\/innernature.webs.upv.es\/wp-content\/uploads\/2015\/02\/argenis-ibac3b1ez-2-300x167.jpg\" data-large-file=\"https:\/\/innernature.webs.upv.es\/wp-content\/uploads\/2015\/02\/argenis-ibac3b1ez-2-1024x570.jpg\" src=\"https:\/\/innernature.webs.upv.es\/wp-content\/uploads\/2015\/02\/argenis-ibac3b1ez-2-481x268.jpg\" width=\"481\" height=\"268\" align=\"left\" title=\"Argenis Iba\u00f1ez 2\" \/><\/a><\/div><\/div><\/div><div class=\"gallery-row\" style=\"width: 975px; height: 266px;\"><div class=\"gallery-group images-1\" style=\"width: 488px; height: 270px;\"><div class=\"tiled-gallery-item tiled-gallery-item-large\"><a href=\"https:\/\/innernature.webs.upv.es\/?attachment_id=137\"><img decoding=\"async\" data-attachment-id=\"137\" data-orig-file=\"https:\/\/innernature.webs.upv.es\/wp-content\/uploads\/2015\/02\/argenis-ibac3b1ez-3.jpg\" data-orig-size=\"886,487\" data-comments-opened=\"0\" data-image-meta=\"{&quot;aperture&quot;:&quot;0&quot;,&quot;credit&quot;:&quot;&quot;,&quot;camera&quot;:&quot;&quot;,&quot;caption&quot;:&quot;&quot;,&quot;created_timestamp&quot;:&quot;0&quot;,&quot;copyright&quot;:&quot;&quot;,&quot;focal_length&quot;:&quot;0&quot;,&quot;iso&quot;:&quot;0&quot;,&quot;shutter_speed&quot;:&quot;0&quot;,&quot;title&quot;:&quot;&quot;,&quot;orientation&quot;:&quot;1&quot;}\" data-image-title=\"Argenis Iba\u00f1ez 3\" data-image-description=\"\" data-medium-file=\"https:\/\/innernature.webs.upv.es\/wp-content\/uploads\/2015\/02\/argenis-ibac3b1ez-3-300x165.jpg\" data-large-file=\"https:\/\/innernature.webs.upv.es\/wp-content\/uploads\/2015\/02\/argenis-ibac3b1ez-3.jpg\" src=\"https:\/\/innernature.webs.upv.es\/wp-content\/uploads\/2015\/02\/argenis-ibac3b1ez-3-484x266.jpg\" width=\"484\" height=\"266\" align=\"left\" title=\"Argenis Iba\u00f1ez 3\" \/><\/a><\/div><\/div><div class=\"gallery-group images-1\" style=\"width: 487px; height: 270px;\"><div class=\"tiled-gallery-item tiled-gallery-item-large\"><a href=\"https:\/\/innernature.webs.upv.es\/?attachment_id=138\"><img loading=\"lazy\" decoding=\"async\" data-attachment-id=\"138\" data-orig-file=\"https:\/\/innernature.webs.upv.es\/wp-content\/uploads\/2015\/02\/argenis-ibac3b1ez-4.jpg\" data-orig-size=\"886,487\" data-comments-opened=\"0\" data-image-meta=\"{&quot;aperture&quot;:&quot;0&quot;,&quot;credit&quot;:&quot;&quot;,&quot;camera&quot;:&quot;&quot;,&quot;caption&quot;:&quot;&quot;,&quot;created_timestamp&quot;:&quot;0&quot;,&quot;copyright&quot;:&quot;&quot;,&quot;focal_length&quot;:&quot;0&quot;,&quot;iso&quot;:&quot;0&quot;,&quot;shutter_speed&quot;:&quot;0&quot;,&quot;title&quot;:&quot;&quot;,&quot;orientation&quot;:&quot;1&quot;}\" data-image-title=\"Argenis Iba\u00f1ez 4\" data-image-description=\"\" data-medium-file=\"https:\/\/innernature.webs.upv.es\/wp-content\/uploads\/2015\/02\/argenis-ibac3b1ez-4-300x165.jpg\" data-large-file=\"https:\/\/innernature.webs.upv.es\/wp-content\/uploads\/2015\/02\/argenis-ibac3b1ez-4.jpg\" src=\"https:\/\/innernature.webs.upv.es\/wp-content\/uploads\/2015\/02\/argenis-ibac3b1ez-4-483x266.jpg\" width=\"483\" height=\"266\" align=\"left\" title=\"Argenis Iba\u00f1ez 4\" \/><\/a><\/div><\/div><\/div><div class=\"gallery-row\" style=\"width: 975px; height: 266px;\"><div class=\"gallery-group images-1\" style=\"width: 488px; height: 270px;\"><div class=\"tiled-gallery-item tiled-gallery-item-large\"><a href=\"https:\/\/innernature.webs.upv.es\/?attachment_id=139\"><img loading=\"lazy\" decoding=\"async\" data-attachment-id=\"139\" data-orig-file=\"https:\/\/innernature.webs.upv.es\/wp-content\/uploads\/2015\/02\/argenis-ibac3b1ez-5.jpg\" data-orig-size=\"886,487\" data-comments-opened=\"0\" data-image-meta=\"{&quot;aperture&quot;:&quot;0&quot;,&quot;credit&quot;:&quot;&quot;,&quot;camera&quot;:&quot;&quot;,&quot;caption&quot;:&quot;&quot;,&quot;created_timestamp&quot;:&quot;0&quot;,&quot;copyright&quot;:&quot;&quot;,&quot;focal_length&quot;:&quot;0&quot;,&quot;iso&quot;:&quot;0&quot;,&quot;shutter_speed&quot;:&quot;0&quot;,&quot;title&quot;:&quot;&quot;,&quot;orientation&quot;:&quot;1&quot;}\" data-image-title=\"Argenis Iba\u00f1ez 5\" data-image-description=\"\" data-medium-file=\"https:\/\/innernature.webs.upv.es\/wp-content\/uploads\/2015\/02\/argenis-ibac3b1ez-5-300x165.jpg\" data-large-file=\"https:\/\/innernature.webs.upv.es\/wp-content\/uploads\/2015\/02\/argenis-ibac3b1ez-5.jpg\" src=\"https:\/\/innernature.webs.upv.es\/wp-content\/uploads\/2015\/02\/argenis-ibac3b1ez-5-484x266.jpg\" width=\"484\" height=\"266\" align=\"left\" title=\"Argenis Iba\u00f1ez 5\" \/><\/a><\/div><\/div><div class=\"gallery-group images-1\" style=\"width: 487px; height: 270px;\"><div class=\"tiled-gallery-item tiled-gallery-item-large\"><a href=\"https:\/\/innernature.webs.upv.es\/?attachment_id=140\"><img loading=\"lazy\" decoding=\"async\" data-attachment-id=\"140\" data-orig-file=\"https:\/\/innernature.webs.upv.es\/wp-content\/uploads\/2015\/02\/argenis-ibac3b1ez-6.jpg\" data-orig-size=\"886,487\" data-comments-opened=\"0\" data-image-meta=\"{&quot;aperture&quot;:&quot;0&quot;,&quot;credit&quot;:&quot;&quot;,&quot;camera&quot;:&quot;&quot;,&quot;caption&quot;:&quot;&quot;,&quot;created_timestamp&quot;:&quot;0&quot;,&quot;copyright&quot;:&quot;&quot;,&quot;focal_length&quot;:&quot;0&quot;,&quot;iso&quot;:&quot;0&quot;,&quot;shutter_speed&quot;:&quot;0&quot;,&quot;title&quot;:&quot;&quot;,&quot;orientation&quot;:&quot;1&quot;}\" data-image-title=\"Argenis Iba\u00f1ez 6\" data-image-description=\"\" data-medium-file=\"https:\/\/innernature.webs.upv.es\/wp-content\/uploads\/2015\/02\/argenis-ibac3b1ez-6-300x165.jpg\" data-large-file=\"https:\/\/innernature.webs.upv.es\/wp-content\/uploads\/2015\/02\/argenis-ibac3b1ez-6.jpg\" src=\"https:\/\/innernature.webs.upv.es\/wp-content\/uploads\/2015\/02\/argenis-ibac3b1ez-6-483x266.jpg\" width=\"483\" height=\"266\" align=\"left\" title=\"Argenis Iba\u00f1ez 6\" \/><\/a><\/div><\/div><\/div><\/div>\n<p><strong><i>\u03c0 * r2<\/i><\/strong><\/p>\n<p><i>1\u00b446\u00b4\u00b4<\/i><\/p>\n<table frame=\"void\">\n<tbody>\n<tr>\n<td>\n<p style=\"text-align:justify;\"><span style=\"color:#999999;\">Un C\u00edrculo se cierra sobre s\u00ed mismo y por ello representa la unidad, lo absoluto, la perfecci\u00f3n. \u00c9ste trabajo es una exploraci\u00f3n de la forma, a partir de la geometr\u00eda en la naturaleza. Haciendo uso de simetr\u00edas y repeticiones, enfatiza el car\u00e1cter geom\u00e9trico en el cuerpo humano.&nbsp; La historia del arte ha buscado siempre estas relaciones naturales y es por eso que el artista cita 3 trabajos realizados en forma de c\u00edrculo por maestros del arte, como Raffaello Sanzio (Madonna della seggiola), Sandro Botticelli (Madonna del Magnificat) y Michelangelo Buonarroti (Tondo Doni). El c\u00edrculo se manifiesta como contenedor y en muchos casos creador de la unidad que existe entre los elementos de la naturaleza, incluido el ser humano.<\/span><\/p>\n<p style=\"text-align:justify;\"><span style=\"color:#999999;\"><i>\u201cEl c\u00edrculo representa la eternidad, al no tener ni un inicio, ni un fin\u201d<\/i>&nbsp;Bruno Munari<\/span><\/p>\n<\/td>\n<td>\n<p style=\"text-align:justify;\"><span style=\"line-height:1.5;color:#999999;\">A circle closes on itself and therefore represents unity, perfection and the absolute. The piace is an exploration of this shape, starting from the geometry in nature. Using symmetries and repetitions, the work emphasizes the geometric character of the human body. Art history has always sought these natural relations and that is why the artist quotes three works that have the shape of a circle by artists such as Raffaello Sanzio (Madonna della Seggiola), Sandro Botticelli (Madonna of the Magnificat) and Michelangelo Buonarroti (Tondo Doni). The circle manifests itself as the container and in many cases creator of unity between the elements of nature, including the human.<\/span><\/p>\n<p style=\"text-align:justify;\"><span style=\"color:#999999;\"><i>\u00abThe circle represents eternity, for it has no beginning nor end,\u00bb<\/i>&nbsp;Bruno Munari<\/span><\/p>\n<\/td>\n<\/tr>\n<\/tbody>\n<\/table>\n<p style=\"text-align:justify;\"><a href=\"http:\/\/www.cargocollective.com\/argenisibanez\" target=\"_blank\" rel=\"noopener\">ARTIST WEBSITE<\/a><\/p>\n<p><iframe title=\"Argenis Ib\u00e1nez &quot;\u03c0 * r2&quot;\" width=\"980\" height=\"735\" src=\"https:\/\/www.youtube.com\/embed\/HI_TCtElD00?feature=oembed\" frameborder=\"0\" allow=\"accelerometer; autoplay; clipboard-write; encrypted-media; gyroscope; picture-in-picture\" allowfullscreen><\/iframe><\/p>\n","protected":false},"excerpt":{"rendered":"<p>\u03c0 * r2 1\u00b446\u00b4\u00b4 Un C\u00edrculo se cierra sobre s\u00ed mismo y por ello representa la unidad, lo absoluto, la perfecci\u00f3n. \u00c9ste trabajo es una exploraci\u00f3n de la forma, a partir de la geometr\u00eda en la naturaleza. Haciendo uso de simetr\u00edas y repeticiones, enfatiza el car\u00e1cter geom\u00e9trico en el cuerpo humano.&nbsp; La historia del arte [&hellip;]<\/p>\n","protected":false},"author":2,"featured_media":0,"parent":0,"menu_order":0,"comment_status":"closed","ping_status":"closed","template":"full-width-page.php","meta":{"footnotes":""},"class_list":["post-48","page","type-page","status-publish","hentry"],"_links":{"self":[{"href":"https:\/\/innernature.webs.upv.es\/index.php?rest_route=\/wp\/v2\/pages\/48","targetHints":{"allow":["GET"]}}],"collection":[{"href":"https:\/\/innernature.webs.upv.es\/index.php?rest_route=\/wp\/v2\/pages"}],"about":[{"href":"https:\/\/innernature.webs.upv.es\/index.php?rest_route=\/wp\/v2\/types\/page"}],"author":[{"embeddable":true,"href":"https:\/\/innernature.webs.upv.es\/index.php?rest_route=\/wp\/v2\/users\/2"}],"replies":[{"embeddable":true,"href":"https:\/\/innernature.webs.upv.es\/index.php?rest_route=%2Fwp%2Fv2%2Fcomments&post=48"}],"version-history":[{"count":1,"href":"https:\/\/innernature.webs.upv.es\/index.php?rest_route=\/wp\/v2\/pages\/48\/revisions"}],"predecessor-version":[{"id":2497,"href":"https:\/\/innernature.webs.upv.es\/index.php?rest_route=\/wp\/v2\/pages\/48\/revisions\/2497"}],"wp:attachment":[{"href":"https:\/\/innernature.webs.upv.es\/index.php?rest_route=%2Fwp%2Fv2%2Fmedia&parent=48"}],"curies":[{"name":"wp","href":"https:\/\/api.w.org\/{rel}","templated":true}]}}