{"id":82,"date":"2015-02-17T12:31:43","date_gmt":"2015-02-17T12:31:43","guid":{"rendered":"https:\/\/innernatureexhibition.wordpress.com\/?page_id=82"},"modified":"2021-06-03T13:30:25","modified_gmt":"2021-06-03T13:30:25","slug":"ada-kobusiewicz","status":"publish","type":"page","link":"https:\/\/innernature.webs.upv.es\/?page_id=82","title":{"rendered":"Ada Kobusiewicz"},"content":{"rendered":"<div data-carousel-extra='{\"blog_id\":1,\"permalink\":\"https:\\\/\\\/innernature.webs.upv.es\\\/?page_id=82\"}' class=\"tiled-gallery type-rectangular\" data-original-width=\"980\"><div class=\"gallery-row\" style=\"width: 975px; height: 266px;\"><div class=\"gallery-group images-1\" style=\"width: 488px; height: 270px;\"><div class=\"tiled-gallery-item tiled-gallery-item-large\"><a href=\"https:\/\/innernature.webs.upv.es\/?attachment_id=78\"><img fetchpriority=\"high\" decoding=\"async\" data-attachment-id=\"78\" data-orig-file=\"https:\/\/innernature.webs.upv.es\/wp-content\/uploads\/2015\/02\/captura-de-pantalla-2015-02-17-a-las-12-58-36.png\" data-orig-size=\"850,468\" data-comments-opened=\"0\" data-image-meta=\"{&quot;aperture&quot;:&quot;0&quot;,&quot;credit&quot;:&quot;&quot;,&quot;camera&quot;:&quot;&quot;,&quot;caption&quot;:&quot;&quot;,&quot;created_timestamp&quot;:&quot;0&quot;,&quot;copyright&quot;:&quot;&quot;,&quot;focal_length&quot;:&quot;0&quot;,&quot;iso&quot;:&quot;0&quot;,&quot;shutter_speed&quot;:&quot;0&quot;,&quot;title&quot;:&quot;&quot;,&quot;orientation&quot;:&quot;0&quot;}\" data-image-title=\"Captura de pantalla 2015-02-17 a la(s) 12.58.36\" data-image-description=\"\" data-medium-file=\"https:\/\/innernature.webs.upv.es\/wp-content\/uploads\/2015\/02\/captura-de-pantalla-2015-02-17-a-las-12-58-36-300x165.png\" data-large-file=\"https:\/\/innernature.webs.upv.es\/wp-content\/uploads\/2015\/02\/captura-de-pantalla-2015-02-17-a-las-12-58-36.png\" src=\"https:\/\/innernature.webs.upv.es\/wp-content\/uploads\/2015\/02\/captura-de-pantalla-2015-02-17-a-las-12-58-36-484x266.png\" width=\"484\" height=\"266\" align=\"left\" title=\"Captura de pantalla 2015-02-17 a la(s) 12.58.36\" \/><\/a><\/div><\/div><div class=\"gallery-group images-1\" style=\"width: 487px; height: 270px;\"><div class=\"tiled-gallery-item tiled-gallery-item-large\"><a href=\"https:\/\/innernature.webs.upv.es\/?attachment_id=79\"><img decoding=\"async\" data-attachment-id=\"79\" data-orig-file=\"https:\/\/innernature.webs.upv.es\/wp-content\/uploads\/2015\/02\/webcaptura-de-pantalla-2015-02-17-a-las-12-58-01.jpg\" data-orig-size=\"850,468\" data-comments-opened=\"0\" data-image-meta=\"{&quot;aperture&quot;:&quot;0&quot;,&quot;credit&quot;:&quot;&quot;,&quot;camera&quot;:&quot;&quot;,&quot;caption&quot;:&quot;&quot;,&quot;created_timestamp&quot;:&quot;0&quot;,&quot;copyright&quot;:&quot;&quot;,&quot;focal_length&quot;:&quot;0&quot;,&quot;iso&quot;:&quot;0&quot;,&quot;shutter_speed&quot;:&quot;0&quot;,&quot;title&quot;:&quot;&quot;,&quot;orientation&quot;:&quot;1&quot;}\" data-image-title=\"webCaptura de pantalla 2015-02-17 a la(s) 12.58.01\" data-image-description=\"\" data-medium-file=\"https:\/\/innernature.webs.upv.es\/wp-content\/uploads\/2015\/02\/webcaptura-de-pantalla-2015-02-17-a-las-12-58-01-300x165.jpg\" data-large-file=\"https:\/\/innernature.webs.upv.es\/wp-content\/uploads\/2015\/02\/webcaptura-de-pantalla-2015-02-17-a-las-12-58-01.jpg\" src=\"https:\/\/innernature.webs.upv.es\/wp-content\/uploads\/2015\/02\/webcaptura-de-pantalla-2015-02-17-a-las-12-58-01-483x266.jpg\" width=\"483\" height=\"266\" align=\"left\" title=\"webCaptura de pantalla 2015-02-17 a la(s) 12.58.01\" \/><\/a><\/div><\/div><\/div><div class=\"gallery-row\" style=\"width: 975px; height: 266px;\"><div class=\"gallery-group images-1\" style=\"width: 488px; height: 270px;\"><div class=\"tiled-gallery-item tiled-gallery-item-large\"><a href=\"https:\/\/innernature.webs.upv.es\/?attachment_id=76\"><img decoding=\"async\" data-attachment-id=\"76\" data-orig-file=\"https:\/\/innernature.webs.upv.es\/wp-content\/uploads\/2015\/02\/captura-de-pantalla-2015-02-17-a-las-12-57-40.jpg\" data-orig-size=\"850,468\" data-comments-opened=\"0\" data-image-meta=\"{&quot;aperture&quot;:&quot;0&quot;,&quot;credit&quot;:&quot;&quot;,&quot;camera&quot;:&quot;&quot;,&quot;caption&quot;:&quot;&quot;,&quot;created_timestamp&quot;:&quot;0&quot;,&quot;copyright&quot;:&quot;&quot;,&quot;focal_length&quot;:&quot;0&quot;,&quot;iso&quot;:&quot;0&quot;,&quot;shutter_speed&quot;:&quot;0&quot;,&quot;title&quot;:&quot;&quot;,&quot;orientation&quot;:&quot;1&quot;}\" data-image-title=\"Captura de pantalla 2015-02-17 a la(s) 12.57.40\" data-image-description=\"\" data-medium-file=\"https:\/\/innernature.webs.upv.es\/wp-content\/uploads\/2015\/02\/captura-de-pantalla-2015-02-17-a-las-12-57-40-300x165.jpg\" data-large-file=\"https:\/\/innernature.webs.upv.es\/wp-content\/uploads\/2015\/02\/captura-de-pantalla-2015-02-17-a-las-12-57-40.jpg\" src=\"https:\/\/innernature.webs.upv.es\/wp-content\/uploads\/2015\/02\/captura-de-pantalla-2015-02-17-a-las-12-57-40-484x266.jpg\" width=\"484\" height=\"266\" align=\"left\" title=\"Captura de pantalla 2015-02-17 a la(s) 12.57.40\" \/><\/a><\/div><\/div><div class=\"gallery-group images-1\" style=\"width: 487px; height: 270px;\"><div class=\"tiled-gallery-item tiled-gallery-item-large\"><a href=\"https:\/\/innernature.webs.upv.es\/?attachment_id=75\"><img loading=\"lazy\" decoding=\"async\" data-attachment-id=\"75\" data-orig-file=\"https:\/\/innernature.webs.upv.es\/wp-content\/uploads\/2015\/02\/captura-de-pantalla-2015-02-17-a-las-12-57-27.jpg\" data-orig-size=\"850,468\" data-comments-opened=\"0\" data-image-meta=\"{&quot;aperture&quot;:&quot;0&quot;,&quot;credit&quot;:&quot;&quot;,&quot;camera&quot;:&quot;&quot;,&quot;caption&quot;:&quot;&quot;,&quot;created_timestamp&quot;:&quot;0&quot;,&quot;copyright&quot;:&quot;&quot;,&quot;focal_length&quot;:&quot;0&quot;,&quot;iso&quot;:&quot;0&quot;,&quot;shutter_speed&quot;:&quot;0&quot;,&quot;title&quot;:&quot;&quot;,&quot;orientation&quot;:&quot;1&quot;}\" data-image-title=\"Captura de pantalla 2015-02-17 a la(s) 12.57.27\" data-image-description=\"\" data-medium-file=\"https:\/\/innernature.webs.upv.es\/wp-content\/uploads\/2015\/02\/captura-de-pantalla-2015-02-17-a-las-12-57-27-300x165.jpg\" data-large-file=\"https:\/\/innernature.webs.upv.es\/wp-content\/uploads\/2015\/02\/captura-de-pantalla-2015-02-17-a-las-12-57-27.jpg\" src=\"https:\/\/innernature.webs.upv.es\/wp-content\/uploads\/2015\/02\/captura-de-pantalla-2015-02-17-a-las-12-57-27-483x266.jpg\" width=\"483\" height=\"266\" align=\"left\" title=\"Captura de pantalla 2015-02-17 a la(s) 12.57.27\" \/><\/a><\/div><\/div><\/div><div class=\"gallery-row\" style=\"width: 975px; height: 266px;\"><div class=\"gallery-group images-1\" style=\"width: 488px; height: 270px;\"><div class=\"tiled-gallery-item tiled-gallery-item-large\"><a href=\"https:\/\/innernature.webs.upv.es\/?attachment_id=74\"><img loading=\"lazy\" decoding=\"async\" data-attachment-id=\"74\" data-orig-file=\"https:\/\/innernature.webs.upv.es\/wp-content\/uploads\/2015\/02\/captura-de-pantalla-2015-02-17-a-las-12-57-19.jpg\" data-orig-size=\"850,468\" data-comments-opened=\"0\" data-image-meta=\"{&quot;aperture&quot;:&quot;0&quot;,&quot;credit&quot;:&quot;&quot;,&quot;camera&quot;:&quot;&quot;,&quot;caption&quot;:&quot;&quot;,&quot;created_timestamp&quot;:&quot;0&quot;,&quot;copyright&quot;:&quot;&quot;,&quot;focal_length&quot;:&quot;0&quot;,&quot;iso&quot;:&quot;0&quot;,&quot;shutter_speed&quot;:&quot;0&quot;,&quot;title&quot;:&quot;&quot;,&quot;orientation&quot;:&quot;1&quot;}\" data-image-title=\"Ada Kobusievick\" data-image-description=\"\" data-medium-file=\"https:\/\/innernature.webs.upv.es\/wp-content\/uploads\/2015\/02\/captura-de-pantalla-2015-02-17-a-las-12-57-19-300x165.jpg\" data-large-file=\"https:\/\/innernature.webs.upv.es\/wp-content\/uploads\/2015\/02\/captura-de-pantalla-2015-02-17-a-las-12-57-19.jpg\" src=\"https:\/\/innernature.webs.upv.es\/wp-content\/uploads\/2015\/02\/captura-de-pantalla-2015-02-17-a-las-12-57-19-484x266.jpg\" width=\"484\" height=\"266\" align=\"left\" title=\"Ada Kobusievick\" \/><\/a><\/div><\/div><div class=\"gallery-group images-1\" style=\"width: 487px; height: 270px;\"><div class=\"tiled-gallery-item tiled-gallery-item-large\"><a href=\"https:\/\/innernature.webs.upv.es\/?attachment_id=73\"><img loading=\"lazy\" decoding=\"async\" data-attachment-id=\"73\" data-orig-file=\"https:\/\/innernature.webs.upv.es\/wp-content\/uploads\/2015\/02\/captura-de-pantalla-2015-02-17-a-las-12-57-01.jpg\" data-orig-size=\"850,468\" data-comments-opened=\"0\" data-image-meta=\"{&quot;aperture&quot;:&quot;0&quot;,&quot;credit&quot;:&quot;&quot;,&quot;camera&quot;:&quot;&quot;,&quot;caption&quot;:&quot;&quot;,&quot;created_timestamp&quot;:&quot;0&quot;,&quot;copyright&quot;:&quot;&quot;,&quot;focal_length&quot;:&quot;0&quot;,&quot;iso&quot;:&quot;0&quot;,&quot;shutter_speed&quot;:&quot;0&quot;,&quot;title&quot;:&quot;&quot;,&quot;orientation&quot;:&quot;1&quot;}\" data-image-title=\"Danube Treasures\" data-image-description=\"\" data-medium-file=\"https:\/\/innernature.webs.upv.es\/wp-content\/uploads\/2015\/02\/captura-de-pantalla-2015-02-17-a-las-12-57-01-300x165.jpg\" data-large-file=\"https:\/\/innernature.webs.upv.es\/wp-content\/uploads\/2015\/02\/captura-de-pantalla-2015-02-17-a-las-12-57-01.jpg\" src=\"https:\/\/innernature.webs.upv.es\/wp-content\/uploads\/2015\/02\/captura-de-pantalla-2015-02-17-a-las-12-57-01-483x266.jpg\" width=\"483\" height=\"266\" align=\"left\" title=\"Danube Treasures\" \/><\/a><\/div><\/div><\/div><\/div>\n<p>&nbsp;<\/p>\n<p><strong><i>DANUBE TREASURES<\/i><\/strong><\/p>\n<p><strong><i>&nbsp;(Tesoros del Danubio) <\/i><\/strong><\/p>\n<p><i>4\u00b453\u00b4\u00b4<\/i><\/p>\n<table frame=\"void\">\n<tbody>\n<tr>\n<td style=\"text-align: justify;\"><span style=\"color: #999999;\">Este video experimental retrata el estado actual del r\u00edo Danubio. La principal herramienta utilizada en la pel\u00edcula es la luz natural, que altera el aspecto de los residuos y los convierte en el \u00abtesoro\u00bb del r\u00edo. Las im\u00e1genes, duras y a la vez po\u00e9ticas, revelan la contaminaci\u00f3n del entorno fluvial. El ritmo de la pel\u00edcula refleja el paso del tiempo y propone una reflexi\u00f3n acerca del futuro de la tierra. Las formas abstractas y borrosas representan la fragilidad del ecosistema y al mismo tiempo abren la obra a m\u00faltiples interpretaciones.<\/span><\/td>\n<td style=\"text-align: justify;\"><span style=\"color: #999999;\">This is an experimental documentary video about the state of the contemporary world, focused on the waste in the Danube river. The main tool used in the film is the natural light, which changes the visual appearance of the waste and turns it into the treasure of the river. Harshness and poetry reveal the dirtiness of the environment. The poetic frame of the film reflects the passing of time, and questions the future of the Earth. The abstract and blurry forms, which appear in the film, represent the fragility of the ecosystem but at the same time open the artwork to multiple interpretations.<\/span><\/td>\n<\/tr>\n<\/tbody>\n<\/table>\n<p><a href=\"http:\/\/www.adakobusiewicz.com\" target=\"_blank\" rel=\"noopener\">ARTIST WEBSITE<\/a><\/p>\n","protected":false},"excerpt":{"rendered":"<p>&nbsp; DANUBE TREASURES &nbsp;(Tesoros del Danubio) 4\u00b453\u00b4\u00b4 Este video experimental retrata el estado actual del r\u00edo Danubio. La principal herramienta utilizada en la pel\u00edcula es la luz natural, que altera el aspecto de los residuos y los convierte en el \u00abtesoro\u00bb del r\u00edo. Las im\u00e1genes, duras y a la vez po\u00e9ticas, revelan la contaminaci\u00f3n del [&hellip;]<\/p>\n","protected":false},"author":2,"featured_media":0,"parent":0,"menu_order":0,"comment_status":"closed","ping_status":"closed","template":"","meta":{"footnotes":""},"class_list":["post-82","page","type-page","status-publish","hentry"],"_links":{"self":[{"href":"https:\/\/innernature.webs.upv.es\/index.php?rest_route=\/wp\/v2\/pages\/82","targetHints":{"allow":["GET"]}}],"collection":[{"href":"https:\/\/innernature.webs.upv.es\/index.php?rest_route=\/wp\/v2\/pages"}],"about":[{"href":"https:\/\/innernature.webs.upv.es\/index.php?rest_route=\/wp\/v2\/types\/page"}],"author":[{"embeddable":true,"href":"https:\/\/innernature.webs.upv.es\/index.php?rest_route=\/wp\/v2\/users\/2"}],"replies":[{"embeddable":true,"href":"https:\/\/innernature.webs.upv.es\/index.php?rest_route=%2Fwp%2Fv2%2Fcomments&post=82"}],"version-history":[{"count":4,"href":"https:\/\/innernature.webs.upv.es\/index.php?rest_route=\/wp\/v2\/pages\/82\/revisions"}],"predecessor-version":[{"id":2494,"href":"https:\/\/innernature.webs.upv.es\/index.php?rest_route=\/wp\/v2\/pages\/82\/revisions\/2494"}],"wp:attachment":[{"href":"https:\/\/innernature.webs.upv.es\/index.php?rest_route=%2Fwp%2Fv2%2Fmedia&parent=82"}],"curies":[{"name":"wp","href":"https:\/\/api.w.org\/{rel}","templated":true}]}}