{"id":969,"date":"2016-02-27T17:18:11","date_gmt":"2016-02-27T17:18:11","guid":{"rendered":"http:\/\/innernatureexhibition.com\/?page_id=969"},"modified":"2021-06-03T14:49:38","modified_gmt":"2021-06-03T14:49:38","slug":"cristen-leifheit","status":"publish","type":"page","link":"https:\/\/innernature.webs.upv.es\/?page_id=969","title":{"rendered":"CRISTEN LEIFHEIT"},"content":{"rendered":"<div data-carousel-extra='{\"blog_id\":1,\"permalink\":\"https:\\\/\\\/innernature.webs.upv.es\\\/?page_id=969\"}' class=\"tiled-gallery type-rectangular\" data-original-width=\"980\"><div class=\"gallery-row\" style=\"width: 975px; height: 270px;\"><div class=\"gallery-group images-1\" style=\"width: 488px; height: 274px;\"><div class=\"tiled-gallery-item tiled-gallery-item-large\"><a href=\"https:\/\/innernature.webs.upv.es\/wp-content\/uploads\/2016\/02\/1leifheit-cristen.png\"><img fetchpriority=\"high\" decoding=\"async\" data-attachment-id=\"970\" data-orig-file=\"https:\/\/innernature.webs.upv.es\/wp-content\/uploads\/2016\/02\/1leifheit-cristen.png\" data-orig-size=\"1280,714\" data-comments-opened=\"0\" data-image-meta=\"{&quot;aperture&quot;:&quot;0&quot;,&quot;credit&quot;:&quot;&quot;,&quot;camera&quot;:&quot;&quot;,&quot;caption&quot;:&quot;&quot;,&quot;created_timestamp&quot;:&quot;0&quot;,&quot;copyright&quot;:&quot;&quot;,&quot;focal_length&quot;:&quot;0&quot;,&quot;iso&quot;:&quot;0&quot;,&quot;shutter_speed&quot;:&quot;0&quot;,&quot;title&quot;:&quot;&quot;,&quot;orientation&quot;:&quot;0&quot;}\" data-image-title=\"1Leifheit, cristen\" data-image-description=\"\" data-medium-file=\"https:\/\/innernature.webs.upv.es\/wp-content\/uploads\/2016\/02\/1leifheit-cristen-300x167.png\" data-large-file=\"https:\/\/innernature.webs.upv.es\/wp-content\/uploads\/2016\/02\/1leifheit-cristen-1024x571.png\" src=\"https:\/\/innernature.webs.upv.es\/wp-content\/uploads\/2016\/02\/1leifheit-cristen-484x270.png\" width=\"484\" height=\"270\" align=\"left\" title=\"1Leifheit, cristen\" \/><\/a><\/div><\/div><div class=\"gallery-group images-1\" style=\"width: 487px; height: 274px;\"><div class=\"tiled-gallery-item tiled-gallery-item-large\"><a href=\"https:\/\/innernature.webs.upv.es\/wp-content\/uploads\/2016\/02\/2leifheit-cristen.png\"><img decoding=\"async\" data-attachment-id=\"971\" data-orig-file=\"https:\/\/innernature.webs.upv.es\/wp-content\/uploads\/2016\/02\/2leifheit-cristen.png\" data-orig-size=\"1280,715\" data-comments-opened=\"0\" data-image-meta=\"{&quot;aperture&quot;:&quot;0&quot;,&quot;credit&quot;:&quot;&quot;,&quot;camera&quot;:&quot;&quot;,&quot;caption&quot;:&quot;&quot;,&quot;created_timestamp&quot;:&quot;0&quot;,&quot;copyright&quot;:&quot;&quot;,&quot;focal_length&quot;:&quot;0&quot;,&quot;iso&quot;:&quot;0&quot;,&quot;shutter_speed&quot;:&quot;0&quot;,&quot;title&quot;:&quot;&quot;,&quot;orientation&quot;:&quot;0&quot;}\" data-image-title=\"2Leifheit, cristen\" data-image-description=\"\" data-medium-file=\"https:\/\/innernature.webs.upv.es\/wp-content\/uploads\/2016\/02\/2leifheit-cristen-300x168.png\" data-large-file=\"https:\/\/innernature.webs.upv.es\/wp-content\/uploads\/2016\/02\/2leifheit-cristen-1024x572.png\" src=\"https:\/\/innernature.webs.upv.es\/wp-content\/uploads\/2016\/02\/2leifheit-cristen-483x270.png\" width=\"483\" height=\"270\" align=\"left\" title=\"2Leifheit, cristen\" \/><\/a><\/div><\/div><\/div><div class=\"gallery-row\" style=\"width: 975px; height: 271px;\"><div class=\"gallery-group images-1\" style=\"width: 488px; height: 275px;\"><div class=\"tiled-gallery-item tiled-gallery-item-large\"><a href=\"https:\/\/innernature.webs.upv.es\/wp-content\/uploads\/2016\/02\/3leifheit-cristen.png\"><img decoding=\"async\" data-attachment-id=\"972\" data-orig-file=\"https:\/\/innernature.webs.upv.es\/wp-content\/uploads\/2016\/02\/3leifheit-cristen.png\" data-orig-size=\"1280,718\" data-comments-opened=\"0\" data-image-meta=\"{&quot;aperture&quot;:&quot;0&quot;,&quot;credit&quot;:&quot;&quot;,&quot;camera&quot;:&quot;&quot;,&quot;caption&quot;:&quot;&quot;,&quot;created_timestamp&quot;:&quot;0&quot;,&quot;copyright&quot;:&quot;&quot;,&quot;focal_length&quot;:&quot;0&quot;,&quot;iso&quot;:&quot;0&quot;,&quot;shutter_speed&quot;:&quot;0&quot;,&quot;title&quot;:&quot;&quot;,&quot;orientation&quot;:&quot;0&quot;}\" data-image-title=\"3Leifheit, cristen\" data-image-description=\"\" data-medium-file=\"https:\/\/innernature.webs.upv.es\/wp-content\/uploads\/2016\/02\/3leifheit-cristen-300x168.png\" data-large-file=\"https:\/\/innernature.webs.upv.es\/wp-content\/uploads\/2016\/02\/3leifheit-cristen-1024x574.png\" src=\"https:\/\/innernature.webs.upv.es\/wp-content\/uploads\/2016\/02\/3leifheit-cristen-484x271.png\" width=\"484\" height=\"271\" align=\"left\" title=\"3Leifheit, cristen\" \/><\/a><\/div><\/div><div class=\"gallery-group images-1\" style=\"width: 487px; height: 275px;\"><div class=\"tiled-gallery-item tiled-gallery-item-large\"><a href=\"https:\/\/innernature.webs.upv.es\/wp-content\/uploads\/2016\/02\/4leifheit-cristen.png\"><img loading=\"lazy\" decoding=\"async\" data-attachment-id=\"973\" data-orig-file=\"https:\/\/innernature.webs.upv.es\/wp-content\/uploads\/2016\/02\/4leifheit-cristen.png\" data-orig-size=\"1280,718\" data-comments-opened=\"0\" data-image-meta=\"{&quot;aperture&quot;:&quot;0&quot;,&quot;credit&quot;:&quot;&quot;,&quot;camera&quot;:&quot;&quot;,&quot;caption&quot;:&quot;&quot;,&quot;created_timestamp&quot;:&quot;0&quot;,&quot;copyright&quot;:&quot;&quot;,&quot;focal_length&quot;:&quot;0&quot;,&quot;iso&quot;:&quot;0&quot;,&quot;shutter_speed&quot;:&quot;0&quot;,&quot;title&quot;:&quot;&quot;,&quot;orientation&quot;:&quot;0&quot;}\" data-image-title=\"4Leifheit, cristen\" data-image-description=\"\" data-medium-file=\"https:\/\/innernature.webs.upv.es\/wp-content\/uploads\/2016\/02\/4leifheit-cristen-300x168.png\" data-large-file=\"https:\/\/innernature.webs.upv.es\/wp-content\/uploads\/2016\/02\/4leifheit-cristen-1024x574.png\" src=\"https:\/\/innernature.webs.upv.es\/wp-content\/uploads\/2016\/02\/4leifheit-cristen-483x271.png\" width=\"483\" height=\"271\" align=\"left\" title=\"4Leifheit, cristen\" \/><\/a><\/div><\/div><\/div><\/div>\n<p>&nbsp;<\/p>\n<p><i><strong>WIRES AND ROOTS<\/strong>&nbsp;&nbsp;<\/i><i>(Cables y ra\u00edces)<\/i><\/p>\n<p><span style=\"color: #999999;\"><i>1\u00b415\u00b4\u00b4<\/i><\/span><\/p>\n<table frame=\"void\">\n<tbody>\n<tr>\n<td style=\"text-align: justify;\"><i>Wires and Roots<\/i> explora la idea de paisaje y la tecnolog\u00eda que lo modifica. Narra la historia de un sistema de ra\u00edces que se superpone a un sistema de cables abandonado.<\/p>\n<p><span style=\"color: #ffffff;\">.<\/span><\/p>\n<p>STATEMENT<\/p>\n<p>Mi trabajo cuestiona la influencia industrial y tecnol\u00f3gica del ser humano sobre el entorno f\u00edsico. En concreto, me interesa analizar c\u00f3mo nuestra ecolog\u00eda es alterada por la tecnolog\u00eda que implementamos para crear un entorno econ\u00f3micamente productivo.<br \/>\nUtilizando la t\u00e9cnica del <i>stop motion<\/i>, creo y transformo paisajes, mostrando el impacto de la tecnolog\u00eda, y retrato su lucha para proveer a las necesidades de las criaturas que los habitan, como p\u00e1jaros o insectos. La obra habla de los ciclos vitales y de la manera en que se rompen y cambian con las transformaciones f\u00edsicas del medio ambiente.<\/td>\n<td style=\"text-align: justify;\"><em>Wires and Roots<\/em> explores the idea of landscape and the technology that infuses it. It tells the story of an old root system which takes on an abandoned system of wires.<\/p>\n<p><span style=\"color: #ffffff;\">.<\/span><\/p>\n<p>STATEMENT<\/p>\n<p>My work questions our industrial and technological influence on our physical environment. Specifically, I am interested in how our ecology is altered due to technology we implement to create a more economically productive environment.<\/p>\n<p>Using the medium of stop motion, I build and transform landscapes as a result of technology and illustrate their struggle to maintain the needs of the creatures that inhabit them, often represented with bugs or birds. The film discusses life cycles and how they break and change with the physical transformations of the environment.<\/td>\n<\/tr>\n<\/tbody>\n<\/table>\n<p><a href=\"http:\/\/www.cristenleifheit.com\">ARTIST WEBSITE<\/a><\/p>\n<p>&nbsp;<\/p>\n","protected":false},"excerpt":{"rendered":"<p>&nbsp; WIRES AND ROOTS&nbsp;&nbsp;(Cables y ra\u00edces) 1\u00b415\u00b4\u00b4 Wires and Roots explora la idea de paisaje y la tecnolog\u00eda que lo modifica. Narra la historia de un sistema de ra\u00edces que se superpone a un sistema de cables abandonado. . STATEMENT Mi trabajo cuestiona la influencia industrial y tecnol\u00f3gica del ser humano sobre el entorno f\u00edsico. [&hellip;]<\/p>\n","protected":false},"author":2,"featured_media":0,"parent":1155,"menu_order":0,"comment_status":"closed","ping_status":"closed","template":"","meta":{"footnotes":""},"class_list":["post-969","page","type-page","status-publish","hentry"],"_links":{"self":[{"href":"https:\/\/innernature.webs.upv.es\/index.php?rest_route=\/wp\/v2\/pages\/969","targetHints":{"allow":["GET"]}}],"collection":[{"href":"https:\/\/innernature.webs.upv.es\/index.php?rest_route=\/wp\/v2\/pages"}],"about":[{"href":"https:\/\/innernature.webs.upv.es\/index.php?rest_route=\/wp\/v2\/types\/page"}],"author":[{"embeddable":true,"href":"https:\/\/innernature.webs.upv.es\/index.php?rest_route=\/wp\/v2\/users\/2"}],"replies":[{"embeddable":true,"href":"https:\/\/innernature.webs.upv.es\/index.php?rest_route=%2Fwp%2Fv2%2Fcomments&post=969"}],"version-history":[{"count":2,"href":"https:\/\/innernature.webs.upv.es\/index.php?rest_route=\/wp\/v2\/pages\/969\/revisions"}],"predecessor-version":[{"id":2533,"href":"https:\/\/innernature.webs.upv.es\/index.php?rest_route=\/wp\/v2\/pages\/969\/revisions\/2533"}],"up":[{"embeddable":true,"href":"https:\/\/innernature.webs.upv.es\/index.php?rest_route=\/wp\/v2\/pages\/1155"}],"wp:attachment":[{"href":"https:\/\/innernature.webs.upv.es\/index.php?rest_route=%2Fwp%2Fv2%2Fmedia&parent=969"}],"curies":[{"name":"wp","href":"https:\/\/api.w.org\/{rel}","templated":true}]}}