{"id":977,"date":"2016-02-27T17:50:45","date_gmt":"2016-02-27T17:50:45","guid":{"rendered":"http:\/\/innernatureexhibition.com\/?page_id=977"},"modified":"2021-06-03T14:53:02","modified_gmt":"2021-06-03T14:53:02","slug":"nuria-mosqueira","status":"publish","type":"page","link":"https:\/\/innernature.webs.upv.es\/?page_id=977","title":{"rendered":"Nuria Mosqueira"},"content":{"rendered":"<div data-carousel-extra='{\"blog_id\":1,\"permalink\":\"https:\\\/\\\/innernature.webs.upv.es\\\/?page_id=977\"}' class=\"tiled-gallery type-rectangular\" data-original-width=\"980\"><div class=\"gallery-row\" style=\"width: 975px; height: 271px;\"><div class=\"gallery-group images-1\" style=\"width: 486px; height: 275px;\"><div class=\"tiled-gallery-item tiled-gallery-item-large\"><a href=\"https:\/\/innernature.webs.upv.es\/wp-content\/uploads\/2016\/02\/1mosqueira-nuria.png\"><img fetchpriority=\"high\" decoding=\"async\" data-attachment-id=\"978\" data-orig-file=\"https:\/\/innernature.webs.upv.es\/wp-content\/uploads\/2016\/02\/1mosqueira-nuria.png\" data-orig-size=\"567,319\" data-comments-opened=\"0\" data-image-meta=\"{&quot;aperture&quot;:&quot;0&quot;,&quot;credit&quot;:&quot;&quot;,&quot;camera&quot;:&quot;&quot;,&quot;caption&quot;:&quot;&quot;,&quot;created_timestamp&quot;:&quot;0&quot;,&quot;copyright&quot;:&quot;&quot;,&quot;focal_length&quot;:&quot;0&quot;,&quot;iso&quot;:&quot;0&quot;,&quot;shutter_speed&quot;:&quot;0&quot;,&quot;title&quot;:&quot;&quot;,&quot;orientation&quot;:&quot;0&quot;}\" data-image-title=\"1mosqueira, nuria\" data-image-description=\"\" data-medium-file=\"https:\/\/innernature.webs.upv.es\/wp-content\/uploads\/2016\/02\/1mosqueira-nuria-300x169.png\" data-large-file=\"https:\/\/innernature.webs.upv.es\/wp-content\/uploads\/2016\/02\/1mosqueira-nuria.png\" src=\"https:\/\/innernature.webs.upv.es\/wp-content\/uploads\/2016\/02\/1mosqueira-nuria-482x271.png\" width=\"482\" height=\"271\" align=\"left\" title=\"1mosqueira, nuria\" \/><\/a><\/div><\/div><div class=\"gallery-group images-1\" style=\"width: 489px; height: 275px;\"><div class=\"tiled-gallery-item tiled-gallery-item-large\"><a href=\"https:\/\/innernature.webs.upv.es\/wp-content\/uploads\/2016\/02\/2mosqueira-nuria.png\"><img decoding=\"async\" data-attachment-id=\"979\" data-orig-file=\"https:\/\/innernature.webs.upv.es\/wp-content\/uploads\/2016\/02\/2mosqueira-nuria.png\" data-orig-size=\"567,317\" data-comments-opened=\"0\" data-image-meta=\"{&quot;aperture&quot;:&quot;0&quot;,&quot;credit&quot;:&quot;&quot;,&quot;camera&quot;:&quot;&quot;,&quot;caption&quot;:&quot;&quot;,&quot;created_timestamp&quot;:&quot;0&quot;,&quot;copyright&quot;:&quot;&quot;,&quot;focal_length&quot;:&quot;0&quot;,&quot;iso&quot;:&quot;0&quot;,&quot;shutter_speed&quot;:&quot;0&quot;,&quot;title&quot;:&quot;&quot;,&quot;orientation&quot;:&quot;0&quot;}\" data-image-title=\"2mosqueira, nuria\" data-image-description=\"\" data-medium-file=\"https:\/\/innernature.webs.upv.es\/wp-content\/uploads\/2016\/02\/2mosqueira-nuria-300x168.png\" data-large-file=\"https:\/\/innernature.webs.upv.es\/wp-content\/uploads\/2016\/02\/2mosqueira-nuria.png\" src=\"https:\/\/innernature.webs.upv.es\/wp-content\/uploads\/2016\/02\/2mosqueira-nuria-485x271.png\" width=\"485\" height=\"271\" align=\"left\" title=\"2mosqueira, nuria\" \/><\/a><\/div><\/div><\/div><div class=\"gallery-row\" style=\"width: 975px; height: 271px;\"><div class=\"gallery-group images-1\" style=\"width: 485px; height: 275px;\"><div class=\"tiled-gallery-item tiled-gallery-item-large\"><a href=\"https:\/\/innernature.webs.upv.es\/wp-content\/uploads\/2016\/02\/3mosqueira-nuria.png\"><img decoding=\"async\" data-attachment-id=\"980\" data-orig-file=\"https:\/\/innernature.webs.upv.es\/wp-content\/uploads\/2016\/02\/3mosqueira-nuria.png\" data-orig-size=\"567,319\" data-comments-opened=\"0\" data-image-meta=\"{&quot;aperture&quot;:&quot;0&quot;,&quot;credit&quot;:&quot;&quot;,&quot;camera&quot;:&quot;&quot;,&quot;caption&quot;:&quot;&quot;,&quot;created_timestamp&quot;:&quot;0&quot;,&quot;copyright&quot;:&quot;&quot;,&quot;focal_length&quot;:&quot;0&quot;,&quot;iso&quot;:&quot;0&quot;,&quot;shutter_speed&quot;:&quot;0&quot;,&quot;title&quot;:&quot;&quot;,&quot;orientation&quot;:&quot;0&quot;}\" data-image-title=\"3mosqueira, nuria\" data-image-description=\"\" data-medium-file=\"https:\/\/innernature.webs.upv.es\/wp-content\/uploads\/2016\/02\/3mosqueira-nuria-300x169.png\" data-large-file=\"https:\/\/innernature.webs.upv.es\/wp-content\/uploads\/2016\/02\/3mosqueira-nuria.png\" src=\"https:\/\/innernature.webs.upv.es\/wp-content\/uploads\/2016\/02\/3mosqueira-nuria-481x271.png\" width=\"481\" height=\"271\" align=\"left\" title=\"3mosqueira, nuria\" \/><\/a><\/div><\/div><div class=\"gallery-group images-1\" style=\"width: 490px; height: 275px;\"><div class=\"tiled-gallery-item tiled-gallery-item-large\"><a href=\"https:\/\/innernature.webs.upv.es\/wp-content\/uploads\/2016\/02\/4mosqueira-nuria.png\"><img loading=\"lazy\" decoding=\"async\" data-attachment-id=\"981\" data-orig-file=\"https:\/\/innernature.webs.upv.es\/wp-content\/uploads\/2016\/02\/4mosqueira-nuria.png\" data-orig-size=\"567,316\" data-comments-opened=\"0\" data-image-meta=\"{&quot;aperture&quot;:&quot;0&quot;,&quot;credit&quot;:&quot;&quot;,&quot;camera&quot;:&quot;&quot;,&quot;caption&quot;:&quot;&quot;,&quot;created_timestamp&quot;:&quot;0&quot;,&quot;copyright&quot;:&quot;&quot;,&quot;focal_length&quot;:&quot;0&quot;,&quot;iso&quot;:&quot;0&quot;,&quot;shutter_speed&quot;:&quot;0&quot;,&quot;title&quot;:&quot;&quot;,&quot;orientation&quot;:&quot;0&quot;}\" data-image-title=\"4mosqueira, nuria\" data-image-description=\"\" data-medium-file=\"https:\/\/innernature.webs.upv.es\/wp-content\/uploads\/2016\/02\/4mosqueira-nuria-300x167.png\" data-large-file=\"https:\/\/innernature.webs.upv.es\/wp-content\/uploads\/2016\/02\/4mosqueira-nuria.png\" src=\"https:\/\/innernature.webs.upv.es\/wp-content\/uploads\/2016\/02\/4mosqueira-nuria-486x271.png\" width=\"486\" height=\"271\" align=\"left\" title=\"4mosqueira, nuria\" \/><\/a><\/div><\/div><\/div><\/div>\n<p>&nbsp;<\/p>\n<p><i><strong>CINERE<\/strong>&nbsp;<\/i><\/p>\n<p><span style=\"color: #999999;\"><i> 3\u00b4 16\u00b4\u00b4<\/i><\/span><\/p>\n<table frame=\"void\">\n<tbody>\n<tr>\n<td style=\"text-align: justify;\"><span style=\"color: #999999;\">Cinere nos sit\u00faa en un monte quemado por la oleada de incendios del verano de 2015 en Galicia. Desde una visi\u00f3n po\u00e9tica muestra la tierra en cenizas y la contrapone a una mirada so\u00f1ada o imaginada que nos deja ver, all\u00e1 en el horizonte, lo que quiz\u00e1s hubo o nos gustar\u00eda alcanzar. Un fragmento que, como paisaje, podr\u00edamos escoger para pintar y contemplarlo. Pero la realidad asola los campos y tan s\u00f3lo quedan unas manos que intentan recuperar un bosque imaginado, jugando con peque\u00f1as flores y ramas que el incendio dej\u00f3 como restos.<\/span><\/p>\n<p><span style=\"color: #ffffff;\">.<\/span><\/p>\n<p><span style=\"color: #999999;\">STATEMENT<\/span><\/p>\n<p><span style=\"color: #999999;\">Mi&nbsp; pr\u00e1ctica art\u00edstica tiene un car\u00e1cter multidisciplinar y se basa en la exploraci\u00f3n de contextos pr\u00f3ximos. Parte de encuentros que provocan un choque, extra\u00f1amientos ante un mundo en constante fractura. Lo que busco es reconstruir, mostrar heridas para intentar curarlas, as\u00ed como cuestionar toda visi\u00f3n hegem\u00f3nica ante esas realidades. Es un intento de resistencia a trav\u00e9s de establecer una comunicaci\u00f3n con otros.<\/span><\/p>\n<p><span style=\"color: #999999;\">Me interesa tratar las disoluciones de lo natural y lo social propiciadas por el capitalismo, a mirada sobre los paisajes y espacios, as\u00ed como los l\u00edmites y relaciones entre cuerpos, objetos, el espacio, el tiempo.<\/span><\/td>\n<td style=\"text-align: justify;\"><span style=\"color: #999999;\"><i>Cinere<\/i> places us in a mountain burned by the wave of fires that took place in Galicia in the summer of 2015. From a poetic point of view, it shows the earth covered in ashes and compares it to a dreamed or imagined look that lets us see, on the horizon, what was once there or what we would like to achieve. A fragment that, as a landscape, we might choose to paint and contemplate. But the reality is devastating the fields and what is left are hands trying to reclaim an imagined forest, playing with small flowers and branches that the fire left as remains.<\/span><\/p>\n<p><span style=\"color: #ffffff;\">.<\/span><\/p>\n<p><span style=\"color: #999999;\">STATEMENT<\/span><\/p>\n<p><span style=\"color: #999999;\">My artistic practice has a multidisciplinary character and is based on the exploration of close contexts. It originates from encounters that cause shock, estrangement before a world in constant fracture. What I seek is to reconstruct, to show wounds and try to heal them as well as question all hegemonic visions about these realities. It is a resistance attempt that takes place by establishing communication with others.<\/span><br \/>\n<span style=\"color: #999999;\"> I am interested in addressing the dissolution of the natural and the social world fostered by capitalism, the outlook on landscapes and spaces, as well as the limits and relations between bodies, objects, space and time.<\/span><\/td>\n<\/tr>\n<\/tbody>\n<\/table>\n<p><a href=\"http:\/\/nuriamosqueira.tumblr.com\/\" target=\"_blank\" rel=\"noopener\">ARTIST WEBSITE<\/a><\/p>\n<p>&nbsp;<\/p>\n<p><iframe title=\"NURIA MOSQUEIRA cinere\" width=\"980\" height=\"551\" src=\"https:\/\/www.youtube.com\/embed\/GVgrMkkYMTM?feature=oembed\" frameborder=\"0\" allow=\"accelerometer; autoplay; clipboard-write; encrypted-media; gyroscope; picture-in-picture\" allowfullscreen><\/iframe><\/p>\n","protected":false},"excerpt":{"rendered":"<p>&nbsp; CINERE&nbsp; 3\u00b4 16\u00b4\u00b4 Cinere nos sit\u00faa en un monte quemado por la oleada de incendios del verano de 2015 en Galicia. Desde una visi\u00f3n po\u00e9tica muestra la tierra en cenizas y la contrapone a una mirada so\u00f1ada o imaginada que nos deja ver, all\u00e1 en el horizonte, lo que quiz\u00e1s hubo o nos gustar\u00eda [&hellip;]<\/p>\n","protected":false},"author":2,"featured_media":0,"parent":1155,"menu_order":0,"comment_status":"closed","ping_status":"closed","template":"","meta":{"footnotes":""},"class_list":["post-977","page","type-page","status-publish","hentry"],"_links":{"self":[{"href":"https:\/\/innernature.webs.upv.es\/index.php?rest_route=\/wp\/v2\/pages\/977","targetHints":{"allow":["GET"]}}],"collection":[{"href":"https:\/\/innernature.webs.upv.es\/index.php?rest_route=\/wp\/v2\/pages"}],"about":[{"href":"https:\/\/innernature.webs.upv.es\/index.php?rest_route=\/wp\/v2\/types\/page"}],"author":[{"embeddable":true,"href":"https:\/\/innernature.webs.upv.es\/index.php?rest_route=\/wp\/v2\/users\/2"}],"replies":[{"embeddable":true,"href":"https:\/\/innernature.webs.upv.es\/index.php?rest_route=%2Fwp%2Fv2%2Fcomments&post=977"}],"version-history":[{"count":2,"href":"https:\/\/innernature.webs.upv.es\/index.php?rest_route=\/wp\/v2\/pages\/977\/revisions"}],"predecessor-version":[{"id":2544,"href":"https:\/\/innernature.webs.upv.es\/index.php?rest_route=\/wp\/v2\/pages\/977\/revisions\/2544"}],"up":[{"embeddable":true,"href":"https:\/\/innernature.webs.upv.es\/index.php?rest_route=\/wp\/v2\/pages\/1155"}],"wp:attachment":[{"href":"https:\/\/innernature.webs.upv.es\/index.php?rest_route=%2Fwp%2Fv2%2Fmedia&parent=977"}],"curies":[{"name":"wp","href":"https:\/\/api.w.org\/{rel}","templated":true}]}}