{"id":984,"date":"2016-02-27T18:15:36","date_gmt":"2016-02-27T18:15:36","guid":{"rendered":"http:\/\/innernatureexhibition.com\/?page_id=984"},"modified":"2021-06-03T14:52:06","modified_gmt":"2021-06-03T14:52:06","slug":"johanna-reich","status":"publish","type":"page","link":"https:\/\/innernature.webs.upv.es\/?page_id=984","title":{"rendered":"Johanna Reich"},"content":{"rendered":"<div data-carousel-extra='{\"blog_id\":1,\"permalink\":\"https:\\\/\\\/innernature.webs.upv.es\\\/?page_id=984\"}' class=\"tiled-gallery type-rectangular\" data-original-width=\"980\"><div class=\"gallery-row\" style=\"width: 975px; height: 271px;\"><div class=\"gallery-group images-1\" style=\"width: 487px; height: 275px;\"><div class=\"tiled-gallery-item tiled-gallery-item-large\"><a href=\"https:\/\/innernature.webs.upv.es\/wp-content\/uploads\/2016\/02\/1reich-johanna.png\"><img fetchpriority=\"high\" decoding=\"async\" data-attachment-id=\"997\" data-orig-file=\"https:\/\/innernature.webs.upv.es\/wp-content\/uploads\/2016\/02\/1reich-johanna.png\" data-orig-size=\"567,318\" data-comments-opened=\"0\" data-image-meta=\"{&quot;aperture&quot;:&quot;0&quot;,&quot;credit&quot;:&quot;&quot;,&quot;camera&quot;:&quot;&quot;,&quot;caption&quot;:&quot;&quot;,&quot;created_timestamp&quot;:&quot;0&quot;,&quot;copyright&quot;:&quot;&quot;,&quot;focal_length&quot;:&quot;0&quot;,&quot;iso&quot;:&quot;0&quot;,&quot;shutter_speed&quot;:&quot;0&quot;,&quot;title&quot;:&quot;&quot;,&quot;orientation&quot;:&quot;0&quot;}\" data-image-title=\"1Reich, Johanna\" data-image-description=\"\" data-medium-file=\"https:\/\/innernature.webs.upv.es\/wp-content\/uploads\/2016\/02\/1reich-johanna-300x168.png\" data-large-file=\"https:\/\/innernature.webs.upv.es\/wp-content\/uploads\/2016\/02\/1reich-johanna.png\" src=\"https:\/\/innernature.webs.upv.es\/wp-content\/uploads\/2016\/02\/1reich-johanna-483x271.png\" width=\"483\" height=\"271\" align=\"left\" title=\"1Reich, Johanna\" \/><\/a><\/div><\/div><div class=\"gallery-group images-1\" style=\"width: 488px; height: 275px;\"><div class=\"tiled-gallery-item tiled-gallery-item-large\"><a href=\"https:\/\/innernature.webs.upv.es\/wp-content\/uploads\/2016\/02\/2reich-johanna.png\"><img decoding=\"async\" data-attachment-id=\"1016\" data-orig-file=\"https:\/\/innernature.webs.upv.es\/wp-content\/uploads\/2016\/02\/2reich-johanna.png\" data-orig-size=\"567,317\" data-comments-opened=\"0\" data-image-meta=\"{&quot;aperture&quot;:&quot;0&quot;,&quot;credit&quot;:&quot;&quot;,&quot;camera&quot;:&quot;&quot;,&quot;caption&quot;:&quot;&quot;,&quot;created_timestamp&quot;:&quot;0&quot;,&quot;copyright&quot;:&quot;&quot;,&quot;focal_length&quot;:&quot;0&quot;,&quot;iso&quot;:&quot;0&quot;,&quot;shutter_speed&quot;:&quot;0&quot;,&quot;title&quot;:&quot;&quot;,&quot;orientation&quot;:&quot;0&quot;}\" data-image-title=\"2Reich, Johanna\" data-image-description=\"\" data-medium-file=\"https:\/\/innernature.webs.upv.es\/wp-content\/uploads\/2016\/02\/2reich-johanna-300x168.png\" data-large-file=\"https:\/\/innernature.webs.upv.es\/wp-content\/uploads\/2016\/02\/2reich-johanna.png\" src=\"https:\/\/innernature.webs.upv.es\/wp-content\/uploads\/2016\/02\/2reich-johanna-484x271.png\" width=\"484\" height=\"271\" align=\"left\" title=\"2Reich, Johanna\" \/><\/a><\/div><\/div><\/div><div class=\"gallery-row\" style=\"width: 975px; height: 271px;\"><div class=\"gallery-group images-1\" style=\"width: 487px; height: 275px;\"><div class=\"tiled-gallery-item tiled-gallery-item-large\"><a href=\"https:\/\/innernature.webs.upv.es\/wp-content\/uploads\/2016\/02\/3reich-johanna.png\"><img decoding=\"async\" data-attachment-id=\"1034\" data-orig-file=\"https:\/\/innernature.webs.upv.es\/wp-content\/uploads\/2016\/02\/3reich-johanna.png\" data-orig-size=\"567,318\" data-comments-opened=\"0\" data-image-meta=\"{&quot;aperture&quot;:&quot;0&quot;,&quot;credit&quot;:&quot;&quot;,&quot;camera&quot;:&quot;&quot;,&quot;caption&quot;:&quot;&quot;,&quot;created_timestamp&quot;:&quot;0&quot;,&quot;copyright&quot;:&quot;&quot;,&quot;focal_length&quot;:&quot;0&quot;,&quot;iso&quot;:&quot;0&quot;,&quot;shutter_speed&quot;:&quot;0&quot;,&quot;title&quot;:&quot;&quot;,&quot;orientation&quot;:&quot;0&quot;}\" data-image-title=\"3Reich, Johanna\" data-image-description=\"\" data-medium-file=\"https:\/\/innernature.webs.upv.es\/wp-content\/uploads\/2016\/02\/3reich-johanna-300x168.png\" data-large-file=\"https:\/\/innernature.webs.upv.es\/wp-content\/uploads\/2016\/02\/3reich-johanna.png\" src=\"https:\/\/innernature.webs.upv.es\/wp-content\/uploads\/2016\/02\/3reich-johanna-483x271.png\" width=\"483\" height=\"271\" align=\"left\" title=\"3Reich, Johanna\" \/><\/a><\/div><\/div><div class=\"gallery-group images-1\" style=\"width: 488px; height: 275px;\"><div class=\"tiled-gallery-item tiled-gallery-item-large\"><a href=\"https:\/\/innernature.webs.upv.es\/wp-content\/uploads\/2016\/02\/4reich-johanna.png\"><img loading=\"lazy\" decoding=\"async\" data-attachment-id=\"1052\" data-orig-file=\"https:\/\/innernature.webs.upv.es\/wp-content\/uploads\/2016\/02\/4reich-johanna.png\" data-orig-size=\"567,317\" data-comments-opened=\"0\" data-image-meta=\"{&quot;aperture&quot;:&quot;0&quot;,&quot;credit&quot;:&quot;&quot;,&quot;camera&quot;:&quot;&quot;,&quot;caption&quot;:&quot;&quot;,&quot;created_timestamp&quot;:&quot;0&quot;,&quot;copyright&quot;:&quot;&quot;,&quot;focal_length&quot;:&quot;0&quot;,&quot;iso&quot;:&quot;0&quot;,&quot;shutter_speed&quot;:&quot;0&quot;,&quot;title&quot;:&quot;&quot;,&quot;orientation&quot;:&quot;0&quot;}\" data-image-title=\"4Reich, Johanna\" data-image-description=\"\" data-medium-file=\"https:\/\/innernature.webs.upv.es\/wp-content\/uploads\/2016\/02\/4reich-johanna-300x168.png\" data-large-file=\"https:\/\/innernature.webs.upv.es\/wp-content\/uploads\/2016\/02\/4reich-johanna.png\" src=\"https:\/\/innernature.webs.upv.es\/wp-content\/uploads\/2016\/02\/4reich-johanna-484x271.png\" width=\"484\" height=\"271\" align=\"left\" title=\"4Reich, Johanna\" \/><\/a><\/div><\/div><\/div><\/div>\n<p>&nbsp;<\/p>\n<p><i><b>WATER ON ASPHALT<\/b> &nbsp;<\/i><\/p>\n<p><i>1\u00b412\u00b4<\/i><\/p>\n<table frame=\"void\">\n<tbody>\n<tr>\n<td style=\"text-align: justify;\">\n<blockquote><p><span style=\"color: #999999;\"><em>La devastaci\u00f3n de la tierra puede ir f\u00e1cilmente de la mano con un nivel de vida garantizado para los hombres, y f\u00e1cilmente con la creaci\u00f3n organizada de un estado uniforme de felicidad para todos los hombres.<\/em>(Martin Heidegger).&nbsp;<\/span><\/p><\/blockquote>\n<p><span style=\"color: #999999;\">La c\u00e1mara graba el proceso de la pintura: el artista pinta directamente en la calle. En lugar de usar pintura acr\u00edlica o al \u00f3leo, emplea el agua como \u00fanico material. Gracias al enfoque de la c\u00e1mara, la aguada inmaterial se hace visible. La superficie del fluido refleja el cielo y los \u00e1rboles.<\/span><br \/>\n<span style=\"color: #999999;\"> El v\u00eddeo Water on Asphalt encarna el concepto del \u00abimagen-cristal\u00bb de Gilles Deleuze, ilustrado en su obra La imagen tiempo. El autor presenta la idea del circuito temporal m\u00e1s peque\u00f1o, que implica la simultaneidad de la imagen real y de su reflejo: \u00abEl presente es la imagen real, la imagen en un espejo\u201c. Water on Asphalt muestra al artista que genera la \u00abimagen en el espejo\u00bb. En la parte inicial del video la \u00abimagen real\u00bb consiste en nada m\u00e1s que el asfalto, una alegor\u00eda de la dominaci\u00f3n humana sobre la naturaleza. El agua, uno de los recursos m\u00e1s importantes y valiosos, crea la \u00abimagen virtual\u00bb que revela la visi\u00f3n de la naturaleza. La reflexi\u00f3n funciona como una irritaci\u00f3n: se presenta la visi\u00f3n de la naturaleza como una imagen del pasado y al mismo tiempo como una realidad presente. Water on Asphalt muestra la ambig\u00fcedad entre el progreso digital y la naturaleza que se extingue. Representa un \u00abmemento mori\u00bb, una memoria virtual que refleja el dilema ecol\u00f3gico de nuestros tiempos.<\/span><\/p>\n<p><span style=\"color: #999999;\">STATEMENT<\/span><\/p>\n<p><span style=\"color: #999999;\">Soy una videoartista que trabaja en el campo de la video-performance y del video experimental. Investigo los fen\u00f3menos de la percepci\u00f3n humana y la influencia ambivalente de la tecnolog\u00eda en nuestras vidas. Mis v\u00eddeos tratan de la relaci\u00f3n entre el ser humano y la c\u00e1mara digital; me fascinan los avances de la tecnolog\u00eda y a la vez me preocupan por su enorme influencia con consecuencias que no podemos prever.<\/span><\/p>\n<p><span style=\"color: #999999;\">Mis performance se realizan exclusivamente para la visi\u00f3n limitada de la c\u00e1mara.<\/span><\/td>\n<td style=\"text-align: justify;\">\n<blockquote><p><span style=\"color: #999999;\"><em>&#8230;the devastation of the earth can easily go hand in hand with a guaranteed living standard for men, and just easily with the organised establishment of a uniform state of happiness for all men.\u201d<\/em>(<\/span><span style=\"color: #999999;\">Martin Heidegger)<\/span><\/p><\/blockquote>\n<p><span style=\"color: #999999;\">The camera records the process of painting: the artist is painting directly on the street. Instead of using oil colour or acrylic paint the only material utilised is water. Due to the specific camera angle the immaterial water-painting becomes visible. The fluid surface is reflecting the sky and trees.water<\/span><\/p>\n<p><span style=\"color: #999999;\">The video Water on Asphalt shows the element of reflection illustrating Gilles Deleuze\u2019s concept of the \u201ccrystal-image\u201d. This concept is elucidated in Deleuze\u2019s work \u201cThe Time-Image \u2013 Movie 2\u201c and formulates the idea of the smallest temporal circuit, which consists of the simultaneity of the real image and its reflection, the actual and the virtual image: \u201cThe present is the actual image, the image in a mirror.\u201c (Cinema 2 , 82). Water on Asphalt shows the artist generating the \u201cimage in the mirror\u201d. In the beginning of the video the \u201cactual image\u201d consists of nothing else than asphalt \u2013 the material works as an allegory of human domination over nature. Water as one of the most important and precious resources of our time creates the \u201cvirtual image\u201d revealing the view of nature. The reflection works like an irritation: it exposes the view of nature as a past image and at the same time as a present reality.Water on Asphalt shows the ambiguity between digital progress and a vanishing nature. It remains a \u201cmemento mori\u201d \u2013 a virtual memory reflecting the ecological dilemma of our times.<\/span><span style=\"color: #ffffff;\">.<\/span><\/p>\n<p><span style=\"color: #999999;\">STATEMENT<\/span><\/p>\n<p><span style=\"color: #999999;\">I am a video artist working in the fields of video-performance and experimental video. I investigate the phenomena of human perception and the ambivalent influence of technology on our lives combining current digital video fleetingness of our times. My videos deal with the relation between the human being towards the digital camera, I am at the same time fascinated by the progress of technology and scared by its enormous influence on our lives with consequences we cannot foresee.<\/span><\/p>\n<p><span style=\"color: #999999;\">My performances are exclusively made for the limited view of the camera.<\/span><\/td>\n<\/tr>\n<\/tbody>\n<\/table>\n<p><a href=\"http:\/\/johannareich.com\" target=\"_blank\" rel=\"noopener\">ARTIST WEBSITE<\/a><\/p>\n","protected":false},"excerpt":{"rendered":"<p>&nbsp; WATER ON ASPHALT &nbsp; 1\u00b412\u00b4 La devastaci\u00f3n de la tierra puede ir f\u00e1cilmente de la mano con un nivel de vida garantizado para los hombres, y f\u00e1cilmente con la creaci\u00f3n organizada de un estado uniforme de felicidad para todos los hombres.(Martin Heidegger).&nbsp; La c\u00e1mara graba el proceso de la pintura: el artista pinta directamente [&hellip;]<\/p>\n","protected":false},"author":2,"featured_media":0,"parent":1155,"menu_order":0,"comment_status":"closed","ping_status":"closed","template":"","meta":{"footnotes":""},"class_list":["post-984","page","type-page","status-publish","hentry"],"_links":{"self":[{"href":"https:\/\/innernature.webs.upv.es\/index.php?rest_route=\/wp\/v2\/pages\/984","targetHints":{"allow":["GET"]}}],"collection":[{"href":"https:\/\/innernature.webs.upv.es\/index.php?rest_route=\/wp\/v2\/pages"}],"about":[{"href":"https:\/\/innernature.webs.upv.es\/index.php?rest_route=\/wp\/v2\/types\/page"}],"author":[{"embeddable":true,"href":"https:\/\/innernature.webs.upv.es\/index.php?rest_route=\/wp\/v2\/users\/2"}],"replies":[{"embeddable":true,"href":"https:\/\/innernature.webs.upv.es\/index.php?rest_route=%2Fwp%2Fv2%2Fcomments&post=984"}],"version-history":[{"count":3,"href":"https:\/\/innernature.webs.upv.es\/index.php?rest_route=\/wp\/v2\/pages\/984\/revisions"}],"predecessor-version":[{"id":2541,"href":"https:\/\/innernature.webs.upv.es\/index.php?rest_route=\/wp\/v2\/pages\/984\/revisions\/2541"}],"up":[{"embeddable":true,"href":"https:\/\/innernature.webs.upv.es\/index.php?rest_route=\/wp\/v2\/pages\/1155"}],"wp:attachment":[{"href":"https:\/\/innernature.webs.upv.es\/index.php?rest_route=%2Fwp%2Fv2%2Fmedia&parent=984"}],"curies":[{"name":"wp","href":"https:\/\/api.w.org\/{rel}","templated":true}]}}